{"id":1006,"date":"2015-09-07T02:59:33","date_gmt":"2015-09-07T01:59:33","guid":{"rendered":"http:\/\/www.josefknoflicek.cz\/?page_id=1006"},"modified":"2021-01-25T22:42:15","modified_gmt":"2021-01-25T21:42:15","slug":"uzdraveni-vysvobozeni-od-nemoci","status":"publish","type":"page","link":"https:\/\/www.josefknoflicek.cz\/?page_id=1006","title":{"rendered":"UZDRAVEN\u00cd &#8211; vysvobozen\u00ed od nemoci."},"content":{"rendered":"<p style=\"text-align: justify;\">V P\u00edsmu mnohokr\u00e1t \u010dteme o v\u00ed\u0159e, kter\u00e1 zachra\u0148uje, o v\u00ed\u0159e kter\u00e1 uzdravuje v\u0161elikou nemoc, o v\u00ed\u0159e, kter\u00e1 p\u0159ev\u00e1d\u00ed p\u0159es\u00a0vodu suchou nohou o v\u00ed\u0159e, kter\u00e1 bo\u0159\u00ed hradby &#8230; . Kdy\u017e se pod\u00edv\u00e1me do c\u00edrkve, nevid\u00edme. Sly\u0161\u00edme o v\u00ed\u0159e mnoho slov, ale nevid\u00edme. skutky v\u00edry. Jedn\u00edm ukazatelem na\u0161\u00ed nev\u00edry\u00a0v c\u00edrkvi je mno\u017estv\u00ed nemocn\u00fdch v c\u00edrkvi. Kdy\u017e p\u0159ijdu n\u011bkam do c\u00edrkve a zept\u00e1m se kdo m\u00e1 n\u011bjakou nemoc, v\u011bt\u0161ina zvedne ruku. Ti, co ji nezvedli jsou bu\u010f velmi mlad\u00ed, nebo se boj\u00ed v c\u00edrkvi p\u0159iznat, \u017ee jsou nemocn\u00ed.<br \/>\nN\u011bkde se za\u00a0uzdraven\u00ed nemodl\u00ed,\u00a0 n\u011bkde zase\u00a0chod\u00ed do p\u0159edu se modlit\u00a0mnoho lid\u00ed. V\u011bt\u0161inou jsou to v\u017edy ti sam\u00ed lid\u00e9. To znamen\u00e1, \u017ee nebyli uzdraveni, i kdy\u017e p\u0159i p\u0159edchoz\u00edch modlitb\u00e1ch\u00a0hovo\u0159ili o tom, \u017ee je ji\u017e jim l\u00e9pe, nebo \u017ee v\u011b\u0159\u00ed, \u017ee jsou uzdraveni. Dal\u0161\u00ed t\u00fdden na v\u00fdzvu stoj\u00ed ve p\u0159edu znovu.\u00a0Tak chod\u00ed n\u011bkolik let a st\u00e1le jsou tr\u00e1peni nemoc\u00ed.<br \/>\nP\u0159esto Je\u017e\u00ed\u0161 \u0159\u00edk\u00e1: &#8222;tv\u00e1 v\u00edra t\u011b uzdravila&#8220;, a jinde &#8222;dal jim moc&#8220; (aby uzdravovali, vyh\u00e1n\u011bli d\u00e9mony), a d\u00e1le &#8222;jen v\u011b\u0159&#8220; (a bude\u00a0op\u011bt \u017e\u00edt)&#8230;<br \/>\nMysl\u00edm si, \u017ee mnoho z n\u00e1s k\u0159es\u0165an\u016f je v chaosu ohledn\u011b nemoc\u00ed, uzdraven\u00ed a moci. Sly\u0161\u00ed o tom k\u00e1z\u00e1n\u00ed, Sly\u0161\u00ed a vid\u00ed, \u017ee se to jinde d\u011bje, ale u sebe to nevid\u00ed. Co s t\u00edm. To \u010dlov\u011bka dok\u00e1\u017ee dov\u00e9st\u00a0k\u00a0odevzdanosti\u00a0nemoci a nep\u0159\u00edzniv\u00fdm situac\u00edm, ke ztr\u00e1t\u011b v\u00edry a k\u0159es\u0165anstv\u00ed se pak p\u0159enese\u00a0do\u00a0n\u011bjak\u00fdch pravidel o chozen\u00ed do sboru, poslouch\u00e1n\u00ed autorit,\u00a0aktivit, kter\u00e9 maj\u00ed uk\u00e1zat na\u0161e k\u0159es\u0165anstv\u00ed v\u016f\u010di ve\u0159ejnosti. To pak odv\u00e1d\u00ed od demonstrace Bo\u017e\u00ed moci.<br \/>\nR\u00e1d bych se zam\u00fd\u0161lel nad moc\u00ed a\u00a0v\u00edrou k uzdraven\u00ed a\u00a0na \u00favod\u00a0nad stvo\u0159en\u00edm \u010dlov\u011bka a obecn\u011b nad na\u0161\u00edm t\u011blem.\u00a0B\u016fh stvo\u0159il \u010dlov\u011bka a \u0159ekl, \u017ee je to dobr\u00e9. Velmi dobr\u00e9. Uv\u011bdomme si, \u017ee B\u016fh \u010dlov\u011bka stvo\u0159il pro v\u011b\u010dn\u00fd \u017eivot. Tedy mu dal takov\u00e9 t\u011blo, kter\u00e9 je schopn\u00e9 neust\u00e1l\u00e9 obnovy. Po p\u00e1du \u010dlov\u011bka sice lid\u00e9 um\u00edraj\u00ed, to znamen\u00e1, \u017ee lidsk\u00fd organismus &#8222;dojde do konce&#8220;, p\u0159esto se lid\u00e9 do\u017e\u00edvali n\u011bkolika set let. B\u016fh pak sv\u00fdm slovem ustanovil lidsk\u00fd \u017eivot na sto dvacet let. V\u017edy jeho slovo zm\u011bnilo na\u0161e t\u011blo tak, aby se do\u017e\u00edvalo tolika let, kolik ur\u010dil. Zm\u011bnilo n\u011bco v lidsk\u00e9m t\u011ble. Jeho\u00a0 s l o v o\u00a0 to zm\u011bnilo.<br \/>\nP\u0159esto\u017ee B\u016fh sv\u00e9 slovo nezm\u011bnil, lid\u00e9 se b\u011b\u017en\u011b sto dvaceti let nedo\u017e\u00edvaj\u00ed. V\u011b\u0159\u00edm v\u0161ak, \u017ee B\u016fh na\u0161e t\u011blo uzp\u016fsobil tak, aby bylo schopno se t\u011bch sto dvaceti let do\u017e\u00edt. Je to n\u00e1\u0161 zp\u016fsob \u017eivota, co ho zkracuje.<br \/>\nVych\u00e1z\u00edm z toho, \u017ee B\u016fh d\u011bl\u00e1 v\u011bci dob\u0159e. Tedy i mne stvo\u0159il skv\u011ble. Tak\u00e9 dal moc na\u0161im slov\u016fm. I my jako On m\u016f\u017eeme tvo\u0159it slovy. Na\u0161e slova maj\u00ed nesm\u00edrnou moc. Moc \u017eivota i smrti. M\u016f\u017eeme jimi \u017eehnat, nebo zlo\u0159e\u010dit. Pou\u017e\u00edvejme tedy na\u0161e slova spr\u00e1vn\u00fdm zp\u016fsobem.<br \/>\nD\u011bkujme ka\u017ed\u00fd den za na\u0161e t\u011blo. D\u011bkujme\u00a0za to, jak n\u00e1s B\u016fh\u00a0stvo\u0159il (\u0159ekn\u011bme mu to osobn\u011b)\u00a0a \u017eehnejme sv\u00e9mu t\u011blu. Mluvme o sv\u00e9m t\u011ble\u00a0dobr\u00e9 v\u011bci. N\u011bkdo se pod\u00edv\u00e1 do zrcadla a za\u010dne sv\u00e9mu t\u011blu zlo\u0159e\u010dit. P\u0159ijde od l\u00e9ka\u0159e a zlo\u0159e\u010d\u00ed t\u011blu.\u00a0N\u011bco nen\u00ed schopen ud\u011blat (sehnout se, kleknout si&#8230;.) a za\u010dne zlo\u0159e\u010dit sv\u00e9mu t\u011blu.\u00a0Jak \u010dasto\u00a0t\u011blu nad\u00e1v\u00e1me do tlus\u0165och\u016f, nemotor\u016f, neschopnosti, jak \u010dasto o n\u011bm \u0159\u00edk\u00e1me, \u017ee je nemocn\u00e9. Dokonce nevyl\u00e9\u010diteln\u011b nemocn\u00e9. V\u011b\u0159\u00edme v\u00edce l\u00e9ka\u0159\u016fm a l\u00e9k\u016fm, ne\u017e Bohu a jeho Slovu. V\u011b\u0159\u00edme v\u00edce tomu, co n\u00e1m na\u0161ept\u00e1v\u00e1 \u010f\u00e1bel, ne\u017e to, co o n\u00e1s \u0159\u00edk\u00e1 Bo\u017e\u00ed slovo.<br \/>\nZm\u011b\u0148 to. Za\u010dni se nejd\u0159\u00edve radovat ze sv\u00e9ho t\u011bla. Je to Bo\u017e\u00ed d\u00edlo, i kdy\u017e jsme ho poni\u010dili. St\u00e1le je Bo\u017e\u00edm d\u00edlem.<br \/>\n\u017dehnej sv\u00e9mu t\u011blu.\u00a0\u017dehnej sv\u00e9mu\u00a0mozku (obnovou bun\u011bk, pevnost\u00ed c\u00e9vek, \u017eehnej\u00a0mu plnou funk\u010dnost\u00ed, ve jm\u00e9nu Je\u017e\u00ed\u0161), \u017eehnej sv\u00fdm vnit\u0159nostem, sv\u00fdm sval\u016fm a \u0161lach\u00e1m, kloub\u016fm, kostem i nerv\u016fm. Sv\u00fdm c\u00e9v\u00e1m&#8230;. V\u0161e\u00a0m\u00e1me od Hospodina a tak d\u011bkujme a \u017eehnejme. T\u011blo sly\u0161\u00ed na po\u017eehn\u00e1n\u00ed. M\u016f\u017ee\u0161 promlouvat dobr\u00e9 v\u011bci ke sv\u00e9mu t\u011blu.\u00a0Zkus to od dne\u0161n\u00edho dne d\u011blat. Kdy\u017e r\u00e1no mluv\u00ed\u0161 s P\u00e1nem, d\u011bkuje\u0161 za v\u011bci, d\u011bkuj za sv\u00e9 t\u011blo (i kdy\u017e se ti r\u00e1no \u0161patn\u011b vst\u00e1valo, bol\u00ed t\u011b hlava&#8230;) a za\u010dni mu\u00a0\u017eehat.<br \/>\nBude\u0161 vn\u00edmat a vid\u011bt zm\u011bny.<\/p>\n<p style=\"text-align: justify;\">Jist\u011b jsi\u00a0 ji\u017e te\u010f \u017eehnal sv\u00e9mu t\u011blu a d\u011bkoval za n\u011b Bohu. Zkusme postoupit o krok d\u00e1l. B\u016fh na\u0161e t\u011blo stvo\u0159il tak, aby se mohlo mnoho v\u011bc\u00ed v n\u00e1s obnovovat. M\u016f\u017eeme obnovu nebo nastartov\u00e1n\u00ed n\u011bkter\u00fdch funkc\u00ed, kter\u00e9 ochably ve sv\u00e9 \u010dinnosti u\u010dinit my sami. Dal n\u00e1m k tomu i moc slova. Je dnes ji\u017e v\u011bdecky prok\u00e1zan\u00e9, \u017ee na z\u00e1klad\u011b toho jak mluv\u00edme ke sv\u00e9mu t\u011blu a na z\u00e1klad\u011b na\u0161\u00ed v\u00edry,\u00a0se dok\u00e1\u017e\u00ed m\u011bnit n\u011bkter\u00e9 \u010d\u00e1sti\u00a0 na\u0161eho genetick\u00e9ho k\u00f3du. Skute\u010dn\u011b na\u0161e slovo m\u00e1 moc. (o tom n\u011bkdy jindy) B\u016fh n\u00e1m dal, m\u011b i tob\u011b, jednoduch\u00fd a\u00a0mocn\u00fd n\u00e1stroj. Slovo.<br \/>\nVe jm\u00e9nu Je\u017e\u00ed\u0161 m\u016f\u017ee promlouvat obnovu \u010dinnosti n\u011bkter\u00fdch\u00a0org\u00e1n\u016f, nebo jejich spr\u00e1vn\u00e9 fungov\u00e1n\u00ed. Uvedu jednoduch\u00fd p\u0159\u00edklad. Je\u0161t\u011b p\u0159ed n\u011bkolika t\u00fddny nebylo dne, abych si nemusel vz\u00edt n\u011bjak\u00fd pr\u00e1\u0161ek na p\u00e1len\u00ed \u017e\u00e1hy. P\u0159epadalo mne n\u011bkolikr\u00e1t za den a p\u00e1lila a\u017e v krku, Bylo to velmi nep\u0159\u00edjemn\u00e9 a\u00a0 ani\u00a0l\u00e9ky nezab\u00edraly, Kdy\u017e, tak jen na chv\u00edli. Dnes, kdy\u017e za\u010dnu c\u00edtit, \u017ee mne za\u010d\u00edn\u00e1 p\u00e1lit \u017e\u00e1ha za\u010dnu p\u0159ikazovat kyselin\u011b, aby se vr\u00e1tila do \u017ealudku. Org\u00e1nu, kter\u00fd tyto kyseliny vytv\u00e1\u0159\u00ed, aby jich vytv\u00e1\u0159el pouze tolik, kolik je pot\u0159eba. Nic nav\u00edc. B\u011bhem n\u011bkolika vte\u0159in c\u00edt\u00edm, jak p\u00e1len\u00ed ustoupilo. Doslova c\u00edt\u00edm, jak kyselina\u00a0ustupuje dol\u016f do \u017ealudku. Od t\u00e9 doby, kdy takto slovem jedn\u00e1m s kyselinou<br \/>\nmne ji\u017e \u017e\u00e1ha nep\u00e1l\u00ed.<br \/>\nNen\u00ed to jenom p\u00e1len\u00ed \u017e\u00e1hy. Promlouv\u00e1m ka\u017ed\u00fd den ke v\u0161em org\u00e1n\u016fm ve sv\u00e9m t\u011ble. N\u011bkolik let jsem bral kapky do nosu. R\u00e1no a ve\u010der. Pokud jsem je na n\u011bkolik dn\u00ed vynechal, nemohl jsem d\u00fdchat nosem. Byl ucpan\u00fd (sev\u0159en\u00fd). P\u0159estal jsem br\u00e1t kapky a za\u010dal \u017eehnat sv\u00e9mu nosu, sliznici a dutin\u00e1m. Nen\u00ed to o tom, \u017ee nem\u00e1m r\u00fdmu, ale v\u017edy, kdy\u017e c\u00edt\u00edm, \u017ee se mi ucp\u00e1v\u00e1 nos, promluv\u00edm ke sliznici v nose, a\u0165 se uvolni a splaskne natolik, aby m\u00e9 d\u00fdch\u00e1n\u00ed bylo \u010dist\u00e9. B\u011bhem n\u011bkolika minut zjist\u00edm, \u017ee op\u011bt d\u00fdch\u00e1m ob\u011bma nosn\u00edmi d\u00edrkami \u00fapln\u011b voln\u011b. Podobn\u011b tak promlouv\u00e1m ke sv\u00fdm pr\u016fdu\u0161k\u00e1m a ka\u017ed\u00fd den uvol\u0148uji pr\u016fdu\u0161nice, aby byli pr\u016fchoz\u00ed, promlouv\u00e1m pl\u00edc\u00edm a \u017eehn\u00e1m jim plnou funk\u010dnost\u00ed. M\u011bl jsem astma od pe\u0159inky, Diagnostikovali mi st\u0159edn\u011b t\u011b\u017ek\u00e9 astma a denn\u011b jsem musel vdechovat sprej (n\u011bkdy i n\u011bkolikr\u00e1t za den). Dnes ho nepot\u0159ebuji.\u00a0Tak to jde d\u00e1le. Ka\u017ed\u00fd den jsem musel br\u00e1t hrst l\u00e9k\u016f (7-9). Dnes neberu ani jeden. Zlep\u0161il se mi zrak. Jak do d\u00e1lky tak na bl\u00edzku. M\u011bl jsem na \u010dten\u00ed t\u0159i dioptrie a dnes \u010dtu bez br\u00fdl\u00ed. Dnes ani nev\u00edm, kde oboje br\u00fdle m\u00e1m. Ale \u017eehn\u00e1m sv\u00e9mu zraku ostrost\u00ed vid\u011bn\u00ed a sv\u00e9 s\u00edtnici k obnov\u011b po\u0161kozen\u00fdch v\u011bc\u00ed, Mohl bych pokra\u010dovat s hemeroidy, cukrovkou, bu\u0161en\u00edm srdce nebo cholesterolem. P\u0159i st\u011bhov\u00e1n\u00ed jsme m\u011bli plnou krabici l\u00e9k\u016f. \u010clov\u011bk si najednou uv\u011bdom\u00ed, \u017ee to v\u0161echno vlastn\u011b nemus\u00ed br\u00e1t a nemus\u00ed cp\u00e1t do sebe tolik chemie.<br \/>\nC\u00edt\u00ed se svobodn\u00fd a je svobodn\u00fd.<br \/>\nB\u016fh n\u00e1m do t\u011bla vlo\u017eil kmenov\u00e9 bu\u0148ky, kter\u00e9 dnes i v\u011bdci pou\u017e\u00edvaj\u00ed k obnoven\u00ed nebo vytvo\u0159en\u00ed zcela nov\u00fdch tk\u00e1n\u00ed a dokonce v budoucnu i cel\u00fdch org\u00e1n\u016f. Tyto bu\u0148ky\u00a0pod\u0159\u00eddil pod n\u00e1\u0161 mozek. Jak\u00e9 impulsy jim bude\u0161 pos\u00edlat je na tob\u011b. Bu\u010f jejich \u010dinnost zastav\u00ed\u0161, kdy\u017e bude\u0161 st\u00e1le v\u011b\u0159it tomu, \u017ee nem\u016f\u017ee\u0161 b\u00fdt uzdraven\u00fd, nebo aspo\u0148 ne te\u010f, ale n\u011bkdy v budoucnu, a\u017e jednou, snad. Nebo za\u010dne\u0161 jim d\u00e1vat impuls k obnov\u011b toho, co je v tv\u00e9m t\u011ble pot\u0159eba obnovit.\u00a0Ten za\u010d\u00edn\u00e1 promluvou a p\u0159\u00edkazem ve Jm\u00e9nu Je\u017e\u00ed\u0161 ke sv\u00e9mu t\u011blu.<br \/>\nMus\u00ed\u0161 to v\u0161ak pro\u017e\u00edt s Je\u017e\u00ed\u0161em. Nejde to za\u010d\u00edt d\u011blat jen proto, \u017ee jsem to sly\u0161el nebo jsi to te\u010f \u010detl. Slovo m\u00e1 moc pouze ve spojen\u00ed s v\u00edrou.\u00a0Mus\u00ed\u0161 skute\u010dn\u011b pro\u017e\u00edt od P\u00e1na, \u017ee\u00a0jeho ranami jsem uzdraven.\u00a0Mus\u00ed\u0161 p\u0159ij\u00edt k n\u011bmu mluvit s n\u00edm o tom, a tak\u00e9 mu naslouchat. Pokud to bude\u0161 m\u00edt zjeven\u00e9 a pro\u017eit\u00e9 skrze n\u011bho, nev\u00e1hej vykro\u010dit ve v\u00ed\u0159e.<\/p>\n<p style=\"text-align: justify;\">Pro\u017eij uzdraven\u00ed s Je\u017e\u00ed\u0161em.<br \/>\nCo znamen\u00e1 pro\u017e\u00edt. Nejen uzdraven\u00ed, ale i ostatn\u00ed v\u011bci.<br \/>\nKdy\u017e za mnou p\u0159ich\u00e1z\u00ed lid\u00e9, abych se modlil za jejich uzdraven\u00ed a p\u0159itom jsem s\u00e1m r\u00e1no musel br\u00e1t hrst l\u00e9k\u016f, mohu\u00a0sice s nimi m\u00edt soucit, proto\u017ee pro\u017e\u00edv\u00e1m stejn\u00e9 tr\u00e1pen\u00ed nemocemi jako oni, ale p\u0159esto se c\u00edt\u00edm jako pokrytec. P\u0159esto\u017ee v\u00edm, \u017ee v Je\u017e\u00ed\u0161i mohu m\u00edt uzdraven\u00ed, m\u00e9 dlouhodob\u00e9 nemoci o tom nesv\u011bd\u010d\u00ed. Vn\u00edm\u00e1m, \u017ee je tady chyba. Tento tlak, kter\u00fd jsem c\u00edtil mne dovedl p\u0159edstoupit p\u0159ed P\u00e1na a mluvit s n\u00edm o tom. Odpov\u011b\u010f byla jednoduch\u00e1. Duch svat\u00fd mi jednodu\u0161e \u0159ekl, \u017ee nev\u011b\u0159\u00edm, \u017ee v Je\u017e\u00ed\u0161ov\u00fdch ran\u00fdch jsem uzdraven. Ano. Bylo to tak. (V\u011b\u0159\u00edm P\u00edsmu, \u017ee je pravdou a normou pro \u017eivot, ale p\u0159i l\u00e1m\u00e1n\u00ed chleba teprve zjist\u00edm, jak\u00e1 je m\u00e1 v\u00edra.)<br \/>\nNev\u00edm, jestli jsem pak prosil za v\u00edru, nevzpom\u00edn\u00e1m si na to. Ale asi ani ne.\u00a0Jen jsem najednou m\u011bl jistotu &#8211; v\u00edru, \u017ee jsem v tu chv\u00edli byl uzdraven. P\u0159ijal jsem pravdu, \u017ee Jeho ranami jsme byli uzdraveni. Nev\u00edm jak se to stalo. Bylo to tady. Neum\u00edm to jinak popsat, ne\u017e jako naprost\u00e1 jistota, kter\u00e1 vych\u00e1zela n\u011bkde z m\u00e9ho nitra, kde p\u0159eb\u00fdv\u00e1 Duch svat\u00fd. B\u016fh mi dal &#8222;pro\u017e\u00edt&#8220; uzdraven\u00ed.\u00a0Od toho\u00a0okam\u017eiku pro\u017e\u00edv\u00e1m vnit\u0159n\u00ed svobodu ohledn\u011b nemoc\u00ed. Je to podobn\u00e9 tomu, kdy jsem byl z\u00e1zra\u010dn\u00fdm z\u00e1sahem Duchem svat\u00fdm propu\u0161t\u011bn z vazby a ocitl jsem se na svobod\u011b.\u00a0Pro\u017e\u00edval jsem intenzivn\u011b jak svobodu, tak\u00a0z\u00e1rove\u0148 jsem\u00a0si nesl st\u00e1lou p\u0159\u00edtomnost jasn\u00e9ho Bo\u017e\u00edho z\u00e1sahu.\u00a0Mo\u017en\u00e1 bych tedy nem\u011bl mluvit jen o uzdraven\u00ed, ale o vysvobozen\u00ed od nemoc\u00ed.<br \/>\nPodobn\u011b je to i s mnoha dal\u0161\u00edmi v\u011bcmi v \u017eivot\u011b. Pro\u017e\u00edt v\u011bci s Je\u017e\u00ed\u0161em, bych asi popsal jako z\u00edsk\u00e1n\u00ed Bo\u017e\u00ed jistoty nebo v\u00edry Bo\u017e\u00ed v konkr\u00e9tn\u00ed v\u011bci. Je to n\u011bco tak siln\u00e9ho, \u017ee ti to nelze vz\u00edt a nikdo ti to nem\u016f\u017ee zpochybnit. (A \u010dasto ti to ani\u00a0ostatn\u00ed nev\u011b\u0159\u00ed)\u00a0Prost\u011b to m\u00e1\u0161 a je to tvoje.<br \/>\nP\u0159\u00e1l bych n\u00e1m v\u0161em, abychom takto mohli pro\u017e\u00edvat vztah s P\u00e1nem a jeho &#8222;M\u011bjte v\u00edru Bo\u017e\u00ed&#8220;.<\/p>\n<p style=\"text-align: justify;\">V na\u0161em t\u011ble jsou org\u00e1ny, svaly, \u0161lachy, \u017e\u00edly a tepny&#8230;, kter\u00e9 pot\u0159ebuj\u00ed n\u011bkdy jen uzdravit. V tom p\u0159\u00edpad\u011b se mohu modlit a promlouvat ke konkr\u00e9tn\u00edmu org\u00e1nu uzdraven\u00ed, mohu mu \u017eehnat celkovou obnovou, jak jsem ji\u017e o tom psal. Jsou v\u0161ak\u00a0situace,\u00a0kde n\u011bco v t\u011ble chyb\u00ed. N\u011bco, co by tam m\u011blo b\u00fdt, ale nen\u00ed. Pokud n\u011bco nen\u00ed, nem\u016f\u017eu tomu \u017eehnat a promlouvat. Pot\u0159ebuji z\u00e1zrak Bo\u017e\u00edho stvo\u0159en\u00ed. Mus\u00edm se modlit\u00a0za z\u00e1zrak. Vy\u017e\u00e1dat si u P\u00e1na stvo\u0159en\u00ed toho, co\u00a0chyb\u00ed. Pot\u0159ebujeme toto stvo\u0159en\u00ed st\u00e1hnou z nebe.<\/p>\n<p>Pokud bych to nakonec shrnul\u00a0 dal bych\u00a0to do\u00a0t\u011bchto bod\u016f:<\/p>\n<p>1. <strong>P\u0159ijmi to, \u017ee B\u016fh t\u011b nechce a ani netrest\u00e1 nemoc\u00ed<\/strong>. Nemoc\u00ed je \u010dlov\u011bk sv\u00e1z\u00e1n stejn\u011b,\u00a0jako d\u00e9monick\u00fdmi silami. To \u010dlov\u011bk pozn\u00e1 a uv\u011bdom\u00ed si, kdy\u017e je\u00a0z nemoci vysvobozen\u00fd.<br \/>\n2.P<strong>\u0159ijmi to, \u017ee \u010dlov\u011bk-t\u011blo byl stvo\u0159en Bo\u017e\u00edm slovem a na Bo\u017e\u00ed slovo reaguje a poslouch\u00e1 ho &#8211; slovo ve Jm\u00e9nu Je\u017e\u00ed\u0161.<br \/>\n<\/strong>D\u011bkuj za t\u011blo, kter\u00e9 ti P\u00e1n dal a raduj se z n\u011bho.<br \/>\n3. <strong>To slovo je ve tv\u00fdch \u00fastech a ve tv\u00e9m srdci.<\/strong> Slovo \u0159\u00edk\u00e1, \u017ee Je\u017e\u00ed\u0161 zem\u0159el i za na\u0161e nemoci (v jeho ran\u00e1ch jsme byli uzdraveni).<br \/>\n4. P\u0159ijmi a <strong>pro\u017eij<\/strong> toto Slovo.<br \/>\n5. Dokud to nem\u00e1\u0161 pro\u017eit\u00e9 a nem\u00e1\u0161 v t\u00e9to oblasti v\u00edru Bo\u017e\u00ed, pak\u00a0nep\u0159est\u00e1vej br\u00e1t l\u00e9ky. Nesta\u010d\u00ed, \u017ee dnes o tom \u010dte\u0161 nebo sly\u0161\u00ed\u0161. <strong>Nad\u0161en\u00ed nen\u00ed v\u00edra!<\/strong> Pot\u0159ebuje\u0161 m\u00edt v\u00edru z Ducha svat\u00e9ho a ne nad\u0161en\u00ed z\u00a0du\u0161e.<br \/>\n6. I kdy\u017e p\u0159ijme\u0161 uzdraven\u00ed, je to za\u010d\u00e1tek dal\u0161\u00ed cesty. Nep\u0159est\u00e1vej \u017eehnat sv\u00e9mu t\u011blu. <strong>S uzdraven\u00edm p\u0159ich\u00e1z\u00ed i b\u00e1ze\u0148 si t\u011blo d\u00e1l ni\u010dit \u0161patn\u00fdm \u017eivotem a \u017eivotospr\u00e1vou.<\/strong><br \/>\n7. Poslouchej,\u00a0jak mluv\u00ed\u0161\u00a0o sv\u00e9m t\u011ble\u00a0 nebo k n\u011bmu. Zda mu nad\u00e1v\u00e1\u0161 a zlo\u0159e\u010d\u00ed\u0161, nebo \u017eehn\u00e1\u0161. <strong>Pamatuj, \u017ee tv\u00e1 slova maj\u00ed moc<\/strong>.<\/p>\n<p>Pokud \u010dte\u0161 tyto \u0159\u00e1dky a jsi nemocn\u00fd, \u017eehn\u00e1m ti ve Jm\u00e9nu Je\u017e\u00ed\u0161 uzdraven\u00edm skrze jeho r\u00e1ny. \u017dehn\u00e1m ti, p\u0159ijet\u00edm tohoto uzdraven\u00ed, kter\u00e9 pro tebe Je\u017e\u00ed\u0161 ji\u017e vydobyl a p\u0159ipravil.<\/p>\n<p>&nbsp;<\/p>\n<p>&nbsp;<\/p>\n<p>&nbsp;<\/p>\n<p><strong>\u00a0<\/strong><\/p>\n<p style=\"text-align: justify;\">\n","protected":false},"excerpt":{"rendered":"<p>V P\u00edsmu mnohokr\u00e1t \u010dteme o v\u00ed\u0159e, kter\u00e1 zachra\u0148uje, o v\u00ed\u0159e kter\u00e1 uzdravuje v\u0161elikou nemoc, o v\u00ed\u0159e, kter\u00e1 p\u0159ev\u00e1d\u00ed p\u0159es\u00a0vodu suchou nohou o v\u00ed\u0159e, kter\u00e1 bo\u0159\u00ed hradby &#8230; . Kdy\u017e se pod\u00edv\u00e1me do c\u00edrkve, nevid\u00edme. Sly\u0161\u00edme o v\u00ed\u0159e mnoho slov, ale nevid\u00edme. skutky v\u00edry. Jedn\u00edm ukazatelem na\u0161\u00ed nev\u00edry\u00a0v c\u00edrkvi je mno\u017estv\u00ed nemocn\u00fdch v c\u00edrkvi. Kdy\u017e p\u0159ijdu &hellip; <a href=\"https:\/\/www.josefknoflicek.cz\/?page_id=1006\" class=\"more-link\">Pokra\u010dov\u00e1n\u00ed textu <span class=\"screen-reader-text\">UZDRAVEN\u00cd &#8211; vysvobozen\u00ed od nemoci.<\/span> <span class=\"meta-nav\">&rarr;<\/span><\/a><\/p>\n","protected":false},"author":2,"featured_media":0,"parent":39,"menu_order":6,"comment_status":"open","ping_status":"open","template":"","meta":[],"_links":{"self":[{"href":"https:\/\/www.josefknoflicek.cz\/index.php?rest_route=\/wp\/v2\/pages\/1006"}],"collection":[{"href":"https:\/\/www.josefknoflicek.cz\/index.php?rest_route=\/wp\/v2\/pages"}],"about":[{"href":"https:\/\/www.josefknoflicek.cz\/index.php?rest_route=\/wp\/v2\/types\/page"}],"author":[{"embeddable":true,"href":"https:\/\/www.josefknoflicek.cz\/index.php?rest_route=\/wp\/v2\/users\/2"}],"replies":[{"embeddable":true,"href":"https:\/\/www.josefknoflicek.cz\/index.php?rest_route=%2Fwp%2Fv2%2Fcomments&post=1006"}],"version-history":[{"count":7,"href":"https:\/\/www.josefknoflicek.cz\/index.php?rest_route=\/wp\/v2\/pages\/1006\/revisions"}],"predecessor-version":[{"id":2180,"href":"https:\/\/www.josefknoflicek.cz\/index.php?rest_route=\/wp\/v2\/pages\/1006\/revisions\/2180"}],"up":[{"embeddable":true,"href":"https:\/\/www.josefknoflicek.cz\/index.php?rest_route=\/wp\/v2\/pages\/39"}],"wp:attachment":[{"href":"https:\/\/www.josefknoflicek.cz\/index.php?rest_route=%2Fwp%2Fv2%2Fmedia&parent=1006"}],"curies":[{"name":"wp","href":"https:\/\/api.w.org\/{rel}","templated":true}]}}