{"id":1283,"date":"2015-11-24T00:01:50","date_gmt":"2015-11-23T23:01:50","guid":{"rendered":"http:\/\/www.josefknoflicek.cz\/?page_id=1283"},"modified":"2021-01-25T22:43:02","modified_gmt":"2021-01-25T21:43:02","slug":"poselstvi-sunemanky-sesterske-2015","status":"publish","type":"page","link":"https:\/\/www.josefknoflicek.cz\/?page_id=1283","title":{"rendered":"Poselstv\u00ed \u0160\u00fanemanky. (sestersk\u00e9 2015)"},"content":{"rendered":"<p><strong>Poselstv\u00ed \u0160\u00fanemanky<\/strong><\/p>\n<p>( 2.Kralovsk\u00e1 4,8-37 )<\/p>\n<p>P\u0159i \u010dten\u00ed t\u00e9to pas\u00e1\u017ee \u010dteme : \u2026 Jedna m\u00edstn\u00ed z\u00e1mo\u017en\u00e1 \u017eena pozvala El\u00ed\u0161u k j\u00eddlu. Od t\u00e9 doby se poka\u017ed\u00e9, kdy\u017e tudy proch\u00e1zel, zastavil u n\u00ed na j\u00eddlo\u2026\u201c. Je zvl\u00e1\u0161tn\u00ed, \u017ee tato bezejmenn\u00e1 \u017eena je v Bibli. Je tam proto, \u017ee nejde tak o jej\u00ed jm\u00e9no, jako o jej\u00ed velmi d\u016fle\u017eit\u00e9 poselstv\u00ed pro n\u00e1s.<\/p>\n<p style=\"text-align: justify;\">Tato \u017eena ze \u0160unemu byla vn\u00edmav\u00e1, \u0161t\u011bdr\u00e1, pohostinn\u00e1 a vid\u011bla pot\u0159ebu slu\u017eebn\u00edka Bo\u017e\u00edho. Vid\u011bla, \u017ee tudy chod\u00ed a m\u00e1 z\u00e1kladn\u00ed lidsk\u00e9 pot\u0159eby &#8211; hlad a \u017e\u00edze\u0148. Je ps\u00e1no, \u017ee Eli\u0161a tudy \u010dasto chodil, ale od t\u00e9 chv\u00edle, kdy ho \u017eena pozvala domu a pohostila, se poka\u017ed\u00e9 zastavil u n\u00ed na j\u00eddlo. Pro\u010d se k n\u00ed r\u00e1d vracel? Byla mil\u00e1, \u00fa\u017easn\u011b va\u0159ila? O tom se Bible nezmi\u0148uje, ale je vid\u011bt, \u017ee velmi r\u00e1d chodil i se sv\u00fdm sluhou Gehazim jen k n\u00ed. \u010casem se tato pohostinn\u00e1 \u017eena rozhodla, \u017ee pro Bo\u017e\u00edho mu\u017ee nech\u00e1 postavit pokoj na st\u0159e\u0161e, kde si bude moci po j\u00eddle odpo\u010dinout. Kdy\u017e byl pokoj dokon\u010den, za\u0159\u00eddila ho v\u0161\u00edm pot\u0159ebn\u00fdm a dala ho pln\u011b k dispozici pro sv\u00e9 v\u011brn\u00e9 hosty. Jednou, kdy\u017e v pokoj\u00edku po ur\u010dit\u011b znamenit\u00e9m j\u00eddle El\u00ed\u0161a odpo\u010d\u00edval, nechal si zavolat svou hostitelku a cht\u011bl ji za jej\u00ed velikou \u0161t\u011bdrost n\u011bjak odm\u011bnit. \u0158ekl ji: \u201eZahrnulas n\u00e1s v\u0161emo\u017enou p\u00e9\u010d\u00ed. Co pro tebe mohu j\u00e1 ud\u011blat? M\u00e1m se o tob\u011b zm\u00ednit u kr\u00e1le nebo u velitele vojska?\u201c Ona mu v\u0161ak odpov\u011bd\u011bla, \u017ee \u017eije spokojen\u011b mezi sv\u00fdmi. D\u011blala toto \u0161t\u011bdr\u00e9 pohostinstv\u00ed bez postrann\u00edch \u00famysl\u016f. Proto\u017ee ji cht\u011bl opravdu n\u011bjak odm\u011bnit, zeptal se sv\u00e9ho sluhy jak ji odm\u011bnit. Ten si v\u0161iml, \u017ee m\u00e1 star\u00e9ho mu\u017ee a nem\u00e1 \u017e\u00e1dn\u00e9 d\u00edt\u011b. El\u00ed\u0161a si \u0160unemanku nech\u00e1 znovu zavolat a ozn\u00e1m\u00ed ji, \u017ee po\u010dne a porod\u00ed syna. Jak\u00e1 byla jej\u00ed reakce na tuto spr\u00e1vu? To ne m\u016fj pane, jsi mu\u017e Bo\u017e\u00ed, nepodv\u00e1d\u011bj svou slu\u017eebnici. V\u011bd\u011bla, \u017ee lidsky je to nemo\u017en\u00e9 ale po ur\u010den\u00e9m \u010dase opravdu porodila syna, jak ji Eli\u0161a p\u0159edur\u010dil. Je zvl\u00e1\u0161tn\u00ed, \u017ee toto z\u00e1zrakem narozen\u00e9 d\u00edt\u011b je v Bibli tak\u00e9 bezejmenn\u00e9 jako jeho <a href=\"http:\/\/www.josefknoflicek.cz\/wp-content\/uploads\/2015\/11\/200px-Gehasi.jpg\"><img loading=\"lazy\" class=\" size-full wp-image-1285 alignright\" src=\"http:\/\/www.josefknoflicek.cz\/wp-content\/uploads\/2015\/11\/200px-Gehasi.jpg\" alt=\"200px-Gehasi\" width=\"200\" height=\"157\" \/><\/a>matka. Kdy\u017e chlapec povyrostl, jednoho dne, kdy\u017e byl se sv\u00fdm otcem na poli, si za\u010dal st\u011b\u017eovat na bolest hlavy. Otec ho nechal odn\u00e9st matce a okolo poledne j\u00ed um\u00edr\u00e1 v n\u00e1ru\u010d\u00ed. Co pro\u017e\u00edvala, nen\u00ed v\u00a0Bibli pops\u00e1no, ale j\u00e1 si mysl\u00edm, \u017ee to byl nejhor\u0161\u00ed den v jej\u00edm \u017eivot\u011b. Ale jej\u00ed reakce je pro n\u00e1s velmi pou\u010dn\u00e1! D\u00e1v\u00e1 sv\u00e9ho syna do pokoj\u00edku mu\u017ee bo\u017e\u00edho, ml\u010d\u00ed o tom, co se stalo a posp\u00edch\u00e1 za El\u00ed\u0161ou, zdrojem jej\u00ed jedin\u00e9 pomoci. El\u00ed\u0161a pos\u00edl\u00e1 sv\u00e9ho sluhu, aby syna \u0160unemanky vzk\u0159\u00edsil, ale ona se dr\u017e\u00ed pevn\u011b Bo\u017e\u00edho slu\u017eebn\u00edka, a\u017e se rozhodne, \u017ee s n\u00ed p\u016fjde a pom\u016f\u017ee j\u00ed on s\u00e1m. Gehazimu se nepoda\u0159ilo vzk\u0159\u00edsit mrtv\u00e9ho syna, ale El\u00ed\u0161a s Bo\u017e\u00ed moci vr\u00e1t\u00ed syna \u0160unemance k \u017eivotu. Je zvl\u00e1\u0161tn\u00ed, \u017ee zde jej\u00ed p\u0159\u00edb\u011bh je\u0161t\u011b nekon\u010d\u00ed, ale pokra\u010duje v 2 Kr\u00e1lovsk\u00e9 8,1-6, kde ji El\u00ed\u0161a varuje a pos\u00edl\u00e1 na sedm let pry\u010d z domu p\u0159ed hladem, kter\u00fd Hospodin se\u0161le na to m\u00edsto. A po sedmi letech, kdy\u017e se tato bezejmenn\u00e1 \u017eena se svou rodinou vrac\u00ed sp\u011bt do sv\u00e9ho domova, p\u0159ich\u00e1z\u00ed s prosbou p\u0159ed kr\u00e1le, kde ve stejnou dobu Gehazi l\u00ed\u010d\u00ed p\u0159\u00edb\u011bh t\u00e9to \u017eeny kr\u00e1li, a Gechazi za\u010dne k\u0159i\u010det, kr\u00e1li to je ta \u017eena! Ona v\u0161e osobn\u011b p\u0159evypr\u00e1v\u00ed p\u0159ed samotn\u00fdm kr\u00e1lem! Dostane sp\u011bt v\u0161echen majetek v\u010detn\u011b v\u0161ech poln\u00edch v\u00fdnos\u016f ode dne, kdy ode\u0161la ze zem\u011b, a\u017e po ten kdy se vr\u00e1tila!<\/p>\n<p><strong>Pou\u010den\u00ed pro n\u00e1s z tohoto poselstv\u00ed bezejmenn\u00e9 \u017eeny:<\/strong><\/p>\n<ul>\n<li><strong>B\u016fh po\u017eehnal a odm\u011bnil pohostinnost (dal ji syna).<\/strong><\/li>\n<li><strong>B\u016fh dovolil, aby na ni p\u0159i\u0161la t\u011b\u017ek\u00e1 zkou\u0161ka (jej\u00ed syn um\u00edr\u00e1).<\/strong><\/li>\n<li><strong>B\u016fh odm\u011b\u0148uje d\u016fv\u011bru v jeho pomoc (syn byl vzk\u0159\u00ed\u0161en).<\/strong><\/li>\n<li><strong>B\u016fh \u010dastokr\u00e1t dovol\u00ed, aby jeho v\u011brn\u00ed proch\u00e1zeli nevysv\u011btliteln\u00fdmi zkou\u0161kami a utrpen\u00edm. Kdy\u017e se ho v\u0161ak pevn\u011b dr\u017e\u00edme, pozd\u011bji zakou\u0161\u00edme jeho v\u011brnost, l\u00e1sku a slitov\u00e1n\u00ed.<\/strong><\/li>\n<li><strong>Na\u0161e v\u011brnost a vytrvalost bude odm\u011bn\u011bna nad na\u0161e o\u010dek\u00e1v\u00e1n\u00ed.<\/strong><\/li>\n<li><strong>B\u016fh je mocen ud\u011blat v\u00edc ne\u017e jsme schopni vymyslet. <\/strong><\/li>\n<\/ul>\n<p>&nbsp;<\/p>\n","protected":false},"excerpt":{"rendered":"<p>Poselstv\u00ed \u0160\u00fanemanky ( 2.Kralovsk\u00e1 4,8-37 ) P\u0159i \u010dten\u00ed t\u00e9to pas\u00e1\u017ee \u010dteme : \u2026 Jedna m\u00edstn\u00ed z\u00e1mo\u017en\u00e1 \u017eena pozvala El\u00ed\u0161u k j\u00eddlu. Od t\u00e9 doby se poka\u017ed\u00e9, kdy\u017e tudy proch\u00e1zel, zastavil u n\u00ed na j\u00eddlo\u2026\u201c. Je zvl\u00e1\u0161tn\u00ed, \u017ee tato bezejmenn\u00e1 \u017eena je v Bibli. Je tam proto, \u017ee nejde tak o jej\u00ed jm\u00e9no, jako o jej\u00ed &hellip; <a href=\"https:\/\/www.josefknoflicek.cz\/?page_id=1283\" class=\"more-link\">Pokra\u010dov\u00e1n\u00ed textu <span class=\"screen-reader-text\">Poselstv\u00ed \u0160\u00fanemanky. (sestersk\u00e9 2015)<\/span> <span class=\"meta-nav\">&rarr;<\/span><\/a><\/p>\n","protected":false},"author":2,"featured_media":0,"parent":328,"menu_order":15,"comment_status":"open","ping_status":"open","template":"","meta":[],"_links":{"self":[{"href":"https:\/\/www.josefknoflicek.cz\/index.php?rest_route=\/wp\/v2\/pages\/1283"}],"collection":[{"href":"https:\/\/www.josefknoflicek.cz\/index.php?rest_route=\/wp\/v2\/pages"}],"about":[{"href":"https:\/\/www.josefknoflicek.cz\/index.php?rest_route=\/wp\/v2\/types\/page"}],"author":[{"embeddable":true,"href":"https:\/\/www.josefknoflicek.cz\/index.php?rest_route=\/wp\/v2\/users\/2"}],"replies":[{"embeddable":true,"href":"https:\/\/www.josefknoflicek.cz\/index.php?rest_route=%2Fwp%2Fv2%2Fcomments&post=1283"}],"version-history":[{"count":3,"href":"https:\/\/www.josefknoflicek.cz\/index.php?rest_route=\/wp\/v2\/pages\/1283\/revisions"}],"predecessor-version":[{"id":1287,"href":"https:\/\/www.josefknoflicek.cz\/index.php?rest_route=\/wp\/v2\/pages\/1283\/revisions\/1287"}],"up":[{"embeddable":true,"href":"https:\/\/www.josefknoflicek.cz\/index.php?rest_route=\/wp\/v2\/pages\/328"}],"wp:attachment":[{"href":"https:\/\/www.josefknoflicek.cz\/index.php?rest_route=%2Fwp%2Fv2%2Fmedia&parent=1283"}],"curies":[{"name":"wp","href":"https:\/\/api.w.org\/{rel}","templated":true}]}}