{"id":1418,"date":"2016-01-18T09:49:09","date_gmt":"2016-01-18T08:49:09","guid":{"rendered":"http:\/\/www.josefknoflicek.cz\/?page_id=1418"},"modified":"2021-01-25T22:42:15","modified_gmt":"2021-01-25T21:42:15","slug":"autorita-iii","status":"publish","type":"page","link":"https:\/\/www.josefknoflicek.cz\/?page_id=1418","title":{"rendered":"AUTORITA  &#8211; III. FINANCE"},"content":{"rendered":"<p><strong><span style=\"color: #2b2b2b; font-family: 'Arial','sans-serif'; font-size: 14pt;\">AUTORITA III<br \/>\nP\u0159\u00edkladem ve \u0161t\u011bdrosti.<br \/>\n<\/span><\/strong><\/p>\n<p style=\"text-align: justify;\"><strong><span style=\"color: #2b2b2b; font-family: 'Arial','sans-serif'; font-size: 14pt;\">Ka\u017ed\u00fd a\u0165 d\u00e1v\u00e1 podle toho, jak se ve sv\u00e9m srdci p\u0159edem rozhodl, ne s nechut\u00ed ani z donucen\u00ed; v\u017edy\u0165 &#8218;radostn\u00e9ho d\u00e1rce miluje B\u016fh&#8216;. Ten, kter\u00fd &#8218;d\u00e1v\u00e1 semeno k setb\u011b i chl\u00e9b k j\u00eddlu&#8216;, d\u00e1 vzr\u016fst va\u0161\u00ed setb\u011b a rozmno\u017e\u00ed &#8218;plody va\u0161\u00ed spravedlnosti&#8216;.\u00a0 V\u0161\u00edm zp\u016fsobem budete obohacov\u00e1ni, abyste mohli b\u00fdt velkoryse \u0161t\u011bd\u0159\u00ed; tak povzbud\u00edme mnoh\u00e9, aby vzd\u00e1vali d\u00edky Bohu.\u00a0 Nebo\u0165 slu\u017eba t\u00e9to ob\u011bti nejen dopl\u0148uje, v \u010dem maj\u00ed brat\u0159\u00ed nedostatek, n\u00fdbr\u017e tak\u00e9 rozhoj\u0148uje d\u00edk\u016fvzd\u00e1n\u00ed Bohu.<\/span><\/strong><span style=\"color: #2b2b2b; font-family: 'Arial','sans-serif'; font-size: 14pt;\"><br \/>\n<strong><span style=\"font-family: 'Arial','sans-serif';\">(2. Korintsk\u00fdm 9:7-12 [CzeCEP])<\/span><\/strong><\/span><\/p>\n<p style=\"text-align: justify;\"><strong><span style=\"color: #2b2b2b; font-family: 'Arial','sans-serif'; font-size: 14pt;\">Oznamujeme v\u00e1m, brat\u0159i, Bo\u017e\u00ed milost, kter\u00e1 byla d\u00e1na sbor\u016fm v\u00a0Makedonii:\u00a0 Ve velik\u00e9 zkou\u0161ce sou\u017een\u00edm se rozhojnila jejich p\u0159ekypuj\u00edc\u00ed radost a\u00a0jejich hlubok\u00e1 chudoba do bohatstv\u00ed \u0161t\u011bdrosti.<\/span><\/strong><span style=\"color: #2b2b2b; font-family: 'Arial','sans-serif'; font-size: 14pt;\"><br \/>\n<strong><span style=\"font-family: 'Arial','sans-serif';\">(2. Korintsk\u00fdm 8:1-2 [CzeCSP])<\/span><\/strong><\/span><\/p>\n<p style=\"text-align: justify;\"><span style=\"color: #2b2b2b; font-family: 'Arial','sans-serif'; font-size: 14pt;\">Vedouc\u00ed je a\u0165 p\u0159\u00edmo nebo nep\u0159\u00edmo (odpov\u00edd\u00e1 za jin\u00e9) odpov\u011bdn\u00fd za spr\u00e1vu nad financemi. Do t\u00e9to spr\u00e1vy tak\u00e9 pat\u0159\u00ed z\u00edsk\u00e1v\u00e1n\u00ed zdroj\u016f pro slu\u017ebu sboru nebo sbor\u016f. T\u00edm nejlegitimn\u011bj\u0161\u00edm zdrojem p\u0159\u00edjm\u016f jsou des\u00e1tky a sb\u00edrky. Mnohdy tato \u010d\u00e1stka nesta\u010d\u00ed a pak se c\u00edrkev sna\u017e\u00ed z\u00edskat dal\u0161\u00ed finan\u010dn\u00ed zdroje na svoji \u010dinnost.<\/span><\/p>\n<p style=\"text-align: justify;\"><span style=\"color: #2b2b2b; font-family: 'Arial','sans-serif'; font-size: 14pt;\">Nechci se zab\u00fdvat nyn\u00ed poctivost\u00ed p\u0159i spravov\u00e1n\u00ed pen\u011bz, kontrolou a pod., ale chci se zam\u011b\u0159it sp\u00ed\u0161e na jejich z\u00edsk\u00e1v\u00e1n\u00ed.<\/span><\/p>\n<p style=\"text-align: justify;\"><span style=\"color: #2b2b2b; font-family: 'Arial','sans-serif'; font-size: 14pt;\">1.Pen\u00edze jsou dobr\u00fdm pomocn\u00edkem a jsou pot\u0159ebn\u00e9 pro mnoho dobr\u00fdch v\u011bc\u00ed. Bez pen\u011bz nen\u00ed mo\u017en\u00e9 mnoh\u00e9 v\u011bci po\u0159\u00eddit, nen\u00ed mo\u017en\u00e9 d\u00e1t slu\u017eebn\u00edk\u016fm plat (i slu\u017eebn\u00edk mus\u00ed z n\u011b\u010deho \u017e\u00edt a \u017eivit rodinu) apod. Mohou se v\u0161ak st\u00e1t tak\u00e9 provazem, kter\u00fd sv\u00e1\u017ee slu\u017ebu natolik, \u017ee\u00a0 vlastn\u011b slu\u017eba ustane. M\u016f\u017ee se st\u00e1t, \u017ee se pen\u00edze stanou n\u00e1strahou pro odveden\u00ed c\u00edrkve z\u00a0cesty, po kter\u00e9 se m\u011bla ub\u00edrat.<\/span><\/p>\n<p style=\"text-align: justify;\"><span style=\"color: #2b2b2b; font-family: 'Arial','sans-serif'; font-size: 14pt;\">Jak mohu rozpoznat, zda finan\u010dn\u00ed zdroj je od Boha nebo ne. P\u0159edev\u0161\u00edm podle toho, zda mne n\u011bjak svazuje v tom, abych naplnil Bo\u017e\u00ed vize pro sbor nebo sbory. Pokud jsou tyto zdroje podmi\u0148ov\u00e1ny t\u00edm, \u017ee budeme muset\u00a0za\u010d\u00edt d\u011blat jinou pr\u00e1ci, ne\u017e je vize sbor\u016f, pokud zaberou \u010das sborov\u00fdch vedouc\u00edch natolik, \u017ee mus\u00ed opustit\u00a0\u010d\u00e1st slu\u017eby, nebo je to natolik vy\u010derp\u00e1v\u00e1, \u017ee nemaj\u00ed s\u00edlu\u00a0se pak\u00a0pln\u011b v\u011bnovat veden\u00ed a r\u016fstu sboru.\u00a0Sbory se pak stanou slab\u00fdmi a jsou neust\u00e1le chud\u00e9, jednak proto, \u017ee si zvykli na jin\u00fd p\u0159\u00edjem, ne\u017e je jejich \u0161t\u011bdrost, ale p\u0159edev\u0161\u00edm proto, \u017ee pou\u017e\u00edvaj\u00ed jin\u00e9 ne\u017e Bo\u017e\u00ed zdroje. V kone\u010dn\u00e9 f\u00e1zi se v\u0161ichni tr\u00e1p\u00ed, i kdy\u017e na za\u010d\u00e1tku to vypadalo\u00a0jako skv\u011bl\u00fd n\u00e1pad.<\/span><\/p>\n<p style=\"text-align: justify;\"><span style=\"color: #2b2b2b; font-family: 'Arial','sans-serif'; font-size: 14pt;\">Pamatujme: <strong><span style=\"font-family: 'Arial','sans-serif';\">Hospodinovo po\u017eehn\u00e1n\u00ed obohacuje a tr\u00e1pen\u00ed s sebou nep\u0159in\u00e1\u0161\u00ed. (P\u0159\u00edslov\u00ed 10:22 [CzeCEP])<\/span><\/strong><\/span><\/p>\n<p style=\"text-align: justify;\"><span style=\"color: #2b2b2b; font-family: 'Arial','sans-serif'; font-size: 14pt;\"><br \/>\n2. Je d\u016fle\u017eit\u00e9, kdo v c\u00edrkvi tyto zdroje zaji\u0161\u0165uje. \u010casto se p\u0159i v\u00fdb\u011bru slu\u017eebn\u00edka zam\u011b\u0159\u00edme na jeho ekonomick\u00e9 schopnosti, znalosti grant\u016f a dotac\u00ed apod. je dobr\u00e9, kdy\u017e slu\u017eebn\u00edk tyto v\u011bdomosti nebo odbornost m\u00e1, ale je jedna je\u0161t\u011b d\u016fle\u017eit\u011bj\u0161\u00ed v\u011bc a tou je, zda je tento slu\u017eebn\u00edk s\u00e1m \u0161t\u011bdr\u00fd. Zda jde v\u0161em p\u0159\u00edkladem. Zda d\u00e1v\u00e1 des\u00e1tky a p\u0159isp\u00edv\u00e1 \u0161t\u011bd\u0159e do sb\u00edrek c\u00edrkve.\u00a0Pokud ne, pak jak rozs\u00e9v\u00e1, tak bude i skl\u00edzet. Probl\u00e9m je v tom, \u017ee to zas\u00e1hne i c\u00edrkev samotnou. Pro takov\u00e9ho slu\u017eebn\u00edka se uzav\u0159ou Bo\u017e\u00ed pr\u016fduchy. Takov\u00fd \u010dlov\u011bk je nucen hledat zdroje sv\u011btsk\u00fdm zp\u016fsobem a p\u0159in\u00e1\u0161\u00ed finance do sbor\u016f, kter\u00e9 slu\u017ebu svazuj\u00ed nebo ji odv\u00e1d\u011bj\u00ed jin\u00fdm sm\u011brem. Aby bylo na platy pastor\u016f, budeme d\u011blat takov\u00e9 a takov\u00e9 aktivity. C\u00edrkev pak nen\u00ed c\u00edrkv\u00ed, ale organizac\u00ed s nejr\u016fzn\u011bj\u0161\u00edm druhem aktivit. Sbor pak ch\u0159adne, lid\u00e9 odch\u00e1z\u00ed. C\u00edrkev je\u0161t\u011b v\u00edce chudne (jak finan\u010dn\u011b, tak duchovn\u011b). V\u0161ichni se t\u00edm tr\u00e1p\u00ed. <\/span><\/p>\n<p style=\"text-align: justify;\"><span style=\"color: #2b2b2b; font-family: 'Arial','sans-serif'; font-size: 14pt;\">Je to t\u00edm, \u017ee vedouc\u00ed, kter\u00fd ned\u00e1v\u00e1 des\u00e1tky a do sb\u00edrek,\u00a0nebo slu\u017eebn\u00edk zodpov\u00eddaj\u00edc\u00ed za z\u00edsk\u00e1v\u00e1n\u00ed finan\u010dn\u00edch zdroj\u016f, i kdy\u017e jsou ve spravov\u00e1n\u00ed velmi poctiv\u00ed, p\u0159ed Bohem jsou t\u011bmi, kte\u0159\u00ed ho okr\u00e1daj\u00ed. <em><span style=\"font-family: 'Arial','sans-serif';\">(Sm\u00ed \u010dlov\u011bk okr\u00e1dat Boha? Vy m\u011b okr\u00e1d\u00e1te. Pt\u00e1te se: \u00bbJak t\u011b okr\u00e1d\u00e1me?\u00ab Na des\u00e1tc\u00edch a na ob\u011btech pozdvihov\u00e1n\u00ed. (Malachi\u00e1\u0161 3:8 [CzeCEP])) <\/span><\/em>V\u00fdsledkem je chudoba sbor\u016f jak finan\u010dn\u00ed, tak duchovn\u00ed a tr\u00e1pen\u00ed, i kdy\u017e na venek to m\u016f\u017ee vypadat, \u017ee je v\u0161e v naprost\u00e9m po\u0159\u00e1dku, proto\u017ee jsme tak moc aktivn\u00ed &#8211; m\u00e1me tolik skv\u011bl\u00fdch aktivit. Okr\u00e1d\u00e1n\u00ed Boha nese sebou tak\u00e9 n\u00e1sledky.<em><span style=\"font-family: 'Arial','sans-serif';\"> (Jste sti\u017eeni kletbou proto, \u017ee m\u011b okr\u00e1d\u00e1te, cel\u00fd ten pron\u00e1rod! (Malachi\u00e1\u0161 3:9 [CzeCEP]))<\/span><\/em><\/span><\/p>\n<p style=\"text-align: justify;\"><span style=\"color: #2b2b2b; font-family: 'Arial','sans-serif'; font-size: 14pt;\">Nemohu z\u00edskat Bo\u017e\u00ed zdroje, pokud s\u00e1m nejsem \u0161t\u011bdr\u00fd a \u00a0ned\u00e1v\u00e1m do c\u00edrkve. Nemohu cht\u00edt po jin\u00fdch, aby financovali c\u00edrkev, kdy\u017e s\u00e1m jsem skoup\u00fd &#8211; lakom\u00fd. <\/span><\/p>\n<p><span style=\"color: #2b2b2b; font-family: 'Arial','sans-serif'; font-size: 14pt;\">Je na autorit\u011b sboru, koho ur\u010d\u00ed za spr\u00e1vce nad financemi a p\u0159edev\u0161\u00edm koho pov\u011b\u0159\u00ed z\u00edsk\u00e1v\u00e1n\u00edm zdroj\u016f. Je d\u016fle\u017eit\u00e9, aby on s\u00e1m byl \u0161t\u011bdr\u00fdm d\u00e1rcem a \u0161el p\u0159\u00edkladem, jinak prvn\u00edm nepo\u017eehn\u00e1n\u00edm z jeho lakoty bude to, \u017ee vybere do spravov\u00e1n\u00ed ty, kte\u0159\u00ed jsou tak\u00e9 skoup\u00ed.<\/span><\/p>\n<p><span style=\"color: #2b2b2b; font-family: 'Arial','sans-serif'; font-size: 14pt;\">\u00a0<\/span><\/p>\n<p style=\"text-align: justify;\"><span style=\"color: #2b2b2b; font-family: 'Arial','sans-serif'; font-size: 14pt;\">3. Znovu opakuji, \u017ee t\u00edm hlavn\u00edm zdrojem p\u0159\u00edjmu by m\u011bly b\u00fdt des\u00e1tky a sb\u00edrky.\u00a0Existuj\u00ed nesvazuj\u00edc\u00ed zdroje z r\u016fzn\u00fdch nadac\u00ed, kter\u00e9 podporuj\u00ed evangelizace, r\u016fst sboru nebo zakl\u00e1d\u00e1n\u00ed sbor\u016f, ale nen\u00ed\u00a0jich mnoho, ale jsou.\u00a0Dal\u0161\u00edm zdrojem p\u0159\u00edjm\u016f je \u0161t\u011bdrost sboru, kter\u00e1 vyprodukuje vd\u011b\u010dnost Bohu a n\u00e1sledn\u011b \u0161t\u011bdrost t\u011bch, kte\u0159\u00ed byli n\u011bjak zasa\u017een\u00ed dobrotivost\u00ed sboru, t\u0159eba ji jen\u00a0vid\u011bli.<\/span><\/p>\n<p style=\"text-align: justify;\"><span style=\"color: #2b2b2b; font-family: 'Arial','sans-serif'; font-size: 14pt;\">Je to na\u0161e osobn\u00ed zku\u0161enost. Tam, kde sbor za\u010dal b\u00fdt \u0161t\u011bdr\u00fd, za\u010dali r\u016fst des\u00e1tky a sb\u00edrky, za\u010dali p\u0159ich\u00e1zet nov\u00ed lid\u00e9 do sboru, kte\u0159\u00ed se velmi brzo zapojili do \u017eivota sboru, v\u010detn\u011b d\u00e1v\u00e1n\u00ed. Takto se i z chud\u00e9ho sboru m\u016f\u017ee st\u00e1t bohat\u00fd ve \u0161t\u011bdrosti, v d\u00e1v\u00e1n\u00ed a slu\u017eb\u011b i po\u010dtu.<\/span><\/p>\n<p style=\"text-align: justify;\"><span style=\"color: #2b2b2b; font-family: 'Arial','sans-serif'; font-size: 14pt;\">Je mo\u017en\u00e9 m\u00edt bohat\u00fd sbor po v\u0161ech str\u00e1nk\u00e1ch, ale za\u010d\u00edn\u00e1 to u autority, kter\u00e9 ho nebo je (sbory) vede. Je to jej\u00ed \u0161t\u011bdrost nebo\u00a0skoupost, kter\u00e1 to ovlivn\u00ed.<\/span><\/p>\n<p><span style=\"color: #2b2b2b; font-family: 'Arial','sans-serif'; font-size: 14pt;\">Na z\u00e1v\u011br mus\u00edm dodat, \u017ee \u0161t\u011bdrost neznamen\u00e1 rozhazova\u010dnost a opatrnost nen\u00ed skoupost\u00ed.<\/span><\/p>\n<p>&nbsp;<\/p>\n","protected":false},"excerpt":{"rendered":"<p>AUTORITA III P\u0159\u00edkladem ve \u0161t\u011bdrosti. Ka\u017ed\u00fd a\u0165 d\u00e1v\u00e1 podle toho, jak se ve sv\u00e9m srdci p\u0159edem rozhodl, ne s nechut\u00ed ani z donucen\u00ed; v\u017edy\u0165 &#8218;radostn\u00e9ho d\u00e1rce miluje B\u016fh&#8216;. Ten, kter\u00fd &#8218;d\u00e1v\u00e1 semeno k setb\u011b i chl\u00e9b k j\u00eddlu&#8216;, d\u00e1 vzr\u016fst va\u0161\u00ed setb\u011b a rozmno\u017e\u00ed &#8218;plody va\u0161\u00ed spravedlnosti&#8216;.\u00a0 V\u0161\u00edm zp\u016fsobem budete obohacov\u00e1ni, abyste mohli b\u00fdt velkoryse &hellip; <a href=\"https:\/\/www.josefknoflicek.cz\/?page_id=1418\" class=\"more-link\">Pokra\u010dov\u00e1n\u00ed textu <span class=\"screen-reader-text\">AUTORITA  &#8211; III. FINANCE<\/span> <span class=\"meta-nav\">&rarr;<\/span><\/a><\/p>\n","protected":false},"author":2,"featured_media":0,"parent":60,"menu_order":2,"comment_status":"open","ping_status":"open","template":"","meta":[],"_links":{"self":[{"href":"https:\/\/www.josefknoflicek.cz\/index.php?rest_route=\/wp\/v2\/pages\/1418"}],"collection":[{"href":"https:\/\/www.josefknoflicek.cz\/index.php?rest_route=\/wp\/v2\/pages"}],"about":[{"href":"https:\/\/www.josefknoflicek.cz\/index.php?rest_route=\/wp\/v2\/types\/page"}],"author":[{"embeddable":true,"href":"https:\/\/www.josefknoflicek.cz\/index.php?rest_route=\/wp\/v2\/users\/2"}],"replies":[{"embeddable":true,"href":"https:\/\/www.josefknoflicek.cz\/index.php?rest_route=%2Fwp%2Fv2%2Fcomments&post=1418"}],"version-history":[{"count":6,"href":"https:\/\/www.josefknoflicek.cz\/index.php?rest_route=\/wp\/v2\/pages\/1418\/revisions"}],"predecessor-version":[{"id":1759,"href":"https:\/\/www.josefknoflicek.cz\/index.php?rest_route=\/wp\/v2\/pages\/1418\/revisions\/1759"}],"up":[{"embeddable":true,"href":"https:\/\/www.josefknoflicek.cz\/index.php?rest_route=\/wp\/v2\/pages\/60"}],"wp:attachment":[{"href":"https:\/\/www.josefknoflicek.cz\/index.php?rest_route=%2Fwp%2Fv2%2Fmedia&parent=1418"}],"curies":[{"name":"wp","href":"https:\/\/api.w.org\/{rel}","templated":true}]}}