{"id":1733,"date":"2016-03-14T17:05:31","date_gmt":"2016-03-14T16:05:31","guid":{"rendered":"http:\/\/www.josefknoflicek.cz\/?page_id=1733"},"modified":"2021-01-25T22:43:01","modified_gmt":"2021-01-25T21:43:01","slug":"poselstvi-moudre-zeny-iv-usta","status":"publish","type":"page","link":"https:\/\/www.josefknoflicek.cz\/?page_id=1733","title":{"rendered":"Poselstv\u00ed moudr\u00e9 \u017eeny IV &#8211; u\u0161i"},"content":{"rendered":"<p style=\"text-align: justify;\">Milovan\u00e1 a vz\u00e1cn\u00e1 sestro,<\/p>\n<p style=\"text-align: justify;\">dne\u0161n\u00ed zamy\u0161len\u00ed bude v\u011bnov\u00e1no op\u011bt velmi d\u016fle\u017eit\u00e9mu org\u00e1nu \u2013 na\u0161im u\u0161\u00edm.<\/p>\n<p style=\"text-align: justify;\">Ano je na n\u00e1s ka\u017edodenn\u00ed rozhodnut\u00ed, co budeme poslouchat a co s\u00a0t\u00edm, co jsme sly\u0161ely, ud\u011bl\u00e1me. Denn\u011b sly\u0161\u00edme mnoho hlas\u016f a slov. N\u011bkter\u00e9 n\u00e1s nezaujmou, ale n\u011bkter\u00e9 ano a t\u011bm potom v\u011bnujeme sv\u016fj sluch i \u010das. Je to r\u016fzn\u00e9 podle na\u0161\u00ed n\u00e1lady, okolnost\u00ed atd. Jsou slova, kter\u00e1 bychom cht\u011bly velice r\u00e1dy sly\u0161et, ale nesly\u0161\u00edme (miluji t\u011b, dnes ti to moc slu\u0161\u00ed, jsem moc r\u00e1d, \u017ee t\u011b m\u00e1m a jin\u00e9). Naopak se nab\u00edz\u00ed mnoho negativn\u00edch slov, kter\u00e9 zachyt\u00ed na\u0161e u\u0161i. A\u0165 je to v pr\u00e1ci, televizi, dopravn\u00edch prost\u0159edc\u00edch nebo v obchodech. Ve dne v noci se setk\u00e1v\u00e1me s mnoha a mnoha slovy, kter\u00e1 n\u00e1s, a\u0165 si to uv\u011bdomujeme nebo ne, n\u011bjak\u00fdm zp\u016fsobem ovlivn\u00ed. Bu\u010f pozitivn\u011b, nebo negativn\u011b.\u00a0 Proto pot\u0159ebujeme v\u011bnovat velkou pozornost na\u0161emu sluchu, abychom byly \u017eenou stavitelkou a ne bo\u0159itelkou vlastn\u00edho domova. V Bibli je mnoho a mnoho p\u0159\u00edb\u011bh\u016f, ale j\u00e1 jsem si vybrala jen jeden. Je ale opravdu moudr\u00fd a p\u0159\u00edkladn\u00fd!!!! Je to p\u0159\u00edb\u011bh o Abigail.<\/p>\n<ol>\n<li>Samuel 25: 1-44<\/li>\n<\/ol>\n<p style=\"text-align: justify;\">V tomto p\u0159\u00edb\u011bhu se dozv\u00edme, \u017ee tato \u017eena neoby\u010dejn\u011b kr\u00e1sn\u00e9ho vzhledu a velmi chytr\u00e1 nem\u011bla lehk\u00fd \u017eivot. M\u011bla mu\u017ee zl\u00e9ho a hrub\u00e9ho, jmenoval se N\u00e1bal. Ur\u010dit\u011b zakou\u0161ela v jejich man\u017eelstv\u00ed nejeden t\u011b\u017ek\u00fd den d\u00edky jeho povaze. Mysl\u00edm si, \u017ee byla tak\u00e9 velmi pracovit\u00e1, proto\u017ee m\u011bli opravdu velk\u00fd majetek. Je naps\u00e1no, \u017ee m\u011bli 3000 ovc\u00ed a 1000 koz. Tak\u017ee bylo pr\u00e1ce dost pro v\u0161echny. Kdy\u017e se David dozv\u011bd\u011bl \u017ee N\u00e1bal st\u0159\u00edh\u00e1 sv\u00e9 ovce, poslal deset sv\u00fdch ml\u00e1denc\u016f za n\u00edm, a\u0165 se s nimi pod\u011bl\u00ed s\u00a0t\u00edm, co m\u00e1 po ruce. Ale on se na n\u011b rozk\u0159ikl a vyhnal je. Ml\u00e1denci se vr\u00e1tili s pr\u00e1zdnou a Davidovi v\u0161e \u0159ekli. David se po\u0159\u00e1dn\u011b na\u0161tval a cht\u011bl vyvra\u017edit v\u0161e, co pat\u0159ilo N\u00e1balovi. Je\u0161t\u011b, \u017ee Hospodin velmi miloval Davida a za\u0159\u00eddil, aby N\u00e1bal\u016fv slu\u017eebn\u00edk \u0161el za Abigail a \u0159ekl ji, co se stalo. A zde je pr\u00e1v\u011b to m\u00edsto, kter\u00e9 m\u011b velmi oslovilo. On pronesl, v\u011b\u0159\u00edm, \u017ee Bo\u017e\u00ed slova: ,,Rozmysli si te\u010f dob\u0159e, co bys m\u011bla ud\u011blat, proto\u017ee n\u00e1\u0161 p\u00e1n i cel\u00fd jeho d\u016fm se \u0159\u00edt\u00ed do ne\u0161t\u011bst\u00ed. Jen\u017ee je to takov\u00fd ni\u010dema, \u017ee s n\u00edm nen\u00ed \u0159e\u010d.\u201c Tady byly jej\u00ed u\u0161i otev\u0159en\u00e9 pro spr\u00e1vnou v\u011bc. Mohla mu \u0159\u00edci nap\u0159\u00edklad: \u201eAno, je to takov\u00fd hlup\u00e1k, dob\u0159e mu tak, kone\u010dn\u011b dostane, co si zaslou\u017e\u00ed!\u201c Ale ona byla velmi moudr\u00e1 a state\u010dn\u00e1. Neh\u00e1dala se, nenad\u00e1vala sv\u00e9mu mu\u017ei, ale okam\u017eit\u011b podnikla pot\u0159ebn\u00e9 konkr\u00e9tn\u00ed kroky.<\/p>\n<p style=\"text-align: justify;\">Sv\u00e9mu mu\u017ei nic ne\u0159ekla, nalo\u017eila pot\u0159ebn\u00e9 j\u00eddlo a s n\u011bkolika ml\u00e1denci vyrazila zachr\u00e1nit t\u011b\u017ekou situaci, kterou zavinil jej\u00ed man\u017eel. Po cest\u011b se setk\u00e1v\u00e1 s Davidem, pad\u00e1 p\u0159ed n\u00edm na kolena a bere na sebe vinu za sv\u00e9ho man\u017eela (smek\u00e1m p\u0159ed n\u00ed za tento \u010din)! Zachr\u00e1nila cel\u00fd sv\u016fj d\u016fm p\u0159ed smrt\u00ed, ale tak\u00e9 zachr\u00e1nila Davida a jeho \u010dty\u0159i sta mu\u017e\u016f p\u0159ed h\u0159\u00edchem.<\/p>\n<p style=\"text-align: justify;\">Dostalo se j\u00ed pochvaly z Davidov\u00fdch \u00fast slovy: \u201ePo\u017eehn\u00e1n bu\u010f Hospodin, B\u016fh Izraele, \u017ee mi t\u011b dnes poslal vst\u0159\u00edc. A po\u017eehnan\u00e1 tv\u00e1 moudrost, ty sama bu\u010f po\u017eehnan\u00e1, \u017ee jsi m\u011b dnes zadr\u017eela, abych neprolil krev a nevzal pomstu do sv\u00fdch rukou.\u201c Kolikr\u00e1t se stane n\u00e1m, \u017ee jedn\u00e1me jak David. Chceme vz\u00edt pomstu do sv\u00fdch rukou, m\u00edsto toho abychom daly prostor Bohu. Mo\u017en\u00e1 \u010dasto jedn\u00e1me jako N\u00e1bal ! Pot\u0159ebujeme se ale nau\u010dit, jednat jako Abigail!!!!! Pr\u00e1v\u011b v t\u011bch kritick\u00fdch chv\u00edl\u00edch sly\u0161et na\u0161ima u\u0161ima ta spr\u00e1vn\u00e1 slova a jednat v moudrosti Bo\u017e\u00ed. Ona odvr\u00e1tila pohromu od sv\u00e9ho domu. Riskovala sv\u016fj \u017eivot, aby zachr\u00e1nila sv\u016fj domov. Vzala vinu na sebe a dostala v\u00edc, ne\u017e si um\u011bla p\u0159edstavit (byla zbavena tr\u00e1pen\u00ed z\u00a0N\u00e1balem, kdy\u017e zem\u0159el a stala se Davidovou man\u017eelkou).<\/p>\n<p style=\"text-align: justify;\">P\u0159eji ti, drah\u00e1 sestro, i sob\u011b, abychom se nau\u010dily b\u00fdt tou modrou \u017eenou, kter\u00e1 bude jednat jako Abigail. Budujme sv\u016fj domov v\u0161\u00edm, nad \u010d\u00edm jsme se v\u00a0n\u011bkolika posledn\u00edch t\u00fddnech zam\u00fd\u0161lely. Poddejme se Kristu a dovolme mu prom\u011bnit n\u00e1s k jeho podob\u011b. P\u0159eji ti mnoho v\u00edt\u011bzn\u00fdch dn\u016f.<\/p>\n<p>\u00a0\u00a0\u00a0\u00a0\u00a0\u00a0\u00a0\u00a0\u00a0\u00a0\u00a0\u00a0\u00a0\u00a0\u00a0\u00a0\u00a0\u00a0\u00a0\u00a0\u00a0\u00a0\u00a0\u00a0\u00a0\u00a0\u00a0\u00a0\u00a0\u00a0\u00a0\u00a0\u00a0\u00a0\u00a0\u00a0\u00a0\u00a0\u00a0\u00a0\u00a0\u00a0\u00a0\u00a0\u00a0\u00a0\u00a0\u00a0\u00a0\u00a0\u00a0\u00a0\u00a0\u00a0\u00a0\u00a0\u00a0\u00a0\u00a0\u00a0\u00a0\u00a0\u00a0\u00a0\u00a0\u00a0\u00a0\u00a0\u00a0\u00a0\u00a0\u00a0\u00a0\u00a0\u00a0\u00a0\u00a0\u00a0\u00a0\u00a0\u00a0\u00a0\u00a0\u00a0\u00a0\u00a0\u00a0\u00a0\u00a0\u00a0\u00a0\u00a0\u00a0\u00a0\u00a0\u00a0\u00a0\u00a0\u00a0\u00a0\u00a0\u00a0\u00a0\u00a0\u00a0\u00a0\u00a0\u00a0\u00a0\u00a0\u00a0\u00a0\u00a0\u00a0\u00a0\u00a0\u00a0\u00a0\u00a0 S l\u00e1skou St\u00e1\u0148a<\/p>\n","protected":false},"excerpt":{"rendered":"<p>Milovan\u00e1 a vz\u00e1cn\u00e1 sestro, dne\u0161n\u00ed zamy\u0161len\u00ed bude v\u011bnov\u00e1no op\u011bt velmi d\u016fle\u017eit\u00e9mu org\u00e1nu \u2013 na\u0161im u\u0161\u00edm. Ano je na n\u00e1s ka\u017edodenn\u00ed rozhodnut\u00ed, co budeme poslouchat a co s\u00a0t\u00edm, co jsme sly\u0161ely, ud\u011bl\u00e1me. Denn\u011b sly\u0161\u00edme mnoho hlas\u016f a slov. N\u011bkter\u00e9 n\u00e1s nezaujmou, ale n\u011bkter\u00e9 ano a t\u011bm potom v\u011bnujeme sv\u016fj sluch i \u010das. Je to r\u016fzn\u00e9 podle &hellip; <a href=\"https:\/\/www.josefknoflicek.cz\/?page_id=1733\" class=\"more-link\">Pokra\u010dov\u00e1n\u00ed textu <span class=\"screen-reader-text\">Poselstv\u00ed moudr\u00e9 \u017eeny IV &#8211; u\u0161i<\/span> <span class=\"meta-nav\">&rarr;<\/span><\/a><\/p>\n","protected":false},"author":2,"featured_media":0,"parent":1547,"menu_order":3,"comment_status":"closed","ping_status":"closed","template":"","meta":[],"_links":{"self":[{"href":"https:\/\/www.josefknoflicek.cz\/index.php?rest_route=\/wp\/v2\/pages\/1733"}],"collection":[{"href":"https:\/\/www.josefknoflicek.cz\/index.php?rest_route=\/wp\/v2\/pages"}],"about":[{"href":"https:\/\/www.josefknoflicek.cz\/index.php?rest_route=\/wp\/v2\/types\/page"}],"author":[{"embeddable":true,"href":"https:\/\/www.josefknoflicek.cz\/index.php?rest_route=\/wp\/v2\/users\/2"}],"replies":[{"embeddable":true,"href":"https:\/\/www.josefknoflicek.cz\/index.php?rest_route=%2Fwp%2Fv2%2Fcomments&post=1733"}],"version-history":[{"count":3,"href":"https:\/\/www.josefknoflicek.cz\/index.php?rest_route=\/wp\/v2\/pages\/1733\/revisions"}],"predecessor-version":[{"id":1736,"href":"https:\/\/www.josefknoflicek.cz\/index.php?rest_route=\/wp\/v2\/pages\/1733\/revisions\/1736"}],"up":[{"embeddable":true,"href":"https:\/\/www.josefknoflicek.cz\/index.php?rest_route=\/wp\/v2\/pages\/1547"}],"wp:attachment":[{"href":"https:\/\/www.josefknoflicek.cz\/index.php?rest_route=%2Fwp%2Fv2%2Fmedia&parent=1733"}],"curies":[{"name":"wp","href":"https:\/\/api.w.org\/{rel}","templated":true}]}}