{"id":1886,"date":"2016-04-27T15:01:10","date_gmt":"2016-04-27T14:01:10","guid":{"rendered":"http:\/\/www.josefknoflicek.cz\/?page_id=1886"},"modified":"2021-01-25T22:43:01","modified_gmt":"2021-01-25T21:43:01","slug":"poselstvi-modre-zeny-v-strach","status":"publish","type":"page","link":"https:\/\/www.josefknoflicek.cz\/?page_id=1886","title":{"rendered":"Poselstv\u00ed moudr\u00e9 \u017eeny V &#8211; strach"},"content":{"rendered":"<p><strong>Moudr\u00e1 \u017eena buduje sv\u016fj d\u016fm &#8211; strach <\/strong><\/p>\n<p>&nbsp;<\/p>\n<p style=\"text-align: justify;\">Ano, strachem mohu opradu sv\u016fj d\u016fm tot\u00e1ln\u011b zni\u010dit a nejen d\u016fm, ale tak\u00e9 sv\u016fj \u017eivot!!! Je to mocnost, kter\u00e9 \u010del\u00edme, i kdy\u017e si to mnohdy ani neuv\u011bdomujeme. Denn\u011b pro\u017e\u00edv\u00e1me r\u016fzn\u00e9 strachy z n\u011b\u010deho, o n\u011bkoho, nebo o n\u011bco. Zjistila jsem, \u017ee je toho opravdu hodn\u011b, ale budu se zam\u00fd\u0161let jen nad n\u011bkolika z nich.<\/p>\n<ol>\n<li><strong> Strach z n\u011b\u010deho <\/strong><\/li>\n<\/ol>\n<p style=\"text-align: justify;\">Ze st\u00e1\u0159\u00ed, zkou\u0161ek, z nezn\u00e1m\u00fdch v\u011bc\u00ed, ze tmy, zuba\u0159e, z lid\u00ed, z nov\u00fdch v\u011bc\u00ed, atd&#8230;&#8230;.<\/p>\n<p style=\"text-align: justify;\">V Bibli je minim\u00e1ln\u011b 365 \u00d7 ps\u00e1no neboj se. Mnoho Bo\u017e\u00edch mu\u017e\u016f a \u017een \u010delilo stejn\u00e9mu strachu jako my. Dokonce u\u010dedn\u00edci, kdy\u017e vid\u011bli Je\u017e\u00ed\u0161e kr\u00e1\u010det po vod\u011b, vyd\u011bsili se a k\u0159i\u010deli starchy \u2013 \u00a0\u201cto je p\u0159\u00edzrak\u201d.(Matou\u0161 14:24-27)<\/p>\n<p>Job \u0159ekl, stalo se mi to, \u010deho jsem se b\u00e1l, potkalo m\u011b to, z \u010deho jsem m\u011bl starch. (Job 3:25)<\/p>\n<ol start=\"2\">\n<li><strong> Strach o rodinu<\/strong><\/li>\n<\/ol>\n<p>O d\u011bti, rodi\u010de, man\u017eelstv\u00ed, sourozence, atd&#8230;.<\/p>\n<p style=\"text-align: justify;\">Mysl\u00edm, \u017ee tomuto t\u00e9matu rozum\u00ed ka\u017ed\u00fd rodi\u010d, ale matky p\u0159i v\u00fdchov\u011b d\u011bt\u00ed obzvl\u00e1\u0161t\u011b. Kolik strachu p\u0159ed narozen\u00edm d\u00edt\u011bte a potom, kdy\u017e se narod\u00ed. Cel\u00fd \u017eivot neust\u00e1le m\u00e1me boje se strachem o na\u0161e potomky, a\u0165 jsou to na\u0161e d\u011bti, vnou\u010data, pravnou\u010data. Jak\u00fdm bojem proch\u00e1z\u00edme ani nemus\u00edm ps\u00e1t, to ka\u017ed\u00e1 z n\u00e1s dob\u0159e zn\u00e1. V Bibli je mnoho takov\u00fdch p\u0159\u00edklad\u016f. Kdy\u017e p\u0159i\u0161el Eli\u00e1\u0161 za chudou vdovou, kter\u00e1 m\u011bla syna a \u017e\u00e1dal ji o j\u00eddlo, kter\u00e9 m\u011bla pro sv\u00e9 d\u00edt\u011b, myslela si \u017ee um\u0159ou hlady, ale B\u016fh bohat\u011b odm\u011bnil jej\u00ed pohostinnost.<\/p>\n<p style=\"text-align: justify;\">\u0160\u00fanemanka, kdy\u017e ji v n\u00e1ru\u010d\u00ed zem\u0159el syn, v\u011bd\u011bla za k\u00fdm j\u00edt a s k\u00fdm \u0159e\u0161it svou tragickou situaci. A tak\u00e9 dostala svou odm\u011bnu, vzk\u0159\u00ed\u0161en\u00e9ho syna. Matka Moj\u017e\u00ed\u0161e, kdy\u017e dala sv\u00e9ho syna do o\u0161atky a poslala ho po Nilu. Jakou odm\u011bnu za d\u016fv\u011bru v Bo\u017e\u00ed pomoc dostala!!!<\/p>\n<p>\u00a0V P\u0159\u00edslov\u00ed 31:21 je \u017eena state\u010dn\u00e1, odv\u00e1\u017en\u00e1, zbo\u017en\u00e1, kter\u00e1 nem\u00e1 strach o rodinu, ani kdy\u017e pad\u00e1 sn\u00edh, cel\u00e1 jej\u00ed dom\u00e1cnost m\u00e1 po dvou oblec\u00edch.<\/p>\n<p>(Bible 21)<\/p>\n<p>\u00da\u017easn\u00fd p\u0159\u00edklad Bo\u017e\u00ed l\u00e1sky, kter\u00fd strach vyh\u00e1n\u00ed !!!!<\/p>\n<p>&nbsp;<\/p>\n<ol start=\"3\">\n<li><strong> Strach ze smrti<\/strong><\/li>\n<\/ol>\n<p style=\"text-align: justify;\">Dokonce tomuto strachu dvakr\u00e1t \u010delil i Abraham. Ze strachu, \u017ee ho zab\u00edj\u00ed, zap\u0159el svou \u017eenu a \u0159ekl, \u017ee je jeho sestra. El\u00ed\u0161a ut\u00edkal p\u0159ed Jez\u00e1bel ze strachu p\u0159ed smrt\u00ed, izraelit\u00e9 p\u0159ed Goli\u00e1\u0161em a mnoho dal\u0161\u00edch.<\/p>\n<p style=\"text-align: justify;\">Kdy\u017e jsme p\u0159ijali Je\u017e\u00ed\u0161e Krista za sv\u00e9ho P\u00e1na a Spasitele, nemus\u00edme se u\u017e d\u00e1le b\u00e1t smrti, v\u00edme kam jdeme. ( \u017did\u016fm 2:14-15) Nedostali jsme ducha strachu, ale Ducha synovstv\u00ed, v n\u011bm\u017e vol\u00e1me Abba, Ot\u010de! (\u0158\u00edman\u016fm 8:15-16)<\/p>\n<ol start=\"4\">\n<li><strong> Strach z toho, co si o mn\u011b mysl\u00ed lid\u00e9 <\/strong><\/li>\n<\/ol>\n<p style=\"text-align: justify;\">M\u00e1me strach, proto\u017ee se chceme l\u00edbit lidem. Chceme b\u00fdt obl\u00edben\u00ed, chv\u00e1len\u00ed, milov\u00e1n\u00ed. Nechceme kritiku, ale tou\u017e\u00edme po uzn\u00e1n\u00ed od lid\u00ed, n\u011bkdy v\u00edce ne\u017e od Hospodina. Mus\u00edme si uv\u011bdomit, \u017ee \u00fa\u010dty nebudeme skl\u00e1dat lidem, ale Bohu! Proto \u017eijme tak abychom se l\u00edbili jen jemu. (Matou\u0161 10:21-28)<\/p>\n<p>&nbsp;<\/p>\n<ol start=\"5\">\n<li><strong> Strach ze zm\u011bny <\/strong><\/li>\n<\/ol>\n<p style=\"text-align: justify;\">Na\u0161e p\u0159irozenost nechce zm\u011bny. M\u00e1me r\u00e1di jistoty a m\u00e1me strach z nov\u00fdch nezn\u00e1m\u00fdch v\u011bc\u00ed. Kdy\u017e \u010del\u00edme zm\u011bn\u00e1m tak ,, Hospodinova nem\u011bnnost &#8220; n\u00e1s povzbuzuje a d\u00e1v\u00e1 n\u00e1m \u00fat\u011bchu! On s\u00e1m o sob\u011b \u0159ekl ,, J\u00e1 se nem\u011bn\u00edm&#8220;. Neboj se v \u010dase zm\u011bn, on je s n\u00e1mi, tak kdo je proti n\u00e1m! Nedovolme strachu ze zm\u011bny, aby jsme zav\u0159eli dve\u0159e p\u0159ed n\u011b\u010d\u00edm \u00fa\u017easn\u00fdm od Boha.<\/p>\n<p>&nbsp;<\/p>\n<ol start=\"6\">\n<li><strong> Strach, \u017ee se nebudu Bohu l\u00edbit <\/strong><\/li>\n<\/ol>\n<p style=\"text-align: justify;\">M\u00e1lo \u010dtu Bibli, nem\u00e1m dost \u010dasu na modlitby. Ne\u017eiju jak m\u00e1m, jsem m\u00e1lo svat\u00e1. D\u011bl\u00e1m mnoho chyb, \u010dasto jsem neposlu\u0161n\u00e1 a ur\u010dit\u011b ve slu\u017eb\u011b sel\u017eu atd&#8230;&#8230;<\/p>\n<p style=\"text-align: justify;\">B\u016fh o n\u00e1s v\u00ed \u00fapln\u011b v\u0161e, znal n\u00e1s u\u017e p\u0159ed stvo\u0159en\u00edm sv\u011bta, u\u017e v l\u016fn\u011b matky n\u00e1s formoval. On o m\u00e9 nedokonalosti v\u00ed a p\u0159esto se mnou po\u010d\u00edt\u00e1, pou\u017e\u00edv\u00e1 m\u011b a chce se v m\u00e9m \u017eivot\u011b oslavit. To je p\u0159ece \u00fa\u017easn\u00e9 ne? P\u0159e\u010dti si pros\u00edm drah\u00e1 sestro pozorn\u011b \u017dalm 139 a bude\u0161 velmi povzbuzena a zbaven\u00e1 strachu, \u017ee se nem\u016f\u017ee\u0161 p\u0159ece ty l\u00edbit Bohu! 1. Jan 4:15-18 je ps\u00e1no:,, v l\u00e1sce nen\u00ed \u017e\u00e1dn\u00fd strach. L\u00e1ska jen\u017e do\u0161la napln\u011bn\u00ed zah\u00e1n\u00ed strach pry\u010d. Nebo\u0165 strach p\u0159in\u00e1\u0161\u00ed muka. Kdo se v\u0161ak boj\u00ed, nedo\u0161el v l\u00e1sce k napln\u011bn\u00ed!\u201d<\/p>\n<ol start=\"7\">\n<li><strong> Strach z Boha<\/strong><\/li>\n<\/ol>\n<p style=\"text-align: justify;\">T\u00edm, \u017ee dostate\u010dn\u011b nezn\u00e1me Bo\u017e\u00ed l\u00e1sku, m\u00e1me z n\u011bho strach. Co v\u0161echno mi B\u016fh vezme, co v\u0161echno mu budu muset d\u00e1t a \u010deho v\u0161eho se pro n\u011bj budu muset vzd\u00e1t atd&#8230;&#8230;<\/p>\n<p style=\"text-align: justify;\">\u010cel\u00edme strachu z ob\u011bti, proto\u017ee dostate\u010dn\u011b nezn\u00e1me jeho l\u00e1sku a charakter. Na Boha hled\u00edme jako na tyrana, kter\u00fd n\u00e1m, nebo na\u0161im nejbli\u017e\u0161\u00edm chce ubl\u00ed\u017eit. B\u016fh nechce, abychom ho poslouchali, nebo mu slou\u017eili ze strachu, \u017ee skon\u010d\u00edme v pekle! On tou\u017e\u00ed po vztahu vz\u00e1jemn\u00e9 l\u00e1sky. V Matou\u0161i 10:37-39 je pro n\u011bkoho asi hodn\u011b tvrd\u00fd d\u016fkaz l\u00e1sky, ale pro mn\u011b je to \u00fapln\u011b jasn\u00fd d\u016fkaz na\u0161\u00ed l\u00e1sky k n\u011bmu. Kdy\u017e na prvn\u00edm m\u00edst\u011b bude On a potom ostatn\u00ed lid\u00e9, nebudeme pro\u017e\u00edvat strach, ale bezpe\u010d\u00ed a je\u0161t\u011b budeme m\u00edt hojnou odm\u011bnu. On je dobr\u00fd a v\u00ed, co je pro n\u00e1s dobr\u00e9!<\/p>\n<p style=\"text-align: justify;\">Je\u017e\u00ed\u0161 Kristus p\u0159inesl na k\u0159\u00ed\u017ei svobodu od ka\u017ed\u00e9ho strachu. On ho porazil a od n\u00e1s o\u010dek\u00e1v\u00e1, \u017ee si tu svobodu z k\u0159\u00ed\u017ee v\u00edrou p\u0159ivlastn\u00edme!!!<\/p>\n<p><strong>\u00a0<\/strong><\/p>\n<p>P\u0159e\u010dti si pros\u00edm 1.Korintsk\u00fdm 1:26-31.<\/p>\n<p style=\"text-align: justify;\">Neboj se, jen v\u011b\u0159, neboj se, mluv a neml\u010d drah\u00e1, p\u0159evz\u00e1cn\u00e1 sestro a hlavn\u011b se neboj d\u011blat chyby.<\/p>\n<p style=\"text-align: justify;\">P\u0159eji ti do dal\u0161\u00edch dn\u00ed, t\u00fddn\u016f a m\u011bs\u00edc\u016f v\u00edt\u011bzn\u00e9 a dokonal\u00e9 pora\u017een\u00ed strachu s Je\u017e\u00ed\u0161em Kristem.<\/p>\n<p>S l\u00e1skou St\u00e1\u0148a<\/p>\n","protected":false},"excerpt":{"rendered":"<p>Moudr\u00e1 \u017eena buduje sv\u016fj d\u016fm &#8211; strach &nbsp; Ano, strachem mohu opradu sv\u016fj d\u016fm tot\u00e1ln\u011b zni\u010dit a nejen d\u016fm, ale tak\u00e9 sv\u016fj \u017eivot!!! Je to mocnost, kter\u00e9 \u010del\u00edme, i kdy\u017e si to mnohdy ani neuv\u011bdomujeme. Denn\u011b pro\u017e\u00edv\u00e1me r\u016fzn\u00e9 strachy z n\u011b\u010deho, o n\u011bkoho, nebo o n\u011bco. Zjistila jsem, \u017ee je toho opravdu hodn\u011b, ale budu &hellip; <a href=\"https:\/\/www.josefknoflicek.cz\/?page_id=1886\" class=\"more-link\">Pokra\u010dov\u00e1n\u00ed textu <span class=\"screen-reader-text\">Poselstv\u00ed moudr\u00e9 \u017eeny V &#8211; strach<\/span> <span class=\"meta-nav\">&rarr;<\/span><\/a><\/p>\n","protected":false},"author":2,"featured_media":0,"parent":1547,"menu_order":4,"comment_status":"closed","ping_status":"closed","template":"","meta":[],"_links":{"self":[{"href":"https:\/\/www.josefknoflicek.cz\/index.php?rest_route=\/wp\/v2\/pages\/1886"}],"collection":[{"href":"https:\/\/www.josefknoflicek.cz\/index.php?rest_route=\/wp\/v2\/pages"}],"about":[{"href":"https:\/\/www.josefknoflicek.cz\/index.php?rest_route=\/wp\/v2\/types\/page"}],"author":[{"embeddable":true,"href":"https:\/\/www.josefknoflicek.cz\/index.php?rest_route=\/wp\/v2\/users\/2"}],"replies":[{"embeddable":true,"href":"https:\/\/www.josefknoflicek.cz\/index.php?rest_route=%2Fwp%2Fv2%2Fcomments&post=1886"}],"version-history":[{"count":2,"href":"https:\/\/www.josefknoflicek.cz\/index.php?rest_route=\/wp\/v2\/pages\/1886\/revisions"}],"predecessor-version":[{"id":1892,"href":"https:\/\/www.josefknoflicek.cz\/index.php?rest_route=\/wp\/v2\/pages\/1886\/revisions\/1892"}],"up":[{"embeddable":true,"href":"https:\/\/www.josefknoflicek.cz\/index.php?rest_route=\/wp\/v2\/pages\/1547"}],"wp:attachment":[{"href":"https:\/\/www.josefknoflicek.cz\/index.php?rest_route=%2Fwp%2Fv2%2Fmedia&parent=1886"}],"curies":[{"name":"wp","href":"https:\/\/api.w.org\/{rel}","templated":true}]}}