{"id":2,"date":"2014-09-13T09:12:03","date_gmt":"2014-09-13T09:12:03","guid":{"rendered":"http:\/\/www.josefknoflicek.cz\/?page_id=2"},"modified":"2021-01-25T22:44:16","modified_gmt":"2021-01-25T21:44:16","slug":"sample-page","status":"publish","type":"page","link":"https:\/\/www.josefknoflicek.cz\/?page_id=2","title":{"rendered":"CD"},"content":{"rendered":"<h2><\/h2>\n<p>P\u0159\u00edb\u011bhy<\/p>\n<div class=\"widget-content\">\n<div class=\"product-image\"><a title=\"Odkaz se otev\u0159e do nov\u00e9ho okna prohl\u00ed\u017ee\u010de.\" href=\"http:\/\/www.mamojka.com\/images\/200003980-316c532661\/Pribehy.jpg\"><img loading=\"lazy\" class=\"alignright\" src=\"http:\/\/files.mamojka.com\/system_preview_detail_200003980-316c532661\/Pribehy.jpg\" alt=\"P\u0159\u00edb\u011bhy\" width=\"204\" height=\"204\"\/><u> <\/u><\/a><\/div>\n<div class=\"product-content\">\n<p style=\"text-align: justify;\">CD, kter\u00e9 nenech\u00e1 nikoho chladn\u00fdm. Pravdiv\u00e9 p\u0159\u00edb\u011bhy&nbsp;o radosti, starostech, hled\u00e1n\u00ed l\u00e1sky nebo smyslu&nbsp;\u017eivota, promlouvaj\u00edc\u00ed do lidsk\u00fdch du\u0161\u00ed.&nbsp;V n\u011bkter\u00fdch jist\u011b najdete i st\u0159\u00edpky toho Va\u0161eho. Nejdojemn\u011bj\u0161\u00ed je p\u00edse\u0148 OTEC A DCERA, p\u0159\u00edb\u011bh otce&nbsp;kter\u00fd nevid\u011bl svou dceru od jej\u00edch dvou let, te\u010f je ji\u017e dosp\u011bl\u00e1 a on se s n\u00ed tou\u017e\u00ed setkat, chce poznat jak\u00e9 je to b\u00fdt otcem ji\u017e skoro dosp\u011bl\u00e9 dcery, tak jak se zp\u00edv\u00e1 : &#8222;Cht\u011bl bych to zn\u00e1t o \u010dem otec sn\u00ed&#8230;&#8220;. Na tomto CD naleznete i dal\u0161\u00ed p\u00edsn\u011b: Triatlon, Z\u00e1vodn\u00edk, vtipn\u00fd p\u0159\u00edb\u011bh nazvan\u00fd P\u00e1tek, a dal\u0161\u00ed. Styl hudby se prol\u00edn\u00e1 ve v\u00edce \u017e\u00e1nrech za\u010d\u00edn\u00e1 &nbsp;jemn\u00fdm rockem a p\u0159es pop a jazz kon\u010d\u00ed u folku. V\u0161e ale spojuje unik\u00e1tn\u00ed ji\u017eansk\u00fd styl Igor Mamojky kter\u00fd se te\u010f p\u0159edstavuje v nov\u00fdch hlasov\u00fdch poloh\u00e1ch<\/p>\n<p style=\"text-align: justify;\">Z v\u011bzen\u00ed do kr\u00e1lovstv\u00ed<\/p>\n<\/div>\n<\/div>\n<p><img loading=\"lazy\" class=\"alignright\" src=\"http:\/\/files.mamojka.com\/system_preview_detail_200002201-aad55b02b0\/Z-vezeni-do%20(2).jpg\" alt=\"Z v\u011bzen\u00ed do kr\u00e1lovstv\u00ed\" width=\"220\" height=\"220\"\/><u> <\/u><\/p>\n<div class=\"product-content\">\n<p style=\"text-align: justify;\">CD pln\u00e9 \u017eiv\u00e9 hudby a n\u00e1dhern\u00fdch povzbudiv\u00fdch text\u016f. Igor Mamojka s kapelou nach\u00e1zej\u00ed spole\u010dn\u00fd osobit\u00fd hudebn\u00ed styl, kter\u00fd svou novost\u00ed a originalitou pohlad\u00ed du\u0161i ka\u017ed\u00e9ho poslucha\u010de bez ohledu na v\u011bk. Na textech se pod\u00edlel Josef Knofl\u00ed\u010dek a cel\u00fd titul obl\u00e9kl do duchovn\u00edho &#8222;kab\u00e1tu&#8220; pojedn\u00e1vaj\u00edc\u00edm o osvobozen\u00ed mysli \u010dlov\u011bka a n\u00e1sledn\u00e9 radosti ve svobod\u011b. Na z\u00e1v\u011br chceme pod\u011bkovat v\u0161em poslucha\u010d\u016fm kte\u0159\u00ed n\u00e1s svou pozitivn\u00ed reakc\u00ed na toto nov\u00e9 album nesm\u00edrn\u011b pot\u011b\u0161ili a povzbudili k dal\u0161\u00ed pr\u00e1ci.<\/p>\n<p>Va\u0161e vydavatelstv\u00ed Emauzy s.r.o.<\/p>\n<p><span class=\"contact-phone\">T: +420 728 53 52 54 <\/span><br \/>\n<span class=\"contact-email\"><a href=\"mailto:mamojka.igor@gmail.com\"><span id=\"rbcContactEmail\"><u><span style=\"color: #0066cc;\">mamojka.<wbr><\/wbr><\/span><span style=\"color: #0066cc;\">igor@gma<wbr><\/wbr><\/span><span style=\"color: #0066cc;\">il.com<\/span><\/u><\/span><\/a><br \/>\nwww.mamojka.com <\/span><\/p>\n<p>&nbsp;<\/p>\n<p>&nbsp;<\/p>\n<p>&nbsp;<\/p>\n<p>&nbsp;<\/p>\n<\/div>\n","protected":false},"excerpt":{"rendered":"<p>P\u0159\u00edb\u011bhy CD, kter\u00e9 nenech\u00e1 nikoho chladn\u00fdm. Pravdiv\u00e9 p\u0159\u00edb\u011bhy&nbsp;o radosti, starostech, hled\u00e1n\u00ed l\u00e1sky nebo smyslu&nbsp;\u017eivota, promlouvaj\u00edc\u00ed do lidsk\u00fdch du\u0161\u00ed.&nbsp;V n\u011bkter\u00fdch jist\u011b najdete i st\u0159\u00edpky toho Va\u0161eho. Nejdojemn\u011bj\u0161\u00ed je p\u00edse\u0148 OTEC A DCERA, p\u0159\u00edb\u011bh otce&nbsp;kter\u00fd nevid\u011bl svou dceru od jej\u00edch dvou let, te\u010f je ji\u017e dosp\u011bl\u00e1 a on se s n\u00ed tou\u017e\u00ed setkat, chce poznat jak\u00e9 je &hellip; <a href=\"https:\/\/www.josefknoflicek.cz\/?page_id=2\" class=\"more-link\">Pokra\u010dov\u00e1n\u00ed textu <span class=\"screen-reader-text\">CD<\/span> <span class=\"meta-nav\">&rarr;<\/span><\/a><\/p>\n","protected":false},"author":1,"featured_media":0,"parent":2344,"menu_order":1,"comment_status":"open","ping_status":"open","template":"","meta":[],"_links":{"self":[{"href":"https:\/\/www.josefknoflicek.cz\/index.php?rest_route=\/wp\/v2\/pages\/2"}],"collection":[{"href":"https:\/\/www.josefknoflicek.cz\/index.php?rest_route=\/wp\/v2\/pages"}],"about":[{"href":"https:\/\/www.josefknoflicek.cz\/index.php?rest_route=\/wp\/v2\/types\/page"}],"author":[{"embeddable":true,"href":"https:\/\/www.josefknoflicek.cz\/index.php?rest_route=\/wp\/v2\/users\/1"}],"replies":[{"embeddable":true,"href":"https:\/\/www.josefknoflicek.cz\/index.php?rest_route=%2Fwp%2Fv2%2Fcomments&post=2"}],"version-history":[{"count":7,"href":"https:\/\/www.josefknoflicek.cz\/index.php?rest_route=\/wp\/v2\/pages\/2\/revisions"}],"predecessor-version":[{"id":5886,"href":"https:\/\/www.josefknoflicek.cz\/index.php?rest_route=\/wp\/v2\/pages\/2\/revisions\/5886"}],"up":[{"embeddable":true,"href":"https:\/\/www.josefknoflicek.cz\/index.php?rest_route=\/wp\/v2\/pages\/2344"}],"wp:attachment":[{"href":"https:\/\/www.josefknoflicek.cz\/index.php?rest_route=%2Fwp%2Fv2%2Fmedia&parent=2"}],"curies":[{"name":"wp","href":"https:\/\/api.w.org\/{rel}","templated":true}]}}