{"id":2344,"date":"2016-09-09T13:02:01","date_gmt":"2016-09-09T12:02:01","guid":{"rendered":"http:\/\/www.josefknoflicek.cz\/?page_id=2344"},"modified":"2021-01-25T22:44:16","modified_gmt":"2021-01-25T21:44:16","slug":"kontakt-cd-knihy","status":"publish","type":"page","link":"https:\/\/www.josefknoflicek.cz\/?page_id=2344","title":{"rendered":"kontakt (CD, knihy)"},"content":{"rendered":"<p>Josef\u00a0 Knofl\u00ed\u010dek<br \/>\ninfo@josefknoflicek.cz<\/p>\n<p>\u010c\u00edslo \u00fa\u010dtu:<br \/>\n\u010cR<br \/>\n101924755\/0300<br \/>\nSR<br \/>\n4026701161\/7500<\/p>\n<p>&nbsp;<\/p>\n","protected":false},"excerpt":{"rendered":"<p>Josef\u00a0 Knofl\u00ed\u010dek info@josefknoflicek.cz \u010c\u00edslo \u00fa\u010dtu: \u010cR 101924755\/0300 SR 4026701161\/7500 &nbsp;<\/p>\n","protected":false},"author":2,"featured_media":0,"parent":0,"menu_order":6,"comment_status":"closed","ping_status":"closed","template":"","meta":[],"_links":{"self":[{"href":"https:\/\/www.josefknoflicek.cz\/index.php?rest_route=\/wp\/v2\/pages\/2344"}],"collection":[{"href":"https:\/\/www.josefknoflicek.cz\/index.php?rest_route=\/wp\/v2\/pages"}],"about":[{"href":"https:\/\/www.josefknoflicek.cz\/index.php?rest_route=\/wp\/v2\/types\/page"}],"author":[{"embeddable":true,"href":"https:\/\/www.josefknoflicek.cz\/index.php?rest_route=\/wp\/v2\/users\/2"}],"replies":[{"embeddable":true,"href":"https:\/\/www.josefknoflicek.cz\/index.php?rest_route=%2Fwp%2Fv2%2Fcomments&post=2344"}],"version-history":[{"count":3,"href":"https:\/\/www.josefknoflicek.cz\/index.php?rest_route=\/wp\/v2\/pages\/2344\/revisions"}],"predecessor-version":[{"id":5444,"href":"https:\/\/www.josefknoflicek.cz\/index.php?rest_route=\/wp\/v2\/pages\/2344\/revisions\/5444"}],"wp:attachment":[{"href":"https:\/\/www.josefknoflicek.cz\/index.php?rest_route=%2Fwp%2Fv2%2Fmedia&parent=2344"}],"curies":[{"name":"wp","href":"https:\/\/api.w.org\/{rel}","templated":true}]}}