{"id":2459,"date":"2016-09-17T14:15:24","date_gmt":"2016-09-17T13:15:24","guid":{"rendered":"http:\/\/www.josefknoflicek.cz\/?page_id=2459"},"modified":"2021-01-25T22:13:17","modified_gmt":"2021-01-25T21:13:17","slug":"ovoce-ducha-sebeovladani","status":"publish","type":"page","link":"https:\/\/www.josefknoflicek.cz\/?page_id=2459","title":{"rendered":"OVOCE DUCHA &#8211; SEBEOVL\u00c1D\u00c1N\u00cd"},"content":{"rendered":"<ol>\n<li><em><strong><u> SEBEOVL\u00c1D\u00c1N\u00cd (ZDR\u017dENLIVOST)<\/u><\/strong><\/em><\/li>\n<\/ol>\n<p><em><strong><u>\u00a0<\/u><\/strong><\/em><\/p>\n<p style=\"text-align: justify;\"><em><strong>Ovocem Ducha je pak l\u00e1ska, radost, pokoj, trp\u011blivost, laskavost, dobrota, v\u011brnost, m\u00edrnost, <u>sebeovl\u00e1d\u00e1n\u00ed<\/u>.<\/strong><\/em><em> (Galatsk\u00fdm 5:22)<\/em><\/p>\n<p style=\"text-align: justify;\"><em>Sebeovl\u00e1d\u00e1n\u00ed hovo\u0159\u00ed jasn\u011b o tom, kdo mne m\u00e1 ovl\u00e1dat. S\u00e1m sebe ovl\u00e1d\u00e1m. <\/em><\/p>\n<p style=\"text-align: justify;\"><em>Bez sebeovl\u00e1d\u00e1n\u00ed nejsme schopni nikomu prokazovat l\u00e1sku. Ovl\u00e1d\u00e1n\u00ed se (b\u00fdt zdr\u017eenliv\u00fd B21 i\u00a0 SLB) je prvotn\u00edm stavebn\u00edm kamenem p\u0159i budov\u00e1n\u00ed vztahu l\u00e1sky.<\/em><\/p>\n<p style=\"text-align: justify;\"><em>Nem\u016f\u017eeme za n\u011bk\u00fdm p\u0159ij\u00edt\u00a0\u00fadajn\u011b\u00a0s l\u00e1skou a p\u0159itom se nedok\u00e1zat ovl\u00e1dat. Neb\u00fdt zdr\u017eenliv\u00ed. Nejde to ani v osobn\u00edm \u017eivot\u011b. Nejde to ani ve slu\u017eb\u011b P\u00e1nu. Pro\u010d? T\u00e9m\u011b\u0159 ka\u017ed\u00fd den se setk\u00e1v\u00e1m pr\u00e1v\u011b s k\u0159es\u0165any, kte\u0159\u00ed nedok\u00e1\u017eou ovl\u00e1dat sv\u00e9 emoce, sv\u00e9 pudy, svou v\u016fli. V\u00fdsledkem jsou neust\u00e1l\u00e9 roztr\u017eky a h\u00e1dky, boje, \u017eivot v h\u0159\u00edchu. Pak p\u0159estanou chodit do c\u00edrkve, proto\u017ee se styd\u00ed. Modl\u00ed se za l\u00e1sku, n\u011bkte\u0159\u00ed dokonce ji\u017e\u00a0v\u0161e polo\u017eili. Vzdali to.\u00a0P\u0159itom by sta\u010dilo zvl\u00e1dat- ovl\u00e1dnout sv\u00e9 emoce na za\u010d\u00e1tku konfliktu. Sta\u010dilo by b\u00fdt zdr\u017eenliv\u00fd, kdy\u017e mi n\u011bkdo \u0159ekne, co se mi nel\u00edb\u00ed, nebo co m\u011b ur\u00e1\u017e\u00ed a zra\u0148uje. Kdy\u017e pomlouv\u00e1 m\u011b, m\u00e9 d\u011bti apod. <\/em><em>Nejde jen o \u00fatoky na n\u00e1s. Kolik lid\u00ed by neode\u0161lo z c\u00edrkve, kdybychom byli zdr\u017eenliv\u00ed a v ur\u010dit\u00e9 chv\u00edli ml\u010deli, ovl\u00e1dli sv\u016fj hn\u011bv a slova. <\/em><em>Kolik zran\u011bn\u00fdch lid\u00ed\u00a0by v c\u00edrkv\u00edch ubylo, kdybychom se zdr\u017eeli koment\u00e1\u0159\u016f k jejich slu\u017eb\u011b, k jejich \u017eivot\u016fm, k jejich rodin\u00e1m. \u010casto, m\u00edsto abychom se za\u010dali modlit, mluv\u00edme, hn\u011bv\u00e1me se, zlo\u0159e\u010d\u00edme.<\/em><\/p>\n<p style=\"text-align: justify;\"><em>Kolik man\u017eelstv\u00ed\u00a0m\u00edsto rozvodu, by bylo \u0161\u0165astn\u011bj\u0161\u00edch. To je v\u00fdsledek na\u0161\u00ed neschopnosti \u00a0ovl\u00e1dat sami sebe. Neschopnosti b\u00fdt zdr\u017eenliv\u00ed.<\/em><\/p>\n<p style=\"text-align: justify;\"><em>M\u00e1me dokonce tu drzost, \u017ee na\u0161i neschopnost ovl\u00e1dnout na\u0161e emoce, pudy a v\u016fli \u00a0svedeme na veden\u00ed Duchem.<\/em><\/p>\n<p style=\"text-align: justify;\"><em>Duch svat\u00fd n\u00e1s nejd\u0159\u00edve ze v\u0161eho chce v\u00e9st k tomu, abychom byli svobodn\u00ed. To neznamen\u00e1, \u017ee si budeme d\u011blat a projevovat se jak chceme. Jak se chce na\u0161\u00ed du\u0161i, emoc\u00edm a pud\u016fm.<br \/>\n<\/em><em>Naopak. Svoboda spo\u010d\u00edv\u00e1 v tom, \u017ee je dok\u00e1\u017eeme v\u011bdom\u011b a c\u00edlen\u011b ovl\u00e1dat. Zadr\u017eet je, kdy\u017e by m\u011bly \u0161kodit lidem, n\u00e1m a Bo\u017e\u00edmu kr\u00e1lovstv\u00ed. C\u00edlen\u011b je pod\u0159\u00eddit n\u00e1m. Pokud mluv\u00edme o ovoci Ducha svat\u00e9ho v n\u00e1s, pak je to v\u011bdom\u00e9 pod\u0159\u00edzen\u00ed pod Ducha v n\u00e1s. Pod moc Krista. To n\u00e1s d\u011bl\u00e1 svobodn\u00fdmi. Pak n\u00e1s ji\u017e neovl\u00e1daj\u00ed emoce a pudy, ale mi sami je dok\u00e1\u017eeme v\u011bdom\u011b zkrotit. Nen\u00ed nic \u0161patn\u00e9ho na emoc\u00edch a pudech, pokud jsou pod kontrolou ducha. Pokud n\u00e1m nevl\u00e1dnou. Jsou to pr\u00e1v\u011b emoce a pudy, kter\u00e9 nej\u010dast\u011bji pou\u017e\u00edv\u00e1 \u010f\u00e1bel k tomu, aby n\u00e1s svedl. Skrze n\u011b n\u00e1s nej\u010dast\u011bji ni\u010d\u00ed, sv\u00e1d\u00ed, tr\u00e1p\u00ed\u00a0 a uv\u00e1d\u00ed do otroctv\u00ed. Pokud v n\u00e1s vyroste ovoce sebeovl\u00e1d\u00e1n\u00ed, pak jsme mu vytrhli z rukou mocnou zbra\u0148, kterou n\u00e1s mohl ovl\u00e1dat. S t\u00edm p\u0159ich\u00e1z\u00ed do na\u0161eho \u017eivota i svoboda.<\/em><\/p>\n<p><em>\u00a0<\/em><em>Jak m\u016f\u017ee v n\u00e1s vyr\u016fst ovoce sebeovl\u00e1d\u00e1n\u00ed?<\/em><\/p>\n<ul>\n<li style=\"text-align: justify;\"><i><em>Je to ovoce Ducha svat\u00e9ho. To znamen\u00e1, \u017ee\u00a0mus\u00edm p\u0159ijmout do sv\u00e9ho \u017eivota Ducha svat\u00e9ho. Pokud jsem uv\u011b\u0159il\u00a0 v Je\u017e\u00ed\u0161e Krista a up\u0159\u00edmn\u011b jsem ho u\u010dinil P\u00e1nem sv\u00e9ho \u017eivota (d\u00e1v\u00e1m ti sv\u016fj \u017eivot, Je\u017e\u00ed\u0161i), pak pot\u0159ebuji pozvat do sv\u00e9ho \u017eivota i Ducha svat\u00e9ho. (P\u0159ij\u010f Duchu svat\u00fd a sta\u0148 se mou sou\u010d\u00e1st\u00ed, bu\u010f sou\u010d\u00e1st\u00ed mne samotn\u00e9ho a ve\u010f mne.) Duch svat\u00fd je osoba. Osoba Bo\u017e\u00ed Trojice. Skrze n\u011bho pak v n\u00e1s p\u0159eb\u00fdv\u00e1 B\u016fh. (Jan 14:16-17,26).<\/em><\/i><\/li>\n<\/ul>\n<ul>\n<li style=\"text-align: justify;\"><em>Duch svat\u00fd uv\u00e1d\u00ed do pravdy (Jan 16:13). Pot\u0159ebuje\u0161 uvid\u011bt pravdu. Vid\u011bt jak jsi ovl\u00e1d\u00e1n a zotro\u010dov\u00e1n sv\u00fdmi \u00a0emocemi a pudy, svou du\u0161\u00ed\u00a0m\u00edsto, abys ovl\u00e1dal ty je. Pokud nad nimi nebude vl\u00e1dnout Duch spole\u010dn\u011b s\u00a0tebou, r\u00e1d se vl\u00e1dy ujme \u010f\u00e1bel.<\/em><\/li>\n<\/ul>\n<ul>\n<li style=\"text-align: justify;\"><em>Pokud pozn\u00e1\u0161 pravdu, volej k Je\u017e\u00ed\u0161i o pomoc.\u00a0\u0158ekni Duchu svat\u00e9mu, aby ti pomohl\u00a0se zm\u011bnit v t\u00e9to oblasti. On ti bude v\u017edy p\u0159ipom\u00ednat v t\u011bchto situac\u00edch, \u017ee m\u00e1\u0161 poru\u010dit ve\u00a0Jm\u00e9nu Je\u017e\u00ed\u0161 sv\u00fdm emoc\u00ed a pud\u016fm, aby se\u00a0pod\u0159\u00eddily (Duchu)\u00a0a nepanovaly nad tebou.<\/em><\/li>\n<\/ul>\n<ul>\n<li style=\"text-align: justify;\"><em>Kdy\u017e se r\u00e1no modl\u00ed\u0161, pod\u0159izuj sv\u00e9 emoce, pudy, v\u016fli pod moc Ducha svat\u00e9ho. P\u0159ika\u017e jim, aby po cel\u00fd den byly pod\u0159\u00edzeny a nep\u0159eb\u00edraly vl\u00e1du nad tebou.<\/em><\/li>\n<\/ul>\n<p>&nbsp;<\/p>\n<p style=\"text-align: justify;\"><em>N\u011bkdy uvid\u00ed\u0161 v\u00fdsledky hned. Jindy to bude trvat i t\u00fddny a m\u011bs\u00edce, ale vytrvej. Ne\u017e se ovoce uk\u00e1\u017ee, mus\u00ed b\u00fdt pupen, kv\u011bt,&#8230;<br \/>\n<\/em><em>Duch svat\u00fd t\u011b bude p\u0159iv\u00e1d\u011bt do situac\u00ed, ve kter\u00fdch m\u016f\u017ee\u0161 zji\u0161\u0165ovat, jak dalece ji\u017e toto ovoce v tob\u011b dozr\u00e1v\u00e1.<\/em><\/p>\n","protected":false},"excerpt":{"rendered":"<p>SEBEOVL\u00c1D\u00c1N\u00cd (ZDR\u017dENLIVOST) \u00a0 Ovocem Ducha je pak l\u00e1ska, radost, pokoj, trp\u011blivost, laskavost, dobrota, v\u011brnost, m\u00edrnost, sebeovl\u00e1d\u00e1n\u00ed. (Galatsk\u00fdm 5:22) Sebeovl\u00e1d\u00e1n\u00ed hovo\u0159\u00ed jasn\u011b o tom, kdo mne m\u00e1 ovl\u00e1dat. S\u00e1m sebe ovl\u00e1d\u00e1m. Bez sebeovl\u00e1d\u00e1n\u00ed nejsme schopni nikomu prokazovat l\u00e1sku. Ovl\u00e1d\u00e1n\u00ed se (b\u00fdt zdr\u017eenliv\u00fd B21 i\u00a0 SLB) je prvotn\u00edm stavebn\u00edm kamenem p\u0159i budov\u00e1n\u00ed vztahu l\u00e1sky. Nem\u016f\u017eeme za n\u011bk\u00fdm &hellip; <a href=\"https:\/\/www.josefknoflicek.cz\/?page_id=2459\" class=\"more-link\">Pokra\u010dov\u00e1n\u00ed textu <span class=\"screen-reader-text\">OVOCE DUCHA &#8211; SEBEOVL\u00c1D\u00c1N\u00cd<\/span> <span class=\"meta-nav\">&rarr;<\/span><\/a><\/p>\n","protected":false},"author":2,"featured_media":0,"parent":2456,"menu_order":1,"comment_status":"closed","ping_status":"closed","template":"","meta":[],"_links":{"self":[{"href":"https:\/\/www.josefknoflicek.cz\/index.php?rest_route=\/wp\/v2\/pages\/2459"}],"collection":[{"href":"https:\/\/www.josefknoflicek.cz\/index.php?rest_route=\/wp\/v2\/pages"}],"about":[{"href":"https:\/\/www.josefknoflicek.cz\/index.php?rest_route=\/wp\/v2\/types\/page"}],"author":[{"embeddable":true,"href":"https:\/\/www.josefknoflicek.cz\/index.php?rest_route=\/wp\/v2\/users\/2"}],"replies":[{"embeddable":true,"href":"https:\/\/www.josefknoflicek.cz\/index.php?rest_route=%2Fwp%2Fv2%2Fcomments&post=2459"}],"version-history":[{"count":1,"href":"https:\/\/www.josefknoflicek.cz\/index.php?rest_route=\/wp\/v2\/pages\/2459\/revisions"}],"predecessor-version":[{"id":2460,"href":"https:\/\/www.josefknoflicek.cz\/index.php?rest_route=\/wp\/v2\/pages\/2459\/revisions\/2460"}],"up":[{"embeddable":true,"href":"https:\/\/www.josefknoflicek.cz\/index.php?rest_route=\/wp\/v2\/pages\/2456"}],"wp:attachment":[{"href":"https:\/\/www.josefknoflicek.cz\/index.php?rest_route=%2Fwp%2Fv2%2Fmedia&parent=2459"}],"curies":[{"name":"wp","href":"https:\/\/api.w.org\/{rel}","templated":true}]}}