{"id":2461,"date":"2016-09-17T14:20:22","date_gmt":"2016-09-17T13:20:22","guid":{"rendered":"http:\/\/www.josefknoflicek.cz\/?page_id=2461"},"modified":"2021-01-25T22:13:17","modified_gmt":"2021-01-25T21:13:17","slug":"ovoce-ducha-mirnost","status":"publish","type":"page","link":"https:\/\/www.josefknoflicek.cz\/?page_id=2461","title":{"rendered":"OVOCE DUCHA &#8211; M\u00cdRNOST"},"content":{"rendered":"<p><em><strong><u>2. M\u00cdRNOST<\/u><\/strong><\/em><\/p>\n<p style=\"text-align: justify;\"><em><strong>Ovocem Ducha je pak l\u00e1ska, radost, pokoj, trp\u011blivost, laskavost, dobrota, v\u011brnost, <u>m\u00edrnost<\/u>, sebeovl\u00e1d\u00e1n\u00ed.<\/strong><\/em> (Galatsk\u00fdm 5:22)<\/p>\n<p style=\"text-align: justify;\"><em>M\u00edrnost. B\u00fdt m\u00edrn\u00fd. Co to slovo vlastn\u011b znamen\u00e1? Asi si v\u00fdznam sp\u00ed\u0161e spojujeme se slovem pokoj (m\u00edr-m\u00edrn\u00fd), ale nesouvis\u00ed spolu. Kdyby ano, pak by Pavel v 22. ver\u0161i nepsal o pokoji a d\u00e1le o m\u00edrnosti. Kde pou\u017e\u00edv\u00e1me toto slovo: m\u00edrn\u00e9 podneb\u00ed, m\u00edrn\u00fd svah, m\u00edrn\u00fd kopec, m\u00edrn\u00e1 n\u00e1maha, m\u00edrn\u00e9 domlouv\u00e1n\u00ed, m\u00edrn\u00e1 povaha, m\u00edrn\u00fd \u010dlov\u011bk.<\/em><\/p>\n<p style=\"text-align: justify;\"><em>Vedle m\u00edrn\u00e9ho \u010dlov\u011bka se dob\u0159e \u017eije, dob\u0159e slou\u017e\u00ed. Vztahy s n\u00edm nejsou n\u00e1ro\u010dn\u00e9.\u00a0Dok\u00e1\u017ee\u00a0ovl\u00e1dat sv\u00e9 emoce, pudy, v\u016fli. Nejsou to vztahy, p\u0159i kter\u00fdch bychom museli n\u00e1hle zdol\u00e1vat strm\u00e9 sk\u00e1ly, nebo vz\u00e1p\u011bt\u00ed sl\u00e9zat hlubok\u00e9 propasti.\u00a0N\u00e1ro\u010dnost sou\u017eit\u00ed je m\u00edrn\u011b nahoru, m\u00edrn\u011b dol\u016f.\u00a0Vedle takov\u00e9ho \u010dlov\u011bka se m\u016f\u017eeme c\u00edtit bezpe\u010dn\u011b, s jistotou j\u00edt vedle n\u011bho d\u00e1l. Nemus\u00edme se ob\u00e1vat velk\u00fdch\u00a0zvrat\u016f (ve vztaz\u00edch).<\/em><\/p>\n<p style=\"text-align: justify;\"><em>M\u00edrnost p\u0159ich\u00e1z\u00ed\u00a0p\u0159i zvl\u00e1d\u00e1n\u00ed a zr\u00e1n\u00ed na\u0161eho sebeovl\u00e1d\u00e1n\u00ed. Sama zdr\u017eenlivost a sebeovl\u00e1d\u00e1n\u00ed v\u0161ak pro m\u00edrnost nesta\u010d\u00ed, i kdy\u017e se bez nich neobejde.<\/em><\/p>\n<p style=\"text-align: justify;\"><em>Aby lid\u00e9 mohli vedle n\u00e1s j\u00edt, m\u00edt s n\u00e1mi vztah, pot\u0159ebujeme b\u00fdt v\u016f\u010di nim nen\u00e1ro\u010dn\u00ed. Nepo\u017eadovat po nich dokonalost. Velmi \u010dasto se st\u00e1v\u00e1, \u017ee na druh\u00e9 m\u00e1me vy\u0161\u0161\u00ed n\u00e1roky, ne\u017e je m\u00e1me sami na sebe. Pot\u0159ebujeme m\u00edt \u201em\u00edrn\u00fd pr\u00e1h n\u00e1ro\u010dnosti&#8220; v\u016f\u010di jin\u00fdm. P\u0159itom m\u016f\u017eeme s nimi st\u00e1le stoupat a oni si to ani neuv\u011bdom\u00ed.\u00a0M\u00e1m na mysli\u00a0jak vztahy, tak slu\u017ebu.<\/em><\/p>\n<p style=\"text-align: justify;\"><em>M\u00edrnost n\u00e1m umo\u017e\u0148uje p\u0159ij\u00edmat\u00a0\u010dlov\u011bka takov\u00e9ho, jak\u00fdm je. Bez podm\u00ednek. <\/em><em>M\u00edrnost jako ovoce Ducha n\u00e1s\u00a0a lidi kolem n\u00e1s zvelebuje (\u017dalm 18:36), dok\u00e1\u017ee zastavit velk\u00e9 h\u0159\u00edchy (Kazatel 10:4). M\u00edrnost je pot\u0159eba p\u0159i napom\u00edn\u00e1n\u00ed se\u00a0(Galatsk\u00fdm 6:1) a je d\u016fle\u017eit\u00e1 pro vz\u00e1jemn\u00e9 sn\u00e1\u0161en\u00ed se v l\u00e1sce (Efezsk\u00fdm 4:2).<br \/>\n<\/em><em>M\u00edrnost je sp\u00ed\u0161e spojena s n\u00edzkou m\u00edrou. <\/em><em>S v\u011bdom\u00edm, \u017ee i j\u00e1 jsem jen nedokonal\u00fd a h\u0159\u00ed\u0161n\u00fd \u010dlov\u011bk, kter\u00fd stoj\u00ed jen d\u00edky Bo\u017e\u00ed milosti. Pot\u0159ebujeme se nau\u010dit rozli\u0161ovat spr\u00e1vnou m\u00edru, odpov\u00eddaj\u00edc\u00ed chybuj\u00edc\u00edmu \u010dlov\u011bku a\u00a0okolnostem, ve kter\u00fdch se nach\u00e1z\u00ed (ale tak\u00e9 i my). Pot\u0159ebujeme v\u011bd\u011bt a m\u00edt v sob\u011b pro\u017eit\u00e9, \u017ee na\u0161e m\u00edrnost m\u00e1 v\u00e9st ostatn\u00ed (a tak\u00e9 n\u00e1s)\u00a0k jejich zveleben\u00ed a ne k jejich odsouzen\u00ed.<\/em><\/p>\n<p style=\"text-align: justify;\"><em>Jak nechat r\u016fst ovoce Ducha\u00a0m\u00edrnosti v na\u0161em \u017eivot\u011b?<\/em><\/p>\n<ul>\n<li style=\"text-align: justify;\"><i><em>Pot\u0159ebujeme skrze Ducha svat\u00e9ho uvid\u011bt pravdiv\u00fd stav: Jak\u00e1 je m\u00edra tv\u00e9ho soudu brat\u0159\u00ed, sester a ostatn\u00edch lid\u00ed kolem tebe (nezapome\u0148, \u017ee jakou m\u011brou soud\u00ed\u0161, takovou m\u011brou bude\u0161 souzen). Vysok\u00e1 m\u00edra sv\u011bd\u010d\u00ed o tom, \u017ee si sebe cen\u00ed\u0161 p\u0159\u00edli\u0161 vysoko, co\u00a0vede k p\u00fd\u0161e.<\/em><\/i><\/li>\n<\/ul>\n<ul>\n<li style=\"text-align: justify;\"><em>Pot\u0159ebuje\u0161 pro\u017e\u00edt co znamen\u00e1 Pavlovo: &#8222;napom\u00edn\u00e1m v\u00e1s skrze tichost a m\u00edrnost Kristovu\u201c (2.Kor.10:1). Neb\u00fdt t\u00e9to Kristovy m\u00edrnosti, nikdo\u00a0 z n\u00e1s by nepro\u017eil spasen\u00ed.<\/em><\/li>\n<\/ul>\n<ul>\n<li style=\"text-align: justify;\"><em>Po\u017e\u00e1dej Ducha svat\u00e9ho, aby ti dal poznat \u00a0\u00a0\u00a0\u00a0\u00a0a hlavn\u011b pro\u017e\u00edt, co znamen\u00e1 &#8222;m\u00edrnost Kristova&#8220;.<\/em><\/li>\n<\/ul>\n<ul>\n<li style=\"text-align: justify;\"><em>Po\u017e\u00e1dej Ducha svat\u00e9ho (tak\u00e9 ho to nech d\u011blat), aby t\u011b usv\u011bd\u010doval z toho, kdy bude\u0161 stav\u011bt la\u0165ku\u00a0&#8222;spr\u00e1vnosti&#8220; a posuzov\u00e1n\u00ed p\u0159\u00edli\u0161 vysoko. Jak v\u016f\u010di druh\u00fdm, tak tak\u00e9 v\u016f\u010di sob\u011b. Ud\u011blej pok\u00e1n\u00ed.<\/em><\/li>\n<\/ul>\n<ul>\n<li style=\"text-align: justify;\"><em> Kdy\u017e se r\u00e1no modl\u00ed\u0161, poru\u010d sv\u00e9 mysli, aby po cel\u00fd den sm\u00fd\u0161lela o lidech v Duchu m\u00edrnosti. D\u011blej to dlouhodob\u011b.<\/em><\/li>\n<\/ul>\n","protected":false},"excerpt":{"rendered":"<p>2. M\u00cdRNOST Ovocem Ducha je pak l\u00e1ska, radost, pokoj, trp\u011blivost, laskavost, dobrota, v\u011brnost, m\u00edrnost, sebeovl\u00e1d\u00e1n\u00ed. (Galatsk\u00fdm 5:22) M\u00edrnost. B\u00fdt m\u00edrn\u00fd. Co to slovo vlastn\u011b znamen\u00e1? Asi si v\u00fdznam sp\u00ed\u0161e spojujeme se slovem pokoj (m\u00edr-m\u00edrn\u00fd), ale nesouvis\u00ed spolu. Kdyby ano, pak by Pavel v 22. ver\u0161i nepsal o pokoji a d\u00e1le o m\u00edrnosti. Kde pou\u017e\u00edv\u00e1me toto &hellip; <a href=\"https:\/\/www.josefknoflicek.cz\/?page_id=2461\" class=\"more-link\">Pokra\u010dov\u00e1n\u00ed textu <span class=\"screen-reader-text\">OVOCE DUCHA &#8211; M\u00cdRNOST<\/span> <span class=\"meta-nav\">&rarr;<\/span><\/a><\/p>\n","protected":false},"author":2,"featured_media":0,"parent":2456,"menu_order":2,"comment_status":"closed","ping_status":"closed","template":"","meta":[],"_links":{"self":[{"href":"https:\/\/www.josefknoflicek.cz\/index.php?rest_route=\/wp\/v2\/pages\/2461"}],"collection":[{"href":"https:\/\/www.josefknoflicek.cz\/index.php?rest_route=\/wp\/v2\/pages"}],"about":[{"href":"https:\/\/www.josefknoflicek.cz\/index.php?rest_route=\/wp\/v2\/types\/page"}],"author":[{"embeddable":true,"href":"https:\/\/www.josefknoflicek.cz\/index.php?rest_route=\/wp\/v2\/users\/2"}],"replies":[{"embeddable":true,"href":"https:\/\/www.josefknoflicek.cz\/index.php?rest_route=%2Fwp%2Fv2%2Fcomments&post=2461"}],"version-history":[{"count":2,"href":"https:\/\/www.josefknoflicek.cz\/index.php?rest_route=\/wp\/v2\/pages\/2461\/revisions"}],"predecessor-version":[{"id":2463,"href":"https:\/\/www.josefknoflicek.cz\/index.php?rest_route=\/wp\/v2\/pages\/2461\/revisions\/2463"}],"up":[{"embeddable":true,"href":"https:\/\/www.josefknoflicek.cz\/index.php?rest_route=\/wp\/v2\/pages\/2456"}],"wp:attachment":[{"href":"https:\/\/www.josefknoflicek.cz\/index.php?rest_route=%2Fwp%2Fv2%2Fmedia&parent=2461"}],"curies":[{"name":"wp","href":"https:\/\/api.w.org\/{rel}","templated":true}]}}