{"id":2468,"date":"2016-09-17T14:51:14","date_gmt":"2016-09-17T13:51:14","guid":{"rendered":"http:\/\/www.josefknoflicek.cz\/?page_id=2468"},"modified":"2021-01-25T22:13:17","modified_gmt":"2021-01-25T21:13:17","slug":"ovoce-ducha-dobrota","status":"publish","type":"page","link":"https:\/\/www.josefknoflicek.cz\/?page_id=2468","title":{"rendered":"OVOCE DUCHA &#8211; DOBROTA"},"content":{"rendered":"<p><em><strong><u>4. DOBOROTA<\/u><\/strong><\/em><\/p>\n<p style=\"text-align: justify;\"><em><strong> Ovocem Ducha je pak l\u00e1ska, radost, pokoj, trp\u011blivost, laskavost, <u>dobrota<\/u>, v\u011brnost, <u>\u00a0<\/u>m\u00edrnost, sebeovl\u00e1d\u00e1n\u00ed.<\/strong><\/em><em> (Galatsk\u00fdm 5:22)<\/em><\/p>\n<p><strong><em>\u00a0<\/em><\/strong><\/p>\n<p style=\"text-align: justify;\"><em>Pokud bychom mohli sebeovl\u00e1d\u00e1n\u00ed, m\u00edrnost, a v\u011brnost nazvat\u00a0z\u00e1kladn\u00edmi stavebn\u00edmi <\/em><em>kameny\u00a0l\u00e1sky,\u00a0pak dobrota\u00a0 je chut\u00ed l\u00e1sky.\u00a0\u010casto tou\u017e\u00edme po l\u00e1sce druh\u00fdch, proto\u017ee pot\u0159ebujeme zakou\u0161et n\u011b\u010d\u00ed dobr\u00e9 srdce. Dobrotu v\u016f\u010di n\u00e1m. Pokud ochutn\u00e1me Bo\u017e\u00ed dobrotu, pak nechceme nic jin\u00e9ho, budeme cht\u00edt z\u016fstat u tohoto pln\u00e9ho\u00a0Bo\u017e\u00edho &#8222;stolu&#8220; dobr\u00fdch v\u011bc\u00ed.<\/em><\/p>\n<p style=\"text-align: justify;\"><em>Dobrota neznamen\u00e1, \u017ee jsem dobr\u00fd, skv\u011bl\u00fd, super, v\u00fdte\u010dn\u00fd, jedine\u010dn\u00fd, dokonal\u00fd. To je jenom B\u016fh. Dobrota je projev dobr\u00fdch skutk\u016f.\u00a0L\u00e1ska, aby byla l\u00e1skou, obsahuje tyto dobr\u00e9 skutky.<\/em><\/p>\n<p style=\"text-align: justify;\"><em>&#8222;Nebo\u0165 B\u016fh tak <strong>miluje <\/strong><strong>(<\/strong>l\u00e1ska<strong>)<\/strong>\u00a0sv\u011bt&#8220;, \u017ee <strong>dal<\/strong> <strong>(<\/strong>skutek<strong>)<\/strong> sv\u00e9ho jedin\u00e9ho Syna, aby \u017e\u00e1dn\u00fd, kdo v n\u011bho v\u011b\u0159\u00ed,\u00a0<strong>nezahynul <\/strong><strong>(<\/strong>dobr\u00fd pro lidi<strong>)<\/strong>, ale m\u011bl <strong>\u017eivot v\u011b\u010dn\u00fd <\/strong><strong>(<\/strong>dobr\u00fd pro lidi<strong>)<\/strong>.\u00a0\u00a0B\u016fh v Synu u\u010dinil dobr\u00fd skutek pro lidi a tak zjevil-projevil svou l\u00e1sku k lidem (Efesk\u00fdm 2) Ob\u011b\u0165 Je\u017e\u00ed\u0161 Krista je zjeven\u00edm Bo\u017e\u00ed dobroty.<br \/>\n<\/em><em>&#8222;&#8230; a nev\u00ed\u0161, \u017ee Bo\u017e\u00ed dobrota t\u011b\u00a0vede k pok\u00e1n\u00ed?&#8220;<\/em><em> (\u0158\u00edman\u016fm 2:4) B\u016fh ve sv\u00e9 dobrot\u011b dal Syna, aby p\u0159ivedl h\u0159\u00ed\u0161n\u00e9, zl\u00e9 a nevd\u011b\u010dn\u00e9 lidi k sob\u011b, aby zm\u011bnil jejich \u00fad\u011bl v dobr\u00e9, aby prom\u011bnil tvrd\u00e9 a okoral\u00e9 v \u010dist\u00e9 a pln\u00e9 \u017eivota. Bo\u017e\u00ed dobrota p\u0159iv\u00e1d\u00ed \u010dlov\u011bka do Bo\u017e\u00edho kr\u00e1lovstv\u00ed.<\/em><\/p>\n<p style=\"text-align: justify;\"><em>Plnost l\u00e1sky\u00a0Kristovy v n\u00e1s se zjevuje skrze na\u0161e jedn\u00e1n\u00ed. B\u016fh s\u00e1m p\u0159edem p\u0159ipravil pro n\u00e1s dobr\u00e9 skutky, kter\u00e9 chce, abychom\u00a0vykonali, abychom <strong>v nich \u017eili<\/strong> (Efesk\u00fdm 2:10).<\/em><\/p>\n<p style=\"text-align: justify;\"><em>V\u011b\u0159\u00edm, \u017ee a\u017e budeme st\u00e1t tv\u00e1\u0159\u00ed v tv\u00e1\u0159, budeme vyd\u00e1vat po\u010det z toho, jestli na\u0161e skutky byly dobr\u00e9, p\u0159ipraven\u00e9m Bohem, nebo jen ty na\u0161e. Jestli jsme von\u011bli Bo\u017e\u00ed v\u016fn\u00ed, v\u016fn\u00ed Kristovou k \u017eivotu, nebo m\u00edsto dobroty jsme byli octem a p\u00edskem mezi zuby. Pot\u0159ebujeme si uv\u011bdomit, \u017ee dobrota je ovoce Ducha svat\u00e9ho &#8211; je to Bo\u017e\u00ed, proto se jedn\u00e1 o Bo\u017e\u00ed dobrotu v n\u00e1s, tedy i o jeho skutky skrze n\u00e1s a v n\u00e1s.\u00a0Sami o sob\u011b nejsme schopni d\u011blat skute\u010dn\u00e9 a ryz\u00ed dobr\u00e9 skutky. Na\u0161e jsou v\u017edy ovlivn\u011bny na\u0161\u00edm sobectv\u00edm, na\u0161imi emocemi p\u0159esto, \u017ee mohou na prvn\u00ed pohled vypadat dob\u0159e, jsou veskrze zl\u00e9, proto\u017ee vych\u00e1z\u00ed ze zl\u00e9ho z\u00e1kladu. Sobeck\u00e9ho J\u00c1.<\/em><\/p>\n<p style=\"text-align: justify;\"><em>\u010c\u00edm v\u00edce v na\u0161ich \u017eivotech\u00a0roste ovoce sebeovl\u00e1d\u00e1n\u00ed, m\u00edrnosti a v\u011brnosti, t\u00edm v\u00edce se umen\u0161uje na\u0161e j\u00e1 a d\u00e1v\u00e1me prostor pro v\u016fli Bo\u017e\u00ed. Pro to, abychom byli schopni vid\u011bt, sly\u0161et a p\u0159edev\u0161\u00edm\u00a0vykonat a \u017e\u00edt dobr\u00e9 skutky, kter\u00e9 pro n\u00e1s B\u016fh p\u0159ipravil.\u00a0A o\u00a0to v\u00edce jsme p\u0159ipraveni b\u00fdt n\u00e1strojem Bo\u017e\u00ed l\u00e1sky v n\u00e1s.<\/em><\/p>\n<ul>\n<li style=\"text-align: justify;\"><i><em>Je\u017e\u00ed\u0161i, odpus\u0165 mi, \u017ee jsem se v\u00edce sna\u017eil prosadit sebe a d\u011blat sv\u00e9 skutky, \u017ee jsem nehledal u tebe, co\u00a0m\u00e1m d\u011blat.<\/em><\/i><\/li>\n<\/ul>\n<ul>\n<li style=\"text-align: justify;\"><em> Pros\u00edm, Ot\u010de, abych mohl vch\u00e1zet do tebou p\u0159ipraven\u00fdch dobr\u00fdch skutk\u016f. Pros\u00edm o to, abych \u017e\u00e1dn\u00fd z nich neminul. Pros\u00edm, zav\u0159i dve\u0159e tak, abych je neotev\u0159el, pokud budu cht\u00edt d\u011blat v\u011bci ze sebe a otev\u00edrej mi ty, do kter\u00fdch chce\u0161, abych ve\u0161el.<\/em><\/li>\n<\/ul>\n<ul>\n<li style=\"text-align: justify;\"><em> Duchu svat\u00fd, pros\u00edm, ve\u010f m\u011b po tv\u00fdch stesk\u00e1ch, po m\u00edstech a do\u00a0situac\u00ed, ve kter\u00fdch se m\u00e1 zjevit skrze mne Bo\u017e\u00ed dobrota. Bu\u010f ten, kdo mne bude upozor\u0148ovat a uv\u00e1d\u011bt do pravdy ohledn\u011b m\u00fdch skutk\u016f. Kdo mne bude napom\u00ednat a povzbuzovat, kdy\u017e budu v t\u00e9to oblasti upadat.<\/em><\/li>\n<\/ul>\n","protected":false},"excerpt":{"rendered":"<p>4. DOBOROTA Ovocem Ducha je pak l\u00e1ska, radost, pokoj, trp\u011blivost, laskavost, dobrota, v\u011brnost, \u00a0m\u00edrnost, sebeovl\u00e1d\u00e1n\u00ed. (Galatsk\u00fdm 5:22) \u00a0 Pokud bychom mohli sebeovl\u00e1d\u00e1n\u00ed, m\u00edrnost, a v\u011brnost nazvat\u00a0z\u00e1kladn\u00edmi stavebn\u00edmi kameny\u00a0l\u00e1sky,\u00a0pak dobrota\u00a0 je chut\u00ed l\u00e1sky.\u00a0\u010casto tou\u017e\u00edme po l\u00e1sce druh\u00fdch, proto\u017ee pot\u0159ebujeme zakou\u0161et n\u011b\u010d\u00ed dobr\u00e9 srdce. Dobrotu v\u016f\u010di n\u00e1m. Pokud ochutn\u00e1me Bo\u017e\u00ed dobrotu, pak nechceme nic jin\u00e9ho, budeme cht\u00edt &hellip; <a href=\"https:\/\/www.josefknoflicek.cz\/?page_id=2468\" class=\"more-link\">Pokra\u010dov\u00e1n\u00ed textu <span class=\"screen-reader-text\">OVOCE DUCHA &#8211; DOBROTA<\/span> <span class=\"meta-nav\">&rarr;<\/span><\/a><\/p>\n","protected":false},"author":2,"featured_media":0,"parent":2456,"menu_order":4,"comment_status":"closed","ping_status":"closed","template":"","meta":[],"_links":{"self":[{"href":"https:\/\/www.josefknoflicek.cz\/index.php?rest_route=\/wp\/v2\/pages\/2468"}],"collection":[{"href":"https:\/\/www.josefknoflicek.cz\/index.php?rest_route=\/wp\/v2\/pages"}],"about":[{"href":"https:\/\/www.josefknoflicek.cz\/index.php?rest_route=\/wp\/v2\/types\/page"}],"author":[{"embeddable":true,"href":"https:\/\/www.josefknoflicek.cz\/index.php?rest_route=\/wp\/v2\/users\/2"}],"replies":[{"embeddable":true,"href":"https:\/\/www.josefknoflicek.cz\/index.php?rest_route=%2Fwp%2Fv2%2Fcomments&post=2468"}],"version-history":[{"count":1,"href":"https:\/\/www.josefknoflicek.cz\/index.php?rest_route=\/wp\/v2\/pages\/2468\/revisions"}],"predecessor-version":[{"id":2469,"href":"https:\/\/www.josefknoflicek.cz\/index.php?rest_route=\/wp\/v2\/pages\/2468\/revisions\/2469"}],"up":[{"embeddable":true,"href":"https:\/\/www.josefknoflicek.cz\/index.php?rest_route=\/wp\/v2\/pages\/2456"}],"wp:attachment":[{"href":"https:\/\/www.josefknoflicek.cz\/index.php?rest_route=%2Fwp%2Fv2%2Fmedia&parent=2468"}],"curies":[{"name":"wp","href":"https:\/\/api.w.org\/{rel}","templated":true}]}}