{"id":2474,"date":"2016-09-17T14:59:02","date_gmt":"2016-09-17T13:59:02","guid":{"rendered":"http:\/\/www.josefknoflicek.cz\/?page_id=2474"},"modified":"2021-01-25T22:13:17","modified_gmt":"2021-01-25T21:13:17","slug":"ovoce-ducha-trpelivost","status":"publish","type":"page","link":"https:\/\/www.josefknoflicek.cz\/?page_id=2474","title":{"rendered":"OVOCE DUCHA &#8211; TRP\u011aLIVOST"},"content":{"rendered":"<p><strong><em><u>6. TRP\u011aLIVOST<\/u><\/em><\/strong><\/p>\n<p style=\"text-align: justify;\"><em><strong>Ovocem Ducha je pak l\u00e1ska, radost, pokoj, <u>trp\u011blivost, <\/u>laskavost, dobrota, v\u011brnost, m\u00edrnost, sebeovl\u00e1d\u00e1n\u00ed.<\/strong><\/em><em> (Galatsk\u00fdm 5:22)<\/em><\/p>\n<p style=\"text-align: justify;\"><em>B\u016fh je l\u00e1ska a vlastnost\u00ed l\u00e1sky je i to, \u017ee je trp\u011bliv\u00e1. Proto Duch svat\u00fd v n\u00e1s nech\u00e1v\u00e1 vyr\u016fst i trp\u011blivost. Bez trp\u011blivosti bychom nemohli milovat lidi kolem sebe, bez trp\u011blivosti bychom nemohli milovat ani sebe samotn\u00e9. Tak, jako je d\u016fkazem v\u00edry skutek v\u00edry, jedn\u00edm z d\u016fkaz\u016f l\u00e1sky k n\u011bkomu je i trp\u011blivost s n\u00edm. Ve\u0161ker\u00e9 ovoce, kter\u00e9 by v\u00a0n\u00e1s doposud vyrostlo, ztr\u00e1c\u00ed smysl, pokud bychom nebyli dostate\u010dn\u011b trp\u011bliv\u00ed. Trp\u011blivost je ovocem, kter\u00e9 pot\u0159ebujeme p\u0159i r\u016fstu ka\u017ed\u00e9ho p\u0159edchoz\u00edho ovoce Ducha. Trp\u011blivost je d\u016fle\u017eit\u00e1 k tomu, abychom do\u0161li do c\u00edle. Do Bo\u017e\u00edho kr\u00e1lovstv\u00ed. Skon\u010dit p\u0159ed c\u00edlem, znamen\u00e1 nedoj\u00edt a b\u00fdt netrp\u011bliv\u00fd. Nez\u00edskat cenu v\u00edt\u011bze. Trp\u011blivost p\u0159in\u00e1\u0161\u00ed v\u00edt\u011bzstv\u00ed.<\/em><\/p>\n<p style=\"text-align: justify;\"><em>Je lep\u0161\u00ed konec jedn\u00e1n\u00ed ne\u017e jeho za\u010d\u00e1tek, Trp\u011blivost je lep\u0161\u00ed ne\u017e pov\u00fd\u0161enost (Kazatel 7:8)<\/em><\/p>\n<p><em>&#8230; abyste nezleniv\u011bli, ale napodobovali ty, kte\u0159\u00ed jsou skrze v\u00edru a trp\u011blivost d\u011bdici zasl\u00edben\u00ed. (\u017eid\u016fm 6:12)<\/em><\/p>\n<p style=\"text-align: justify;\"><em>\u010c\u00edm d\u00e1l t\u00edm v\u00edce jsem p\u0159emo\u017een\u00fd Bo\u017e\u00ed trp\u011blivost\u00ed se mnou samotn\u00fdm, ale i s n\u00e1mi, jeho d\u011btmi. Kdy\u017e vid\u00ed, jak se k sob\u011b chov\u00e1me, jak p\u0159em\u00fd\u0161l\u00edme, jak zrazujeme, jak jsme netrp\u011bliv\u00ed, na\u0161e odsuzov\u00e1n\u00ed se navz\u00e1jem i sebe sam\u00fdch. Kolik zl\u00fdch v\u011bc\u00ed je\u0161t\u011b mus\u00edme odlo\u017eit z na\u0161ich \u017eivot\u016f. B\u016fh to vid\u00ed a trp\u011bliv\u011b \u010dek\u00e1, p\u0159esto\u017ee mnohokr\u00e1t se nenech\u00e1me pou\u010dit a d\u011bl\u00e1me stejn\u00e9 chyby. Zach\u00e1z\u00ed s n\u00e1mi s trp\u011blivost\u00ed, kter\u00e1 n\u00e1s m\u00e1 p\u0159iv\u00e9st do Bo\u017e\u00edho kr\u00e1lovstv\u00ed. A trp\u011blivost na\u0161eho P\u00e1na pova\u017eujte za z\u00e1chranu&#8230;<br \/>\n<\/em><em>(2 Petrova 3:15)<\/em><\/p>\n<p style=\"text-align: justify;\"><em>Na\u0161e trp\u011blivost by m\u011bla vych\u00e1zet z Ducha svat\u00e9ho. M\u011bla by tedy b\u00fdt stejn\u00e1 jako Bo\u017e\u00ed. P\u0159esto nen\u00ed, je omezen\u00e1. Na\u0161e \u201eodtud, potud\u201c to p\u0159esn\u011b vystihuje. P\u0159esto by v n\u00e1s m\u011bla r\u016fst Bo\u017e\u00ed trp\u011blivost, jako ovoce Ducha svat\u00e9ho. Jednou z v\u011bc\u00ed pro\u010d neroste, je na\u0161e omezenost. Na\u0161e trp\u011blivost je n\u011bkdy omezena na\u0161imi financemi. \u010casto trp\u011blivost je spojena s neust\u00e1lou finan\u010dn\u00ed, materi\u00e1ln\u00ed pomoc\u00ed. Pokud vid\u00edm, \u017ee se prost\u0159edky ten\u010d\u00ed, ten\u010d\u00ed se i m\u00e1 trp\u011blivost. Jindy je omezena na\u0161\u00edm \u010dasem. B\u00fdt trp\u011bliv\u00fd, \u010dasto p\u0159in\u00e1\u0161\u00ed \u010dasovou ob\u011b\u0165. A \u010das je pro n\u00e1s d\u016fle\u017eit\u00fd. V\u0161e m\u016f\u017eeme znovu z\u00edskat, ale \u010das ne. Chceme vid\u011bt v\u00fdsledek, d\u00e1v\u00e1me si term\u00edn. Lid\u00e9 n\u00e1m d\u00e1vaj\u00ed term\u00edn. Dal\u0161\u00edm omezen\u00edm na\u0161\u00ed trp\u011blivosti je tlak z okol\u00ed. To je n\u00e1zor na\u0161ich bl\u00edzk\u00fdch, spolupracovn\u00edk\u016f, rodiny, c\u00edrkve. Dokonce to byli k\u0159es\u0165an\u00e9, kte\u0159\u00ed prosazovali z\u00e1kon t\u0159ikr\u00e1t a dost. To znamenalo, \u017ee pokud n\u011bkdo bude trest\u00e1n pot\u0159et\u00ed, pak dostane do\u017eivot\u00ed. Pokud by B\u016fh stejn\u00e9 pravidlo pou\u017eil na jejich h\u0159\u00ed\u0161nost, pak \u2026?<br \/>\n<\/em><em>Dal\u0161\u00ed d\u016fle\u017eit\u00fdm omezen\u00edm je \u00fanava. Z\u00a0<\/em><em>\u00a0vlastn\u00ed zku\u0161enosti v\u00edm, \u017ee pokud jsem unaven\u00fd, netrp\u011blivost je jedn\u00edm z prvn\u00edch p\u0159\u00edznak\u016f. T\u00edm \u00fapln\u011b prvn\u00edm je moje nevl\u00eddnost. Kdy\u017e je \u010dlov\u011bk unaven\u00fd, pak lehce ztr\u00e1c\u00ed trp\u011blivost s druh\u00fdmi. P\u0159\u00ed\u010dinou \u00fanavy m\u016f\u017ee b\u00fdt i \u00a0dlouh\u00e9 \u010dek\u00e1n\u00ed na zm\u011bnu u lid\u00ed, situac\u00ed apod. Tato \u00fanava poch\u00e1z\u00ed ze ztr\u00e1ty nad\u011bje na zm\u011bnu. To p\u0159in\u00e1\u0161\u00ed nepokoj, ztr\u00e1tu radosti a m\u016f\u017ee se p\u0159en\u00e9st a\u017e v nen\u00e1vist v\u016f\u010di dan\u00e9 osob\u011b nebo situaci. Nen\u00ed jin\u00e1 mo\u017enost, ne\u017e se pono\u0159it do modliteb, chval a d\u011bkov\u00e1n\u00ed P\u00e1nu. P\u0159ed t\u00edm se \u010dlov\u011bk mus\u00ed nechat odd\u011blit od sv\u011bta a lid\u00ed, tr\u00e1vit \u010das s\u00e1m p\u0159ed P\u00e1nem. Na\u0161e trp\u011blivost poch\u00e1z\u00ed z Ducha svat\u00e9ho. Jenom j\u00edm m\u016f\u017ee b\u00fdt posiln\u011bna a obnovena. Jen jeho p\u0159\u00edtomnost v n\u00e1s n\u00e1m d\u00e1v\u00e1 s\u00edlu b\u00fdt trp\u011bliv\u00fdmi.\u00a0<\/em><em>Zkusme si pojmenovat na\u0161e omezen\u00ed. Trp\u011blivost jde nad tato omezen\u00ed. Pokud omezen\u00ed zn\u00e1m, pak s nimi mohu jednat. M\u00e1 trp\u011blivost m\u016f\u017ee existovat i bez m\u00fdch finan\u010dn\u00edch prost\u0159edk\u016f, i bez \u010dasov\u00e9ho omezen\u00ed, bez tlaku z okol\u00ed. V\u0161echny tyto hranice si nastavujeme sami. Trp\u011blivost nem\u00e1 hranici, jinak p\u0159est\u00e1v\u00e1 b\u00fdt trp\u011blivost\u00ed. D\u00edky Bohu, \u017ee jeho trp\u011blivost nem\u00e1 limit. Asi bych se nikdy nedostal do Bo\u017e\u00edho kr\u00e1lovstv\u00ed. Asi bych nikdy nedo\u0161el tam, kde jsem te\u010f. Ovoce Bo\u017e\u00ed trp\u011blivosti ve mn\u011b p\u0159in\u00e1\u0161\u00ed lidem nad\u011bji, \u017ee to s nimi neskon\u010d\u00edm d\u0159\u00edve, ne\u017e se za\u010dnou projevovat zm\u011bny. D\u00edky trp\u011blivosti mohu \u010dinit u\u010dedn\u00edky.<br \/>\n<\/em><em>Vyz\u00fdv\u00e1me v\u00e1s brat\u0159\u00ed, napom\u00ednejte neuk\u00e1zn\u011bn\u00e9, pot\u011b\u0161ujte malomysln\u00e9, uj\u00edmejte se slab\u00fdch, m\u011bjte trp\u011blivost se v\u0161emi.(1. Tesalonick\u00fdm 5:14)<br \/>\n<\/em><em>D\u00edky trp\u011blivosti se Bo\u017e\u00ed l\u00e1ska v m\u00e9m \u017eivot\u011b st\u00e1v\u00e1 den za dnem skute\u010dn\u011bj\u0161\u00ed a pln\u011bj\u0161\u00ed.<\/em><\/p>\n<p style=\"text-align: justify;\"><em>D\u00edky Duchu svat\u00fd za to, \u017ee skrze tebe m\u016f\u017ee r\u016fst ve mn\u011b trp\u011blivost. D\u00e1v\u00e1m ti prostor a nechci ho ni\u010d\u00edm omezit.<\/em><\/p>\n","protected":false},"excerpt":{"rendered":"<p>6. TRP\u011aLIVOST Ovocem Ducha je pak l\u00e1ska, radost, pokoj, trp\u011blivost, laskavost, dobrota, v\u011brnost, m\u00edrnost, sebeovl\u00e1d\u00e1n\u00ed. (Galatsk\u00fdm 5:22) B\u016fh je l\u00e1ska a vlastnost\u00ed l\u00e1sky je i to, \u017ee je trp\u011bliv\u00e1. Proto Duch svat\u00fd v n\u00e1s nech\u00e1v\u00e1 vyr\u016fst i trp\u011blivost. Bez trp\u011blivosti bychom nemohli milovat lidi kolem sebe, bez trp\u011blivosti bychom nemohli milovat ani sebe samotn\u00e9. Tak, &hellip; <a href=\"https:\/\/www.josefknoflicek.cz\/?page_id=2474\" class=\"more-link\">Pokra\u010dov\u00e1n\u00ed textu <span class=\"screen-reader-text\">OVOCE DUCHA &#8211; TRP\u011aLIVOST<\/span> <span class=\"meta-nav\">&rarr;<\/span><\/a><\/p>\n","protected":false},"author":2,"featured_media":0,"parent":2456,"menu_order":6,"comment_status":"closed","ping_status":"closed","template":"","meta":[],"_links":{"self":[{"href":"https:\/\/www.josefknoflicek.cz\/index.php?rest_route=\/wp\/v2\/pages\/2474"}],"collection":[{"href":"https:\/\/www.josefknoflicek.cz\/index.php?rest_route=\/wp\/v2\/pages"}],"about":[{"href":"https:\/\/www.josefknoflicek.cz\/index.php?rest_route=\/wp\/v2\/types\/page"}],"author":[{"embeddable":true,"href":"https:\/\/www.josefknoflicek.cz\/index.php?rest_route=\/wp\/v2\/users\/2"}],"replies":[{"embeddable":true,"href":"https:\/\/www.josefknoflicek.cz\/index.php?rest_route=%2Fwp%2Fv2%2Fcomments&post=2474"}],"version-history":[{"count":1,"href":"https:\/\/www.josefknoflicek.cz\/index.php?rest_route=\/wp\/v2\/pages\/2474\/revisions"}],"predecessor-version":[{"id":2475,"href":"https:\/\/www.josefknoflicek.cz\/index.php?rest_route=\/wp\/v2\/pages\/2474\/revisions\/2475"}],"up":[{"embeddable":true,"href":"https:\/\/www.josefknoflicek.cz\/index.php?rest_route=\/wp\/v2\/pages\/2456"}],"wp:attachment":[{"href":"https:\/\/www.josefknoflicek.cz\/index.php?rest_route=%2Fwp%2Fv2%2Fmedia&parent=2474"}],"curies":[{"name":"wp","href":"https:\/\/api.w.org\/{rel}","templated":true}]}}