{"id":2480,"date":"2016-09-17T15:09:47","date_gmt":"2016-09-17T14:09:47","guid":{"rendered":"http:\/\/www.josefknoflicek.cz\/?page_id=2480"},"modified":"2021-01-25T22:13:17","modified_gmt":"2021-01-25T21:13:17","slug":"ovoce-ducha-radost","status":"publish","type":"page","link":"https:\/\/www.josefknoflicek.cz\/?page_id=2480","title":{"rendered":"OVOCE DUCHA &#8211; RADOST"},"content":{"rendered":"<p><strong><em><u>8. RADOST<\/u><\/em><\/strong><\/p>\n<p style=\"text-align: justify;\"><em><strong>Ovocem Ducha je pak l\u00e1ska, <u>radost<\/u>, pokoj, trp\u011blivost, laskavost, dobrota, v\u011brnost, m\u00edrnost, sebeovl\u00e1d\u00e1n\u00ed.<\/strong><\/em><em> (Galatsk\u00fdm 5:22)<\/em><\/p>\n<p style=\"text-align: justify;\"><em>&#8222;Radujte se v P\u00e1nu v\u017edycky, znovu \u0159eknu: radujte se!&#8220;<\/em><em> (Filipsk\u00fdm 4:4) To jsou slova apo\u0161tola Pavla. M\u00e1me se radovat. Radovat se v P\u00e1nu. B\u00fdt v jeho radosti. Nejde o to, se za ka\u017edou cenu sm\u00e1t a d\u011blat, \u017ee se raduji, ale pro\u017e\u00edvat radost z Bo\u017e\u00ed p\u0159\u00edtomnosti <\/em><em>v na\u0161em \u017eivot\u011b.<\/em><\/p>\n<p style=\"text-align: justify;\"><em>Proch\u00e1zeli jsme, tak jako v\u0161ichni z n\u00e1s, r\u016fzn\u00fdmi \u017eivotn\u00edmi situacemi. Tlaky ohledn\u011b nedostatku financ\u00ed, \u00famrt\u00edmi v rodin\u011b, zradou, otev\u0159enou i skrytou nen\u00e1vist\u00ed, zklam\u00e1n\u00edm,\u00a0duchovn\u00edmi \u00fatok apod. Nebyly to p\u0159\u00edjemn\u00e9 situace a ur\u010dit\u011b ne takov\u00e9, \u017ee bychom se z nich mohli radovat. P\u0159esto, kdy\u017e jsme \u0161li p\u0159ed P\u00e1na, chv\u00e1lili ho, vzd\u00e1vali mu sl\u00e1vu a d\u00edky, p\u0159ich\u00e1zely do na\u0161ich \u017eivot\u016f pokoj\u00a0a radost. Nen\u00ed mo\u017en\u00e9 popsat, jak radost p\u0159ich\u00e1zela, ale byla to radost, kter\u00e1 proch\u00e1zela celou na\u0161\u00ed bytost\u00ed. T\u00edm, \u017ee jsme vstoupili chv\u00e1lou, uct\u00edv\u00e1n\u00edm a d\u011bkov\u00e1n\u00edm do P\u00e1novy p\u0159\u00edtomnosti, vstoupili jsme tak\u00e9 do jeho pokoje a jeho radosti.<\/em><\/p>\n<p style=\"text-align: justify;\"><em>Radost, jako ovoce Ducha, je pr\u00e1v\u011b tato radost. Radost na\u0161eho P\u00e1na. &#8222;Miloval jsi spravedlnost a nen\u00e1vid\u011bl nepravost, proto pomazal t\u011b Bo\u017ee, B\u016fh tv\u016fj olejem vesel\u00ed nad tv\u00e9 spole\u010dn\u00edky. (\u017did\u016fm 1:9) Radost je v tom, co Kristus p\u0159in\u00e1\u0161\u00ed: radostnou novinu pokorn\u00fdm, ov\u00e1z\u00e1n\u00ed ran zlomen\u00fdm v srdci, vyhl\u00e1\u0161en\u00ed zajatc\u016fm propu\u0161t\u011bn\u00ed a v\u011bz\u0148\u016fm otev\u0159en\u00ed \u017eal\u00e1\u0159e, vyhl\u00e1\u0161en\u00ed roku Hospodinovy p\u0159\u00edzn\u011b a dne pomsty na\u0161eho Boha: pot\u011b\u0161en\u00ed v\u0161ech truchl\u00edc\u00edch, zaji\u0161t\u011bn\u00ed \u010delenky m\u00edsto popela, oleje vesel\u00ed m\u00edsto ducha malomyslnosti. (Izai\u00e1\u0161 61)Toto by m\u011bl b\u00fdt zdroj na\u0161\u00ed veselosti, na\u0161\u00ed radosti. V Kristu jsme se stali Bo\u017e\u00edmi d\u011btmi. Copak m\u016f\u017ee b\u00fdt n\u011bco v\u00edce? Nen\u00ed to d\u016fvod k radosti? Stali jsme se spolu s Kristem d\u011bdici Bo\u017e\u00edho kr\u00e1lovstv\u00ed, spolu s n\u00edm jsme usazeni na tr\u016fnu. Copak m\u016f\u017eeme b\u00fdt smutni?<br \/>\n<\/em><em>Ano m\u016f\u017eeme a jsme, kdy\u017e se n\u00e1\u0161 zrak p\u0159estane up\u00ednat k Je\u017e\u00ed\u0161i, na\u0161\u00ed nad\u011bji, ale za\u010dne bloudit po tomto sv\u011bt\u011b a tom, co tento sv\u011bt nab\u00edz\u00ed. Kdy\u017e nad\u011bji za\u010dneme hledat ve sv\u011btsk\u00fdch v\u011bcech.<\/em><\/p>\n<p style=\"text-align: justify;\"><em>&#8222;Netrapte se, proto\u017ee radost z Hospodina (Hospodinova radost B21)\u00a0bude va\u0161\u00ed silou.&#8220; (Nehemi\u00e1\u0161 8:10)<\/em><\/p>\n<p style=\"text-align: justify;\"><em>Radost z Hospodina, radost z p\u0159\u00edtomnosti Krista a Ducha svat\u00e9ho v na\u0161ich \u017eivotech, radost z na\u0161\u00ed nad\u011bje v d\u011bdictv\u00ed\u00a0Hospodinov\u00fdch slu\u017eebn\u00edk\u016f\u00a0n\u00e1m dod\u00e1v\u00e1 s\u00edlu pro dal\u0161\u00ed dny. S\u00edlu do nov\u00fdch t\u011b\u017ek\u00fdch situac\u00ed, do nov\u00fdch tlak\u016f a duchovn\u00edch boj\u016f. Duch svat\u00fd chce, aby na\u0161e radost st\u00e1la na\u00a0jeho p\u0159\u00edtomnosti, aby na\u0161e radost byla sv\u011btlem pro lidi kolem a p\u0159itahovala, spole\u010dn\u011b s pokojem ke Kristu. Nejsme to my, ale Duch svat\u00fd a jeho radost a pokoj, kter\u00fd to d\u011bl\u00e1. Je v\u0161ak na n\u00e1s, d\u00e1t\u00a0mu ve sv\u00fdch \u017eivotech prostor, aby jeho ovoce mohlo r\u016fst a ovoce na\u0161eho j\u00e1 se men\u0161it a mizet z na\u0161ich \u017eivot\u016f. \u010casto se n\u00e1m st\u00e1v\u00e1, \u017ee n\u00e1s Duch zaplavuje obrovsk\u00fdmi vlnami radosti pr\u00e1v\u011b p\u0159ed t\u011b\u017ek\u00fdmi situacemi, do kter\u00fdch m\u00e1me vstoupit.<\/em><\/p>\n<p style=\"text-align: justify;\"><em>Duchu svat\u00fd, pros\u00edm o to, aby m\u00e9 j\u00e1 se mohlo men\u0161it a naopak ty, Kriste, m\u016fj Pane,\u00a0r\u016fst.<\/em><\/p>\n","protected":false},"excerpt":{"rendered":"<p>8. RADOST Ovocem Ducha je pak l\u00e1ska, radost, pokoj, trp\u011blivost, laskavost, dobrota, v\u011brnost, m\u00edrnost, sebeovl\u00e1d\u00e1n\u00ed. (Galatsk\u00fdm 5:22) &#8222;Radujte se v P\u00e1nu v\u017edycky, znovu \u0159eknu: radujte se!&#8220; (Filipsk\u00fdm 4:4) To jsou slova apo\u0161tola Pavla. M\u00e1me se radovat. Radovat se v P\u00e1nu. B\u00fdt v jeho radosti. Nejde o to, se za ka\u017edou cenu sm\u00e1t a d\u011blat, \u017ee &hellip; <a href=\"https:\/\/www.josefknoflicek.cz\/?page_id=2480\" class=\"more-link\">Pokra\u010dov\u00e1n\u00ed textu <span class=\"screen-reader-text\">OVOCE DUCHA &#8211; RADOST<\/span> <span class=\"meta-nav\">&rarr;<\/span><\/a><\/p>\n","protected":false},"author":2,"featured_media":0,"parent":2456,"menu_order":8,"comment_status":"closed","ping_status":"closed","template":"","meta":[],"_links":{"self":[{"href":"https:\/\/www.josefknoflicek.cz\/index.php?rest_route=\/wp\/v2\/pages\/2480"}],"collection":[{"href":"https:\/\/www.josefknoflicek.cz\/index.php?rest_route=\/wp\/v2\/pages"}],"about":[{"href":"https:\/\/www.josefknoflicek.cz\/index.php?rest_route=\/wp\/v2\/types\/page"}],"author":[{"embeddable":true,"href":"https:\/\/www.josefknoflicek.cz\/index.php?rest_route=\/wp\/v2\/users\/2"}],"replies":[{"embeddable":true,"href":"https:\/\/www.josefknoflicek.cz\/index.php?rest_route=%2Fwp%2Fv2%2Fcomments&post=2480"}],"version-history":[{"count":1,"href":"https:\/\/www.josefknoflicek.cz\/index.php?rest_route=\/wp\/v2\/pages\/2480\/revisions"}],"predecessor-version":[{"id":2481,"href":"https:\/\/www.josefknoflicek.cz\/index.php?rest_route=\/wp\/v2\/pages\/2480\/revisions\/2481"}],"up":[{"embeddable":true,"href":"https:\/\/www.josefknoflicek.cz\/index.php?rest_route=\/wp\/v2\/pages\/2456"}],"wp:attachment":[{"href":"https:\/\/www.josefknoflicek.cz\/index.php?rest_route=%2Fwp%2Fv2%2Fmedia&parent=2480"}],"curies":[{"name":"wp","href":"https:\/\/api.w.org\/{rel}","templated":true}]}}