{"id":3093,"date":"2017-03-04T09:47:35","date_gmt":"2017-03-04T08:47:35","guid":{"rendered":"http:\/\/www.josefknoflicek.cz\/?page_id=3093"},"modified":"2021-01-25T22:43:02","modified_gmt":"2021-01-25T21:43:02","slug":"pohadka-o-porcelanu","status":"publish","type":"page","link":"https:\/\/www.josefknoflicek.cz\/?page_id=3093","title":{"rendered":"Poh\u00e1dka o porcel\u00e1nu"},"content":{"rendered":"<p>Poh\u00e1dka\u00a0o porcel\u00e1nu.<\/p>\n<p>Probudil ho paprsek sv\u011btla, kter\u00fd se na n\u011bm mihotal, jako by ho cht\u011bl polechtat. Pak se dv\u00ed\u0159ka sekret\u00e1\u0159e otev\u0159ela \u00fapln\u011b a cel\u00e9ho ho oz\u00e1\u0159ily slune\u010dn\u00ed paprsky, kter\u00e9 p\u0159ich\u00e1zely z\u00a0okna oproti sekret\u00e1\u0159e. M\u011bl tyto slune\u010dn\u00ed dny r\u00e1d. V\u00a0paprsc\u00edch mohl zaz\u00e1\u0159it jeho skv\u011bl\u00fd porcel\u00e1n a zlacen\u00e9 okraje jeho tal\u00ed\u0159\u016f, tal\u00ed\u0159k\u016f, \u010dajov\u00fdch a k\u00e1vov\u00fdch hrnk\u016f. I konvice s\u00a0cuk\u0159enkou se v\u017edy nat\u00e1\u010dely sm\u011brem k\u00a0paprsk\u016fm, aby jejich kr\u00e1sn\u00e9 buclat\u00e9 tvary odr\u00e1\u017eely sv\u011btlo a daly vyniknout malovan\u00e9 kr\u00e1se. Cel\u00fd servis a nebyl mal\u00fd, cel\u00fdch t\u0159icet dva r\u016fzn\u00fdch kus\u016f, byl jedn\u00edm um\u011bleck\u00fdm d\u00edlem. Byl to vz\u00e1cn\u00fd servis. Ne ledajak\u00fd. Zespodu m\u011bl ozna\u010den\u00ed. Na ka\u017ed\u00e9m kousku tam byl n\u00e1pis Meissen. On byl z\u00a0t\u00e9 slavn\u00e9 M\u00ed\u0161e\u0148sk\u00e9 manufaktury. Byl si toho v\u011bdom a byl na to pat\u0159i\u010dn\u011b hrd\u00fd. Dokonce i p\u00e1n domu mu p\u0159enechal tento velk\u00fd sekret\u00e1\u0159, do kter\u00e9ho by se ve\u0161el minim\u00e1ln\u011b je\u0161t\u011b t\u0159ikr\u00e1t. A on si toho um\u011bl dob\u0159e u\u017e\u00edt. Jeho tal\u00ed\u0159e, tal\u00ed\u0159ky a hrn\u00ed\u010dky byly rozta\u017een\u00e9 po cel\u00e9m sekret\u00e1\u0159i, aby dob\u0159e vynikly jejich k\u0159ivky a ozdoby. \u201eTak je \u010das ob\u011bdu, p\u011bkn\u011b do pr\u00e1ce\u201c, pobrukoval si. \u201eNa ob\u011bd je ale p\u0159\u00edli\u0161 brzy, tak to p\u0159i\u0161la asi n\u00e1v\u0161t\u011bva. Pozor kluci, to bude na v\u00e1s\u201c. Upozor\u0148oval dezertn\u00ed tal\u00ed\u0159ky a k\u00e1vov\u00e9 hrn\u00ed\u010dky. M\u00edsto toho, aby je p\u00e1n vzal na kafe, se stalo n\u011bco neuv\u011b\u0159iteln\u00e9ho. Za\u010dal je srovn\u00e1vat do jednoho koutu sekret\u00e1\u0159e. Za\u010d\u00ednaly se t\u00edsnit na jedn\u00e9 stran\u011b. M\u011blk\u00e9 tal\u00ed\u0159e m\u011bly na sob\u011b hlubok\u00e9 a na hlubok\u00fdch te\u010f dokonce i dezertn\u00ed. T\u011bsn\u011b kolem nich byly hrne\u010dky bez pod\u0161\u00e1lk\u016f, kter\u00e9 p\u00e1n srovnal jeden na druh\u00fd. Kam se pod\u011bla ta volnost.<br \/>\nServis, kdyby mohl, by vypadal jako opa\u0159en\u00fd. On, kter\u00fd nesm\u011bl ani do my\u010dky, ale v\u017edy ho um\u00fdvali ru\u010dn\u011b, aby nepo\u0161kodili jeho lesk, se te\u010f t\u00edsn\u00ed v\u00a0kout\u011b a jeho d\u00edly jsou nama\u010dkan\u00e9 jeden na druh\u00e9m.<br \/>\n\u201eCo to znamen\u00e1? Copak jsem n\u011bco provedl? Choval jsem se p\u0159i j\u00eddle \u0161patn\u011b? Nebo jsem necht\u011bl slou\u017eit?\u201c P\u0159ich\u00e1zela mu jedna my\u0161lenka za druhou. Byl cel\u00fd zmaten\u00fd. \u201eNebo mne ji\u017e nechce? P\u0159estal mne m\u00edt r\u00e1d? Ano, to je ono. U\u017e mu nejsem dost dobr\u00fd. Co j\u00e1 jenom ud\u011bl\u00e1m, abych pro n\u011bj byl dost dobr\u00fd?\u201c Sna\u017eil se na to p\u0159ij\u00edt. Tak se do toho zabral, \u017ee si ani nev\u0161iml, \u017ee p\u00e1n op\u011bt p\u0159i\u0161el. Vyru\u0161ilo ho a\u017e jemn\u00e9 cinknut\u00ed porcel\u00e1nu o sklen\u011bn\u00e9 dno sekret\u00e1\u0159e.<br \/>\nTo byl \u0161ok. M\u00e1lem mu z\u00a0toho p\u0159ekvapen\u00ed vysko\u010dili praskliny v\u00a0jeho laku. Vedle n\u011bho za\u010dal p\u00e1n stav\u011bt dal\u0161\u00ed servis.<br \/>\nJen z\u00a0n\u011bho vy\u0161lo slab\u00e9 \u201ePro\u010d, pane?\u201c Cel\u00fd se zachv\u011bl.<br \/>\nDobr\u00fd pozorovatel by si v\u0161iml, \u017ee pon\u011bkud ochabl jeho lesk a b\u00edl\u00e1 m\u00edrn\u011b ze\u0161edla. Jakoby nejednou zest\u00e1rl.<\/p>\n<p>Byl to velk\u00fd kontrast. Nov\u00fd servis se zvu\u010dn\u011b ozval: \u201eNazdar kolego. Jak se jmenuje\u0161. J\u00e1 jsem Karlovar\u00e1k. Tak to tady te\u010f budeme spolu v\u00e1l\u010dit, co? Jak\u00e9 to je v\u00a0t\u00e9to rodin\u011b?\u201c Jeho vesel\u00fd hlas zaplnil cel\u00fd sekret\u00e1\u0159 a ne a ne p\u0159estat mluvit. Druh\u00fd ho v\u0161ak nevn\u00edmal, jen ob\u010das zaslechl n\u011bjak\u00e9 \u00fatr\u017eky slov sv\u00e9ho nov\u00e9ho kolegy\u2026 hl\u00edna\u2026. do pece \u2026 v\u00a0krabici\u2026. obchod a z\u00e1kazn\u00edk. A te\u010f jsem tady\u2026.<br \/>\n\u201eAno v\u00e1l\u010dit, to je to spr\u00e1vn\u00e9 slovo\u201c uva\u017eoval mezit\u00edm M\u00ed\u0161e\u0148sk\u00fd servis. \u201eV\u00e1l\u010dit, v\u00e1\u00e1\u00e1l\u010dit, V\u00c1\u00c1\u00c1L\u010cIT, to je ono. Spr\u00e1vn\u011b to \u0159ekl.\u201c Najednou nevid\u011bl nov\u00e9ho a mlad\u0161\u00edho kolegu, ale nep\u0159\u00edtele, kter\u00fd mu vzal kus prostoru, kter\u00fd ho okr\u00e1d\u00e1 o p\u0159\u00edze\u0148 a l\u00e1sku jeho p\u00e1na. \u201eM\u00e1\u0161 to m\u00edt, bude v\u00e1lka!\u201c Zn\u011blo mu cel\u00fdm jeho porcel\u00e1nov\u00fdm t\u011blem.<br \/>\nKarlovar\u00e1k zmkl. Uv\u011bdomil si, \u017ee mluv\u00ed st\u00e1le jenom on. \u201eCopak ten M\u00ed\u0161e\u0148\u00e1k neum\u00ed mluvit? Nebo mi nerozum\u00ed? Ten jeho pohled je tak nep\u0159\u00e1telsk\u00fd\u201c, p\u0159em\u00fd\u0161lel. \u201eD\u011bje se n\u011bco?\u201c zaptal se.<br \/>\n\u201eNic se ned\u011bje\u201c, odsekl M\u00ed\u0161e\u0148\u00e1k \u201e co je v\u00e1m do toho, vlezte mi na hrb.\u201c<br \/>\nKarlovar\u00e1k p\u0159ekvapen\u011b z\u00edral na sv\u00e9ho na\u0161tvan\u00e9ho a mrzut\u00e9ho kolegu. \u201eNo to je p\u011bkn\u00fd morous, to bude tedy z\u00e1bava. D\u011bdek jeden. Kdov\u00ed kolik mu je let. No mus\u00ed m\u00edt hodn\u011b, v\u017edy\u0165 ten jeho dizajn je p\u011bkn\u011b star\u00fd. Je\u0161t\u011b n\u011bkdy z\u00a0doby kr\u00e1le Klacka. A jak je buclat\u00fd, to m\u00e1 asi z\u00a0toho, jak se st\u00e1le nafukuje. No, zkus\u00edm s\u00a0t\u00edm star\u00fdm p\u00e1prdou to tady n\u011bjak p\u0159e\u017e\u00edt.\u201c Karlovar\u00e1k si ani neuv\u011bdomil, \u017ee posledn\u00ed dv\u011b v\u011bty \u0159ekl nahlas. Sice \u0161eptem, ale nahlas.<br \/>\n\u201eKdo je u tebe p\u00e1prda, mladej. J\u00e1 jsem n\u011bkdo. Znaj\u00ed mne po cel\u00e9m sv\u011bt\u011b. Nev\u00ed\u0161, co j\u00e1 m\u00e1m za sebou. J\u00e1 m\u00e1m ty nejlep\u0161\u00ed tvary, buclat\u00e9 jsou proto, aby se do nich ve\u0161lo co nejv\u00edce. Zato vy mlad\u00ed. Pod\u00edvej se na sebe. Huben\u00fd, \u017ee se do tebe nic nevejde, nato\u017e n\u011bjak\u00e1 moudrost. A kdo to kdy vid\u011bl, aby tal\u00ed\u0159e byly hranat\u00e9. Co sv\u011bt sv\u011btem stoj\u00ed, tal\u00ed\u0159 mus\u00ed b\u00fdt kulat\u00fd. A jak m\u016f\u017ee p\u00e1n p\u00edt z\u00a0tv\u00fdch hrnk\u016f, kdy\u017e m\u00edsto, aby byly zaoblen\u00e9, jsou sam\u00e1 hrana. A jak je m\u016f\u017ee v\u016fbec dr\u017eet, kdy\u017e m\u00edsto ou\u0161ka maj\u00ed p\u0159ilepen\u00fd n\u011bjak\u00fd ostr\u00fd troj\u00faheln\u00edk. Ou\u0161ko. Sly\u0161\u00ed\u0161 to, mladej, ou\u0161ko to samo osobn\u011b zn\u00ed jakou n\u011bco zaoblen\u00e9ho, aby se to dob\u0159e dr\u017eelo a ne n\u011bjak\u00fd troj\u00faheln\u00ed\u010dek, do kter\u00e9ho se ani prst nevejde.\u201c<br \/>\n\u201eTen d\u011bdek se n\u00e1m n\u011bjak rozjel\u201c, myslel si Karlovar\u00e1k a pokra\u010doval nahlas: \u201e Copak st\u00e1\u0159\u00ed je patent na moudrost? Copak j\u00e1 taky nejsme zna\u010dka? Taky mne znaj\u00ed ve sv\u011bt\u011b. Dokonce m\u016fj dizajn vyhr\u00e1l na mezin\u00e1rodn\u00ed v\u00fdstav\u011b cenu. My mlad\u00ed p\u0159in\u00e1\u0161\u00edme \u017eivot! Zm\u011bnu! Nov\u00fd pohled! Otv\u00edr\u00e1me nov\u00e9 pravdy! Ne jak vy zkostnat\u011bl\u00ed st\u00e1\u0159\u00edm. M\u011bli byste se st\u00e1hnout a ne n\u00e1m ub\u00edrat prostor a br\u00e1t chu\u0165 k\u00a0\u017eivotu.\u201c<br \/>\n\u201eKdo je u tebe zkostnat\u011bl\u00fd\u201c, nedal se M\u00ed\u0161e\u0148\u00e1k \u201e m\u00edsto, aby sis v\u00e1\u017eil moudrosti star\u0161\u00edch, tak jen kritizuje\u0161 a nic o sv\u011bt\u011b nev\u00ed\u0161. Kdy\u017e j\u00e1 jsem u\u017e sb\u00edral moudrost, tak ty jsi byl je\u0161t\u011b n\u011bkde na kopci a rostli na tob\u011b kopretiny, mladej.\u201c<br \/>\nKarlovar\u00e1k nab\u00edral dech k\u00a0tomu, \u017ee to tomu mrzoutovi p\u011bkn\u011b nand\u00e1. A asi by to \u0161patn\u011b dopadlo, kdyby se sekret\u00e1\u0159 znovu neotev\u0159el. Oba servisy zmlkly.<\/p>\n<p>P\u00e1n k\u00a0nim p\u0159idal sadu m\u011blk\u00fdch a hlubok\u00fdch tal\u00ed\u0159\u016f z\u00a0\u010dern\u00e9ho skla. Nastalo dlouh\u00e9 ml\u010den\u00ed. Oba servisy se te\u010f ma\u010dkaly na sebe tak, \u017ee se okraji tal\u00ed\u0159\u016f dot\u00fdkaly jeden druh\u00e9ho.<br \/>\nOba se d\u00edvaly na tal\u00ed\u0159e z\u00a0\u010dern\u00e9ho lisovan\u00e9ho skla. Nev\u011b\u0159ily sv\u00fdm o\u010d\u00edm. Co jim to p\u00e1n ud\u011blal. K\u00a0nim, zna\u010dkov\u00fdm porcel\u00e1nov\u00fdm servis\u016fm p\u0159idal n\u011bco z\u00a0lisovan\u00e9ho skla, co vyr\u00e1b\u00ed n\u011bjak\u00fd automat. Jak je mohl d\u00e1t do jedn\u00e9 \u0159ady. A je\u0161t\u011b \u010dern\u00e9. Kdov\u00ed pro\u010d jsou \u010dern\u00e9, mo\u017en\u00e1 ta \u010dern\u00e1 n\u011bco zakr\u00fdv\u00e1, n\u011bjak\u00fd kaz, nebo \u0161patn\u00fd charakter. Ano to bude ono. \u010cern\u00e1 v\u017edycky ukazuje na \u0161patn\u00fd charakter. Proto mi m\u00e1me na sob\u011b b\u00edlou, jsme malovan\u00ed a pozlacen\u00ed.<br \/>\nM\u00ed\u0161e\u0148\u00e1k i Karlovar\u00e1k uva\u017eovaly \u00fapln\u011b stejn\u011b. Najednou z\u00a0nich byly spojenci. Byly jedn\u00e9 mysli, jednoho n\u00e1zoru. Ji\u017e jim nevadil v\u011bkov\u00fd rozd\u00edl. Ani to, \u017ee jeden je staro\u017eitnost a druh\u00fd modern\u00ed. Sjednotily se.<br \/>\n\u201eV\u00edte, m\u016fj mlad\u0161\u00ed kolego, nakonec nov\u00e1 doba chce nov\u00e9 my\u0161len\u00ed a nov\u00e9 tvary. Je to zaj\u00edmav\u00fd pokus m\u00edt hranat\u00e9 tal\u00ed\u0159e a troj\u00faheln\u00edky m\u00edsto ou\u0161ek. Za\u010d\u00edn\u00e1te se mi l\u00edbit\u201c, za\u010dal M\u00ed\u0161e\u0148\u00e1k. \u201e I st\u00e1\u0159\u00ed m\u00e1 n\u011bco do sebe, je vid\u011bt, \u017ee m\u00e1te p\u0159ehled a z\u00edskal jste \u010dasem moudrost, kter\u00e9 se mi mlad\u0161\u00ed mus\u00edme u\u010dit. A ta va\u0161e noblesa,\u201c p\u0159izvukoval Karlovar\u00e1k.<br \/>\nOba pak ani\u017e se domluvily, vyk\u0159ikly: \u201eAle tak to nem\u016f\u017eeme nechat. \u017d\u00e1dn\u00fd \u010dern\u00fd s\u00a0n\u00e1mi tady nebude.\u201c<br \/>\n\u201eCo jsme v\u00e1m ud\u011blaly?\u201c, nesm\u011ble se ozvaly \u010dern\u00e9, sklen\u011bn\u00e9 tal\u00ed\u0159e.<br \/>\n\u201eU\u017e to, \u017ee se sem tla\u010d\u00edte, sta\u010d\u00ed!\u201c, volal M\u00ed\u0161e\u0148\u00e1k.<br \/>\n\u201eAno, vy pat\u0159\u00edte do doln\u00edho \u0161upl\u00edku a ne do na\u0161eho sekret\u00e1\u0159e!\u201c p\u0159idal se Karlovar\u00e1k.<br \/>\n\u201eBrat\u0159i, ozvaly se op\u011bt \u010dern\u00e9 tal\u00ed\u0159e, n\u00e1s sem v\u0161ak dal p\u00e1n. My jsme sem nep\u0159i\u0161ly samy\u201c, sna\u017eily se tal\u00ed\u0159e zklidnit situaci.<br \/>\n\u201eOny n\u00e1s budou je\u0161t\u011b pou\u010dovat. N\u00e1\u0161 p\u00e1n. Jak\u00fd n\u00e1\u0161 p\u00e1n. To je n\u00e1\u0161 p\u00e1n a ne v\u00e1\u0161. My pat\u0159\u00edme na jeho st\u016fl. Vy jste tak dob\u0159\u00ed b\u00fdt pod stolem na drobky, nebo pro ko\u010dky a psy. Sly\u0161\u00edte je, kolego, oni si dovoluj\u00ed n\u00e1m \u0159\u00edkat brat\u0159i a je\u0161t\u011b si p\u0159isvojit i na\u0161eho p\u00e1na.\u201c Roz\u010diloval se \u010d\u00edm d\u00e1l t\u00edm v\u00edce M\u00ed\u0161e\u0148\u00e1k.<br \/>\n\u201eAno, m\u00e1te pravdu, m\u016fj star\u0161\u00ed kolego\u201c, p\u0159itak\u00e1val Karlovar\u00e1k.<br \/>\n\u201eCo v\u00e1m, \u010dern\u00fdm tal\u00ed\u0159\u016fm d\u00e1v\u00e1 pr\u00e1vo se p\u0159irovn\u00e1vat s\u00a0n\u00e1mi. Jste sice taky tal\u00ed\u0159e, ale my jsme jin\u00ed ne\u017e vy. M\u00e1me pozn\u00e1n\u00ed, pracovali na n\u00e1s um\u011blci, dali si s\u00a0n\u00e1mi pr\u00e1ci, ne jak s\u00a0v\u00e1mi, \u017ee v\u00e1s vyvrhl n\u011bjak\u00fd lis. N\u00e1s formovali rukama. Proto m\u00e1me moudrost a hlavn\u011b postaven\u00ed, kter\u00e9 tomu odpov\u00edd\u00e1. Vy sem nepat\u0159\u00edte. Co to na\u0161eho p\u00e1na napadlo, on se musel zbl\u00e1znit, \u017ee v\u00e1s dal dohromady s\u00a0n\u00e1mi. Copak ztratil vkus, smysl pro kr\u00e1su! Pry\u010d s\u00a0v\u00e1mi!!!\u201c<br \/>\n\u201eAno pry\u010d s\u00a0v\u00e1mi! My v\u00e1s tady nechceme!\u201c, k\u0159i\u010dely oba porcel\u00e1nov\u00e9 servisy. Za\u010daly v\u00fdhru\u017en\u011b poskakovat v\u00a0sekret\u00e1\u0159i. Ani si nev\u0161imly, \u017ee sekret\u00e1\u0159 je st\u00e1le otev\u0159en\u00fd. Jak tak poskakovaly, najednou se dostaly na hranu sekret\u00e1\u0159e a oba za\u010daly padat dol\u016f na zem. Z\u016fstalo z\u00a0nich mnoho um\u011bleck\u00fdch st\u0159ep\u016f.<\/p>\n<p>Mil\u00fd \u010dten\u00e1\u0159i, l\u00edb\u00ed se ti ten konec? I tak to mohlo skon\u010dit.\u00a0\u00a0Mo\u017en\u00e1 to v\u0161ak bylo \u00fapln\u011b jinak Nap\u0159\u00edklad takto:<\/p>\n<p>K\u0159ik nab\u00fdval vrcholu, kdy\u017e v\u00a0tom se sekret\u00e1\u0159 op\u011bt otev\u0159el a n\u011b\u010d\u00ed ruce vzali \u010dern\u00e9 tal\u00ed\u0159e.<br \/>\n\u201eTak kone\u010dn\u011b.\u201c Oddechly si oba servisy. \u201eP\u00e1n p\u0159ece dostal rozum.\u201c<br \/>\nPak se na sebe zad\u00edvaly a za\u010daly p\u0159em\u00fd\u0161let o tom, kdo z nich dvou je ten d\u016fle\u017eit\u011bj\u0161\u00ed, moud\u0159ej\u0161\u00ed, koho z nich m\u00e1 p\u00e1n rad\u011bji. Za\u010daly hledat na druh\u00e9m op\u011bt chyby. A asi by se znovu dostaly do nep\u0159\u00e1telstv\u00ed, kdyby se op\u011bt neotev\u0159ela dv\u00ed\u0159ka sekret\u00e1\u0159e a n\u011b\u010d\u00ed ruce neodnesly Karlovar\u00e1ka.<br \/>\n\u201eTak p\u0159ece se pravda uk\u00e1zala\u201c, dupnul si M\u00ed\u0161e\u0148\u00e1k. \u201eJ\u00e1 jsem ten d\u016fle\u017eit\u00fd\u201c. Pak se zarazil, chvilku p\u0159em\u00fd\u0161lel. \u201eNo ale mo\u017en\u00e1 je to naopak, mo\u017en\u00e1 mne tu nechali, proto\u017ee u\u017e mne necht\u011bj\u00ed, u\u017e se jim nel\u00edb\u00edm. Proto\u017ee mne u\u017e p\u00e1n nem\u00e1 r\u00e1d.\u201c P\u0159i t\u00e9 my\u0161lence cel\u00fd zvlhnul.<br \/>\nZnovu se otev\u0159ela dv\u00ed\u0159ka a n\u011b\u010d\u00ed ruce ho za\u010daly odn\u00e1\u0161et na velk\u00fd b\u00edl\u00fd st\u016fl.<br \/>\nTo bylo p\u0159ekvapen\u00ed. To bylo tal\u00ed\u0159\u016f hrn\u00ed\u010dk\u016f, servis\u016f. A t\u011bch druh\u016f. N\u011bkter\u00e9 byly jako on z\u00a0porcel\u00e1nu a je\u0161t\u011b star\u0161\u00ed ne\u017e on, jin\u00e9 byly ze skla, dal\u0161\u00ed z\u00a0kovu a dokonce i plastov\u00e9 tady byly. A t\u011bch barev. Snad v\u0161echny barvy sv\u011bta. Tam d\u00e1l vid\u011bl \u010dern\u00e9 tal\u00ed\u0159e. Zaradoval se, \u017ee je vid\u00ed a ani se nedivil, \u017ee se z\u00a0toho raduje. Zam\u00e1val jim. Uvid\u011bly ho a m\u00e1valy taky. A tam, je\u0161t\u011b d\u00e1l je jeho mlad\u0161\u00ed kolega Karlovar\u00e1k. Jak mu to sekne. A toho sv\u011btla v\u0161ude. T\u00e9 z\u00e1\u0159e. To je jako na n\u011bjak\u00e9 svatb\u011b. Ano to je vlastn\u011b svatba a on je na svatebn\u00edm stole, kter\u00fd nebere konce. Povysko\u010dil, aby vid\u011bl na konec stolu, ale konec nezahl\u00e9dl.<br \/>\n\u201eKde je \u017eenich?\u201c Oto\u010dil se na druhou stranu stolu. A uvid\u011bl ho, jak sed\u00ed v\u010dele. \u017denich. V\u017edy\u0165 to je jeho p\u00e1n. Setkali se o\u010dima. M\u00ed\u0161e\u0148\u00e1k se rozplakal. Vid\u011bl, \u017ee na n\u011bho p\u00e1n nikdy nezapomn\u011bl, \u017ee ho m\u00e1 st\u00e1le tak r\u00e1d jako na za\u010d\u00e1tku.<\/p>\n","protected":false},"excerpt":{"rendered":"<p>Poh\u00e1dka\u00a0o porcel\u00e1nu. Probudil ho paprsek sv\u011btla, kter\u00fd se na n\u011bm mihotal, jako by ho cht\u011bl polechtat. Pak se dv\u00ed\u0159ka sekret\u00e1\u0159e otev\u0159ela \u00fapln\u011b a cel\u00e9ho ho oz\u00e1\u0159ily slune\u010dn\u00ed paprsky, kter\u00e9 p\u0159ich\u00e1zely z\u00a0okna oproti sekret\u00e1\u0159e. M\u011bl tyto slune\u010dn\u00ed dny r\u00e1d. V\u00a0paprsc\u00edch mohl zaz\u00e1\u0159it jeho skv\u011bl\u00fd porcel\u00e1n a zlacen\u00e9 okraje jeho tal\u00ed\u0159\u016f, tal\u00ed\u0159k\u016f, \u010dajov\u00fdch a k\u00e1vov\u00fdch hrnk\u016f. I &hellip; <a href=\"https:\/\/www.josefknoflicek.cz\/?page_id=3093\" class=\"more-link\">Pokra\u010dov\u00e1n\u00ed textu <span class=\"screen-reader-text\">Poh\u00e1dka o porcel\u00e1nu<\/span> <span class=\"meta-nav\">&rarr;<\/span><\/a><\/p>\n","protected":false},"author":2,"featured_media":0,"parent":5406,"menu_order":8,"comment_status":"closed","ping_status":"closed","template":"","meta":[],"_links":{"self":[{"href":"https:\/\/www.josefknoflicek.cz\/index.php?rest_route=\/wp\/v2\/pages\/3093"}],"collection":[{"href":"https:\/\/www.josefknoflicek.cz\/index.php?rest_route=\/wp\/v2\/pages"}],"about":[{"href":"https:\/\/www.josefknoflicek.cz\/index.php?rest_route=\/wp\/v2\/types\/page"}],"author":[{"embeddable":true,"href":"https:\/\/www.josefknoflicek.cz\/index.php?rest_route=\/wp\/v2\/users\/2"}],"replies":[{"embeddable":true,"href":"https:\/\/www.josefknoflicek.cz\/index.php?rest_route=%2Fwp%2Fv2%2Fcomments&post=3093"}],"version-history":[{"count":2,"href":"https:\/\/www.josefknoflicek.cz\/index.php?rest_route=\/wp\/v2\/pages\/3093\/revisions"}],"predecessor-version":[{"id":3099,"href":"https:\/\/www.josefknoflicek.cz\/index.php?rest_route=\/wp\/v2\/pages\/3093\/revisions\/3099"}],"up":[{"embeddable":true,"href":"https:\/\/www.josefknoflicek.cz\/index.php?rest_route=\/wp\/v2\/pages\/5406"}],"wp:attachment":[{"href":"https:\/\/www.josefknoflicek.cz\/index.php?rest_route=%2Fwp%2Fv2%2Fmedia&parent=3093"}],"curies":[{"name":"wp","href":"https:\/\/api.w.org\/{rel}","templated":true}]}}