{"id":3246,"date":"2017-05-03T06:33:13","date_gmt":"2017-05-03T05:33:13","guid":{"rendered":"http:\/\/www.josefknoflicek.cz\/?page_id=3246"},"modified":"2021-01-25T22:13:17","modified_gmt":"2021-01-25T21:13:17","slug":"zaklady","status":"publish","type":"page","link":"https:\/\/www.josefknoflicek.cz\/?page_id=3246","title":{"rendered":"Z\u00c1KLADY"},"content":{"rendered":"<p>Zde najdete zat\u00edm 16 kr\u00e1tk\u00fdch zamy\u0161len\u00ed, jako z\u00e1klad pro ty, kte\u0159\u00ed za\u010d\u00ednaj\u00ed nav\u0161t\u011bvovat cirkev, nebo pro ty, kter\u00e9 do c\u00edrkve a p\u0159edev\u0161\u00edm ke Kristu chcete pozvat.<\/p>\n","protected":false},"excerpt":{"rendered":"<p>Zde najdete zat\u00edm 16 kr\u00e1tk\u00fdch zamy\u0161len\u00ed, jako z\u00e1klad pro ty, kte\u0159\u00ed za\u010d\u00ednaj\u00ed nav\u0161t\u011bvovat cirkev, nebo pro ty, kter\u00e9 do c\u00edrkve a p\u0159edev\u0161\u00edm ke Kristu chcete pozvat.<\/p>\n","protected":false},"author":2,"featured_media":0,"parent":579,"menu_order":1,"comment_status":"closed","ping_status":"closed","template":"","meta":[],"_links":{"self":[{"href":"https:\/\/www.josefknoflicek.cz\/index.php?rest_route=\/wp\/v2\/pages\/3246"}],"collection":[{"href":"https:\/\/www.josefknoflicek.cz\/index.php?rest_route=\/wp\/v2\/pages"}],"about":[{"href":"https:\/\/www.josefknoflicek.cz\/index.php?rest_route=\/wp\/v2\/types\/page"}],"author":[{"embeddable":true,"href":"https:\/\/www.josefknoflicek.cz\/index.php?rest_route=\/wp\/v2\/users\/2"}],"replies":[{"embeddable":true,"href":"https:\/\/www.josefknoflicek.cz\/index.php?rest_route=%2Fwp%2Fv2%2Fcomments&post=3246"}],"version-history":[{"count":2,"href":"https:\/\/www.josefknoflicek.cz\/index.php?rest_route=\/wp\/v2\/pages\/3246\/revisions"}],"predecessor-version":[{"id":3255,"href":"https:\/\/www.josefknoflicek.cz\/index.php?rest_route=\/wp\/v2\/pages\/3246\/revisions\/3255"}],"up":[{"embeddable":true,"href":"https:\/\/www.josefknoflicek.cz\/index.php?rest_route=\/wp\/v2\/pages\/579"}],"wp:attachment":[{"href":"https:\/\/www.josefknoflicek.cz\/index.php?rest_route=%2Fwp%2Fv2%2Fmedia&parent=3246"}],"curies":[{"name":"wp","href":"https:\/\/api.w.org\/{rel}","templated":true}]}}