{"id":3253,"date":"2017-05-03T15:18:14","date_gmt":"2017-05-03T14:18:14","guid":{"rendered":"http:\/\/www.josefknoflicek.cz\/?page_id=3253"},"modified":"2024-07-26T00:56:53","modified_gmt":"2024-07-25T23:56:53","slug":"kdo-je-jezis-kristus","status":"publish","type":"page","link":"https:\/\/www.josefknoflicek.cz\/?page_id=3253","title":{"rendered":"KDO JE JE\u017d\u00cd\u0160 KRISTUS"},"content":{"rendered":"<p>Projel jsem mnoho m\u011bst jak v \u010cech\u00e1ch, na Slovensku, tak tak\u00e9 v ostatn\u00ed \u010d\u00e1sti Evropy.\u00a0 R\u00e1d se proch\u00e1z\u00edm jejich bulv\u00e1ry, ulicemi i uli\u010dkami. Ka\u017ed\u00e1 z\u00a0nich nese jm\u00e9no. Mnohem v\u00edce jmen mi nic ne\u0159\u00edkalo, dokonce ani m\u00edstn\u00edm, kdy\u017e jsem se jich ptal na to, \u010di ono jm\u00e9no. Zp\u011btn\u011b, kdy\u017e jsem nad t\u00edm p\u0159em\u00fd\u0161lel, uv\u011bdomil jsem si, \u017ee jsem nikde nenarazil na nejzn\u00e1m\u011bj\u0161\u00ed jm\u00e9no na sv\u011bt\u011b. Na jm\u00e9no Je\u017e\u00ed\u0161 Kristus. Je tak zn\u00e1me, \u017ee miliony lid\u00ed na sv\u011bt\u011b, nevyj\u00edmaje \u010cechy, toto jm\u00e9no pou\u017e\u00edvaj\u00ed jako projev p\u0159ekvapen\u00ed, \u00fadivu, obav apod. (\u2026je\u017ei\u0161maria, co se to stalo, \u2026 pro kristap\u00e1na, to nen\u00ed mo\u017en\u00e9\u2026., \u2026)<\/p>\n<p>Je to n\u00e1hoda, \u017ee jsem nena\u0161el po n\u011bm pojmenovanou \u017e\u00e1dnou ulici, nebo to bylo z\u00a0b\u00e1zn\u011b, \u017ee nedok\u00e1zali lid\u00e9 d\u00e1t \u017e\u00e1dn\u00e9 ulici jeho jm\u00e9no?<\/p>\n<p>Kdo to tedy byl, nebo sp\u00ed\u0161e kdo je Je\u017e\u00ed\u0161 Kristus?<br \/>\nOdpov\u011b\u010f najdeme ve dvou pohledech na Je\u017e\u00ed\u0161e Krista.<\/p>\n<p>T\u00edm prvn\u00edm je pohled na \u010dlov\u011bka Je\u017e\u00ed\u0161e. Je\u017e\u00ed\u0161e, kter\u00fd se narodil, \u017eil d\u011btsk\u00fd \u017eivot se svou rodinou, u\u010dil se, vyu\u010dil se, slou\u017eil lidem, zem\u0159el.<\/p>\n<p>T\u00edm druh\u00fdm je pohled na Boha Je\u017e\u00ed\u0161e Krista. Byl po\u010dat Duchem svat\u00fdm, narodil se z\u00a0panny, konal z\u00e1zraky, vstal z\u00a0mrtv\u00fdch, byl vzat do nebe.<\/p>\n<p>Je\u017e\u00ed\u0161 \u010dlov\u011bk byl zn\u00e1m\u00fd po cel\u00e9m tehdej\u0161\u00edm judsku a okol\u00ed. Jsou o n\u011bm zm\u00ednky i v\u00a0jin\u00fdch spisech, ne\u017e v\u00a0Bibli. Nebylo nemo\u017en\u00e9 si historicky nev\u0161imnout \u010dlov\u011bka, kter\u00fd uzdravoval z\u00e1stupy, krmil hladov\u00e9 po tis\u00edc\u00edch jenom n\u011bkolika kousky chleba a ryb a kter\u00fd t\u00edm, co \u0159\u00edkal, po\u0161tval proti sob\u011b tehdej\u0161\u00ed \u017eidovsk\u00e9 veden\u00ed. Jeho uv\u011bzn\u011bn\u00ed, odsouzen\u00ed a poprava na k\u0159\u00ed\u017ei, byla ud\u00e1lost\u00ed, o kter\u00e9 se mluvilo po cel\u00e9m Judsku a n\u00e1sledn\u011b zasahovala i do historie \u0158\u00edmsk\u00e9ho imp\u00e9ria. \u00a0Je\u017e\u00ed\u0161 byl historickou postavou sv\u00e9 doby.<br \/>\nByl \u010dlov\u011bkem a choval se jako \u010dlov\u011bk. V\u00a0Bibli m\u016f\u017eeme \u010d\u00edst, \u017ee se dok\u00e1zal radovat, ale tak\u00e9 hn\u011bvat, byl velmi aktivn\u00ed, ale tak\u00e9 unaven\u00fd. Jedl, pil, spal. Byl pln\u00fd soucitu. Byl synem matky a bratrem pokrevn\u00edm sourozenc\u016fm. M\u011bl smrteln\u00e9 t\u011blo, kter\u00e9 mohlo b\u00fdt kdykoli zran\u011bn\u00e9, ze kter\u00e9ho tekla krev. Um\u0159el.<br \/>\nS\u00a0t\u00edm, \u017ee Je\u017e\u00ed\u0161 je historickou postavou nikdo nem\u016f\u017ee nic d\u011blat. To je dnes prok\u00e1zan\u00e9, ale co s t\u00edm, \u017ee Je\u017e\u00ed\u0161 Kristus je B\u016fh. D\u00e1 se to n\u011bjak prok\u00e1zat?\u00a0 I kdy\u017e v\u00a0kone\u010dn\u00e9 f\u00e1zi jde o v\u00edru v\u00a0Je\u017e\u00ed\u0161e jako Boha, je mnoho fakt\u016f, kter\u00e9 to mohou podep\u0159\u00edt.<\/p>\n<ol>\n<li>N\u011bkolik stalet\u00ed p\u0159ed jeho narozen\u00edm se o jeho p\u0159\u00edchodu zmi\u0148uj\u00ed proroctv\u00ed v\u00a0Bibli. Zmi\u0148uj\u00ed jeho narozen\u00ed z\u00a0panny a ud\u00e1losti, kter\u00e9 se kolem toho budou d\u00edt. Jeho odsouzen\u00ed a zp\u016fsob smrti. Jeho vzk\u0159\u00ed\u0161en\u00ed. Pokud se proroctv\u00ed naplnilo v\u00a0tom viditeln\u00e9m a prokazateln\u00e9m \u2013 tedy jeho narozen\u00ed, m\u00edsto narozen\u00ed, \u010das narozen\u00ed, jeho \u017eivot v\u00a0Egypt\u011b, slu\u017eba v Galilei, zrada a v\u00fd\u0161e odm\u011bny za zradu, pov\u011b\u0161en\u00ed mezi zlo\u010dince, uk\u0159i\u017eov\u00e1n\u00ed\u2026, pak nen\u00ed d\u016fvod nev\u011b\u0159it i ostatn\u00edm tvrzen\u00edm z\u00a0proroctv\u00ed o jeho Bo\u017estv\u00ed \u2013 jeho po\u010det\u00ed Duchem svat\u00fdm a narozen\u00ed z\u00a0panny a vzk\u0159\u00ed\u0161en\u00ed z\u00a0mrtv\u00fdch.<\/li>\n<li>Za sv\u00e9ho \u017eivota prokazoval sv\u00e9 Bo\u017estv\u00ed mnoha z\u00e1zraky. S\u00e1m o tom \u0159ekl: \u201e\u2026 pro\u010d mn\u011b, kter\u00e9ho Otec posv\u011btil a poslal na sv\u011bt, \u0159\u00edk\u00e1te: \u201aRouh\u00e1\u0161 se,\u2018 proto\u017ee jsem \u0159ekl: \u201aJsem Bo\u017e\u00ed Syn\u2018? \u00a0Ne\u010din\u00edm-li skutky sv\u00e9ho Otce, nev\u011b\u0159te mi! Jestli\u017ee je v\u0161ak \u010din\u00edm, a nev\u011b\u0159\u00edte mn\u011b, v\u011b\u0159te t\u011bm skutk\u016fm, abyste poznali a d\u00e1le pozn\u00e1vali, \u017ee Otec je ve mn\u011b a j\u00e1 v Otci.\u201c Toto \u0159\u00edk\u00e1 v\u00a0des\u00e1t\u00e9 kapitole Evangelia Jana.<\/li>\n<li>Jeho vyj\u00e1d\u0159en\u00ed jeho samotn\u00e9ho o sob\u011b: \u201eJ\u00e1 a Otec (<em>tedy B\u016fh<\/em>) jsme jedno!<\/li>\n<li>Po jeho vzk\u0159\u00ed\u0161en\u00ed se ukazoval po \u010dty\u0159icet dn\u016f jeho u\u010dedn\u00edk\u016fm.<\/li>\n<li>Jeho na nebe vzet\u00ed vid\u011blo t\u00e9m\u011b\u0159 p\u011bt set lid\u00ed.<\/li>\n<\/ol>\n<p>Tvrzen\u00ed, \u017ee Je\u017e\u00ed\u0161 byl bl\u00e1zen, kter\u00fd ze sebe ud\u011blal Boha a mu\u010dedn\u00edka, neobstoj\u00ed. Jak by mohli do dne\u0161n\u00edch dn\u016f citovat jeho slova u\u010denci v\u0161ech dob, v\u011bdci, u\u010ditel\u00e9, st\u00e1tn\u00edci. V\u017edy\u0165 pak i \u201en\u00e1\u0161\u201c Komensk\u00fd by se musel po\u010d\u00edtat za bl\u00e1zna, kter\u00fd v\u011b\u0159il bl\u00e1znu.<br \/>\nNejde ani o filosofii. Je\u017e\u00ed\u0161 Kristus se nestal filosofick\u00fdm pojmem, proto\u017ee v\u00a0jeho Jm\u00e9nu se nejen po cel\u00e1 stalet\u00ed otv\u00edralo mnoho sirot\u010dinc\u016f, domov\u016f pro seniory, nemocnic, \u0161kol v\u0161eho druhu, ale tak\u00e9 se d\u011blo a d\u011bje mnoho z\u00e1zrak\u016f v\u00a0uzdraven\u00ed, vzk\u0159\u00ed\u0161en\u00ed, prom\u011bn \u017eivot\u016f a charakter\u016f. Je\u017e\u00ed\u0161 Kristus nen\u00ed filosofi\u00ed, ale \u017eivotem. Praktick\u00fdm \u017eivotem, kter\u00fd dokazuje, \u017ee on je st\u00e1le \u017eiv\u00fdm Bohem, kter\u00e9mu jde o n\u00e1s, tak jak mu \u0161lo o lidi v\u00a0dob\u011b, kdy byl na zemi v\u00a0lidsk\u00e9m t\u011ble.<br \/>\nJe\u017e\u00ed\u0161 je jak cele \u010dlov\u011bkem, kter\u00fd proto zn\u00e1 a ch\u00e1pe lidsk\u00e9 \u017eivoty i s\u00a0jeho tr\u00e1pen\u00edm i radostmi. Je v\u0161ak tak\u00e9 pln\u011b Bohem, kter\u00fd je lidem st\u00e1le nabl\u00edzku a \u010dek\u00e1, a\u017e se k\u00a0n\u011bmu obr\u00e1t\u00edme \u2013 uv\u011b\u0159\u00edme.<\/p>\n","protected":false},"excerpt":{"rendered":"<p>Projel jsem mnoho m\u011bst jak v \u010cech\u00e1ch, na Slovensku, tak tak\u00e9 v ostatn\u00ed \u010d\u00e1sti Evropy.\u00a0 R\u00e1d se proch\u00e1z\u00edm jejich bulv\u00e1ry, ulicemi i uli\u010dkami. Ka\u017ed\u00e1 z\u00a0nich nese jm\u00e9no. Mnohem v\u00edce jmen mi nic ne\u0159\u00edkalo, dokonce ani m\u00edstn\u00edm, kdy\u017e jsem se jich ptal na to, \u010di ono jm\u00e9no. Zp\u011btn\u011b, kdy\u017e jsem nad t\u00edm p\u0159em\u00fd\u0161lel, uv\u011bdomil jsem si, &hellip; <a href=\"https:\/\/www.josefknoflicek.cz\/?page_id=3253\" class=\"more-link\">Pokra\u010dov\u00e1n\u00ed textu <span class=\"screen-reader-text\">KDO JE JE\u017d\u00cd\u0160 KRISTUS<\/span> <span class=\"meta-nav\">&rarr;<\/span><\/a><\/p>\n","protected":false},"author":2,"featured_media":0,"parent":3246,"menu_order":2,"comment_status":"closed","ping_status":"closed","template":"","meta":[],"_links":{"self":[{"href":"https:\/\/www.josefknoflicek.cz\/index.php?rest_route=\/wp\/v2\/pages\/3253"}],"collection":[{"href":"https:\/\/www.josefknoflicek.cz\/index.php?rest_route=\/wp\/v2\/pages"}],"about":[{"href":"https:\/\/www.josefknoflicek.cz\/index.php?rest_route=\/wp\/v2\/types\/page"}],"author":[{"embeddable":true,"href":"https:\/\/www.josefknoflicek.cz\/index.php?rest_route=\/wp\/v2\/users\/2"}],"replies":[{"embeddable":true,"href":"https:\/\/www.josefknoflicek.cz\/index.php?rest_route=%2Fwp%2Fv2%2Fcomments&post=3253"}],"version-history":[{"count":3,"href":"https:\/\/www.josefknoflicek.cz\/index.php?rest_route=\/wp\/v2\/pages\/3253\/revisions"}],"predecessor-version":[{"id":6750,"href":"https:\/\/www.josefknoflicek.cz\/index.php?rest_route=\/wp\/v2\/pages\/3253\/revisions\/6750"}],"up":[{"embeddable":true,"href":"https:\/\/www.josefknoflicek.cz\/index.php?rest_route=\/wp\/v2\/pages\/3246"}],"wp:attachment":[{"href":"https:\/\/www.josefknoflicek.cz\/index.php?rest_route=%2Fwp%2Fv2%2Fmedia&parent=3253"}],"curies":[{"name":"wp","href":"https:\/\/api.w.org\/{rel}","templated":true}]}}