{"id":328,"date":"2015-03-27T11:02:00","date_gmt":"2015-03-27T09:02:00","guid":{"rendered":"http:\/\/www.josefknoflicek.cz\/?page_id=328"},"modified":"2021-01-25T22:43:01","modified_gmt":"2021-01-25T21:43:01","slug":"slovo-nejen-pro-zeny-od-stani","status":"publish","type":"page","link":"https:\/\/www.josefknoflicek.cz\/?page_id=328","title":{"rendered":"Slovo nejen pro \u017eeny"},"content":{"rendered":"<p>Na t\u00e9to str\u00e1nce budou vych\u00e1zet osnovy vyu\u010dov\u00e1n\u00ed, kter\u00e9 vypracovala a pou\u017eila St\u00e1\u0148a na sestersk\u00fdch setk\u00e1n\u00edch ve sborech AS na Slovensku.<\/p>\n","protected":false},"excerpt":{"rendered":"<p>Na t\u00e9to str\u00e1nce budou vych\u00e1zet osnovy vyu\u010dov\u00e1n\u00ed, kter\u00e9 vypracovala a pou\u017eila St\u00e1\u0148a na sestersk\u00fdch setk\u00e1n\u00edch ve sborech AS na Slovensku.<\/p>\n","protected":false},"author":2,"featured_media":0,"parent":0,"menu_order":3,"comment_status":"open","ping_status":"open","template":"","meta":[],"_links":{"self":[{"href":"https:\/\/www.josefknoflicek.cz\/index.php?rest_route=\/wp\/v2\/pages\/328"}],"collection":[{"href":"https:\/\/www.josefknoflicek.cz\/index.php?rest_route=\/wp\/v2\/pages"}],"about":[{"href":"https:\/\/www.josefknoflicek.cz\/index.php?rest_route=\/wp\/v2\/types\/page"}],"author":[{"embeddable":true,"href":"https:\/\/www.josefknoflicek.cz\/index.php?rest_route=\/wp\/v2\/users\/2"}],"replies":[{"embeddable":true,"href":"https:\/\/www.josefknoflicek.cz\/index.php?rest_route=%2Fwp%2Fv2%2Fcomments&post=328"}],"version-history":[{"count":3,"href":"https:\/\/www.josefknoflicek.cz\/index.php?rest_route=\/wp\/v2\/pages\/328\/revisions"}],"predecessor-version":[{"id":331,"href":"https:\/\/www.josefknoflicek.cz\/index.php?rest_route=\/wp\/v2\/pages\/328\/revisions\/331"}],"wp:attachment":[{"href":"https:\/\/www.josefknoflicek.cz\/index.php?rest_route=%2Fwp%2Fv2%2Fmedia&parent=328"}],"curies":[{"name":"wp","href":"https:\/\/api.w.org\/{rel}","templated":true}]}}