{"id":3366,"date":"2017-07-31T14:50:24","date_gmt":"2017-07-31T13:50:24","guid":{"rendered":"http:\/\/www.josefknoflicek.cz\/?page_id=3366"},"modified":"2021-01-25T22:09:49","modified_gmt":"2021-01-25T21:09:49","slug":"odpusteni","status":"publish","type":"page","link":"https:\/\/www.josefknoflicek.cz\/?page_id=3366","title":{"rendered":"ODPU\u0160T\u011aN\u00cd"},"content":{"rendered":"<p>M\u016fj \u017eivot byl pln\u00fd toho, \u017ee jsem n\u011bkomu ubl\u00ed\u017eil. V\u010detn\u011b m\u011b samotn\u00e9ho. M\u00e9 sv\u011bdom\u00ed mi to p\u0159ipom\u00ednalo. Cht\u011bl jsem b\u00fdt dobr\u00fdm, ale d\u011blal jsem \u0161patn\u00e9 v\u011bci. M\u016f\u017eeme si namlouvat, \u017ee nejsme tak \u0161patn\u00ed, m\u016f\u017eeme se porovn\u00e1vat s\u00a0t\u011bmi, kte\u0159\u00ed jsou na tom mnohem h\u016f\u0159e ne\u017e my a pak si p\u0159ipadat jako and\u011bl\u00e9. Na\u0161e sv\u011bdom\u00ed n\u00e1s v\u0161ak usv\u011bd\u010duje. Nemus\u00ed to b\u00fdt hned kr\u00e1de\u017e, nev\u011bra apod. N\u011bkdy sta\u010d\u00ed z\u00e1vist, pomluva, \u0161patn\u00e9 my\u0161len\u00ed o druh\u00fdch, \u0161patn\u00e1 touha v\u00a0srdci, dvojakost atd. Nen\u00ed nikoho, kdo by nezh\u0159e\u0161il. To nen\u00ed ze mne, to \u0159\u00edk\u00e1 B\u016fh o lidech. A v\u011b\u0159te, \u017ee n\u00e1s v\u0161echny dokonale zn\u00e1.<\/p>\n<p>Vra\u0165me se k\u00a0m\u00e9mu sv\u011bdom\u00ed. Bylo zvl\u00e1\u0161tn\u00ed, \u017ee jsem tou\u017eil, aby mi n\u011bkdo odpustil. P\u0159esto\u017ee mi n\u011bkte\u0159\u00ed odpustili, st\u00e1le jsem c\u00edtil, \u017ee nesu b\u0159emeno toho, co jsem ud\u011blal. Tou\u017eil jsem se toho b\u0159emene zbavit, ale ne\u0161lo to. N\u011bkdy jsem si myslel, \u017ee se ho zbav\u00edm, kdy\u017e si za\u010dnu u\u017e\u00edvat, veselit se, jindy jsem se op\u00edjel, abych zapomn\u011bl, pak se zase na v\u0161echno vyka\u0161lal. P\u0159esto jsem v\u017edycky objevil, \u017ee ho t\u00e1hnu sebou d\u00e1le. P\u0159estal mne dokonce bavit samotn\u00fd \u017eivot.<\/p>\n<p>To, co mne na slovech o Je\u017e\u00ed\u0161i Kristu nejv\u00edce zaujalo, bylo, \u017ee mne chce zbavit tohoto b\u0159emene. \u017de mi chce jednou prov\u017edy odpustit. Tenkr\u00e1t jsem se rozhodl modlit se k\u00a0Je\u017e\u00ed\u0161i modlitbu za odpu\u0161t\u011bn\u00ed h\u0159\u00edch\u016f. Byla prost\u00e1. \u0158ekl jsem mu, jak jsem \u0161patn\u00fd, \u017ee ani nemohu najednou \u0159\u00edct v\u0161echno to \u0161patn\u00e9, co jsem ud\u011blal, ale v\u011b\u0159\u00edm v\u00a0jeho ob\u011b\u0165 na k\u0159\u00ed\u017ei za m\u011b. Pak jsem jen dodal \u201eodpus\u0165 mi, pros\u00edm. D\u00e1v\u00e1m ti sv\u016fj \u017eivot.\u201c Nemus\u00edte mi v\u011b\u0159it, ale okam\u017eit\u011b jsem c\u00edtil \u00falevu. Nejen \u00falevu, ale p\u0159ipadalo mi, \u017ee se vzn\u00e1\u0161\u00edm. Bylo to t\u00edm, \u017ee ze mne spadla t\u00edha v\u0161ech t\u011bch vin. T\u00edha, kter\u00e1 mne tla\u010dila a hrbila k\u00a0zemi. Bylo to n\u011bco nepopsateln\u00e9ho. A bylo to okam\u017eit\u00e9. Dlouho je\u0161t\u011b trvalo, ne\u017e jsem pochopil, co se to stalo a pro\u010d. Nic jsem nev\u011bd\u011bl o Bibli, o Bohu o Je\u017e\u00ed\u0161i. To v\u0161ak nebr\u00e1nilo Je\u017e\u00ed\u0161i mi hned odpustit.<\/p>\n<p>Setk\u00e1v\u00e1m se tak\u00e9 s\u00a0lidmi, kte\u0159\u00ed to nejsou schopni pochopit. \u0158\u00edkaj\u00ed si jak je mo\u017en\u00e9, \u017ee B\u016fh odpou\u0161t\u00ed t\u011bm, co n\u011bco zl\u00e9ho provedli. To nen\u00ed spravedliv\u00e9. M\u00edsto potrest\u00e1n\u00ed, kter\u00e9 si zaslou\u017e\u00ed, je jim v\u0161e odpu\u0161t\u011bn\u00e9. B\u016fh nen\u00ed spravedliv\u00fd. Jak j\u00e1 k\u00a0tomu p\u0159ijdu. Jsem poctiv\u00fd a druh\u00fd krade a ob\u011bma n\u00e1m bude stejn\u011b odpu\u0161t\u011bno. Oba budeme v\u00a0nebi?<\/p>\n<p>To odpu\u0161t\u011bn\u00ed \u2013 z\u00e1chrana je z\u00a0Bo\u017e\u00ed milosti. Bible o tom hovo\u0159\u00ed toto: \u00a0\u201eNebo\u0165 jste zachr\u00e1n\u011bni milost\u00ed skrze v\u00edru; a ta z\u00e1chrana nen\u00ed z v\u00e1s &#8212; je to Bo\u017e\u00ed dar; nen\u00ed na z\u00e1klad\u011b skutk\u016f, aby se nikdo nechlubil.\u201c (Efezsk\u00fdm druh\u00e1 kapitola) Milost nen\u00ed spravedliv\u00e1, milost je milost. Je to n\u011bco, co si nezaslou\u017e\u00edme, proto tomu \u0159\u00edk\u00e1me milost. B\u016fh v\u00ed, \u017ee ka\u017ed\u00fd \u010dlov\u011bk pot\u0159ebuje odpu\u0161t\u011bn\u00ed. Samospravedliv\u00fd \u010dlov\u011bk si naopak mysl\u00ed, \u017ee ONI \u2013 ti kolem m\u011b jsou vin\u00edci a pot\u0159ebuj\u00ed potrestat. A on s\u00e1m nepot\u0159ebuje milost, proto\u017ee on je spravedliv\u00fd.<\/p>\n<p>B\u016fh do n\u00e1s vlo\u017eil nejen sem\u00ednko v\u00edry, abychom ho hledali a abychom, a\u017e ho najdeme, j\u00edm zaplnili mezeru, kter\u00e1 n\u00e1s st\u00e1le nut\u00ed hledat smysl \u017eivota, ale tak\u00e9 n\u00e1m dal sv\u011bdom\u00ed. N\u011bkdy ho m\u00e1me hodn\u011b obalen\u00e9 tvrdou slupkou, ale m\u00e1me ho. Pokud ta slupka praskne, v\u00edme, \u017ee jsme h\u0159\u00ed\u0161n\u00edci a pot\u0159ebujeme odpu\u0161t\u011bn\u00ed. Sv\u011bdom\u00ed samotn\u00e9 n\u00e1m neodpust\u00ed, tak jako pravidla a z\u00e1kon. Jen n\u00e1m uk\u00e1\u017eou na na\u0161i \u0161patnost. V\u00a0modlitb\u011b, kterou Je\u017e\u00ed\u0161 u\u010dil sv\u00e9 u\u010dedn\u00edky, a kterou zn\u00e1me jako modlitba P\u00e1n\u011b, je: \u201e\u2026 a odpus\u0165 n\u00e1m, jako i my odpou\u0161t\u00edme na\u0161im vin\u00edk\u016fm\u2026\u201c. \u017divot mne nau\u010dil, \u017ee v\u011bt\u0161inou jsou schopni odpustit ti, kte\u0159\u00ed poznali, \u017ee i oni sami pot\u0159ebovali odpu\u0161t\u011bn\u00ed. Lid\u00e9, kte\u0159\u00ed se vid\u00ed jako dokonal\u00ed, v\u011bt\u0161inou neodpou\u0161t\u00ed, nebo neodpou\u0161t\u00ed bez podm\u00ednek. Odpust\u00edm ti, kdy\u017e\u2026<\/p>\n<p>B\u016fh n\u00e1m d\u00e1v\u00e1 milost, odpustil n\u00e1m bez podm\u00ednek. Je\u017e\u00ed\u0161 \u0161el dobrovoln\u011b na k\u0159\u00ed\u017e, i kdy\u017e jsme nebyli zm\u011bn\u011bn\u00ed, dokonal\u00ed ani bez h\u0159\u00edchu. V\u00a0tom je ta milost. Ta milost odpu\u0161t\u011bn\u00ed provin\u011bn\u00ed je pro ka\u017ed\u00e9ho, kter\u00fd v\u00a0to uv\u011b\u0159\u00ed. Pro mne i pro tebe. Pokud tomu neuv\u011b\u0159\u00ed\u0161, nem\u016f\u017ee\u0161 ji &#8211; milost a ani odpu\u0161t\u011bn\u00ed p\u0159ijmout. Pokud neuvid\u00ed\u0161, \u017ee pot\u0159ebuje\u0161 odpustit, nep\u0159ijme\u0161 odpu\u0161t\u011bn\u00ed, proto\u017ee si mysl\u00ed\u0161, \u017ee ho nepot\u0159ebuje\u0161, \u017ee je to pro jin\u00e9, hor\u0161\u00ed, ne\u017e jsi ty s\u00e1m. V\u011b\u0159 Bohu, ka\u017ed\u00fd pot\u0159ebujeme odpu\u0161t\u011bn\u00ed.<\/p>\n<p>Odpu\u0161t\u011bn\u00ed je jako vypr\u00e1n\u00ed \u0161pinav\u00e9ho oble\u010den\u00ed. Zbaven\u00ed ho star\u00e9 i nov\u00e9 \u0161p\u00edny. I na\u0161e du\u0161e pot\u0159ebuje vyprat a zbavit se \u0161pinav\u00fdch skvrn. T\u00edm, \u017ee p\u0159ich\u00e1z\u00edme k\u00a0Je\u017e\u00ed\u0161i a vyzn\u00e1v\u00e1me sv\u00e9 h\u0159\u00edchy, pros\u00edme za odpu\u0161t\u011bn\u00ed, na\u0161e du\u0161e je jako vypran\u00e1, ale ne v\u00a0prac\u00edm gelu, ale skrze krev Je\u017e\u00ed\u0161e, kter\u00fd ji prolil na k\u0159\u00ed\u017ei. Je to dokonal\u00e9 o\u010di\u0161t\u011bn\u00ed \u2013 odpu\u0161t\u011bn\u00ed vin, kter\u00e9 n\u00e1m ji\u017e nikdy B\u016fh nep\u0159ipomene. Prost\u011b ji\u017e p\u0159ed n\u00edm nejsou a nebr\u00e1n\u00ed n\u00e1m ve vztahu s\u00a0n\u00edm, nebr\u00e1n\u00ed n\u00e1m vej\u00edt do Bo\u017e\u00edho kr\u00e1lovstv\u00ed.<\/p>\n<p>Mo\u017en\u00e1 jsi ji\u017e po\u017e\u00e1dal Je\u017e\u00ed\u0161e o odpu\u0161t\u011bn\u00ed, a p\u0159esto jsi smutn\u00fd a nedok\u00e1\u017ee\u0161 se radovat. M\u016f\u017ee to b\u00fdt t\u00edm, \u017ee jsi nedok\u00e1zal odpustit s\u00e1m sob\u011b. Co jsi, \u017ee kdy\u017e ti B\u016fh odpustil, ty s\u00e1m sob\u011b nem\u016f\u017ee\u0161? Odpus\u0165 si. Prost\u011b se pod\u00edvej do zrcadla a \u0159ekni: \u201eVe jm\u00e9nu Je\u017e\u00ed\u0161 a pro jeho ob\u011b\u0165 ti, si odpou\u0161t\u00edm\u201c. Mo\u017en\u00e1 pot\u0159ebuje\u0161 odpustit jin\u00fdm. Ne\u010dekat a\u017e se zm\u011bn\u00ed, a\u017e se za\u010dnou chovat jinak. Prost\u011b odpustit bez podm\u00ednek. Je to tv\u00e9 rozhodnut\u00ed tak, jako to Je\u017e\u00ed\u0161ovo, kdy\u017e \u0161el na k\u0159\u00ed\u017e za tvoje h\u0159\u00edchy, ani\u017e by ti kladl podm\u00ednky.<\/p>\n","protected":false},"excerpt":{"rendered":"<p>M\u016fj \u017eivot byl pln\u00fd toho, \u017ee jsem n\u011bkomu ubl\u00ed\u017eil. V\u010detn\u011b m\u011b samotn\u00e9ho. M\u00e9 sv\u011bdom\u00ed mi to p\u0159ipom\u00ednalo. Cht\u011bl jsem b\u00fdt dobr\u00fdm, ale d\u011blal jsem \u0161patn\u00e9 v\u011bci. M\u016f\u017eeme si namlouvat, \u017ee nejsme tak \u0161patn\u00ed, m\u016f\u017eeme se porovn\u00e1vat s\u00a0t\u011bmi, kte\u0159\u00ed jsou na tom mnohem h\u016f\u0159e ne\u017e my a pak si p\u0159ipadat jako and\u011bl\u00e9. Na\u0161e sv\u011bdom\u00ed n\u00e1s v\u0161ak &hellip; <a href=\"https:\/\/www.josefknoflicek.cz\/?page_id=3366\" class=\"more-link\">Pokra\u010dov\u00e1n\u00ed textu <span class=\"screen-reader-text\">ODPU\u0160T\u011aN\u00cd<\/span> <span class=\"meta-nav\">&rarr;<\/span><\/a><\/p>\n","protected":false},"author":2,"featured_media":0,"parent":3246,"menu_order":8,"comment_status":"closed","ping_status":"closed","template":"","meta":[],"_links":{"self":[{"href":"https:\/\/www.josefknoflicek.cz\/index.php?rest_route=\/wp\/v2\/pages\/3366"}],"collection":[{"href":"https:\/\/www.josefknoflicek.cz\/index.php?rest_route=\/wp\/v2\/pages"}],"about":[{"href":"https:\/\/www.josefknoflicek.cz\/index.php?rest_route=\/wp\/v2\/types\/page"}],"author":[{"embeddable":true,"href":"https:\/\/www.josefknoflicek.cz\/index.php?rest_route=\/wp\/v2\/users\/2"}],"replies":[{"embeddable":true,"href":"https:\/\/www.josefknoflicek.cz\/index.php?rest_route=%2Fwp%2Fv2%2Fcomments&post=3366"}],"version-history":[{"count":1,"href":"https:\/\/www.josefknoflicek.cz\/index.php?rest_route=\/wp\/v2\/pages\/3366\/revisions"}],"predecessor-version":[{"id":3367,"href":"https:\/\/www.josefknoflicek.cz\/index.php?rest_route=\/wp\/v2\/pages\/3366\/revisions\/3367"}],"up":[{"embeddable":true,"href":"https:\/\/www.josefknoflicek.cz\/index.php?rest_route=\/wp\/v2\/pages\/3246"}],"wp:attachment":[{"href":"https:\/\/www.josefknoflicek.cz\/index.php?rest_route=%2Fwp%2Fv2%2Fmedia&parent=3366"}],"curies":[{"name":"wp","href":"https:\/\/api.w.org\/{rel}","templated":true}]}}