{"id":3372,"date":"2017-07-31T14:53:05","date_gmt":"2017-07-31T13:53:05","guid":{"rendered":"http:\/\/www.josefknoflicek.cz\/?page_id=3372"},"modified":"2021-01-25T22:09:50","modified_gmt":"2021-01-25T21:09:50","slug":"milost-sen-nebo-realita","status":"publish","type":"page","link":"https:\/\/www.josefknoflicek.cz\/?page_id=3372","title":{"rendered":"MILOST &#8211; SEN NEBO REALITA"},"content":{"rendered":"<p>Za\u017eili jste n\u011bkdy, \u017ee v\u00e1s vzal n\u011bkdo na milost?<\/p>\n<p>Byl \u010dlov\u011bk, kter\u00fd ve v\u011bzen\u00ed tr\u00e1vil n\u011bkolik let a je\u0161t\u011b n\u011bkolik let tam m\u011bl z\u016fstat. Dostal v\u0161ak prezidentskou milost. Necht\u011bl ji v\u0161ak p\u0159ijmout, proto\u017ee tvrdil, \u017ee byl odsouzen\u00fd nespravedliv\u011b za to, co neud\u011blal a milost se ud\u00edl\u00ed jen t\u011bm, kte\u0159\u00ed n\u011bco ud\u011blali a byli odsouzeni spravedliv\u011b.<\/p>\n<p>Nev\u00edm, jak to s\u00a0n\u00edm dopadlo. Pochopil jsem v\u0161ak z\u00a0toho, \u017ee milost je skute\u010dn\u011b n\u011bco nezaslou\u017een\u00e9ho. Na co nem\u00e1m n\u00e1rok, co si nemohu z\u00edskat dobr\u00fdmi skutky, co nemohu vym\u011bnit za slib, \u017ee budu dobr\u00fd a lep\u0161\u00ed. Pokud bych to tak ud\u011blal, p\u0159estala by fungovat milost, ale byl by to n\u011bjak\u00fd v\u00fdm\u011bnn\u00fd obchod. N\u011bco za n\u011bco, nebo dom\u00e1h\u00e1n\u00ed se n\u00e1roku. \u010casto tento zp\u016fsob funguje u n\u00e1s lid\u00ed a p\u0159edev\u0161\u00edm u rodi\u010d\u016f v\u016f\u010di d\u011btem a d\u011bt\u00ed v\u016f\u010di rodi\u010d\u016fm. J\u00e1 ti to odpust\u00edm, ale mus\u00ed\u0161 se prvn\u011b chovat jinak, j\u00e1 ti budu pom\u00e1hat, ale ty mi bude\u0161 vd\u011b\u010dn\u00fd, j\u00e1 budu st\u00e1t za tebou, ale jen pokud si ji\/ho nevezme\u0161\u2026<\/p>\n<p>I my sami n\u011bkdy takovou podm\u00edn\u011bnou pomoc nab\u00edz\u00edme a mysl\u00edme si, \u017ee jsme pln\u00ed milosti v\u016f\u010di \u010dlov\u011bku. Nejsme. Milost nem\u00e1 podm\u00ednky. Dokonal\u00e1, Bo\u017e\u00ed milost je bez podm\u00ednek.<\/p>\n<p>\u0158\u00edman\u016fm 5:7-8 \u00a0<strong>Sotva kdo podstoup\u00ed smrt za spravedliv\u00e9ho, i kdy\u017e za dobr\u00e9ho by se snad n\u011bkdo i odv\u00e1\u017eil zem\u0159\u00edt. B\u016fh v\u0161ak projevuje svou l\u00e1sku k n\u00e1m t\u00edm, \u017ee Kristus za n\u00e1s zem\u0159el, kdy\u017e jsme je\u0161t\u011b byli h\u0159\u00ed\u0161n\u00ed. <\/strong>V\u00a0tom je ta milost. Zem\u0159el, kdy\u017e jme, byli h\u0159\u00ed\u0161n\u00ed. Ned\u00e1val si podm\u00ednku, mus\u00ed\u0161 se zm\u011bnit a j\u00e1 pak za tebe zem\u0159u. Nem\u011bl \u017e\u00e1dnou podm\u00ednku, dokonce, ani kdy\u017e v\u011bd\u011bl, co v\u0161echno budeme d\u011blat a jak od n\u011bho ut\u00edkat. Jsou zn\u00e1m\u00e9 p\u0159\u00edpady, kdy se n\u011bkdo za v\u00e1lky ob\u011btoval za jin\u00e9. Vzal na sebe vinu, aby nebyla potrestan\u00e1 cel\u00e1 vesnice a podobn\u011b, ale je\u0161t\u011b sem nesly\u0161el, \u017ee by n\u011bkdo za druh\u00e9ho ob\u011btoval vlastn\u00ed d\u00edt\u011b. Mo\u017en\u00e1 se to n\u011bkde stalo, ale j\u00e1 o tom nev\u00edm. V\u00edm ale, \u017ee B\u016fh to ud\u011blal.<\/p>\n<p>Je n\u011bco, co bychom mohli nab\u00eddnout Bohu, abychom to vyrovnali? Ne nen\u00ed. Nem\u00e1me nic, \u010d\u00edm bychom mohli Bohu oplatit. To je pr\u00e1v\u011b ta Bo\u017e\u00ed milost. Je to jednostrann\u00e1 Bo\u017e\u00ed pomoc, dar a ob\u011b\u0165 ve vztahu k\u00a0n\u00e1m osobn\u011b. Proto\u017ee v\u0161ichni neseme n\u011bjak\u00fd h\u0159\u00edch, v\u0161ichni pot\u0159ebujeme tuto Bo\u017e\u00ed milost. B\u016fh ji dal. Je v\u0161ude a pro ka\u017ed\u00e9ho \u010dlov\u011bka. Pro\u010d ji v\u0161ak lid\u00e9 nep\u0159ij\u00edmaj\u00ed? Nebo jen m\u00e1lo?<\/p>\n<p>Je to t\u00edm, \u017ee si bu\u010f mysl\u00ed, \u017ee nejsou n\u011b\u010deho takov\u00e9ho hodni a cht\u011bj\u00ed si sv\u00e9 nepravosti n\u011bjak odslou\u017eit, napravit. To v\u0161ak pak zavrhuj\u00ed milost, kter\u00e1 se ned\u00e1 z\u00edskat dobr\u00fdmi skutky. Ona je a my si j\u00ed mus\u00edme p\u0159ivlastnit. P\u0159ijmout ji. Pokud se ji sna\u017e\u00edm n\u011bjak zaslou\u017eit, p\u0159ich\u00e1z\u00edme o ni a nem\u016f\u017eeme ji uvid\u011bt, proto\u017ee se spol\u00e9h\u00e1me sami na sebe a svoje \u010diny v\u00edce, ne\u017e na Bo\u017e\u00ed milosrdenstv\u00ed s n\u00e1mi. Pak jsou dal\u0161\u00ed, ti ji nejsou schopni p\u0159ijmout, proto\u017ee tak jako ten v\u011bze\u0148 si mysl\u00ed, \u017ee ji nepot\u0159ebuj\u00ed, \u017ee jsou dob\u0159\u00ed a spravedliv\u00ed. Op\u011bt je to spol\u00e9h\u00e1n\u00ed na svoji svatost, na svoji spravedlnost a na sebe sam\u00e9ho. Do t\u00e9 doby dokud to takto vid\u00edm, jsem st\u00e1le pod soudem, ne pod milost\u00ed. Kdy\u017e pak p\u0159ijdou t\u011b\u017ekosti, p\u00e1dy za\u010dneme si na Boha st\u011b\u017eovat, \u017ee nen\u00ed spravedliv\u00fd. Je to t\u00edm, \u017ee jsme nezakusili jeho milost. Proto\u017ee jsme ji odm\u00edtli a chceme b\u00fdt hodnoceni Bohem podle sv\u00fdch skutk\u016f, ale t\u00edm i podle \u0161patn\u00fdch v\u011bc\u00ed a ne jeho milost\u00ed, kter\u00e1 p\u0159ikr\u00fdv\u00e1 a odd\u011bluje n\u00e1s od na\u0161ich h\u0159\u00edch\u016f.<\/p>\n<p>Bo\u017e\u00ed milost n\u00e1s stav\u00ed mimo Bo\u017e\u00ed soud.<\/p>\n<p><strong>Efezsk\u00fdm 2:8-9 \u00a0Nebo\u0165 jste zachr\u00e1n\u011bni milost\u00ed skrze v\u00edru; a ta z\u00e1chrana nen\u00ed z v\u00e1s &#8212; je to Bo\u017e\u00ed dar; nen\u00ed na z\u00e1klad\u011b skutk\u016f, aby se nikdo nechlubil.<\/strong><\/p>\n<p>Kdy\u017e prezident V\u00e1clav Havel ud\u011blil po sv\u00e9m zvolen\u00ed v\u0161eobecnou amnestii \u2013 dal milost v\u0161em. Nikdo z\u00a0tehdej\u0161\u00edch v\u011bz\u0148\u016f se nemohl chlubit t\u00edm, \u017ee ji dostal, proto\u017ee byl lep\u0161\u00ed ne\u017e ten druh\u00fd. Nebo \u017ee se ve v\u011bzen\u00ed choval l\u00e9pe, ne\u017e ten druh\u00fd. Ne\u0161lo o to, zda n\u011bkdo sp\u00e1chal men\u0161\u00ed trestn\u00ed \u010din, nebo v\u011bt\u0161\u00ed. Men\u0161\u00ed h\u0159\u00edch, nebo v\u011bt\u0161\u00ed. V\u0161ichni dostali od n\u011bho stejnou milost. Kdo v\u0161ak se z\u00a0nich v\u00edce radoval? Ten, kter\u00e9mu se odpustil jen m\u011bs\u00edc, proto\u017ee za m\u011bs\u00edc m\u011bl jit dom\u016f, nebo ten, kter\u00fd m\u011bl ve v\u011bzen\u00ed z\u016fstat je\u0161t\u011b p\u011bt let. Tak je to i s n\u00e1mi. Jsme v\u011bzni sv\u00e9 h\u0159\u00ed\u0161nosti a milost je p\u0159\u00edmo \u00fam\u011brn\u00e1 s\u00a0m\u00edrou jej\u00edho p\u0159izn\u00e1n\u00ed p\u0159ed Bohem. Pokud se m\u011b\u0159\u00edme s\u00a0lidmi, vn\u00edm\u00e1me, \u017ee jsme n\u011bkdy na tom h\u016f\u0159 ne\u017e oni, jindy l\u00e9pe. \u010casto pak poukazujeme na jin\u00e9. \u201eAle co on? J\u00e1 p\u0159ece nejsem jako oni. To nen\u00ed spravedliv\u00e9\u2026\u201c M\u00e1me se v\u0161ak v\u00a0t\u00e9to oblasti pom\u011b\u0159it s\u00a0Kristem. Pak uvid\u00edme sami sebe ve sv\u011btle pravdy a tak\u00e9 najednou pozn\u00e1me, jak moc a jak velkou milost Bo\u017e\u00ed pot\u0159ebujeme, Najednou se n\u00e1m stane realitou a nebude jenom snem.<\/p>\n<p>Pot\u0159ebujeme ji p\u0159ijmout pro na\u0161i z\u00e1chranu, ale tak\u00e9 v\u00a0n\u00ed \u017e\u00edt a \u010derpat po cel\u00fd dal\u0161\u00ed \u017eivot. O tom v\u0161ak zase p\u0159\u00ed\u0161t\u011b.<\/p>\n<p>&nbsp;<\/p>\n","protected":false},"excerpt":{"rendered":"<p>Za\u017eili jste n\u011bkdy, \u017ee v\u00e1s vzal n\u011bkdo na milost? Byl \u010dlov\u011bk, kter\u00fd ve v\u011bzen\u00ed tr\u00e1vil n\u011bkolik let a je\u0161t\u011b n\u011bkolik let tam m\u011bl z\u016fstat. Dostal v\u0161ak prezidentskou milost. Necht\u011bl ji v\u0161ak p\u0159ijmout, proto\u017ee tvrdil, \u017ee byl odsouzen\u00fd nespravedliv\u011b za to, co neud\u011blal a milost se ud\u00edl\u00ed jen t\u011bm, kte\u0159\u00ed n\u011bco ud\u011blali a byli odsouzeni spravedliv\u011b. &hellip; <a href=\"https:\/\/www.josefknoflicek.cz\/?page_id=3372\" class=\"more-link\">Pokra\u010dov\u00e1n\u00ed textu <span class=\"screen-reader-text\">MILOST &#8211; SEN NEBO REALITA<\/span> <span class=\"meta-nav\">&rarr;<\/span><\/a><\/p>\n","protected":false},"author":2,"featured_media":0,"parent":3246,"menu_order":10,"comment_status":"closed","ping_status":"closed","template":"","meta":[],"_links":{"self":[{"href":"https:\/\/www.josefknoflicek.cz\/index.php?rest_route=\/wp\/v2\/pages\/3372"}],"collection":[{"href":"https:\/\/www.josefknoflicek.cz\/index.php?rest_route=\/wp\/v2\/pages"}],"about":[{"href":"https:\/\/www.josefknoflicek.cz\/index.php?rest_route=\/wp\/v2\/types\/page"}],"author":[{"embeddable":true,"href":"https:\/\/www.josefknoflicek.cz\/index.php?rest_route=\/wp\/v2\/users\/2"}],"replies":[{"embeddable":true,"href":"https:\/\/www.josefknoflicek.cz\/index.php?rest_route=%2Fwp%2Fv2%2Fcomments&post=3372"}],"version-history":[{"count":1,"href":"https:\/\/www.josefknoflicek.cz\/index.php?rest_route=\/wp\/v2\/pages\/3372\/revisions"}],"predecessor-version":[{"id":3373,"href":"https:\/\/www.josefknoflicek.cz\/index.php?rest_route=\/wp\/v2\/pages\/3372\/revisions\/3373"}],"up":[{"embeddable":true,"href":"https:\/\/www.josefknoflicek.cz\/index.php?rest_route=\/wp\/v2\/pages\/3246"}],"wp:attachment":[{"href":"https:\/\/www.josefknoflicek.cz\/index.php?rest_route=%2Fwp%2Fv2%2Fmedia&parent=3372"}],"curies":[{"name":"wp","href":"https:\/\/api.w.org\/{rel}","templated":true}]}}