{"id":3376,"date":"2017-07-31T14:55:41","date_gmt":"2017-07-31T13:55:41","guid":{"rendered":"http:\/\/www.josefknoflicek.cz\/?page_id=3376"},"modified":"2021-01-25T22:09:50","modified_gmt":"2021-01-25T21:09:50","slug":"kdo-je-duch-svaty","status":"publish","type":"page","link":"https:\/\/www.josefknoflicek.cz\/?page_id=3376","title":{"rendered":"KDO JE DUCH SVAT\u00dd"},"content":{"rendered":"<p>V\u00a0p\u0159edchoz\u00edch lekc\u00edch jsem se n\u011bkolikr\u00e1t zm\u00ednil o Duchu svat\u00e9m, nebo o tom, \u017ee B\u016fh n\u00e1s mn\u011bn\u00ed uvnit\u0159 n\u00e1s samotn\u00fdch, n\u00e1\u0161 charakter, na\u0161e nitro, na\u0161e my\u0161len\u00ed. Pravd\u011bpodobn\u011b jste se zam\u00fd\u0161leli nad t\u00edm, jak to d\u011bl\u00e1. D\u011bl\u00e1 to skrze pr\u00e1ci a p\u0159\u00edtomnost Ducha svat\u00e9ho. Ot\u00e1zkou je, kdo je Duch svat\u00fd.<\/p>\n<p>Duch svat\u00fd je jedna ze t\u0159\u00ed osob Bo\u017e\u00ed Trojice. Velmi zjednodu\u0161en\u011b je Bo\u017e\u00ed Trojice Otec, Syn a Duch svat\u00fd. Otec-B\u016fh-Hospodin je v\u0161ude p\u0159\u00edtomn\u00fd, je t\u00edm kdo rozhoduje a ur\u010duje, Syn- Je\u017e\u00ed\u0161 Kristus je B\u016fh, kter\u00fd p\u0159i\u0161el v t\u011ble, nebo m\u016f\u017eeme \u0159\u00edct, \u017ee byl posl\u00e1n Otcem, aby se ob\u011btoval za n\u00e1s. Proto Spasitel, Zachr\u00e1nce. Jak Otec p\u0159em\u00fd\u0161l\u00ed, tak p\u0159em\u00fd\u0161l\u00ed tak\u00e9 Syn, jak d\u011bl\u00e1 Otec, tak d\u011bl\u00e1 Syn, jak mluv\u00ed Otec, tak mluv\u00ed Syn k lidem. Jsou v\u00a0tom jedno. Otec zjevil s\u00e1m sebe v\u00a0Synu, v\u00a0jeho slovech a skutc\u00edch a svoji l\u00e1sku k\u00a0\u010dlov\u011bku v\u00a0Synov\u011b ob\u011bti na k\u0159\u00ed\u017ei. (Je\u017e\u00ed\u0161 \u0159\u00edk\u00e1, \u017ee kdo vid\u00ed jeho, vid\u00ed Otce) Duch svat\u00fd tak\u00e9 jedn\u00e1 tak, jak jedn\u00e1 Otec a Syn, p\u0159em\u00fd\u0161l\u00ed, c\u00edt\u00ed a mluv\u00ed a jedn\u00e1 jako Otec a Syn a je jedno se Synem i Otcem, on je v\u0161ak \u0159ekn\u011bme obrazn\u011b v\u00fdkonnou osobou Bo\u017e\u00ed Trojice. On kon\u00e1 tady na zemi. Zastupuje Krista na zemi. Je o n\u011bm zm\u00ednka hned v\u00a0prvn\u00edch ver\u0161\u00edch Bible. V\u00a0druh\u00e9m ver\u0161i se p\u00ed\u0161e: <strong>Zem\u011b byla pust\u00e1 a pr\u00e1zdn\u00e1, temnota byla nad hlubinou a Duch Bo\u017e\u00ed se vzn\u00e1\u0161el nad vodami. <\/strong>Duch svat\u00fd je sice v\u00fdkonn\u00e1 moc, ale je to p\u0159edev\u0161\u00edm osoba, stejn\u011b jako Kristus, kter\u00e9ho chce v\u017edy Duch svat\u00fd vyv\u00fd\u0161it a oslavit. \u00a0M\u00e1 v\u016fli, m\u00e1 city, m\u016f\u017eeme ho pot\u011b\u0161it, nebo zarmoutit, p\u0159imlouv\u00e1 se za n\u00e1s atd. T\u00edm, \u017ee je duch a nen\u00ed v\u00a0t\u011ble jako Kristus, m\u016f\u017ee b\u00fdt na mnoha m\u00edstech najednou. M\u016f\u017ee konat v\u00a0Americe i v\u00a0Evrop\u011b nebo v\u00a0Austr\u00e1lii najednou. M\u016f\u017ee b\u00fdt v\u0161ude a p\u0159itom jednat v\u00a0jednotlivostech a dot\u00fdkat se jednotlivc\u016f po cel\u00e9m sv\u011bt\u011b.<\/p>\n<p>Mus\u00edme si uv\u011bdomit, \u017ee Duch svat\u00fd byl u v\u0161eho, co B\u016fh d\u011blal. N\u011bkdy m\u00e1me p\u0159edstavu, \u017ee p\u0159ed t\u00edm ne\u017e sestoupil na Je\u017e\u00ed\u0161ovy u\u010dedn\u00edky o Letnic\u00edch, Duch svat\u00fd na zemi nebyl, ale nen\u00ed to tak. Duch svat\u00fd byl nejen u Bo\u017e\u00edch skutk\u016f, ale tak\u00e9 sestupoval na jedince, na kter\u00e9 byl Bohem Otcem sesl\u00e1n. Na proroky, skrze kter\u00e9 mluvil a psal prorock\u00e9 knihy, jednal a konal z\u00e1zraky, na soudce, skrze kter\u00e9 vysvobozoval Izrael, na kr\u00e1le skrze kter\u00e9 vedl Bo\u017e\u00ed lid, na jednotlivce, kter\u00e9 pou\u017e\u00edval k\u00a0napln\u011bn\u00ed Bo\u017e\u00ed v\u016fle a zasl\u00edben\u00ed, kter\u00e9 lidem dal. Jana K\u0159titele, Marii, Je\u017e\u00ed\u0161e, Simeona a mnoho dal\u0161\u00edch. D\u00edlo Ducha svat\u00e9ho m\u016f\u017eeme vid\u011bt v\u0161ude, od stvo\u0159en\u00ed sv\u011bta a\u017e dodnes. P\u0159esto se o zm\u00edn\u011bn\u00fdch sv\u00e1tc\u00edch, na Letnice n\u011bco z\u00e1sadn\u011b zm\u011bnilo. Duch svat\u00fd byl sesl\u00e1n, d\u00e1n, vylit pro v\u0161echny, kte\u0159\u00ed uv\u011b\u0159ili v\u00a0Je\u017e\u00ed\u0161e. <strong>Jan 7:38 \u00a0Kdo v\u011b\u0159\u00ed ve mne, jak prav\u00ed P\u00edsmo, \u0159eky \u017eiv\u00e9 vody poplynou z jeho nitra!\u201c To \u0159ekl o Duchu, kter\u00e9ho m\u011bli p\u0159ijmout ti, kte\u0159\u00ed v n\u011bho uv\u011b\u0159ili; dosud toti\u017e Duch svat\u00fd nebyl d\u00e1n, proto\u017ee Je\u017e\u00ed\u0161 je\u0161t\u011b nebyl oslaven. <\/strong>Kristus, kdy\u017e odch\u00e1zel do nebe, aby tam byl po pravici Bo\u017e\u00ed, zasl\u00edbil sv\u00fdm u\u010dedn\u00edk\u016fm, \u017ee je nenech\u00e1 osi\u0159el\u00e9, ale po\u0161le jim sob\u011b rovn\u00e9ho zast\u00e1nce \u2013 Ducha svat\u00e9ho. <strong>Jan 14:16 \u00a0A j\u00e1 po\u017e\u00e1d\u00e1m Otce a on v\u00e1m d\u00e1 jin\u00e9ho Zast\u00e1nce, aby byl s v\u00e1mi na v\u011b\u010dnost &#8212; Jan 14:26 \u00a0Ale Zast\u00e1nce, Duch Svat\u00fd, kter\u00e9ho Otec po\u0161le v m\u00e9m jm\u00e9nu, ten v\u00e1s nau\u010d\u00ed v\u0161emu a p\u0159ipomene v\u00e1m v\u0161echno, co jsem v\u00e1m \u0159ekl.<\/strong> A nejen to, ale tak\u00e9 bude pozn\u00e1vac\u00edm znamen\u00ed pro ty, kte\u0159\u00ed Kristu pat\u0159\u00ed a kte\u0159\u00ed ne. <strong>\u0158\u00edman\u016fm 8:9 \u00a0Vy v\u0161ak nejste v t\u011ble, ale v Duchu, pokud ve v\u00e1s vskutku Duch Bo\u017e\u00ed p\u0159eb\u00fdv\u00e1.<\/strong> <strong>Jestli\u017ee v\u0161ak n\u011bkdo nem\u00e1 Kristova ducha, ten nen\u00ed jeho.<\/strong> Nebude jenom n\u011bkde nad n\u00e1mi nebo vedle n\u00e1s, ale v\u00a0n\u00e1s. B\u016fh s\u00e1m se rozhodl, \u017ee bude v\u00a0lidech. Ud\u011blal si z\u00a0v\u011b\u0159\u00edc\u00edho \u010dlov\u011bka sv\u016fj chr\u00e1m, sv\u016fj p\u0159\u00edbytek. <strong>Jan 14:17 Ducha pravdy, jej\u017e sv\u011bt nem\u016f\u017ee p\u0159ijmout, proto\u017ee ho nevid\u00ed ani nezn\u00e1. Vy jej zn\u00e1te, nebo\u0165 u v\u00e1s z\u016fst\u00e1v\u00e1 a ve v\u00e1s bude.<\/strong> Proto k\u0159es\u0165an, m\u016f\u017ee \u0159\u00edct, \u017ee chod\u00ed s\u00a0Bohem, nebo \u017ee Kristus je v\u00a0jeho srdci apod. Jeho p\u0159\u00edtomnost ve v\u011b\u0159\u00edc\u00edm \u010dlov\u011bku m\u00e1 zna\u010dn\u00fd vliv na jeho \u017eivot, ale o tom a\u017e p\u0159\u00ed\u0161t\u011b. Dnes se je\u0161t\u011b zastavme u toho, jak m\u016f\u017eeme p\u0159ijmout Ducha svat\u00e9ho do sv\u00fdch \u017eivot\u016f. Pokud \u010dlov\u011bk uv\u011b\u0159\u00ed v\u00a0Je\u017e\u00ed\u0161e Krista, jako sv\u00e9ho osobn\u00edho spasitele a Bo\u017e\u00edho Syna, m\u00e1 pr\u00e1vo st\u00e1t se Bo\u017e\u00edm d\u00edt\u011btem. Narodit se znovu z\u00a0Ducha svat\u00e9ho. Tedy t\u00edm, \u017ee p\u0159ijme Ducha svat\u00e9 do sv\u00e9ho \u017eivota a ten za\u010dne v n\u011bm prom\u011b\u0148ovat jeho charakter do podoby Je\u017e\u00ed\u0161e Krista, ale tak\u00e9 ho vybav\u00ed sv\u00fdmi duchovn\u00edmi dary, skrze kter\u00e9, pak m\u016f\u017ee v\u011b\u0159\u00edc\u00ed slou\u017eit. P\u0159ijmout Ducha svat\u00e9 m\u016f\u017eeme, kdy\u017e se za to modl\u00ed jin\u00fd Duchem napln\u011bn\u00fd v\u011b\u0159\u00edc\u00ed a vkl\u00e1d\u00e1 na n\u00e1s ruce, nebo kdy\u017e o to pros\u00edme my sami a tou\u017e\u00edme b\u00fdt napln\u011bni Duchem. Jindy m\u016f\u017eeme b\u00fdt napln\u011bni p\u0159i \u010dten\u00ed P\u00edsma, nebo p\u0159i k\u00e1z\u00e1n\u00ed evangelia. Ale tak\u00e9 se to m\u016f\u017ee st\u00e1t, kdy\u017e jsme jen tak na ulici, nebo p\u0159i n\u00e1kupu apod. Zp\u016fsob je na Duchu svat\u00e9m. Pro n\u00e1s je d\u016fle\u017eit\u00e9 tou\u017eit napl\u0148ovat to, co n\u00e1m \u0159\u00edk\u00e1 Je\u017e\u00ed\u0161, \u017ee m\u00e1me d\u011blat. Tou\u017eit se st\u00e1t jeho skute\u010dn\u00fdm u\u010dedn\u00edkem. To nen\u00ed mo\u017en\u00e9 bez Ducha svat\u00e9ho. Nem\u016f\u017eeme \u017e\u00edt Bo\u017e\u00ed \u017eivot, bez Boha \u2013 Ducha svat\u00e9ho v\u00a0n\u00e1s.<\/p>\n","protected":false},"excerpt":{"rendered":"<p>V\u00a0p\u0159edchoz\u00edch lekc\u00edch jsem se n\u011bkolikr\u00e1t zm\u00ednil o Duchu svat\u00e9m, nebo o tom, \u017ee B\u016fh n\u00e1s mn\u011bn\u00ed uvnit\u0159 n\u00e1s samotn\u00fdch, n\u00e1\u0161 charakter, na\u0161e nitro, na\u0161e my\u0161len\u00ed. Pravd\u011bpodobn\u011b jste se zam\u00fd\u0161leli nad t\u00edm, jak to d\u011bl\u00e1. D\u011bl\u00e1 to skrze pr\u00e1ci a p\u0159\u00edtomnost Ducha svat\u00e9ho. Ot\u00e1zkou je, kdo je Duch svat\u00fd. Duch svat\u00fd je jedna ze t\u0159\u00ed osob &hellip; <a href=\"https:\/\/www.josefknoflicek.cz\/?page_id=3376\" class=\"more-link\">Pokra\u010dov\u00e1n\u00ed textu <span class=\"screen-reader-text\">KDO JE DUCH SVAT\u00dd<\/span> <span class=\"meta-nav\">&rarr;<\/span><\/a><\/p>\n","protected":false},"author":2,"featured_media":0,"parent":3246,"menu_order":12,"comment_status":"closed","ping_status":"closed","template":"","meta":[],"_links":{"self":[{"href":"https:\/\/www.josefknoflicek.cz\/index.php?rest_route=\/wp\/v2\/pages\/3376"}],"collection":[{"href":"https:\/\/www.josefknoflicek.cz\/index.php?rest_route=\/wp\/v2\/pages"}],"about":[{"href":"https:\/\/www.josefknoflicek.cz\/index.php?rest_route=\/wp\/v2\/types\/page"}],"author":[{"embeddable":true,"href":"https:\/\/www.josefknoflicek.cz\/index.php?rest_route=\/wp\/v2\/users\/2"}],"replies":[{"embeddable":true,"href":"https:\/\/www.josefknoflicek.cz\/index.php?rest_route=%2Fwp%2Fv2%2Fcomments&post=3376"}],"version-history":[{"count":1,"href":"https:\/\/www.josefknoflicek.cz\/index.php?rest_route=\/wp\/v2\/pages\/3376\/revisions"}],"predecessor-version":[{"id":3377,"href":"https:\/\/www.josefknoflicek.cz\/index.php?rest_route=\/wp\/v2\/pages\/3376\/revisions\/3377"}],"up":[{"embeddable":true,"href":"https:\/\/www.josefknoflicek.cz\/index.php?rest_route=\/wp\/v2\/pages\/3246"}],"wp:attachment":[{"href":"https:\/\/www.josefknoflicek.cz\/index.php?rest_route=%2Fwp%2Fv2%2Fmedia&parent=3376"}],"curies":[{"name":"wp","href":"https:\/\/api.w.org\/{rel}","templated":true}]}}