{"id":3383,"date":"2017-07-31T14:59:08","date_gmt":"2017-07-31T13:59:08","guid":{"rendered":"http:\/\/www.josefknoflicek.cz\/?page_id=3383"},"modified":"2021-01-25T22:09:50","modified_gmt":"2021-01-25T21:09:50","slug":"proc-je-tolik-cirkvi","status":"publish","type":"page","link":"https:\/\/www.josefknoflicek.cz\/?page_id=3383","title":{"rendered":"PRO\u010c JE TOLIK C\u00cdRKV\u00cd"},"content":{"rendered":"<p>Pro\u010d je tolik c\u00edrkv\u00ed? Stejn\u011b bych se mohl zeptat: Pro\u010d je tolik rod\u016f v\u00a0Izraeli? Pro\u010d jich je dvan\u00e1ct? Izrael m\u011bl v\u017edy dvan\u00e1ct kmen\u016f, ale byl stejn\u011b jedn\u00edm n\u00e1rodem. Aspo\u0148 to platilo do doby, dokud nad nimi panoval p\u0159\u00edmo B\u016fh a ne kr\u00e1lov\u00e9.<\/p>\n<p>Za\u010dtu-li se do d\u011bjin Izraele, vid\u00edm kmeny, kter\u00e9 byly velmi samostatn\u00e9, kter\u00e9 m\u011bly sv\u00e9 kmenov\u00e9 v\u016fdce, v\u016fdce jednotliv\u00fdch rodin. Izraelit\u00e9 byli v\u017edy velmi samostatn\u00ed, nez\u00e1visl\u00ed, jednotliv\u00e9 kmeny m\u011bly sv\u00e1 \u00fazem\u00ed, sv\u00e9 kn\u011bze, p\u0159esto v\u0161ak tvo\u0159ili jeden n\u00e1rod. B\u016fh jim ve zl\u00fdch dob\u00e1ch povol\u00e1val soudce, kte\u0159\u00ed je dok\u00e1zali nejen sjednotit do boje, ale tak\u00e9 soudili jejich spory. P\u0159esto jim soudcov\u00e9 nevl\u00e1dli. Byl to B\u016fh, kter\u00fd vl\u00e1dl v\u00a0jednotliv\u00fdch kmenech. \u017d\u00e1dn\u00fd z\u00a0t\u011bch kmen\u016f nebyl p\u0159ed Bohem d\u016fle\u017eit\u011bj\u0161\u00ed ne\u017e ten druh\u00fd. Pro Boha byly v\u0161echny kmeny jeho milovan\u00fdm lidem, kter\u00fd si vyvolil. B\u016fh si nep\u0159\u00e1l, aby mezi nimi a j\u00edm byl n\u011bjak\u00fd dal\u0161\u00ed stupe\u0148 veden\u00ed. Nep\u0159\u00e1l si, aby poslouchali a klan\u011bli se n\u011bjak\u00e9mu \u010dlov\u011bku a byli odk\u00e1z\u00e1ni na jeho rozhodnut\u00ed a \u010diny. Necht\u011bl, aby m\u011bli nad sebou lidsk\u00e9ho p\u00e1na. Cht\u011bl b\u00fdt st\u00e1le on s\u00e1m jejich Kr\u00e1lem a P\u00e1nem.<\/p>\n<p>Toto zvl\u00e1\u0161tn\u00ed uspo\u0159\u00e1d\u00e1n\u00ed m\u011blo slou\u017eit k\u00a0Bo\u017e\u00ed sl\u00e1v\u011b. V\u017edy\u0165 pr\u00e1v\u011b na tolika nez\u00e1visl\u00fdch kmenech, rodech a rodin\u00e1ch bylo vid\u011bt jeho veden\u00ed. V\u0161echny kmeny m\u011bly Bohem ur\u010den\u00e9 sv\u00e9 m\u00edsto, svou zemi na map\u011b. Zapadly do tohoto m\u00edsta, jako do n\u011bjak\u00e9 mozaiky. B\u016fh je dok\u00e1zal udr\u017eet jedn\u00edm n\u00e1rodem, sjednotit je pod jedno veden\u00ed, kdy\u017e to bylo pot\u0159eba a p\u0159itom v\u0161em z\u016fstali nez\u00e1visl\u00ed.<\/p>\n<p>Oni to v\u0161ak nepochopili, r\u016fzn\u011b se vzdalovali a pak vraceli k\u00a0Bohu a nakonec cht\u011bli b\u00fdt jako ostatn\u00ed n\u00e1rody. Cht\u011bli, aby jim vl\u00e1dl \u010dlov\u011bk, kr\u00e1l. Mysleli si, \u017ee pokud nebudou kr\u00e1lovstv\u00edm s lidsk\u00fdm kr\u00e1lem, kter\u00fd jim bude vl\u00e1dnout, budou st\u00e1le jen n\u011bjak\u00fdm pod\u0159adn\u00fdm n\u00e1rodem. Zapomn\u011bli, \u017ee maj\u00ed nad sebou P\u00e1na p\u00e1n\u016f a Kr\u00e1le kr\u00e1l\u016f. Tak jako kdysi, kdy\u017e B\u016fh cht\u011bl hovo\u0159it k\u00a0nim osobn\u011b, ke v\u0161em, oni se rozhodli ze strachu, aby k\u00a0nim hovo\u0159il jen prost\u0159ednictv\u00edm Moj\u017e\u00ed\u0161e. Stejn\u011b se pozd\u011bji rozhodli, \u017ee cht\u011bj\u00ed poslouchat lidsk\u00e9ho kr\u00e1le a ne p\u0159\u00edmo Boha.<\/p>\n<p>B\u016fh v\u0161ak neodstoupil od sv\u00e9ho zp\u016fsobu veden\u00ed. To je vid\u011bt pr\u00e1v\u011b v\u00a0tom, jak vede svoji c\u00edrkev. I c\u00edrkev je jedn\u00edm velk\u00fdm Bo\u017e\u00edm n\u00e1rodem, jeho milovan\u00fdm lidem. P\u0159esto tento jeho lid je slo\u017een\u00fd z\u00a0v\u011bt\u0161\u00edch nebo men\u0161\u00edch, nebo \u00fapln\u011b malinkat\u00fdch skupin, kter\u00e9 jsou nez\u00e1visl\u00e9 jedna na druh\u00e9. Je to jednoduch\u00e9, jsou z\u00e1visl\u00e9 p\u0159\u00edmo na Bohu. Nepot\u0159ebuj\u00ed tak nad sebou dal\u0161\u00ed veden\u00ed. Jsou spojeni v\u00a0Bohu Kristem a propojuje je a vede Duch svat\u00fd. V\u0161echny jsou pro P\u00e1na stejn\u011b d\u016fle\u017eit\u00e9. Ani jedna z\u00a0nich nen\u00ed d\u016fle\u017eit\u011bj\u0161\u00ed ne\u017e jin\u00e1, i kdy\u017e m\u016f\u017ee m\u00edt mnohem, mnohem v\u00edce \u010dlen\u016f. To nehraje p\u0159ed P\u00e1nem \u017e\u00e1dnou roli.<\/p>\n<p>Ned\u00e1vno jsem s\u00a0jedn\u00edm bratrem obdivoval, jak byl postaven\u00fd jeden velk\u00fd chr\u00e1m. \u010casto si v\u0161imneme jen vyhlazen\u00fdch a opracovan\u00fdch kamen\u016f kolem vchodu a oken a nevid\u00edme to mno\u017estv\u00ed neopracovan\u00fdch, nevyhlazen\u00fdch kamen\u016f r\u016fzn\u00fdch velikost\u00ed, ze kter\u00e9ho byly kdysi kostely postaveny. Obdivovali jsme to, jak je stavitel\u00e9 um\u011bli na sebe poskl\u00e1dat. Vypadalo to tak, jako by ka\u017ed\u00fd k\u00e1men a kam\u00ednek m\u011bl p\u0159edem ur\u010den\u00e9 m\u00edsto, pro kter\u00e9 byl stvo\u0159en, nalezen a do kter\u00e9ho byl vlo\u017een. <strong>1 Petr\u016fv 2:5 \u00a0\u2026i vy sami jako \u017eiv\u00e9 kameny jste budov\u00e1ni jako duchovn\u00ed d\u016fm ve svat\u00e9 kn\u011b\u017estvo, abyste p\u0159in\u00e1\u0161eli duchovn\u00ed ob\u011bti, p\u0159\u00edjemn\u00e9 Bohu skrze Je\u017e\u00ed\u0161e Krista. <\/strong><\/p>\n<p>B\u016fh s\u00e1m si stav\u00ed ze sv\u00e9 c\u00edrkve sv\u016fj chr\u00e1m, ve kter\u00e9m p\u0159eb\u00fdv\u00e1. On mu d\u00e1v\u00e1 svou podobu, on si sv\u00e9 \u017eiv\u00e9 kameny a kam\u00ednky pokl\u00e1d\u00e1 na sebe a vedle sebe, aby se na c\u00edrkvi oslavil a zjevil na n\u00ed svou moudrost pr\u00e1v\u011b t\u00edm, jak ji vede a jak kr\u00e1sn\u00fd chr\u00e1m z\u00a0n\u00ed stav\u00ed. Chr\u00e1m nen\u00ed mo\u017en\u00e9 postavit z\u00a0jednoho velk\u00e9ho balvanu, z\u00a0jedn\u00e9 velk\u00e9 sk\u00e1ly. Naopak ho jde postavit a tvarovat d\u00edky r\u016fzn\u011b velk\u00fdm kamen\u016fm. Jen mus\u00ed p\u0159ij\u00edt n\u011bkdo, kdo v\u00ed, kam kter\u00fd k\u00e1men polo\u017eit. Mus\u00ed to d\u011blat dokonal\u00fd stavitel, s\u00e1m B\u016fh. B\u016fh st\u00e1le sv\u016fj chr\u00e1m stav\u00ed. \u00a0Je mnoho kamen\u016f, ze kter\u00fdch stav\u00ed. Jsou to velk\u00e9 denominace i mal\u00e1 spole\u010denstv\u00ed ve m\u011bstech a obc\u00edch, n\u011bkdy jich je na jednom m\u00edst\u011b i v\u00edce, ale ka\u017ed\u00e9 m\u00e1 sv\u00e9 posl\u00e1n\u00ed, sv\u00e9 m\u00edsto ve stavb\u011b. Sv\u016fj smysl, pro kter\u00fd jim dal B\u016fh vzniknout. Jedn\u00edm z nich je, aby jeho d\u011bti dostaly duchovn\u00ed domov, kde se budou c\u00edtit v\u00a0jeho chr\u00e1m\u011b dob\u0159e, ale tak\u00e9, aby mohli vstoupit do dobr\u00fdch skutk\u016f, kter\u00e9 pro n\u011b p\u0159ipravil. Ty mohou b\u00fdt pro r\u016fzn\u00e9 skupiny r\u016fzn\u00e9. Mnoho z\u00a0nich nejsme schopni bez vz\u00e1jemn\u00e9 pomoci uskute\u010dnit.<\/p>\n<p>Kristus stav\u00ed sv\u016fj chr\u00e1m ke sv\u00e9 sl\u00e1v\u011b a jako sv\u016fj p\u0159\u00edbytek dva tis\u00edce let a je\u0161t\u011b s\u00a0n\u00edm nesko\u010dil. A\u017e ho dostav\u00ed, slavn\u00fd a vzne\u0161en\u00fd, pln\u00fd Bo\u017e\u00ed sl\u00e1vy a moci, pak si pro sv\u016fj chr\u00e1m p\u0159ijde, aby ho p\u0159enesl do sv\u00e9ho nebesk\u00e9ho kr\u00e1lovstv\u00ed.<\/p>\n<p>&nbsp;<\/p>\n","protected":false},"excerpt":{"rendered":"<p>Pro\u010d je tolik c\u00edrkv\u00ed? Stejn\u011b bych se mohl zeptat: Pro\u010d je tolik rod\u016f v\u00a0Izraeli? Pro\u010d jich je dvan\u00e1ct? Izrael m\u011bl v\u017edy dvan\u00e1ct kmen\u016f, ale byl stejn\u011b jedn\u00edm n\u00e1rodem. Aspo\u0148 to platilo do doby, dokud nad nimi panoval p\u0159\u00edmo B\u016fh a ne kr\u00e1lov\u00e9. Za\u010dtu-li se do d\u011bjin Izraele, vid\u00edm kmeny, kter\u00e9 byly velmi samostatn\u00e9, kter\u00e9 m\u011bly &hellip; <a href=\"https:\/\/www.josefknoflicek.cz\/?page_id=3383\" class=\"more-link\">Pokra\u010dov\u00e1n\u00ed textu <span class=\"screen-reader-text\">PRO\u010c JE TOLIK C\u00cdRKV\u00cd<\/span> <span class=\"meta-nav\">&rarr;<\/span><\/a><\/p>\n","protected":false},"author":2,"featured_media":0,"parent":3246,"menu_order":15,"comment_status":"closed","ping_status":"closed","template":"","meta":[],"_links":{"self":[{"href":"https:\/\/www.josefknoflicek.cz\/index.php?rest_route=\/wp\/v2\/pages\/3383"}],"collection":[{"href":"https:\/\/www.josefknoflicek.cz\/index.php?rest_route=\/wp\/v2\/pages"}],"about":[{"href":"https:\/\/www.josefknoflicek.cz\/index.php?rest_route=\/wp\/v2\/types\/page"}],"author":[{"embeddable":true,"href":"https:\/\/www.josefknoflicek.cz\/index.php?rest_route=\/wp\/v2\/users\/2"}],"replies":[{"embeddable":true,"href":"https:\/\/www.josefknoflicek.cz\/index.php?rest_route=%2Fwp%2Fv2%2Fcomments&post=3383"}],"version-history":[{"count":1,"href":"https:\/\/www.josefknoflicek.cz\/index.php?rest_route=\/wp\/v2\/pages\/3383\/revisions"}],"predecessor-version":[{"id":3384,"href":"https:\/\/www.josefknoflicek.cz\/index.php?rest_route=\/wp\/v2\/pages\/3383\/revisions\/3384"}],"up":[{"embeddable":true,"href":"https:\/\/www.josefknoflicek.cz\/index.php?rest_route=\/wp\/v2\/pages\/3246"}],"wp:attachment":[{"href":"https:\/\/www.josefknoflicek.cz\/index.php?rest_route=%2Fwp%2Fv2%2Fmedia&parent=3383"}],"curies":[{"name":"wp","href":"https:\/\/api.w.org\/{rel}","templated":true}]}}