{"id":3529,"date":"2017-10-01T10:50:03","date_gmt":"2017-10-01T09:50:03","guid":{"rendered":"http:\/\/www.josefknoflicek.cz\/?page_id=3529"},"modified":"2021-01-25T22:42:15","modified_gmt":"2021-01-25T21:42:15","slug":"ucednicky-program-dopisy-petrovi-pro-ucedniky-a-zacinajici-vedouci","status":"publish","type":"page","link":"https:\/\/www.josefknoflicek.cz\/?page_id=3529","title":{"rendered":"U\u010dednick\u00fd program II &#8211; Dopisy Petrovi (pro u\u010dedn\u00edky a za\u010d\u00ednaj\u00edc\u00ed vedouc\u00ed)"},"content":{"rendered":"<p>Byl jsem osloven Tom\u00e1\u0161em Kor\u010d\u00e1kem,\u00a0zda bych se nemohl v\u011bnovat a tak\u00e9 napsat knihu k\u00a0u\u010dednictv\u00ed. Natolik m\u011b to zaujalo, a P\u00e1n mne povzbudil, abych za\u010dal ps\u00e1t. Rozhodl jsem se to pojmout formou dopis\u016f Petrovi, u\u010dedn\u00edku a pozd\u011bji za\u010d\u00ednaj\u00edc\u00edmu vedouc\u00edmu v c\u00edrkvi. Petr nen\u00ed konkr\u00e9tn\u00ed osobou, ale shrnut\u00edm n\u011bkolika r\u016fzn\u00fdch mlad\u00fdch vedouc\u00ed, kter\u00fdm jsme se b\u011bhem na\u0161\u00ed slu\u017eby v\u011bnovali.<br \/>\nP\u00ed\u0161i tyto dopisy postupn\u011b. Jak mi Duch svat\u00fd d\u00e1v\u00e1 a ukazuje. Tak\u00e9 podle \u010dasov\u00fdch mo\u017enost\u00ed. Po jejich dops\u00e1n\u00ed budou op\u011bt\u00a0p\u0159epracov\u00e1ny do kn\u00ed\u017eky a v PDF uvedeny na str\u00e1nce knihy. Tam pak budou cel\u00e9 Dopisy Petrovi ke sta\u017een\u00ed.<\/p>\n","protected":false},"excerpt":{"rendered":"<p>Byl jsem osloven Tom\u00e1\u0161em Kor\u010d\u00e1kem,\u00a0zda bych se nemohl v\u011bnovat a tak\u00e9 napsat knihu k\u00a0u\u010dednictv\u00ed. Natolik m\u011b to zaujalo, a P\u00e1n mne povzbudil, abych za\u010dal ps\u00e1t. Rozhodl jsem se to pojmout formou dopis\u016f Petrovi, u\u010dedn\u00edku a pozd\u011bji za\u010d\u00ednaj\u00edc\u00edmu vedouc\u00edmu v c\u00edrkvi. Petr nen\u00ed konkr\u00e9tn\u00ed osobou, ale shrnut\u00edm n\u011bkolika r\u016fzn\u00fdch mlad\u00fdch vedouc\u00ed, kter\u00fdm jsme se b\u011bhem na\u0161\u00ed &hellip; <a href=\"https:\/\/www.josefknoflicek.cz\/?page_id=3529\" class=\"more-link\">Pokra\u010dov\u00e1n\u00ed textu <span class=\"screen-reader-text\">U\u010dednick\u00fd program II &#8211; Dopisy Petrovi (pro u\u010dedn\u00edky a za\u010d\u00ednaj\u00edc\u00ed vedouc\u00ed)<\/span> <span class=\"meta-nav\">&rarr;<\/span><\/a><\/p>\n","protected":false},"author":2,"featured_media":0,"parent":579,"menu_order":3,"comment_status":"closed","ping_status":"closed","template":"","meta":[],"_links":{"self":[{"href":"https:\/\/www.josefknoflicek.cz\/index.php?rest_route=\/wp\/v2\/pages\/3529"}],"collection":[{"href":"https:\/\/www.josefknoflicek.cz\/index.php?rest_route=\/wp\/v2\/pages"}],"about":[{"href":"https:\/\/www.josefknoflicek.cz\/index.php?rest_route=\/wp\/v2\/types\/page"}],"author":[{"embeddable":true,"href":"https:\/\/www.josefknoflicek.cz\/index.php?rest_route=\/wp\/v2\/users\/2"}],"replies":[{"embeddable":true,"href":"https:\/\/www.josefknoflicek.cz\/index.php?rest_route=%2Fwp%2Fv2%2Fcomments&post=3529"}],"version-history":[{"count":3,"href":"https:\/\/www.josefknoflicek.cz\/index.php?rest_route=\/wp\/v2\/pages\/3529\/revisions"}],"predecessor-version":[{"id":5283,"href":"https:\/\/www.josefknoflicek.cz\/index.php?rest_route=\/wp\/v2\/pages\/3529\/revisions\/5283"}],"up":[{"embeddable":true,"href":"https:\/\/www.josefknoflicek.cz\/index.php?rest_route=\/wp\/v2\/pages\/579"}],"wp:attachment":[{"href":"https:\/\/www.josefknoflicek.cz\/index.php?rest_route=%2Fwp%2Fv2%2Fmedia&parent=3529"}],"curies":[{"name":"wp","href":"https:\/\/api.w.org\/{rel}","templated":true}]}}