{"id":3531,"date":"2017-10-01T10:58:55","date_gmt":"2017-10-01T09:58:55","guid":{"rendered":"http:\/\/www.josefknoflicek.cz\/?page_id=3531"},"modified":"2021-01-25T22:13:17","modified_gmt":"2021-01-25T21:13:17","slug":"dopisy-petrovi-prvni-dopis","status":"publish","type":"page","link":"https:\/\/www.josefknoflicek.cz\/?page_id=3531","title":{"rendered":"Dopisy Petrovi &#8211; prvn\u00ed dopis"},"content":{"rendered":"<p>\u00davod<\/p>\n<p><em>Pro\u010d tato kniha? Kdy\u017e jsme za\u010d\u00ednali jako sborov\u00ed d\u016fstojn\u00edci, nem\u011bli jsme mnoho zku\u0161enost\u00ed s\u00a0veden\u00edm jin\u00fdch lid\u00ed. Tak\u00e9 jsme nem\u011bli kam zaj\u00edt. Byli jsme hozeni do vody, abychom se nau\u010dili plavat. Nejsp\u00ed\u0161e jsme ud\u011blali dost chyb, kter\u00fdm jsme se mohli vyhnout, kdyby n\u00e1m n\u011bkdo p\u0159edal sv\u00e9 zku\u0161enosti. Nejenom p\u0159edal zku\u0161enosti, ale dok\u00e1zal je popsat a vyvodit z\u00a0nich n\u011bjak\u00e1 doporu\u010den\u00ed. D\u00edky na\u0161emu Zachr\u00e1nci, Je\u017e\u00ed\u0161 Kristu, kter\u00fd n\u00e1s mnohokr\u00e1t ochr\u00e1nil a napravoval na\u0161e chyby, jsme mohli toto obdob\u00ed proj\u00edt bez \u00fahony a nevyho\u0159et. P\u0159ed n\u011bkolika dny, p\u0159i rozhovoru s\u00a0Tom\u00e1\u0161em Kor\u010d\u00e1kem, jsem od n\u011bho dostal ot\u00e1zku, kter\u00e9 byla v\u00edce v\u00fdzvou ne\u017e ot\u00e1zkou: \u201ePro\u010d nenap\u00ed\u0161e\u0161 n\u011bco o u\u010dednictv\u00ed?\u201c P\u0159em\u00fd\u0161lel jsem o tom a p\u0159edlo\u017eil jsem to p\u0159ed P\u00e1na. Nakonec jsem se rozhodl spojit oboj\u00ed, proto\u017ee ob\u011b t\u00e9mata spolu velmi \u00fazce souvis\u00ed.\u00a0\u00a0<\/em><\/p>\n<p><em>Ka\u017ed\u00fd za\u010d\u00ednaj\u00edc\u00ed slu\u017eebn\u00edk, ka\u017ed\u00fd za\u010d\u00ednaj\u00edc\u00ed vedouc\u00ed sboru, ka\u017ed\u00fd za\u010d\u00ednaj\u00edc\u00ed vedouc\u00ed v\u00a0organizaci se pot\u00fdk\u00e1 s\u00e1m se sebou jako autoritou a nev\u00ed, jak v\u00a0autorit\u011b chodit, jak ji uchopit a pou\u017e\u00edvat. Snad tato kniha dok\u00e1\u017ee aspo\u0148 trochu odkr\u00fdt pohled na chozen\u00ed a slu\u017ebu v\u00a0autorit\u011b a pom\u016f\u017ee n\u011bkomu spr\u00e1vn\u011b uchopit sv\u00e9 postaven\u00ed vedouc\u00edho. A\u0165 je to vedouc\u00ed sboru, organizace, skupinky, chval, nebo pracovn\u00edho t\u00fdmu. Ned\u00edlnou sou\u010d\u00e1st\u00ed pozn\u00e1v\u00e1n\u00ed a chozen\u00ed v\u00a0autorit\u011b je i proj\u00edt procesem u\u010dedn\u00edka a posl\u00e9ze tak\u00e9 vytv\u00e1\u0159et prost\u0159ed\u00ed pro \u010din\u011bn\u00ed u\u010dedn\u00edk\u016f na tom m\u00edst\u011b, kam mne B\u016fh v\u00a0autorit\u011b stav\u00ed.<\/em><\/p>\n<p><em>\u00a0<\/em><em>Modl\u00edm se za to, abys v\u00a0n\u00ed na\u0161el odpov\u011bdi na ot\u00e1zky, kter\u00e9 s\u00a0t\u00edm souvis\u00ed, mo\u017en\u00e1 to jsou ot\u00e1zky, nad kter\u00fdmi jsi ji\u017e p\u0159em\u00fd\u0161lel a mo\u017en\u00e1 t\u011b ani nikdy nenapadly a bude\u0161 si je kl\u00e1st poprv\u00e9. <\/em><\/p>\n<p><em>D\u011bl\u00e1m to formou dopis\u016f sv\u00e9mu mlad\u0161\u00edmu bratru v\u00a0Kristu, ve kter\u00fdch odpov\u00edd\u00e1m na jeho dotazy a reaguji na jeho situaci. Jm\u00e9no jsem si vybral n\u00e1hodn\u011b a m\u00edsto Petra si m\u016f\u017ee\u0161 dosadit jm\u00e9no sv\u00e9.<\/em><\/p>\n<p><em>P\u0159eji ti, aby tv\u00e1 slu\u017eba byla v\u017edy sv\u011btlem, p\u0159in\u00e1\u0161ela ovoce a d\u011blala radost P\u00e1nu.<\/em><\/p>\n<p><em>\u00a0PRVN\u00cd DOPIS<\/em><\/p>\n<p>Mil\u00fd Pet\u0159e,<br \/>\nm\u016fj brat\u0159e v\u00a0Kristu a p\u0159\u00edteli. D\u011bkuji ti, \u017ee jsi na mne nezapomn\u011bl. Velmi mne pot\u011b\u0161ila tv\u00e1 rostouc\u00ed v\u00edra v\u00a0Je\u017e\u00ed\u0161e Krista a to jak se sna\u017e\u00ed\u0161 n\u00e1sledovat ho ve v\u0161em, o \u010dem hovo\u0159\u00ed v\u00a0P\u00edsmu. Raduji se z\u00a0toho, \u017ee t\u011b oslovila slova na\u0161eho P\u00e1na, \u017ee m\u00e1me j\u00edt do cel\u00e9ho sv\u011bta a \u010dinit u\u010dedn\u00edky. Je vid\u011bt, \u017ee ses vydal spr\u00e1vn\u00fdm sm\u011brem, kdy\u017e c\u00edt\u00ed\u0161 touhu se tak\u00e9 st\u00e1t nejd\u0159\u00edve n\u011b\u010d\u00edm u\u010dedn\u00edkem. Jsem v\u0161ak trochu smutn\u00fd z\u00a0toho, jak p\u00ed\u0161e\u0161, \u017ee se ve va\u0161em spole\u010denstv\u00ed o u\u010dednictv\u00ed moc nemluv\u00ed a tak nev\u00ed\u0161, jak se j\u00edm st\u00e1t. Dovol tv\u00e9mu star\u0161\u00edmu bratru v Kristu a p\u0159\u00edteli, aby ti te\u010f dal n\u011bkolik rad.<\/p>\n<p>Kdy\u017e jsem uv\u011b\u0159il, m\u011bl jsem bl\u00edzko sebe v\u011b\u0159\u00edc\u00edho kamar\u00e1da. Proto\u017ee jsem m\u011bl st\u00e1le mnoho probl\u00e9m\u016f, tak jsem mu musel asi \u010dasto l\u00e9zt na nervy, jak jsem st\u00e1le hledal pomoc u n\u011bho.\u00a0 Dodnes jsem mu vd\u011b\u010dn\u00fd za to, \u017ee vedl m\u00e9 prvn\u00ed kroky a p\u0159edev\u0161\u00edm vd\u011b\u010dn\u00fd Bohu, \u017ee ho pou\u017eil pro m\u00e9 obr\u00e1cen\u00ed. To jsem v\u0161ak pochopil pozd\u011bji, tedy \u017ee to nebyla z\u00e1sluha \u010dlov\u011bka, ale Bo\u017e\u00ed milost se mnou. V t\u00e9 dob\u011b jsem to v\u0161ak nebyl schopn\u00fd vid\u011bt a spol\u00e9hal jsem se v\u00edce na \u010dlov\u011bka.<br \/>\nP\u0159esto\u017ee mi hodn\u011b pomohl, jeho charakter byl v\u00a0n\u011bkter\u00fdch oblastech velmi slab\u00fd a\u017e z\u00e1porn\u00fd. Proto jsem se nemohl vedle n\u011bho p\u0159\u00edli\u0161 posunout. \u010casto to co \u0159\u00edkal, pak ne\u017eil. A j\u00e1 to d\u011blal jako on.<br \/>\nN\u011bkdy jsme p\u0159\u00edli\u0161 p\u0159ipout\u00e1ni k\u00a0t\u011bm, skrze kter\u00e9 jsme uv\u011b\u0159ili. Oni v\u0161ak nemus\u00ed b\u00fdt t\u011bmi, jejich\u017e u\u010dedn\u00edky se m\u00e1me st\u00e1t. Mohou, ale nemus\u00ed. B\u016fh m\u00e1 pro n\u00e1s p\u0159ipraven\u00e9 ty, kte\u0159\u00ed n\u00e1s maj\u00ed v\u00e9st u\u010dednick\u00fdm procesem.<\/p>\n<p>Jak tedy, Pet\u0159e, m\u016f\u017ee\u0161 z\u00edskat n\u011bkoho, kdo t\u011b povede, od koho se bude\u0161 u\u010dit. P\u00edsmo t\u00e9m\u011b\u0159 v\u0161ude ukazuje na to, \u017ee u\u010dedn\u00edky si vyb\u00edrali \u201eu\u010ditel\u00e9\u201c. Moj\u017e\u00ed\u0161 Jozua, Eli\u00e1\u0161 El\u00ed\u0161u, Je\u017e\u00ed\u0161 apo\u0161toly, apo\u0161tolov\u00e9 sv\u00e9 u\u010dedn\u00edky. Jak tedy naj\u00edt sv\u00e9ho u\u010ditele, kdy\u017e v\u00a0tv\u00e9m spole\u010denstv\u00ed nen\u00ed u\u010dednictv\u00ed vyu\u010dov\u00e1no?<\/p>\n<p>\u0158ekni P\u00e1nu, \u017ee tou\u017e\u00ed\u0161 se st\u00e1t u\u010dedn\u00edkem a po\u017e\u00e1dej ho, aby ti poslal toho pro tebe nejvhodn\u011bj\u0161\u00edho.<br \/>\nMluv ve spole\u010denstv\u00ed o tom<strong>,<\/strong> \u017ee hled\u00e1\u0161 bratra, kter\u00fd by se ti mohl v\u011bnovat a u\u010dit t\u011b v\u0161emu, co se nau\u010dil ji\u017e on.<br \/>\nNesna\u017e se si s\u00e1m n\u011bkoho vybrat a tla\u010dit na n\u011bj, aby se t\u011b ujal. Nech to Duchu svat\u00e9mu. Nakonec on si mus\u00ed vybrat tebe a mus\u00ed to v\u011bd\u011bt z\u00a0Ducha svat\u00e9ho. \u017d\u00e1d\u00e1\u0161 o to P\u00e1na, tak mu d\u016fv\u011b\u0159uj a nesna\u017e se mu v\u00a0tom pom\u00e1hat. Zkazil bys to. V\u00a0t\u011b\u017ek\u00fdch chv\u00edl\u00edch, bys nem\u011bl jistotu, \u017ee on je ten prav\u00fd od P\u00e1na. A t\u011b\u017ek\u00e9 chv\u00edle v\u00a0u\u010dednictv\u00ed p\u0159ich\u00e1z\u00ed. Tv\u016fj u\u010ditel bude pro tebe p\u0159in\u00e1\u0161et mnoh\u00e9 ob\u011bti, proto i on mus\u00ed m\u00edt jistotu z\u00a0Ducha svat\u00e9ho.<\/p>\n<p>M\u016f\u017ee se st\u00e1t, \u017ee ti nab\u00eddne veden\u00ed n\u011bkolik bratr\u016f najednou. Pozoruj je. P\u0159edev\u0161\u00edm si v\u0161\u00edmej toho, zda to, co u\u010d\u00ed a \u0159\u00edkaj\u00ed, tak\u00e9 \u017eij\u00ed. T\u011bch, co to \u017eij\u00ed, se dr\u017e.<br \/>\nPokud je mezi t\u011bmi, kdo t\u011b oslov\u00ed n\u011bkdo, koho ti uk\u00e1zal Duch svat\u00fd, modli se s\u00a0n\u00edm, abyste m\u011bli jistotu. Pokud se shodnete, pod\u0159i\u010f se pod n\u011bj, p\u0159ijmi ho jako svou autoritu. \u0158ekni mu to. V\u011b\u0159, \u017ee B\u016fh t\u011b vlo\u017e\u00ed do jeho srdce. Pokud je od P\u00e1na, pak bude s\u00a0tebou v\u00a0dobr\u00e9m i zl\u00e9m. Nebude\u0161 ani v\u011bd\u011bt, kolik boj\u016f za tebe vybojuje a kolik modliteb za tebe bude volat. Proto se mu neboj pod\u0159\u00eddit.<\/p>\n<p>M\u016f\u017ee se st\u00e1t, \u017ee t\u011b nikdo neoslov\u00ed. To neznamen\u00e1, \u017ee B\u016fh o tob\u011b nev\u00ed a nem\u00e1 nikoho p\u0159ipraven\u00e9ho. M\u00e1. Jen nen\u00ed ten spr\u00e1vn\u00fd \u010das. V\u00a0takov\u00e9m p\u0159\u00edpad\u011b se porozhl\u00e9dni po spole\u010denstv\u00ed a najdi si bratra, kter\u00fd nejen slou\u017e\u00ed, ale p\u0159edev\u0161\u00edm, \u017ee skute\u010dn\u011b \u017eije svat\u011b. Nejen ve sboru, ale i mimo n\u011bj, doma, v\u00a0pr\u00e1ci, na ulici. Chytni se ho \u201eza opasek\u201c a sna\u017e se b\u00fdt vedle n\u011bho. Pom\u00e1hej mu. Kdy\u017e uvid\u00ed\u0161, \u017ee pot\u0159ebuje s\u00a0n\u011b\u010d\u00edm pomoc, nab\u00eddni se mu, nebo to ud\u011blej. Sna\u017e se b\u00fdt co nejv\u00edce s\u00a0n\u00edm. Jednak se bude\u0161 u\u010dit, t\u00edm co uvid\u00ed\u0161, jednak p\u0159ijde \u010das, kdy on s\u00e1m ti nab\u00eddne, \u017ee t\u011b povede. I apo\u0161tolov\u00e9 prvn\u011b chodili s\u00a0ostatn\u00edmi s\u00a0Je\u017e\u00ed\u0161em, ne\u017e si je vybral za u\u010dedn\u00edky.<\/p>\n<p>V\u0161echno m\u00e1 u Boha sv\u016fj \u010das.<\/p>\n<p>Pet\u0159e, tak\u00e9 bys m\u011bl v\u011bd\u011bt, \u017ee u\u010dednictv\u00ed nen\u00ed jenom o u\u010den\u00ed se technik, pravidel a podobn\u00fdch v\u011bc\u00ed. Mo\u017en\u00e1 se nau\u010d\u00ed\u0161 mnoho praktick\u00fdch v\u011bc\u00ed pro slu\u017ebu, ale jde p\u0159edev\u0161\u00edm o to, abys uvid\u011bl, jak funguje vztah s\u00a0P\u00e1nem. Jak\u00fd m\u00e1 u\u010ditel vztah s\u00a0Duchem svat\u00fdm, jak \u0159e\u0161\u00ed v\u00a0Duchu svat\u00e9m konfliktn\u00ed situace, jak \u017eije doma v\u00a0rodin\u011b, jak ve v\u00ed\u0159e slou\u017e\u00ed apod. U\u010dedn\u00edk se p\u0159edev\u0161\u00edm u\u010d\u00ed budovat osobn\u00ed vztah s\u00a0Bohem, u\u010d\u00ed se ho prohlubovat. Ve v\u00ed\u0159e odr\u00e1\u017eet duchovn\u00ed \u00fatoky a v\u00edt\u011bzit v\u00a0duchovn\u00edch bitv\u00e1ch. U\u010d\u00ed\u00a0 se posilov\u00e1n\u00ed Bohem ve v\u00ed\u0159e. U\u010d\u00ed se od sv\u00e9ho u\u010ditele nechat se vyu\u010dit Kristem a to p\u0159edev\u0161\u00edm v\u00a0pou\u017e\u00edv\u00e1n\u00ed l\u00e1sky. U\u010d\u00ed se u\u010dit od Krista.\u00a0U\u010d\u00ed se pevn\u011b st\u00e1t a obst\u00e1t i v\u00a0t\u011b\u017ek\u00fdch chv\u00edl\u00edch. Zachovat si v\u00edru a d\u016fv\u011b\u0159ovat Je\u017e\u00ed\u0161i. Chodit a jednat v\u00a0Duchu svat\u00e9m, udr\u017eovat jeho ohe\u0148 v\u00a0sob\u011b. To v\u0161e m\u00e1 na mysli apo\u0161tol Pavel, kdy\u017e p\u00ed\u0161e: \u201e\u2026d\u011blejte\u00a0to, co vid\u00edte u mne\u2026\u201c V\u017edy se dok\u00e1\u017ee\u0161 l\u00e9pe p\u0159iu\u010dit, kdy\u017e m\u00e1\u0161 p\u0159ed sebou vzor. Pokud tv\u016fj u\u010ditel p\u0159id\u00e1 k tomu v\u0161emu otcovskou n\u00e1klonnost, nen\u00ed co dodat.<\/p>\n<p>Tak\u00e9 si pamatuj, \u017ee tv\u016fj u\u010ditel je jenom \u010dlov\u011bk a d\u011bl\u00e1 tak\u00e9 chyby. Nen\u00ed dokonal\u00fdm. P\u0159esto ho nekritizuj, ale va\u017e si ho i p\u0159es tyto chyby. Pro\u0161el cesty\u00a0 a vybojoval boje, kter\u00e9 t\u011b teprve \u010dekaj\u00ed. Mo\u017en\u00e1 p\u0159ijde \u010das, kdy ti o nich \u0159ekne s\u00e1m. Pokud vid\u00ed\u0161 sv\u00e9ho u\u010ditele d\u011blat v\u011bci jinak, ne\u017e bys je d\u011blal ty, zapamatuj si to, abys, a\u017e se dostane\u0161 do stejn\u00e9 situace, neopakoval jeho chyby. Nekritizuj, ale u\u010d se z nich. I on m\u00e1 sv\u00e9ho u\u010ditele, ale te\u010f ty jsi u\u010dedn\u00edkem (\u017e\u00e1kem) u n\u011bho. Pamatuj, \u017ee je mezi v\u00e1mi dohoda a tak ji z\u016fsta\u0148 v\u011brn\u00fdm.<\/p>\n<p>Je zvykem a to i mezi k\u0159es\u0165any v\u0161e kritizovat. Zvl\u00e1\u0161t\u011b na vedouc\u00edch, kte\u0159\u00ed n\u00e1s vedou. Chov\u00e1me se jako d\u011bti v pubert\u011b. \u010casto, a\u017e dosp\u011bjeme, zjist\u00edme, \u017ee na\u0161i rodi\u010de v t\u00e9 dob\u011b, kdy jsme je kritizovali, d\u011blali to nejlep\u0161\u00ed, co mohli a um\u011bli. Pak jen opakujeme v bled\u011bmodr\u00e9m jejich jedn\u00e1n\u00ed. A na\u0161e d\u011bti n\u00e1s\u00a0tak\u00e9 za\u010dnou\u00a0kritizovat. Tak to ob\u010das m\u016f\u017ee fungovat i v pohledu u\u010dedn\u00edka na u\u010ditele. Pokud tento &#8222;\u0161patn\u00fd zvyk&#8220; chce\u0161 zastavit, pak prost\u011b p\u0159esta\u0148 kritizovat sv\u00e9ho u\u010ditele, ale naopak se za n\u011bj modli a \u017eehnej mu. D\u011bl\u00e1, Pet\u0159e,\u00a0to nejlep\u0161\u00ed, co um\u00ed a co m\u016f\u017ee d\u011blat, i kdy\u017e to te\u010f vid\u00ed\u0161 jinak. To co zaseje\u0161, se ti vr\u00e1t\u00ed, a\u017e ty bude\u0161 m\u00edt u\u010dedn\u00edka. I ty bude\u0161 d\u011blat chyby a d\u011blat v\u011bci jinak, ne\u017e by je d\u011blal tv\u016fj u\u010dedn\u00edk.\u00a0Bu\u010f ti vyroste kritika, nebo \u00facta a respekt.<\/p>\n<p>I u\u010dedn\u00edci Je\u017e\u00ed\u0161e Krista na sebe \u017e\u00e1rlili, dokonce se pova\u017eovali za lep\u0161\u00ed ne\u017e ti druz\u00ed a cht\u011bli si zajistit v jeho kr\u00e1lovstv\u00ed m\u00edsta vedle n\u011bho. Mo\u017en\u00e1, kdy\u017e o tom \u010dte\u0161 v P\u00edsmu, tak nad t\u00edm krout\u00ed\u0161 hlavou, jak je to mo\u017en\u00e9. V\u011b\u0159, \u017ee je to mo\u017en\u00e9 i dnes, pokud tv\u016fj u\u010ditel, bude m\u00edt v\u00edce u\u010dedn\u00edk\u016f. Proto zkoumej sv\u00e9 srdce, jestli ne\u017e\u00e1rl\u00ed na tvoje kolegy u\u010dedn\u00edky. Jestli si nemysl\u00ed, \u017ee s nimi u\u010ditel tr\u00e1v\u00ed v\u00edce \u010dasu, ne\u017e s tebou, \u017ee jim d\u00e1v\u00e1 v\u00edc a bere je na akce, na kter\u00e9 nebere tebe &#8230;. Pokud \u017e\u00e1rl\u00edme, mus\u00edme s t\u00edm jednat. J\u00edt p\u0159ed P\u00e1na, vyznat to jako h\u0159\u00edch a volat o zm\u011bnu my\u0161len\u00ed, postoje a srdce. Pokud tv\u00e1 \u017e\u00e1rlivost z\u016fstane, za\u010dne rozb\u00edjet vztah mezi tebou a dal\u0161\u00edmi u\u010dedn\u00edky. Nakonec ho rozbije a to bude m\u00edt vliv\u00a0na dal\u0161\u00ed v\u00fdvoj spole\u010denstv\u00ed v budoucnosti. Zanese\u0161 do n\u011bho n\u011bco, co bude br\u00e1nit jeho jednot\u011b.<\/p>\n<p>V\u011bt\u0161in\u011b u\u010dedn\u00edk\u016f se stane, \u017ee za\u010dnou \u017e\u00e1rlit, pokud jich m\u00e1 u\u010ditel v\u00edce. To, co v takov\u00e9m p\u0159\u00edpad\u011b mimo vyzn\u00e1n\u00ed pom\u00e1h\u00e1, je za\u010d\u00edt d\u011bkovat, za u\u010ditele, ale i ostatn\u00ed u\u010dedn\u00edky, modlit se pravideln\u011b za n\u011b a \u017eehnat jim. Hlavn\u011b s t\u00edm za\u010d\u00edt v\u017edy, kdy\u017e bude\u0161 c\u00edtit, \u017ee za\u010d\u00edn\u00e1\u0161 \u017e\u00e1rlit.\u00a0Po n\u011bkolika minut\u00e1ch takov\u00fdch modliteb se stane, \u017ee je za\u010dne\u0161 milovat. Nemodli se\u00a0zp\u016fsobem, \u017ee si bude\u0161 na n\u011b Bohu st\u011b\u017eovat, nebo mu vykl\u00e1dat jak\u00e1 jsi chudinka.\u00a0Mohu ti ze\u00a0zku\u0161enosti \u0159\u00edct, \u017ee je to ztracen\u00fd \u010das, naopak se ti situace zhor\u0161\u00ed, proto\u017ee se je\u0161t\u011b v\u00edce za\u010dne\u0161 litovat a je\u0161t\u011b\u00a0v\u00edce bude\u0161 \u017e\u00e1rlit.<\/p>\n<p>Asi jsem se ti, Pet\u0159e, nezm\u00ednil, pro\u010d se tak raduji z toho, \u017ee\u00a0 ses rozhodl st\u00e1t n\u011b\u010d\u00edm u\u010dedn\u00edkem. Pro\u010d vlastn\u011b je u\u010dednictv\u00ed, tak d\u016fle\u017eit\u00e9. Apo\u0161tol Jan psal o tom, \u017ee nem\u016f\u017eeme milovat toho, koho nevid\u00edme, kdy\u017e nejsme schopni milovat toho, koho vid\u00edme. \u017de nem\u016f\u017eeme milovat Boha, kter\u00e9ho nevid\u00edme, kdy\u017e nejsme schopni milovat bratra, kter\u00e9ho vid\u00edme. Kdo nemiluje bratra, nemiluje Boha.\u00a0Tak je to i s poslu\u0161nost\u00ed, pokorou a l\u00e1skou v\u016f\u010di druh\u00fdm.\u00a0 N\u00e1\u0161 P\u00e1n pak \u0159\u00edk\u00e1, \u017ee kdo ho miluje, bude zachov\u00e1vat jeho slovo a plnit je. Kde jinde si mohu tr\u00e9novat l\u00e1sku (poslu\u0161nost &#8211; zachov\u00e1v\u00e1n\u00ed slova, sebeovl\u00e1d\u00e1n\u00ed, m\u00edrnost, v\u011brnost, trp\u011blivost, laskavost, dobrotu, trp\u011blivost) ne\u017e mezi n\u00e1mi. Bo\u017e\u00ed c\u00edrkev se skl\u00e1d\u00e1 z jeho d\u011bt\u00ed, kte\u0159\u00ed jsou na cest\u011b do Bo\u017e\u00edho kr\u00e1lovstv\u00ed. Ka\u017ed\u00fd je na r\u016fzn\u00e9\u00a0\u00farovni t\u00e9 cesty. Jin\u00fdmi slovy, na jin\u00e9 \u00farovni ch\u00e1p\u00e1n\u00ed\u00a0 a uplat\u0148ov\u00e1n\u00ed l\u00e1sky, spravedlnosti, pr\u00e1va, milosrdenstv\u00ed a milosti.\u00a0Ti, kte\u0159\u00ed jsou d\u00e1l, by m\u011bli m\u00edt trp\u011blivost s t\u011bmi, kte\u0159\u00ed tak daleko nejsou. M\u011bli by b\u00fdt\u00a0pro n\u011b pomoc\u00ed.\u00a0M\u011bli by jim, proto\u017ee jsou ji\u017e siln\u011bj\u0161\u00ed, nab\u00eddnou pomocnou ruku a pomoc jim proj\u00edt\u00a0 mnoh\u00fdmi zkou\u0161kami, aby i oni byli posiln\u011bni a zdrav\u011b\u00a0dor\u016fstali do plnosti Krista. Pokud se to v c\u00edrkvi ned\u011bje, hroz\u00ed, \u017ee mnoz\u00ed pro svou slabost odpadnou, jin\u00ed pro svou s\u00edlu p\u0159\u00edli\u0161 p\u0159edb\u00edhaj\u00ed a ty slab\u00e9 nech\u00e1vaj\u00ed daleko za sebou, kde\u00a0se mohou st\u00e1t snadnou ko\u0159ist\u00ed pro vlky. Ti slab\u0161\u00ed se pro r\u016fzn\u00e1 ch\u00e1p\u00e1n\u00ed\u00a0Bo\u017e\u00edch v\u011bc\u00ed mohou h\u00e1dat a d\u011blat rozbroje, ti\u00a0kte\u0159\u00ed si mysl\u00ed, \u017ee jsou siln\u011bj\u0161\u00ed, se pak mohou, nad\u00fdmat. B\u016fh to ud\u011blal tak, abychom rostli spole\u010dn\u011b. P\u0159esto\u017ee mluv\u00ed ke ka\u017ed\u00e9mu zvl\u00e1\u0161\u0165, tak\u00e9 k n\u00e1m mluv\u00ed (a n\u011bkdy hodn\u011b) skrze na\u0161e bratry. Pokud se navz\u00e1jem net\u0159\u00edb\u00edme, nerosteme. U\u010dednictv\u00ed pat\u0159\u00ed do tohoto tr\u00e9nov\u00e1n\u00ed a t\u0159\u00edben\u00ed.\u00a0Jak m\u016f\u017ee\u0161 \u0159\u00edct, \u017ee jsi pokorn\u00fd p\u0159ed Bohem, kter\u00e9ho nevid\u00ed\u0161, kdy\u017e nejsi\u00a0pokorn\u00fd p\u0159ed bratrem-u\u010ditelem, kter\u00e9ho vid\u00ed\u0161? Jak m\u016f\u017ee\u0161 \u0159\u00edct, \u017ee jsi poslu\u0161n\u00fd Bohu, kdy\u017e nejsi schopen p\u0159ijmout rady sv\u00e9ho u\u010ditele, kter\u00e9ho vid\u00ed\u0161 a tak d\u00e1le. Snad jsi pochopil, o \u010dem ti te\u010f, Pet\u0159e, p\u00ed\u0161u. Na tom, jak jsem schopen se nechat v\u00e9st sv\u00fdm u\u010ditelem jako u\u010dedn\u00edk, se\u00a0nejen u\u010d\u00edm, ale i prokazuji, \u017ee jsem ochoten se nechat v\u00e9st i Bohem, kter\u00e9ho nevid\u00edm. A samoz\u0159ejm\u011b se u\u010d\u00edm i slu\u017eb\u011b a v\u0161emu ostatn\u00edmu, proto\u017ee m\u00e1m p\u0159ed sebou vzor. Mnohdy, kdy\u017e tento \u017eiv\u00fd\u00a0a bratrsk\u00fd vzor p\u0159ed sebou nem\u00e1me, si vysv\u011btlujeme slova na\u0161eho P\u00e1na jednou tak a jindy opa\u010dn\u011b, tak jak n\u00e1m &#8211; na\u0161\u00ed du\u0161i a t\u011blu se to zrovna hod\u00ed. Proto je d\u016fle\u017eit\u00e9, abys v\u011bd\u011bl, \u017ee tv\u016fj u\u010ditel je od P\u00e1na, \u017ee ti ho P\u00e1na dal, aby t\u011b tak\u00e9 i skrze n\u011bho po n\u011bjakou dobu vedl a u\u010dil t\u011b.\u00a0Proto je tak d\u016fle\u017eit\u00e9 si sn\u00edm vytvo\u0159it dohodu (sta\u010d\u00ed \u00fastn\u00ed), kter\u00e1 ve chv\u00edl\u00edch, kdy se bude\u0161 cht\u00edt na\u00a0u\u010dednick\u00fd proces vyka\u0161lat a ut\u00e9ct z n\u011bho,\u00a0ti to p\u0159ipomene.<\/p>\n<p>M\u00e1 radost je tak\u00e9 z\u00a0toho, \u017ee tv\u00e1 touhou po u\u010dednictv\u00ed ukazuje na to, \u017ee sly\u0161\u00ed\u0161 Bo\u017e\u00ed hlas, kter\u00fd t\u011b povol\u00e1v\u00e1, abys chodil po cest\u00e1ch, kter\u00e9 ti p\u0159ipravil. Raduji se z\u00a0toho, \u017ee jsi tento hlas poslechl a vy\u0161el na tyto Bohem p\u0159ipraven\u00e9 cesty. P\u0159eji ti, abys na\u0161el, nebo sp\u00ed\u0161e aby ti P\u00e1n p\u0159ivedl tv\u00e9ho u\u010ditele pro dal\u0161\u00ed obdob\u00ed tv\u00e9ho duchovn\u00edho i osobn\u00edho r\u016fstu. Modl\u00edm se za to, aby to byl nejen skv\u011bl\u00fd u\u010ditel, ale p\u0159edev\u0161\u00edm Bo\u017e\u00ed mu\u017e s\u00a0otcovsk\u00fdm srdcem.<\/p>\n<p>V\u011b\u0159\u00edm, \u017ee z\u00a0tebe vyroste mu\u017e podle Bo\u017e\u00edho srdce, kter\u00fd bude Boha zn\u00e1t, milovat po cel\u00fd sv\u016fj \u017eivot.<\/p>\n<p>S l\u00e1skou Kristovou<br \/>\nJosef<\/p>\n<p>&nbsp;<\/p>\n<p>&nbsp;<\/p>\n<p>&nbsp;<\/p>\n","protected":false},"excerpt":{"rendered":"<p>\u00davod Pro\u010d tato kniha? Kdy\u017e jsme za\u010d\u00ednali jako sborov\u00ed d\u016fstojn\u00edci, nem\u011bli jsme mnoho zku\u0161enost\u00ed s\u00a0veden\u00edm jin\u00fdch lid\u00ed. Tak\u00e9 jsme nem\u011bli kam zaj\u00edt. Byli jsme hozeni do vody, abychom se nau\u010dili plavat. Nejsp\u00ed\u0161e jsme ud\u011blali dost chyb, kter\u00fdm jsme se mohli vyhnout, kdyby n\u00e1m n\u011bkdo p\u0159edal sv\u00e9 zku\u0161enosti. Nejenom p\u0159edal zku\u0161enosti, ale dok\u00e1zal je popsat a &hellip; <a href=\"https:\/\/www.josefknoflicek.cz\/?page_id=3531\" class=\"more-link\">Pokra\u010dov\u00e1n\u00ed textu <span class=\"screen-reader-text\">Dopisy Petrovi &#8211; prvn\u00ed dopis<\/span> <span class=\"meta-nav\">&rarr;<\/span><\/a><\/p>\n","protected":false},"author":2,"featured_media":0,"parent":3529,"menu_order":1,"comment_status":"closed","ping_status":"closed","template":"","meta":[],"_links":{"self":[{"href":"https:\/\/www.josefknoflicek.cz\/index.php?rest_route=\/wp\/v2\/pages\/3531"}],"collection":[{"href":"https:\/\/www.josefknoflicek.cz\/index.php?rest_route=\/wp\/v2\/pages"}],"about":[{"href":"https:\/\/www.josefknoflicek.cz\/index.php?rest_route=\/wp\/v2\/types\/page"}],"author":[{"embeddable":true,"href":"https:\/\/www.josefknoflicek.cz\/index.php?rest_route=\/wp\/v2\/users\/2"}],"replies":[{"embeddable":true,"href":"https:\/\/www.josefknoflicek.cz\/index.php?rest_route=%2Fwp%2Fv2%2Fcomments&post=3531"}],"version-history":[{"count":7,"href":"https:\/\/www.josefknoflicek.cz\/index.php?rest_route=\/wp\/v2\/pages\/3531\/revisions"}],"predecessor-version":[{"id":3538,"href":"https:\/\/www.josefknoflicek.cz\/index.php?rest_route=\/wp\/v2\/pages\/3531\/revisions\/3538"}],"up":[{"embeddable":true,"href":"https:\/\/www.josefknoflicek.cz\/index.php?rest_route=\/wp\/v2\/pages\/3529"}],"wp:attachment":[{"href":"https:\/\/www.josefknoflicek.cz\/index.php?rest_route=%2Fwp%2Fv2%2Fmedia&parent=3531"}],"curies":[{"name":"wp","href":"https:\/\/api.w.org\/{rel}","templated":true}]}}