{"id":3546,"date":"2017-10-01T11:25:02","date_gmt":"2017-10-01T10:25:02","guid":{"rendered":"http:\/\/www.josefknoflicek.cz\/?page_id=3546"},"modified":"2021-01-25T22:13:17","modified_gmt":"2021-01-25T21:13:17","slug":"treti-dopis-petrovi","status":"publish","type":"page","link":"https:\/\/www.josefknoflicek.cz\/?page_id=3546","title":{"rendered":"Dopisy Petrovi &#8211; t\u0159et\u00ed dopis"},"content":{"rendered":"<hr \/>\n<p>T\u0158ET\u00cd DOPIS<\/p>\n<p>Mil\u00fd Pet\u0159e, i kdy\u017e jsme se n\u011bkolik let nevid\u011bli, neznamen\u00e1 to, \u017ee jsem z d\u00e1lky nesledoval tv\u016fj r\u016fst a tvou prom\u011bnu ve skute\u010dn\u00e9ho slu\u017eebn\u00edka.<br \/>\nSly\u0161el jsem o tv\u00fdch starostech a zkou\u0161k\u00e1ch, kter\u00fdmi si proch\u00e1zel a v duchu jsem byl v nich s tebou.\u00a0T\u011b\u0161ilo mne, kdy\u017e jsem sly\u0161el, \u017ee jimi v\u00edt\u011bzn\u011b proch\u00e1z\u00ed\u0161.\u00a0Jak\u00a0p\u00ed\u0161e apo\u0161tol Pavel, ka\u017ed\u00fd bratr a sestra na\u00a0v\u0161ude na sv\u011bt\u011b proch\u00e1z\u00ed podobn\u00fdmi zkou\u0161kami.\u00a0Bu\u010fme Bohu za n\u011b vd\u011b\u010dn\u00ed a p\u0159edev\u0161\u00edm za to, \u017ee n\u00e1m ned\u00e1 zkou\u0161ku nad na\u0161e s\u00edly, ale se zkou\u0161kou d\u00e1v\u00e1 i v\u00fdchodisko a p\u0159edev\u0161\u00edm za to, \u017ee je v nich s n\u00e1mi. Vid\u00edm, \u017ee jsi z nich vy\u0161el milosrdn\u011bj\u0161\u00ed, u\u0161lechtilej\u0161\u00ed a bohat\u0161\u00ed v pozn\u00e1v\u00e1n\u00ed hloubky\u00a0Kristovy l\u00e1sky.<br \/>\nVr\u00e1t\u00edm se v\u0161ak k tv\u00fdm obav\u00e1m. Jak jsem pochopil, tr\u00e1p\u00ed t\u011b, \u017ee nev\u00ed\u0161, jak se rozhodnout, Na jednu stranu c\u00edt\u00ed\u0161, \u017ee m\u00e1\u0161 odej\u00edt z u\u010dednictv\u00ed a opustit sv\u00e9ho u\u010ditele i se sv\u00fdmi u\u010dedn\u00edky, kter\u00e9 jsi mezit\u00edm z\u00edskal, ale m\u00e1\u0161 obavu, jestli je to spr\u00e1vn\u00e9 a p\u0159edev\u0161\u00edm si nev\u00ed\u0161 rady s t\u00edm, jak to ud\u011blat, abys nikoho nezranil a neztratil nikoho\u00a0ze sv\u00fdch u\u010dedn\u00edk\u016f. Pokud u\u010dedn\u00edk roste a roste v milosti Bo\u017e\u00ed, pak se st\u00e1v\u00e1, \u017ee za\u010d\u00edn\u00e1 p\u0159er\u016fstat sv\u00e9ho lidsk\u00e9ho u\u010ditele, kter\u00fd mu\u00a0m\u016f\u017ee d\u00e1t \u010d\u00edm d\u00e1l t\u00edm m\u00ed\u0148. Pak p\u0159ich\u00e1z\u00ed pr\u00e1v\u011b tato f\u00e1ze, ve kter\u00e9 se nach\u00e1z\u00ed\u0161.<\/p>\n<p>Jsou r\u016fzn\u00ed u\u010ditel\u00e9 horolezectv\u00ed. N\u011bkte\u0159\u00ed maj\u00ed zku\u0161enosti jen se skalami v \u010cech\u00e1ch, jin\u00ed v Tatr\u00e1ch a dal\u0161\u00ed maj\u00ed zku\u0161enosti z Alp, And, nebo dokonce z Himal\u00e1j\u00ed. V\u0161ichni z nich t\u011b mohou nau\u010dit z\u00e1klad\u016fm horolezectv\u00ed. Ne v\u0161ak v\u0161ichni ti mohou\u00a0pomoci zdol\u00e1vat hory v Himal\u00e1j\u00edch. Jak ji\u017e s\u00e1m v\u00ed\u0161, sv\u00e9 u\u010dedn\u00edky m\u016f\u017ee\u0161 nau\u010dit pouze tomu, \u010d\u00edm jsi pro\u0161el s\u00e1m. Pokud jsi pro\u0161el jen skalami v \u010cech\u00e1ch a um\u011bl\u00fdmi st\u011bnami, pak nem\u016f\u017ee\u0161 nikoho dob\u0159e v\u00e9st po Himal\u00e1j\u00edch, proto\u017ee jsi tam nikdy nebyl a nepro\u017eil jsi to. Proto se st\u00e1v\u00e1, \u017ee u\u010dedn\u00edk za\u010dne p\u0159er\u016fstat sv\u00e9ho u\u010ditele. V\u00ed, \u017ee mus\u00ed zdolat \u0161t\u00edty v Alp\u00e1ch, tak hled\u00e1 toho, kdo by ho to mohl nau\u010dit. Hled\u00e1 dal\u0161\u00edho u\u010ditele, dal\u0161\u00ed veden\u00ed, kter\u00e9 ho povede v\u00fd\u0161e, nebo v p\u0159\u00edpad\u011b k\u0159es\u0165an\u016f do v\u011bt\u0161\u00ed bl\u00edzkosti, hloubky a pozn\u00e1n\u00ed Bo\u017e\u00edho ducha, ale tak\u00e9 p\u0159i vych\u00e1zen\u00ed a sch\u00e1zen\u00ed ve veden\u00ed ostatn\u00edch. Je naprosto p\u0159irozen\u00e9.<br \/>\nJsou u\u010ditel\u00e9, kte\u0159\u00ed rostou se sv\u00fdmi u\u010dedn\u00edky. V\u017edy sami\u00a0vylezou kousek nahoru a pak tam p\u0159ivedou u\u010dedn\u00edka. Tak oba st\u00e1le rostou. Nejsou v\u0161ak v\u0161ichni takov\u00ed. A to je dob\u0159e.<br \/>\nJe jin\u00e9 veden\u00ed a my\u0161len\u00ed p\u0159i v\u00fdstupu na \u00a0osmitis\u00edcovky a jin\u00e9 p\u0159i um\u011bl\u00e9 st\u011bn\u011b.\u00a0Pro u\u010ditele, kter\u00fd se pohybuje v\u00a0Himal\u00e1j\u00edch, je n\u011bkdy t\u011b\u017ek\u00e9 n\u011bkoho za\u010d\u00edt u\u010dit, jak se sl\u00e9zaj\u00ed um\u011bl\u00e9 st\u011bny, nebo \u00fapln\u00fdm za\u010d\u00e1tk\u016fm horolezectv\u00ed. Oni ji\u017e jinak p\u0159em\u00fd\u0161l\u00ed. P\u0159em\u00fd\u0161l\u00ed v jin\u00fdch\u00a0rozm\u011brech a pot\u0159eb\u00e1ch.<br \/>\nNaopak jsou u\u010ditel\u00e9, kte\u0159\u00ed jsou skv\u011bl\u00ed v tom, jak p\u0159edat z\u00e1klady. Jak\u00a0s u\u010dedn\u00edky za\u010d\u00edt prvn\u00ed kroky v\u00edry. Jak vej\u00edt a za\u010d\u00edt chodit\u00a0v t\u011bch Bo\u017e\u00edch bot\u00e1ch. Bez t\u011bchto u\u010ditel\u016f by nem\u011bli sv\u00e9 u\u010dedn\u00edky ti, kte\u0159\u00ed sl\u00e9zaj\u00ed Himal\u00e1je. Tito u\u010ditel\u00e9 u\u010dedn\u00edk\u016fm p\u0159edaj\u00ed prvn\u00ed rady, pomohou jim vykopat pevn\u00e9 z\u00e1klady, na kter\u00fdch pak mohou stav\u011bt jin\u00ed. Jsou velmi d\u016fle\u017eit\u00ed, proto\u017ee stoj\u00ed na sam\u00e9m za\u010d\u00e1tku. \u010casto v\u0161ak nejsou vid\u011bt, na rozd\u00edl od t\u011bch, kte\u0159\u00ed u\u010d\u00ed sl\u00e9zat Himal\u00e1je.<\/p>\n<p>B\u016fh, dal ka\u017ed\u00e9mu z n\u00e1s m\u00edsto, kam pat\u0159\u00ed a kde je nejv\u00edce platn\u00fd pro r\u016fst jeho kr\u00e1lovstv\u00ed. Nen\u00ed d\u016fle\u017eit\u011bj\u0161\u00ed slu\u017eba. Je pouze su\u017eba pro P\u00e1na, kterou n\u00e1m on s\u00e1m sv\u011b\u0159il. Ka\u017ed\u00e1 slu\u017eba pro n\u011bj je d\u016fle\u017eit\u00e1, pokud\u00a0 ov\u0161em n\u00e1s do n\u00ed stav\u00ed on s\u00e1m.<\/p>\n<p>Vim, Pet\u0159e, \u017ee ve sv\u00e9m srdci m\u00e1\u0161 z Ducha svat\u00e9ho, co m\u00e1\u0161 d\u011blat. Tv\u00e1 obava je v\u0161ak opr\u00e1vn\u011bn\u00e1. Jako skute\u010dn\u00fd u\u010dedn\u00edk nechce\u0161 zranit sv\u00e9ho u\u010ditele, \u017ee ho opust\u00ed\u0161 a p\u016fjde\u0161 jinam, najde\u0161 si jin\u00e9ho u\u010ditele. P\u0159esto pot\u0159ebuje\u0161 tuto zm\u011bnu uskute\u010dnit.<br \/>\nTak\u00e9 v\u011b\u0159\u00edm, \u017ee i tv\u016fj u\u010ditel to v\u00ed.<br \/>\nPokud se vyd\u00e1me na u\u010dednickou cestu, jako u\u010dedn\u00edci a u\u010ditel\u00e9, nebudeme m\u00edt v \u017eivot\u011b jen jednoho u\u010dedn\u00edka. N\u011bkdy se n\u011bkoho ujmeme s t\u00edm, \u017ee to bude on, kdo po n\u00e1s p\u0159evezme na\u0161i slu\u017ebu. Nejen p\u0159evezme, ale tak\u00e9 v n\u00ed bude pokra\u010dovat p\u0159esn\u011b podle na\u0161ich p\u0159edstav. Prost\u011b bude na\u0161\u00ed prodlou\u017eenou rukou. V Bo\u017e\u00edm veden\u00ed to tak nefunguje. V\u011bt\u0161inou jsme pak zklaman\u00ed z toho, \u017ee u\u010dedn\u00edk odejde jinam, nebo kdy\u017e slu\u017ebu po n\u00e1s p\u0159ebere, nepokra\u010duje v n\u00ed tak, jak bychom pokra\u010dovali my. To se m\u016f\u017ee st\u00e1t, kdy\u017e se upnu na jednoho u\u010dedn\u00edka a p\u0159edem si ud\u011bl\u00e1m p\u0159edstavu koho z n\u011bho vychov\u00e1m. Tak jak jsem ti ji\u017e d\u0159\u00edve napsal, ned\u011bl\u00e1me kopie sebe, ale tou\u017e\u00edme, aby se na\u0161i u\u010dedn\u00edci v\u00edce a v\u00edce podobali Kristu a slou\u017eili mu a ne n\u00e1m. Vychov\u00e1v\u00e1m je pro Bo\u017e\u00ed kr\u00e1lovstv\u00ed a je na Duchu svat\u00e9m, kam je povede. N\u011bkdo z\u016fstane a p\u0159evezme slu\u017ebu (ale to nemohou v\u0161ichni), ale pro v\u011bt\u0161inu m\u00e1 P\u00e1n p\u0159ipravenou jejich vlastn\u00ed cestu. Toto odd\u011blen\u00ed \u010dek\u00e1 i na tebe, jako u\u010ditele. Tak jako dnes v\u00ed\u0161, \u017ee se m\u00e1\u0161 odpoutat a j\u00edt, tak to budou jednou v\u011bd\u011bt i tv\u00ed u\u010dedn\u00edci. Pak bude tv\u00fdm \u00fakolem jim pomoci, aby to odpout\u00e1n\u00ed bylo v prav\u00fd \u010das a p\u0159edev\u0161\u00edm v pokoji a po\u017eehn\u00e1n\u00ed.<br \/>\nN\u011bkdy je to ze dne na den, jindy to m\u016f\u017ee b\u00fdt del\u0161\u00ed a pomalej\u0161\u00ed proces. A\u0165 t\u011b \u010dek\u00e1 jedno, nebo druh\u00e9, mluv o tom s u\u010ditelem, mluv o sv\u00e9m snu\u00a0od Boha, modli se s n\u00edm za toto odd\u011blen\u00ed se. Kdy\u017e do toho budete zapojeni oba, nebude to bolestn\u00e9, ale radostn\u00e9 o\u010dek\u00e1v\u00e1n\u00ed nov\u00fdch v\u011bc\u00ed.\u00a0I tak\u00a0to bude v\u017edy pro u\u010ditele t\u011b\u017ek\u00e9. Je to stejn\u00e9, jako kdy\u017e d\u011bti odch\u00e1z\u00ed z domu. Je pot\u0159eba je ve spr\u00e1vn\u00fd \u010das pustit a n\u011bkdy i popostr\u010dit, ale v\u017edy se to siln\u011b dot\u00fdk\u00e1 u\u010ditelova srdce.<br \/>\nProto si pamatuj, \u017ee on nikdy nezapomene na tebe a bude z d\u00e1lky sledovat tv\u016fj \u017eivot. Bude ti na d\u00e1lku \u017eehnat. Bude\u0161 m\u00edt u n\u011bho v\u017edy otev\u0159enou n\u00e1ru\u010d, kdy\u017e bude\u0161 na dal\u0161\u00ed cest\u011b pot\u0159ebovat pot\u011b\u0161it. Bude \u010dekat, \u017ee ob\u010das p\u0159ijde\u0161, nap\u00ed\u0161e\u0161, nebo zavol\u00e1\u0161, aby ses s n\u00edm pod\u011blil o svoji radost a nejen o ni.<br \/>\nJe d\u016fle\u017eit\u00e9, aby odd\u011blen\u00ed prob\u011bhlo s jeho po\u017eehn\u00e1n\u00edm.<br \/>\nM\u016f\u017ee se st\u00e1t, \u017ee n\u011bkte\u0159\u00ed u\u010ditel\u00e9, jako n\u011bkte\u0159\u00ed rodi\u010de se d\u011bt\u00ed necht\u011bj\u00ed vzd\u00e1t, pak je odd\u011bln\u00ed t\u011b\u017ek\u00e9 a bolestiv\u00e9 a nese zran\u011bn\u00ed na obou stran\u00e1ch a na dlouho, proto\u017ee z veden\u00ed a p\u00e9\u010de\u00a0se stane manipulace. Vytr\u017een\u00ed z manipulace je v\u017edy bolestiv\u00e9, proto\u017ee jde o duchovn\u00ed boj. To v\u0161ak nen\u00ed tv\u016fj p\u0159\u00edpad. Naopak.<\/p>\n<p>Osobn\u011b si p\u0159eji a modl\u00edm se, aby m\u00ed u\u010dedn\u00edci,\u00a0m\u00e9 duchovn\u00ed d\u011bti mne p\u0159erostli, aby se mohli\u00a0dostat na vy\u0161\u0161\u00ed \u0161t\u00edty, ne\u017e j\u00e1 a poznat v\u011bt\u0161\u00ed hloubku Bo\u017e\u00ed l\u00e1sky. Proto\u00a0i ty bu\u010f v\u017edy p\u0159ipraven\u00fd pomoci sv\u00fdm u\u010dedn\u00edk\u016fm, aby t\u011b p\u0159erostli, aby mohli doj\u00edt d\u00e1l ne\u017e ty.<br \/>\nModl\u00edm se \u00a0p\u0159edev\u0161\u00edm za dv\u011b v\u011bci. Aby p\u0159evzali ode mne jen ty dobr\u00e9 a Bo\u017e\u00ed v\u011bci a aby je B\u016fh v jejich \u017eivotech zn\u00e1sobil.<br \/>\nNakonec zjist\u00ed\u0161, \u017ee u\u010dednictv\u00ed je o \u0161t\u011bdr\u00e9m srdci.<\/p>\n<p>Neboj se tedy odpoutat, ale ud\u011blej to tak, aby to bylo v pokoji. Mo\u017en\u00e1 n\u011bkte\u0159\u00ed tv\u00ed u\u010dedn\u00edci z\u016fstanou u sv\u00e9ho u\u010ditele,\u00a0 mo\u017en\u00e1, \u017ee v\u0161ichni p\u016fjdou za tebou, Nech jim svobodnou v\u016fli a nezapome\u0148, \u017ee i je vede n\u00e1\u0161 P\u00e1n a on m\u00e1 pro n\u011b jejich cesty.<\/p>\n<p>I j\u00e1 s o\u010dek\u00e1v\u00e1n\u00edm budu d\u00e1l sledovat tvoje cesty.<br \/>\nS l\u00e1skou Kristovou Josef<\/p>\n<p>&nbsp;<\/p>\n","protected":false},"excerpt":{"rendered":"<p>T\u0158ET\u00cd DOPIS Mil\u00fd Pet\u0159e, i kdy\u017e jsme se n\u011bkolik let nevid\u011bli, neznamen\u00e1 to, \u017ee jsem z d\u00e1lky nesledoval tv\u016fj r\u016fst a tvou prom\u011bnu ve skute\u010dn\u00e9ho slu\u017eebn\u00edka. Sly\u0161el jsem o tv\u00fdch starostech a zkou\u0161k\u00e1ch, kter\u00fdmi si proch\u00e1zel a v duchu jsem byl v nich s tebou.\u00a0T\u011b\u0161ilo mne, kdy\u017e jsem sly\u0161el, \u017ee jimi v\u00edt\u011bzn\u011b proch\u00e1z\u00ed\u0161.\u00a0Jak\u00a0p\u00ed\u0161e apo\u0161tol Pavel, &hellip; <a href=\"https:\/\/www.josefknoflicek.cz\/?page_id=3546\" class=\"more-link\">Pokra\u010dov\u00e1n\u00ed textu <span class=\"screen-reader-text\">Dopisy Petrovi &#8211; t\u0159et\u00ed dopis<\/span> <span class=\"meta-nav\">&rarr;<\/span><\/a><\/p>\n","protected":false},"author":2,"featured_media":0,"parent":3529,"menu_order":3,"comment_status":"closed","ping_status":"closed","template":"","meta":[],"_links":{"self":[{"href":"https:\/\/www.josefknoflicek.cz\/index.php?rest_route=\/wp\/v2\/pages\/3546"}],"collection":[{"href":"https:\/\/www.josefknoflicek.cz\/index.php?rest_route=\/wp\/v2\/pages"}],"about":[{"href":"https:\/\/www.josefknoflicek.cz\/index.php?rest_route=\/wp\/v2\/types\/page"}],"author":[{"embeddable":true,"href":"https:\/\/www.josefknoflicek.cz\/index.php?rest_route=\/wp\/v2\/users\/2"}],"replies":[{"embeddable":true,"href":"https:\/\/www.josefknoflicek.cz\/index.php?rest_route=%2Fwp%2Fv2%2Fcomments&post=3546"}],"version-history":[{"count":5,"href":"https:\/\/www.josefknoflicek.cz\/index.php?rest_route=\/wp\/v2\/pages\/3546\/revisions"}],"predecessor-version":[{"id":3553,"href":"https:\/\/www.josefknoflicek.cz\/index.php?rest_route=\/wp\/v2\/pages\/3546\/revisions\/3553"}],"up":[{"embeddable":true,"href":"https:\/\/www.josefknoflicek.cz\/index.php?rest_route=\/wp\/v2\/pages\/3529"}],"wp:attachment":[{"href":"https:\/\/www.josefknoflicek.cz\/index.php?rest_route=%2Fwp%2Fv2%2Fmedia&parent=3546"}],"curies":[{"name":"wp","href":"https:\/\/api.w.org\/{rel}","templated":true}]}}