{"id":3551,"date":"2017-10-01T11:34:24","date_gmt":"2017-10-01T10:34:24","guid":{"rendered":"http:\/\/www.josefknoflicek.cz\/?page_id=3551"},"modified":"2021-01-25T22:42:15","modified_gmt":"2021-01-25T21:42:15","slug":"dopisy-petrovi-ctvrty-dopis","status":"publish","type":"page","link":"https:\/\/www.josefknoflicek.cz\/?page_id=3551","title":{"rendered":"Dopisy Petrovi &#8211; \u010dtvrt\u00fd dopis"},"content":{"rendered":"<p>\u010cTVRT\u00dd DOPIS<\/p>\n<p>Bohem milovan\u00fd Pet\u0159e.<br \/>\nNa n\u011bjakou dobu ses mi ztratil z o\u010d\u00ed. Nem\u011bl jsem o tob\u011b \u017e\u00e1dn\u00e9 informace, ale z m\u00e9ho srdce ses neztratil, Tam m\u00e1\u0161 st\u00e1l\u00e9 m\u00edsto.<br \/>\nMnohokr\u00e1t jsem na tebe myslel a Duch svat\u00fd mi t\u011b p\u0159ipom\u00ednal p\u0159i modlitb\u00e1ch. O to v\u00edce mne pot\u011b\u0161ilo, \u017ee jsi p\u0159evzal veden\u00ed sboru. V\u011b\u0159\u00edm, \u017ee z tebe bude dobr\u00fd a p\u0159edev\u0161\u00edm Bo\u017e\u00ed vedouc\u00ed.<br \/>\nV\u00e9st c\u00edrkev, by\u0165 je to jen men\u0161\u00ed m\u00edstn\u00ed sbor, je velkou odpov\u011bdnost\u00ed p\u0159ed Bohem. Mnoz\u00ed z t\u011bch, kte\u0159\u00ed poprv\u00e9 vstupuj\u00ed do jeho veden\u00ed ud\u011blaj\u00ed na za\u010d\u00e1tku chyby, kter\u00e9\u00a0pak mus\u00ed dlouho a n\u011bkdy i n\u011bkolik let napravovat.<br \/>\nCht\u011bl bych t\u011b na n\u011bkolik z\u00e1sadn\u00edch omyl\u016f, kter\u00fdch by ses mohl dopustit upozornit,\u00a0abys jim mohl\u00a0p\u0159edej\u00edt.<br \/>\nMo\u017en\u00e1\u00a0jsi se\u00a0setkal\u00a0p\u0159i \u0161kolen\u00edch s n\u00e1zorem, \u017ee prvn\u00ed t\u0159i m\u011bs\u00edce v nov\u00e9 slu\u017eb\u011b veden\u00ed je nejkr\u00e1sn\u011bj\u0161\u00edch. Je to z toho d\u016fvodu, \u017ee po tuto dobu vid\u00edme navz\u00e1jem na sob\u011b jen ty dobr\u00e9 v\u011bci, V\u0161e vypad\u00e1 skv\u011ble, v\u0161ichni\u00a0se sna\u017e\u00ed uk\u00e1zat v tom nejlep\u0161\u00edm sv\u011btle. Obrazn\u011b \u0159e\u010deno, nevid\u00edme &#8222;pod koberec&#8220;, co tam je zameten\u00e9 a schovan\u00e9. Zhruba do p\u016fl roku se to za\u010dne objevovat. Nejen v \u017eivot\u011b sboru, ale tak\u00e9 se za\u010dne pln\u011b\u00a0projevovat n\u00e1\u0161 charakter.<br \/>\nNajednou uvid\u00edme, \u017ee\u00a0vztahy ve sboru nejsou tak jednoduch\u00e9 a\u00a0\u00fapln\u011b \u010dist\u00e9. Za\u010dneme vid\u011bt nedostatky a\u00a0trhliny. Tak\u00e9\u00a0n\u011bkte\u0159\u00ed lid\u00e9 ve sboru zjist\u00ed, \u017ee\u00a0nejsi ten ide\u00e1ln\u00ed vedouc\u00ed, o kter\u00e9m snili.\u00a0Jin\u00ed\u00a0ztrat\u00ed iluzi o tom, \u017ee by t\u011b mohli ovl\u00e1dat.\u00a0Je v\u0161ak v\u011bt\u0161ina t\u011bch, kte\u0159\u00ed\u00a0t\u011b vezmou na v\u011bdom\u00ed, ale\u00a0na sliby a uji\u0161\u0165ov\u00e1n\u00ed\u00a0o tom, jak ti budou ve v\u0161em pom\u00e1hat najednou zapomenou. Dobrou zpr\u00e1vou je, \u017ee st\u00e1le bude existovat skupina t\u011bch, kte\u0159\u00ed\u00a0se ti budou sna\u017eit pom\u00e1hat, podporovat t\u011b a slou\u017eit pod tv\u00fdm veden\u00edm.<br \/>\nI n\u00e1s na to na\u0161i vedouc\u00ed a mento\u0159i upozornili. Ne\u0159ekli n\u00e1m v\u0161ak, jak s t\u00edm jednat. Vypadalo to sp\u00ed\u0161e jako u\u017eijte si ty t\u0159i m\u011bs\u00edce, proto\u017ee pak to bude t\u011b\u017ek\u00e9.<br \/>\nNa\u0161e zku\u0161enost je takov\u00e1, \u017ee je to skute\u010dn\u011b pravda.\u00a0Funguje to tak. My v\u0161ak\u00a0m\u00e1me mo\u017enost se rozhodnout zda se t\u00e9 skute\u010dnosti pod\u0159\u00edd\u00edme, nebo zda ji poraz\u00edme. Mysl\u00edm, \u017ee je to past od zl\u00e9ho, aby hned na za\u010d\u00e1tku rozbil vztahy a zabr\u00e1nil tak jednot\u011b v c\u00edrkvi, kter\u00e1 je pro n\u011bj nebezpe\u010dn\u00e1. V t\u00e9 chv\u00edli si to v\u0161ak neuv\u011bdomuje. C\u00edt\u00edme sp\u00ed\u0161e zklam\u00e1n\u00ed nebo zran\u011bn\u00ed, hled\u00e1me re\u0161en\u00ed a chceme v\u011bci zm\u011bnit. V tom nejhor\u0161\u00edm se stane, \u017ee se budeme sna\u017eit prosadit svoji autoritu. Podobn\u011b to pak c\u00edt\u00ed i n\u011bkte\u0159\u00ed kl\u00ed\u010dov\u00ed lid\u00e9\u00a0ve sboru a vlastn\u011b za\u010dne boj o to kdo z koho. Nikdo o tom nemluv\u00ed, v\u0161ichni se tv\u00e1\u0159\u00ed l\u00e1skypln\u011b, ale n\u011bkde uvnit\u0159\u00a0je skryt\u00fd boj. M\u00edsto sjednocen\u00ed a\u00a0ni\u010den\u00ed skutk\u016f \u010f\u00e1bla,\u00a0se st\u00e1v\u00e1 t\u00edm nejd\u016fle\u017eit\u011bj\u0161\u00edm prosazen\u00edm se\u00a0sebe sam\u00e9ho, nebo n\u011bkolika lid\u00ed\u00a0ve sboru proti nov\u00e9mu vedouc\u00edmu. To m\u016f\u017ee poznamenat sbor na n\u011bkolik let.<br \/>\nDokonce to mnohdy vede i k rozpadu sboru.<br \/>\nPokud se to nest\u00e1v\u00e1, pak sbor je ji\u017e\u00a0natolik vysp\u011bl\u00fd, \u017ee\u00a0dok\u00e1\u017ee p\u0159ijmout &#8222;nov\u00e1\u010dka&#8220; ve veden\u00ed a pomoc mu.<br \/>\nPokud\u00a0to v\u0161ak tak nen\u00ed, pak co s t\u00edm?<br \/>\nJako nov\u00fd vedouc\u00ed\u00a0si pot\u0159ebuji uv\u011bdomit dv\u011b d\u016fle\u017eit\u00e9 v\u011bci. B\u016fh mne postavil do t\u00e9to pozice proto, abych o ovce pe\u010doval, ne je ztr\u00e1cel nebo nutil odej\u00edt z ov\u010dince &#8211; a\u0165 ji\u017e v\u011bdom\u011b nebo nev\u011bdom\u011b.<br \/>\nJe\u017e\u00ed\u0161 vyd\u00e1v\u00e1 po\u010det sv\u00e9mu Otci -Dokud jsem byl s nimi ve sv\u011bt\u011b, zachov\u00e1val jsem je a st\u0159e\u017eil ve tv\u00e9m jm\u00e9nu, kter\u00e9 jsi mi dal, a nikdo z nich nezahynul, krom\u011b syna z\u00e1huby, aby se naplnilo P\u00edsmo.\u00a0(Jan 17. kapitola)\u00a0Je\u017e\u00ed\u0161 je nejv\u011bt\u0161\u00edm\u00a0Past\u00fd\u0159em, je vzorem pro n\u00e1s jak v\u00e9st a p\u00e1st ovce, kter\u00e9 n\u00e1m byly sv\u011b\u0159en\u00e9. Na jin\u00e9m m\u00edst\u011b P\u00e1n \u0159\u00edk\u00e1: Dobr\u00fd past\u00fd\u0159 pokl\u00e1d\u00e1 svou du\u0161i za ovce. (Jan 10. kapitola)\u00a0Nebesk\u00fd Otec o\u010dek\u00e1v\u00e1, \u017ee i\u00a0my budeme podle vzoru jeho Syna\u00a0pokl\u00e1dat sv\u00e9 du\u0161e za ovce, kter\u00e9 n\u00e1m sv\u011b\u0159il. To znamen\u00e1, milovat je jeho l\u00e1skou. To je jedin\u00fd zp\u016fsob jak m\u016f\u017eeme jednat v t\u00e9hle situaci. Rozhodnout se, \u017ee je budeme milovat l\u00e1skou Je\u017e\u00ed\u0161e Krista.<br \/>\nKdy\u017e po prvn\u00edch m\u011bs\u00edc\u00edch zjist\u00edme, \u017ee situace a lid\u00e9 nejsou takov\u00e9 jak to na za\u010d\u00e1tku vypadalo, \u017ee sl\u00edben\u00e1 podpora nen\u00ed a objevuj\u00ed se sp\u00ed\u0161e kritikov\u00e9 ne\u017e ti, kte\u0159\u00ed by n\u00e1m podp\u00edrali ruce, pot\u0159ebuji si uv\u011bdomit, \u017ee p\u0159ich\u00e1z\u00ed nebezpe\u010d\u00ed zaho\u0159knut\u00ed v\u016f\u010di lidem a sboru. Mo\u017en\u00e1 je to jen kousek ho\u0159kosti, ale ta se dok\u00e1\u017ee \u0159\u00e1dn\u011b v srdci rozr\u016fstat a pozd\u011bji se v n\u00e1s pevn\u011b us\u00eddli a\u00a0vyp\u016fsob\u00ed, \u017ee se budeme c\u00edtit osamocen\u00ed, budeme\u00a0se sp\u00ed\u0161e litovat, ne\u017e milovat ovce, kter\u00e9 n\u00e1m B\u016fh sv\u011b\u0159il.<br \/>\nPot\u0159ebujeme se p\u0159en\u00e9st l\u00e1skou p\u0159es tyto skute\u010dnosti. Uzav\u0159\u00edt srdce ho\u0159kosti a zklam\u00e1n\u00ed a otev\u0159\u00edt ho pro nad\u011bji budoucnosti, kterou p\u0159ipravuje B\u016fh pro sbor,\u00a0kter\u00fd n\u00e1m sv\u011b\u0159il.<br \/>\nJe\u017e\u00ed\u0161 v des\u00e1t\u00e9 kapitole Jana pokra\u010duje: J\u00e1 jsem dobr\u00fd past\u00fd\u0159; zn\u00e1m svoje ovce a moje ovce znaj\u00ed mne&#8230;<br \/>\nB\u00fdt dobr\u00fdm past\u00fd\u0159em je up\u0159ednostnit z\u00e1jem Bo\u017e\u00ed p\u0159ed na\u0161imi\u00a0z\u00e1jmy, p\u0159ed\u00a0na\u0161\u00ed d\u016fle\u017eitost\u00ed, p\u0159ed na\u0161imi pl\u00e1ny se sborem a lidmi v n\u011bm. Polo\u017eit du\u0161i je se vz\u00e1t sv\u00fdch p\u0159edstav, sv\u00e9ho j\u00e1, sv\u00e9 je\u0161itnosti a d\u00e1t se v\u0161anc.<br \/>\nPrakticky to znamen\u00e1 nap\u0159\u00edklad\u00a0budovat vztahy s lidmi ve sboru. A ud\u011blat pro to v\u0161e, co ud\u011blat mohu.\u00a0\u010casto to vede cestou poko\u0159en\u00ed.\u00a0Je to to nejd\u016fle\u017eit\u011bj\u0161\u00ed. Naslouchat jim, b\u00fdt s nimi. Zn\u00e1t je.\u00a0Neb\u00e1t se b\u00fdt otev\u0159en\u00fd v\u016f\u010di nim, aby mohli poznat, \u017ee jsme ti, kter\u00e9 jim poslal Otec, aby mohli uv\u011b\u0159it tomu, \u017ee mluv\u00edme jeho slova. A to nejde, pokud\u00a0nebudeme odoln\u00ed v\u016f\u010di zran\u011bn\u00ed a ho\u0159kosti.\u00a0To je to jedin\u00e9, co pot\u0159ebuje\u0161 na za\u010d\u00e1tek. Dokud nezbuduje\u0161\u00a0vztahy a d\u016fv\u011bru, nic nebude\u0161 moci zm\u011bnit, ani nikoho neposune\u0161 d\u00e1l, i kdybys m\u011bl\u00a0ta nejlep\u0161\u00ed k\u00e1z\u00e1n\u00ed a vyu\u010dov\u00e1n\u00ed. Pokud d\u016fv\u011bru a vztahy z\u00edsk\u00e1\u0161,\u00a0polo\u017e\u00ed\u0161 z\u00e1klad pro r\u016fst sboru jak sm\u011brem k nebi k P\u00e1nu, tak do \u0161\u00ed\u0159ky &#8211; tedy, \u017ee budou ve sboru p\u0159ib\u00fdvat dal\u0161\u00ed P\u00e1novy ove\u010dky.<br \/>\n(L\u00e1ska) v\u0161echno sn\u00e1\u0161\u00ed, v\u0161emu v\u011b\u0159\u00ed, ve v\u0161e douf\u00e1, v\u0161echno vydr\u017e\u00ed. (1.Kor.13)<br \/>\nMoj\u00ed prvn\u00ed radou je: nep\u0159esta\u0148 milovat ty, ke kter\u00fdm t\u011b Otec poslal, kter\u00e9 ti sv\u011b\u0159il, i kdy\u017e\u00a0se ti realita bude sna\u017eit vz\u00edt nad\u011bji a dobr\u00fd obraz o nich. V\u011b\u0159, \u017ee i za n\u011b Kristus um\u00edral na k\u0159\u00ed\u017ei, \u017ee pro n\u011bho jsou stejn\u011b vz\u00e1cn\u00ed jako jsi pro n\u011bj vz\u00e1cn\u00fd ty. K tomu pot\u0159ebuje\u0161\u00a0s\u00e1m p\u0159eb\u00fdvat v jeho l\u00e1sce. M\u00edsto, abys nechal p\u016fsobit na\u00a0sv\u00e9 srdce ho\u0159kost, zran\u011bn\u00ed a zklam\u00e1n\u00ed, nech p\u016fsobit a \u017e\u00edt v sob\u011b\u00a0Kristovu l\u00e1sku, kter\u00e9 p\u0159inese\u00a0radost, pokoj a nad\u011bji do budoucna.\u00a0Nenech se p\u0159ev\u00e1lcovat t\u00edm, co po t\u0159ech m\u011bs\u00edc\u00edch se bude sna\u017eit ti uk\u00e1zat\u00a0\u010f\u00e1bel,\u00a0ale d\u00edvej se na sbor a lidi v n\u011bm Bo\u017e\u00edma o\u010dima. B\u016fh nechce, abychom bojovali mezi sebou, ale abychom v jednot\u011b ni\u010dili skutky \u010f\u00e1bla. Ty m\u00e1\u0161 k tomu jeden z kl\u00ed\u010d\u016f &#8211;\u00a0st\u00e1t se pokorn\u00fdm od sam\u00e9ho po\u010d\u00e1tku tv\u00e9 slu\u017eby.<\/p>\n<p>Vztahy jsou tou nejd\u016fle\u017eit\u011bj\u0161\u00ed sou\u010d\u00e1st\u00ed slu\u017eby vedouc\u00edho. Funguje to stejn\u011b jako vztahy mezi Bohem a tebou. B\u016fh t\u011b zahrnuje svoji l\u00e1skou bez pod\u00edm\u00ednek, Je to tak siln\u00e9, \u017ee mu za\u010d\u00edn\u00e1\u0161 d\u016fv\u011b\u0159ovat a spol\u00e9hat se na jeho l\u00e1sku a v\u011brnost. Pozn\u00e1v\u00e1\u0161 jeho pravdivost a to t\u011b posiluje. Pak mu za\u010dne\u0161 slou\u017eit v d\u016fv\u011b\u0159e a l\u00e1sce. Podobn\u011b je to s vedouc\u00edm, kter\u00fd buduje vztah se sv\u00fdmi ove\u010dkami. Vztah zalo\u017een\u00fd na Bo\u017e\u00ed l\u00e1sce, kterou\u00a0Duch svat\u00fd\u00a0vyl\u00e9v\u00e1 skrze\u00a0jeho \u017eivot kolem. Takov\u00fd vztah buduje d\u016fv\u011bru, v\u011brnost a vede ke slu\u017eb\u011b.<br \/>\nK tomu se vr\u00e1t\u00edm n\u011bkdy v dal\u0161\u00edm dopise.<br \/>\nTe\u010f bych ti cht\u011bl napsat je\u0161t\u011b o druh\u00e9 velk\u00e9 chyb\u011b, kterou nov\u00ed a nejen nov\u00ed vedouc\u00ed d\u011blaj\u00ed a to nejen v c\u00edrkvi. Je to souzen\u00ed t\u011bch, kte\u0159\u00ed vedli c\u00edrkve p\u0159ed nimi. Posuzov\u00e1n\u00ed a kritika jejich pr\u00e1ce.<br \/>\nPros\u00edm, vyhni se ve\u0161ker\u00e9 kritice t\u011bch, kte\u0159\u00ed slou\u017eili p\u0159ed tebou.\u00a0Pokud kritizuje\u0161 to, co d\u011blali, co vybudovali, krituzuje\u0161 vlastn\u011b i lidi v c\u00edrkvi.\u00a0\u0158\u00edk\u00e1\u0161 jim jak to \u0161patn\u011b d\u011blali.\u00a0Lid\u00e9 v c\u00edrkvi\u00a0to tak\u00a0vn\u00edmaj\u00ed. \u00a0V\u011b\u0159, \u017ee ka\u017ed\u00fd vedouc\u00ed p\u0159ed tebou se sna\u017eil d\u011blat v\u011bci\u00a0jak nejl\u00e9pe um\u011bl a jak nejl\u00e9pe je ch\u00e1pal. V\u011b\u0159, \u017ee hledal Bo\u017e\u00ed v\u016fli a\u00a0B\u016fh ho vedl.\u00a0Takov\u00fd vedouc\u00ed d\u011blal v dan\u00e9 chv\u00edli a situaci to, co pova\u017eoval za nejlep\u0161\u00ed. Tys u toho nebyl a nev\u00ed\u0161, co pro\u017e\u00edval, mezi \u010d\u00edm se musel rozhodnout a jak moc plakal a modlil se za druh\u00e9. Va\u017e si t\u011bch, kte\u0159\u00ed byli p\u0159ed tebou, proto\u017ee bez nich bys tam dnes nebyl a nebyl by tam ani sbor, ve kter\u00e9m slou\u017e\u00ed\u0161.<br \/>\nN\u011bkte\u0159\u00ed vedouc\u00ed maj\u00ed dojem, \u017ee z\u00edskaj\u00ed autoritu, kdy\u017e sn\u00ed\u017e\u00ed a zkritizuj\u00ed v\u0161e, co d\u011blali jejich p\u0159edch\u016fdci. Nebu\u010f jim podobn\u00fd. Kdy\u017e zjist\u00ed\u0161 n\u011bjakou chybu, naprav ji, ale nemluv o ni ve sboru. (Mo\u017en\u00e1 to bude\u0161 muset vz\u00edt n\u011bkdy na sebe. Ale i n\u00e1\u0161 P\u00e1n vzal na sebe tv\u00e9 chyby.)<br \/>\nPamatuj, \u017ee i ty nejsi dokonal\u00fd a i po tob\u011b p\u0159ijde jin\u00fd v\u00e9st sbor.<br \/>\nZn\u00e1m vedouc\u00ed, kte\u0159\u00ed kamkoli p\u0159ijdou za\u010dnou si v\u00edce v\u0161\u00edmat a vyhled\u00e1vat chyby t\u011bch, kte\u0159\u00ed byli p\u0159ed nimi. Kdy\u017e jsem nad jejich slu\u017ebou p\u0159em\u00fd\u0161lel, uv\u011bdomil jsem si, \u017ee v\u0161ude kam p\u0159i\u0161li, a\u0165 to byl velk\u00fd sbor nebo mal\u00fd, v\u017edy z n\u011bho za\u010dali odch\u00e1zet lid\u00e9 a ve sboru z\u016fstalo jen p\u00e1r lid\u00ed. M\u00e1 to n\u011bkolik d\u016fvod\u016f. Prvn\u00ed je ten, \u017ee za\u010dali chledat chyby na t\u011bch, kte\u0159\u00ed byli p\u0159ed nimi pro mnoh\u00e9 duchovn\u00edmi otci a matkami. Nikomu se nel\u00edb\u00ed, kdy\u017e n\u011bkdo za\u010dne kritizovat ve\u0159ejn\u011b jejich rodi\u010de. To plat\u00ed i na rodi\u010de a d\u011bti duchovn\u00ed. Takov\u00ed kritici si nemohou z\u00edskat d\u016fv\u011bru a za\u010dnou ztr\u00e1cet lidi ve sboru. Ti si za\u010dnou hledat jin\u00e9 vedouc\u00ed v jin\u00fdch sborech nebo, co\u017e je hor\u0161\u00ed, odejdou \u00fapln\u011b z c\u00edrkve.\u00a0 Druh\u00fdm d\u016fvodem je, \u017ee takov\u00e9 kritika vypad\u00e1 pro ve\u010dky jako vyv\u0161ov\u00e1n\u00ed se nad jin\u00e9 a p\u0159edev\u0161\u00ed i nad n\u011b.\u00a0Takov\u00ed vedouc\u00ed \u0159\u00edkaj\u00ed sv\u011btu: My jedin\u00ed v\u00edme, jak to m\u00e1 b\u00fdt. My jedin\u00ed jsme dokonal\u00ed. To je p\u00fdcha, kter\u00e1 odpuzuje lidi kolem. T\u0159et\u00ed d\u016fvod je, \u017ee pokud ji\u017e n\u011bkoho takov\u00ed vedouc\u00ed pust\u00ed\u00a0slou\u017eit ve sboru, lid\u00e9 maj\u00ed strach vedle &#8222;dokonal\u00fdch&#8220; slou\u017eit, proto\u017ee o\u010dek\u00e1vaj\u00ed, \u017ee budou tak\u00e9 zkritizovan\u00ed. A to nikdo nestoj\u00ed.<br \/>\nKdy\u017e si bude\u0161 v\u00e1\u017eit a d\u011bkovat za slu\u017ebu t\u011bch, kte\u0159\u00ed byli p\u0159ed tebou, \u0159\u00edk\u00e1\u0161 t\u00edm, \u017ee si v\u00e1\u017e\u00ed\u0161 i t\u011bch, kte\u0159\u00ed jsou ve sboru. Pokud slu\u017ebu p\u0159edchoz\u00edch vedouc\u00edch odsoud\u00ed\u0161, pak lidi ve sboru budou zmateni. Oni v\u011b\u0159ili, \u017ee jejich vedouc\u00ed jednali podle Bo\u017e\u00ed v\u016fle. Jak te\u010f mohou v\u011b\u0159it tob\u011b, \u017ee zrvovna ty bude\u0161 jednat podle Bo\u017e\u00ed v\u016fle? Komu maj\u00ed d\u016fv\u011b\u0159ovat?<\/p>\n<p>\u017dehnej a d\u011bkuj. V\u00edce naslouchej lidem, kam cht\u011bli doj\u00edt, jak\u00e9 m\u011bli ve sboru vize a podobn\u011b. Co jim B\u016fh zasl\u00edbil pro sbor.<br \/>\nJe to mnohem d\u016fle\u017eit\u011bj\u0161\u00ed, ne\u017e hledat chyby a kritizovat.<br \/>\nA hlavn\u011b to p\u0159in\u00e1\u0161\u00ed ovoce.<\/p>\n<p>Jednou z chych, kterou jsme d\u011blali na za\u010d\u00e1tku na\u0161\u00ed slu\u017eby bylo, \u017ee jsme se sna\u017eili ze v\u0161ech sil\u00a0p\u0159esv\u011bd\u010dit ty, kte\u0159\u00ed n\u00e1s nejv\u00edce kritizovali a pomlouvali. Dnes bychom to ji\u017e ned\u011blali. Pro\u010d? Proto\u017ee bychom zbyte\u010dn\u011b ztr\u00e1celi \u010das.<br \/>\nKa\u017ed\u00fd sbor je podobn\u00fd jin\u00e9mu sboru. M\u016f\u017ee to b\u00fdt sbor slo\u017een\u00fd ze vzd\u011blan\u00fdch lid\u00ed nebo sbor slo\u017een\u00fd z\u00a0lid\u00ed bez domova, sbor sm\u00edchan\u00fd, kde jsou zastoupeny v\u0161echny spole\u010densk\u00e9 vrstvy, p\u0159esto jsou si v\u0161echny v n\u011b\u010dem podobn\u00e9. V\u017edy\u00a0se tam budou objevovat stejn\u00e9 charaktery lid\u00ed. Stejn\u00e9 typy. Tak\u00e9 funguj\u00ed stejn\u011b v postoji k vedouc\u00edmu.<br \/>\nV\u017edy se najde mal\u00e1 skupina t\u011bch, kte\u0159\u00ed budou v\u017edy za tebou st\u00e1t. T\u011bch si va\u017e a uka\u017e jim, \u017ee si toho cen\u00ed\u0161. Pak\u00a0je skupina t\u011bch, kte\u0159\u00ed t\u011b budou v\u017edy kritizovat. Tuto skupinu nem\u00e1 cenu p\u0159esv\u011bd\u010dovat a sna\u017eit se jim\u00a0dok\u00e1zat, \u017ee nemaj\u00ed pravdu. To se nepoda\u0159\u00ed, proto\u017ee kritika a soud\u00a0vl\u00e1dne\u00a0v nich samotn\u00fdch.<br \/>\nJak s nimi jednat?<br \/>\nNenechat se vyprovokovat!!! Modlit se za n\u011b a \u017eehnat jim Bo\u017e\u00edm nav\u0161t\u00edven\u00edm. Prost\u011b podle toho, co \u0159\u00edk\u00e1 n\u00e1\u0161 P\u00e1n\u00a0v p\u00e1t\u00e9 kapitole Matou\u0161e. Milujme je, \u017eehnejme jim, dob\u0159e jim \u010di\u0148me a modleme se za n\u011b. Ne\u0159\u00edk\u00e1, \u017ee je m\u00e1me m\u011bnit, nebo m\u00edt s nimi spory. T\u00edmto sv\u00fdm postojem \u017eehn\u00e1n\u00ed d\u00e1v\u00e1me prostor pro to, aby s nimi jednal B\u016fh s\u00e1m se svou velkou l\u00e1skou.<br \/>\nNezam\u011b\u0159ujme se v\u0161ak na n\u011b.<br \/>\nTou nejv\u011bt\u0161\u00ed skupinou jsou lid\u00e9, kte\u0159\u00ed nejsou ani tak, ani onak.\u00a0To je ta skupina, na kterou se pot\u0159ebuje\u0161 zam\u011b\u0159it. Pokud se na ni nezam\u011b\u0159\u00ed\u0161, proto\u017ee se bude\u0161 neust\u00e1le p\u0159\u00edt a n\u011bco dokazovat kritik\u016fm, zjist\u00ed\u0161, \u017ee lid\u00e9 z t\u00e9to skupiny se pomalu za\u010dnou vytr\u00e1cet, nebo p\u0159id\u00e1vat ke kritik\u016fm.<br \/>\nJe to jednouch\u00e9. Oni\u00a0n\u011bco pot\u0159ebuj\u00ed a pokud to nebudou nach\u00e1zet, odejdou to hledat jinam. N\u011bkte\u0159\u00ed z nich, ti slab\u0161\u00ed ve v\u00ed\u0159e\u00a0se pak nechaj\u00ed zl\u00e1kat kritiky a postav\u00ed se na jejich stranu.\u00a0My lid\u00e9 r\u00e1di naslouch\u00e1me kritizov\u00e1n\u00ed druh\u00fdch a r\u00e1di se k tomu p\u0159id\u00e1v\u00e1me.\u00a0Dokonce rychleji ne\u017e k \u017eehn\u00e1n\u00ed.\u00a0Je to t\u00edm, \u017ee h\u0159\u00edch se lehce na n\u00e1s nalep\u00ed, nebo omot\u00e1, jak je naspan\u00e9 v\u00a0\u017did\u016fm ve\u00a012. kapitole. My v\u0161ak ho m\u00e1me set\u0159\u00e1st, odlo\u017eit a b\u011b\u017eet za t\u00edm, co je pro n\u00e1s p\u0159ipraven\u00e9. Kritika n\u00e1s m\u00e1 zastavit a zl\u00e1kat k\u00a0ospravedl\u0148ov\u00e1n\u00ed\u00a0sebe sam\u00fdch. M\u00e1 n\u00e1s dov\u011bst\u00a0ke kritice t\u011bch, kte\u0159\u00ed n\u00e1s kritizuj\u00ed, k sebel\u00edtosti a\u00a0ho\u0159kosti, kterou pak d\u00e1v\u00e1me vz\u016fru k Otci\u00a0&#8211; pro\u010d j\u00e1 Pane, pro\u010d to mus\u00edm sn\u00e1\u0161et Bo\u017ee, pro\u010d\u00a0s nimi nic neud\u011bl\u00e1\u0161\u00a0Duchu svat\u00fd &#8230; . Nakonec n\u00e1s m\u00e1 dostat do vzpoury v\u016f\u010di Bohu.<br \/>\nJak s t\u00edmto bojovat jsem ji\u017e napsal.<br \/>\nProto se vyh\u00fdbej spor\u016fm s t\u011bmito lidmi, aby t\u011b neodvedli od toho, co m\u00e1\u0161 za \u00fakol a nesvedli t\u011b zcesty, nebo abys pro spory s nimi nepromarnil \u010das. V\u011bnuj se t\u011bm, kte\u0159\u00ed to pot\u0159ebuj\u00ed,\u00a0kte\u0159\u00ed hladov\u011bj\u00ed po Bo\u017e\u00edch v\u011bcech, kte\u0159\u00ed t\u00e1paj\u00ed, kte\u0159\u00ed\u00a0hledaj\u00ed Bo\u017e\u00ed bl\u00edzkost a nav\u0161t\u00edven\u00ed.<\/p>\n<p>Slu\u017eba ve veden\u00ed sboru nen\u00ed snadn\u00e1 a pot\u0159ebuje\u0161, aby se za tebe mnoho lid\u00ed modlilo. Proto o tom s mnoh\u00fdmi mluv. N\u011bkter\u00fdch se P\u00e1n dotkne a ti se budou za tebe p\u0159imlouvat.<br \/>\nVypro\u0161uji ti Bo\u017e\u00ed p\u0159\u00edze\u0148 a t\u011b\u0161\u00edm se na zpr\u00e1vy od tebe.<\/p>\n<p>S l\u00e1skou Kristovou<br \/>\nJosef<\/p>\n<p>&nbsp;<\/p>\n","protected":false},"excerpt":{"rendered":"<p>\u010cTVRT\u00dd DOPIS Bohem milovan\u00fd Pet\u0159e. Na n\u011bjakou dobu ses mi ztratil z o\u010d\u00ed. Nem\u011bl jsem o tob\u011b \u017e\u00e1dn\u00e9 informace, ale z m\u00e9ho srdce ses neztratil, Tam m\u00e1\u0161 st\u00e1l\u00e9 m\u00edsto. Mnohokr\u00e1t jsem na tebe myslel a Duch svat\u00fd mi t\u011b p\u0159ipom\u00ednal p\u0159i modlitb\u00e1ch. O to v\u00edce mne pot\u011b\u0161ilo, \u017ee jsi p\u0159evzal veden\u00ed sboru. V\u011b\u0159\u00edm, \u017ee z &hellip; <a href=\"https:\/\/www.josefknoflicek.cz\/?page_id=3551\" class=\"more-link\">Pokra\u010dov\u00e1n\u00ed textu <span class=\"screen-reader-text\">Dopisy Petrovi &#8211; \u010dtvrt\u00fd dopis<\/span> <span class=\"meta-nav\">&rarr;<\/span><\/a><\/p>\n","protected":false},"author":2,"featured_media":0,"parent":3529,"menu_order":4,"comment_status":"closed","ping_status":"closed","template":"","meta":[],"_links":{"self":[{"href":"https:\/\/www.josefknoflicek.cz\/index.php?rest_route=\/wp\/v2\/pages\/3551"}],"collection":[{"href":"https:\/\/www.josefknoflicek.cz\/index.php?rest_route=\/wp\/v2\/pages"}],"about":[{"href":"https:\/\/www.josefknoflicek.cz\/index.php?rest_route=\/wp\/v2\/types\/page"}],"author":[{"embeddable":true,"href":"https:\/\/www.josefknoflicek.cz\/index.php?rest_route=\/wp\/v2\/users\/2"}],"replies":[{"embeddable":true,"href":"https:\/\/www.josefknoflicek.cz\/index.php?rest_route=%2Fwp%2Fv2%2Fcomments&post=3551"}],"version-history":[{"count":5,"href":"https:\/\/www.josefknoflicek.cz\/index.php?rest_route=\/wp\/v2\/pages\/3551\/revisions"}],"predecessor-version":[{"id":3557,"href":"https:\/\/www.josefknoflicek.cz\/index.php?rest_route=\/wp\/v2\/pages\/3551\/revisions\/3557"}],"up":[{"embeddable":true,"href":"https:\/\/www.josefknoflicek.cz\/index.php?rest_route=\/wp\/v2\/pages\/3529"}],"wp:attachment":[{"href":"https:\/\/www.josefknoflicek.cz\/index.php?rest_route=%2Fwp%2Fv2%2Fmedia&parent=3551"}],"curies":[{"name":"wp","href":"https:\/\/api.w.org\/{rel}","templated":true}]}}