{"id":389,"date":"2015-04-10T13:17:15","date_gmt":"2015-04-10T12:17:15","guid":{"rendered":"http:\/\/www.josefknoflicek.cz\/?page_id=389"},"modified":"2021-01-25T22:13:17","modified_gmt":"2021-01-25T21:13:17","slug":"duchovni-daty-i","status":"publish","type":"page","link":"https:\/\/www.josefknoflicek.cz\/?page_id=389","title":{"rendered":"DUCHOVN\u00cd DARY &#8211; \u00favod"},"content":{"rendered":"<p><strong>DARY DUCHA<\/strong><\/p>\n<p><strong>\u00a0<\/strong><em>1 Timoteovi 4:4 \u00a0Nebo\u0165 v\u0161echno, co B\u016fh stvo\u0159il, je dobr\u00e9 a nem\u00e1 se zavrhovat nic, co se p\u0159ij\u00edm\u00e1 s\u00a0d\u011bkov\u00e1n\u00edm.<\/em><\/p>\n<p><em> Kdy\u017e jsem poprv\u00e9 \u010detl dvan\u00e1ctou kapitolu 1. Korintsk\u00fdm, byl jsem nad\u0161en\u00fd z\u00a0toho, co B\u016fh dal sv\u00fdm d\u011btem. P\u0159i naslouch\u00e1n\u00ed vyu\u010dov\u00e1n\u00ed z\u00a0t\u00e9to kapitoly, jsem byl p\u0159esv\u011bd\u010den, \u017ee k\u0159es\u0165an\u00e9 jsou osoby, kter\u00e9 maj\u00ed obrovskou nadp\u0159irozenou moc. P\u0159i pozd\u011bj\u0161\u00edm \u010dten\u00ed p\u0159\u00edb\u011bh\u016f Star\u00e9ho z\u00e1kona, jsem tam pozn\u00e1val osoby, kter\u00e9 \u010dinily takov\u00e9 nadp\u0159irozen\u00e9 skutky, kter\u00e9 jsem u sv\u00fdch star\u0161\u00edch brat\u0159\u00ed a sester v\u00a0c\u00edrkvi nikdy nevid\u011bl. Za\u010dalo mne zaj\u00edmat, pro\u010d tomu tak je. Byl jsem vyu\u010dov\u00e1n, \u017ee my budeme d\u011blat v\u011bt\u0161\u00ed skutky. Nevid\u011bl jsem je v\u0161ak.<\/em><\/p>\n<p><em>V\u00edm, \u017ee je dnes je\u0161t\u011b mnoho v\u011b\u0159\u00edc\u00edch, kte\u0159\u00ed, pokud jde o duchovn\u00ed dary, st\u00e1le t\u00e1paj\u00ed v mlze. Jsou \u010dasto rozhozeni z\u00a0toho, jak jsou pou\u017e\u00edv\u00e1ny, vyzdvihov\u00e1ny (nebo sp\u00ed\u0161e lid\u00e9, kte\u0159\u00ed je pou\u017e\u00edvaj\u00ed) a n\u011bkdy i z\u00a0ovoce, kter\u00e9 sebou nese du\u0161evn\u00ed\/t\u011blesn\u00e9 prosazov\u00e1n\u00ed t\u011bchto \u201edar\u016f\u201c n\u011bkter\u00fdmi samozvan\u00fdmi proroky, apo\u0161toly apod. Nicm\u00e9n\u011b negativn\u00ed zku\u0161enosti by n\u00e1m nem\u011bly br\u00e1nit, neb\u00fdt v\u00a0nev\u011bdomosti, ohledn\u011b duchovn\u00edch dar\u016f a jejich pou\u017e\u00edv\u00e1n\u00ed (1 Korintsk\u00fdm 12:1 \u00a0Pokud jde o duchovn\u00ed dary, brat\u0159\u00ed, necht\u011bl bych v\u00e1s nechat v\u00a0nev\u011bdomosti).<\/em><\/p>\n<p><em> <strong>\u00a0<\/strong>O DUCHOVN\u00cdCH DARECH<\/em><\/p>\n<p><em>Apo\u0161tol Pavel mluv\u00ed o darech jako o p\u016fsoben\u00ed Ducha svat\u00e9ho. Toto p\u016fsoben\u00ed Ducha svat\u00e9ho skrze \u010dlov\u011bka nen\u00ed spojeno jen s\u00a0novoz\u00e1konn\u00edmi v\u011b\u0159\u00edc\u00edmi, ale m\u016f\u017eeme ho pozorovat v\u00a0pr\u016fb\u011bhu cel\u00fdch lidsk\u00fdch d\u011bjin. Za \u0160\u00e9ta se za\u010dalo vz\u00fdvat jm\u00e9no Hospodin, Henoch byl tak bl\u00edzko Bohu, \u017ee ho B\u016fh vzal stejn\u011b jako Eli\u00e1\u0161e. Praotcov\u00e9 Abrah\u00e1m, Iz\u00e1k a J\u00e1kob pat\u0159ili za proroky sv\u00e9 doby, skrze n\u011b B\u016fh \u010dinil divy (m\u011bli sny, zjeven\u00ed, z\u00e1zra\u010dn\u011b se jim mno\u017eila st\u00e1da, prorokovali, m\u011bli pr\u00e1vo se p\u0159imlouvat za n\u00e1rody). Moj\u017e\u00ed\u0161 svou hol\u00ed otv\u00edral mo\u0159e, uvol\u0148oval vodu ze sk\u00e1ly, vyhla\u0161oval soudy nad Egyptem, prorokoval. Jozue svou poslu\u0161nost\u00ed vid\u011bl p\u00e1d hradeb Jericha. Samson napln\u011bn nadp\u0159irozenou silou por\u00e1\u017eel nep\u0159\u00e1tele. David pln\u00fd Ducha v\u00edt\u011bzil nad nep\u0159\u00e1teli Izraele, byl autorem \u017dalm\u016f, prorokem. Dal\u0161\u00ed a dal\u0161\u00ed Bo\u017e\u00ed proroci sv\u00e9 doby byli n\u00e1strojem Bo\u017e\u00edm k\u00a0p\u016fsoben\u00ed Ducha svat\u00e9ho na zemi. Je\u017e\u00ed\u0161 byl t\u00edm nejv\u011bt\u0161\u00edm p\u0159\u00edkladem. P\u0159e\u010dti si tyto p\u0159\u00edb\u011bhy lid\u00ed v\u010detn\u011b velk\u00fdch i mal\u00fdch prorok\u016f a p\u0159em\u00fd\u0161lej o p\u016fsoben\u00ed Ducha svat\u00e9ho na zemi skrze lidi ve staroz\u00e1konn\u00ed dob\u011b. U v\u011bt\u0161iny se daj\u00ed z\u00e1zraky, kter\u00e9 skrze n\u011b Duch svat\u00fd d\u011blal, spo\u010d\u00edtat. O Je\u017e\u00ed\u0161i je v\u0161ak napsan\u00e9, \u017ee kdyby se m\u011bly v\u0161echny skutky sepsat, nesta\u010dily by knihy t\u00e9 doby. O n\u00e1s je naps\u00e1no, \u017ee my budeme d\u011blat v\u011bt\u0161\u00ed skutky ne\u017e Je\u017e\u00ed\u0161, proto\u017ee on \u0161el k\u00a0Otci do nebe. T\u00edm Je\u017e\u00ed\u0161 nemyslel v\u011bt\u0161\u00ed kvalitou \u2013 moc\u00ed, proto\u017ee on Jedin\u00fd je dokonal\u00fd ve v\u0161em, ale sp\u00ed\u0161e v\u00a0po\u010dtu, proto\u017ee on konal svou slu\u017ebu pouze t\u0159i roky. Pot\u0159ebujeme si uv\u011bdomit fakt, \u201e\u017ee \u017e\u00e1k nen\u00ed nad sv\u00e9ho mistra\u201c. <\/em><\/p>\n<p><em>\u00a0<\/em><em>B\u016fh d\u00e1v\u00e1 lidem r\u016fzn\u00e9 dary. Ji\u017e od stvo\u0159en\u00ed. A nebere je zp\u011bt. Je v\u0161ak rozd\u00edl mezi darem, kter\u00fd dostanu a mohu ho pou\u017e\u00edvat podle vlastn\u00ed v\u016fle a p\u016fsoben\u00edm Ducha svat\u00e9ho, kter\u00fd p\u016fsob\u00ed tak, jak s\u00e1m chce.<br \/>\n<\/em><em>Nap\u0159\u00edklad kr\u00e1sn\u00fd hlas, inteligence, um rukou, tvo\u0159ivost, \u0159e\u010dnictv\u00ed (v\u00fdmluvnost),&#8230; . Ty v\u0161echny a mnoh\u00e9 jin\u00e9 dary jsme dostali a m\u016f\u017eeme s\u00a0nimi nakl\u00e1dat podle sv\u00e9 v\u016fle. M\u016f\u017eeme je zdokonalovat cvi\u010den\u00edm, nebo nechat zakrn\u011bt, m\u016f\u017eeme je pou\u017e\u00edvat pro pen\u00edze, sl\u00e1vu, pro kari\u00e9ru, pro oslavu d\u00e9mon\u016f a pekla. Pro radost a pomoc druh\u00fdm, pro sl\u00e1vu Je\u017e\u00ed\u0161e, nebo jen tak. Je to na n\u00e1s.\u00a0 M\u00e1me je st\u00e1le. \u010casto se s nimi py\u0161n\u00edme. Ale ani ony nejsou na\u0161\u00ed z\u00e1sluhou. Nekoupili jsme si je, ani jsme si je nestvo\u0159ili. Prost\u011b jsme je dostali darem od Boha. Mo\u017en\u00e1 jsme s\u00a0nimi pracovali, tr\u00e9novali jsme je, byli jsme piln\u00ed a tak jsme vyu\u017eili jejich p\u016fsoben\u00ed na maximum, ale to, \u017ee jsme byli piln\u00ed, je jen z\u00a0milosti Bo\u017e\u00ed. Nepohrdejme druh\u00fdmi, nevyvy\u0161ujme se nad ty, kte\u0159\u00ed takovou milost nem\u011bli.<\/em><\/p>\n<p><em> Duchovn\u00ed dary, tedy p\u016fsoben\u00ed Ducha svat\u00e9ho je v\u0161ak \u00fapln\u011b n\u011bco jin\u00e9ho. Duchovn\u00ed dary jsou v\u00a0re\u017eii Ducha svat\u00e9ho a maj\u00ed jasn\u00fd c\u00edl:<\/em><\/p>\n<ol>\n<li><em> Oslavit Je\u017e\u00ed\u0161e Krista.<\/em><\/li>\n<li><em> Demonstrovat moc Bo\u017e\u00edho kr\u00e1lovstv\u00ed<br \/>\n<\/em><em>(ne nad lidmi, ale nad duchovn\u00edmi mocnostmi a \u00a0\u00a0\u00a0\u00a0\u00a0 panstv\u00edmi). <\/em><\/li>\n<li><em>Spole\u010dn\u00fd prosp\u011bch, p\u0159\u00edpravu Bo\u017e\u00edho lidu, \u00a0\u00a0\u00a0 k\u00a0budov\u00e1n\u00ed Kristova t\u011bla.<\/em><\/li>\n<\/ol>\n<p><em> Ve staroz\u00e1konn\u00ed dob\u011b projevy Ducha svat\u00e9ho byly demonstrov\u00e1ny skrze vyvolen\u00e9 jedince (staroz\u00e1konn\u00ed proroci, n\u011bkte\u0159\u00ed kr\u00e1lov\u00e9, jednotlivci, kter\u00e9 si B\u016fh k\u00a0tomu vyvolil). Dnes,\u00a0v dob\u011b milosti, Duch svat\u00fd pou\u017e\u00edv\u00e1 tyto dary a projevy skrze Bo\u017e\u00ed lid &#8211; c\u00edrkev. Ka\u017ed\u00fd kdo uv\u011b\u0159il a dal sv\u016fj \u017eivot Je\u017e\u00ed\u0161i, m\u00e1 pr\u00e1vo se st\u00e1t Bo\u017e\u00edm d\u00edt\u011btem a p\u0159ijmout moc Ducha svat\u00e9ho, kter\u00fd se pak skrze n\u011bj projevuje. N\u011bkdo m\u016f\u017ee \u0159\u00edkat: \u201e\u017ee d\u00e1v\u00e1 duchovn\u00ed dary\u201c.<\/em><\/p>\n<p><em> Velmi siln\u011b v\u00a0posledn\u00ed dob\u011b vn\u00edm\u00e1m rozd\u00edl mezi t\u011bmi, kte\u0159\u00ed v\u011b\u0159\u00ed tomu, \u017ee B\u016fh je skrze Ducha svat\u00e9ho s\u00a0nimi (vedle nich) a mezi t\u011bmi v\u011b\u0159\u00edc\u00edmi, kte\u0159\u00ed p\u0159ijali moc Ducha svat\u00e9ho do sv\u00fdch \u017eivot\u016f. Je to, co \u0159\u00edk\u00e1 Je\u017e\u00ed\u0161 ve \u010dtrn\u00e1ct\u00e9 kapitole Jana:<\/em><\/p>\n<p><em>Milujete-li mne, budete zachov\u00e1vat m\u00e1 p\u0159ik\u00e1z\u00e1n\u00ed; a j\u00e1 po\u017e\u00e1d\u00e1m Otce a on v\u00e1m d\u00e1 jin\u00e9ho P\u0159\u00edmluvce, aby byl s v\u00e1mi nav\u011bky &#8211; Ducha pravdy, kter\u00e9ho sv\u011bt nem\u016f\u017ee p\u0159ijmout, pon\u011bvad\u017e ho nevid\u00ed ani nezn\u00e1. Vy jej zn\u00e1te, nebo\u0165 <strong>s v\u00e1mi z\u016fst\u00e1v\u00e1 a ve v\u00e1s bude<\/strong>.<\/em><\/p>\n<p><em>Ten rozd\u00edl je v\u00a0tom, jestli s\u00a0n\u00e1mi z\u016fst\u00e1v\u00e1, nebo je v\u00a0n\u00e1s. Rozd\u00edl v\u00a0tom, jestli jsem p\u0159ijal moc Ducha svat\u00e9ho do sv\u00e9ho \u017eivota, nebo jen v\u011b\u0159\u00edm, \u017ee mi m\u016f\u017ee pom\u00e1hat zven\u010d\u00ed. Bu\u010f jen pros\u00edm a sna\u017e\u00edm se vid\u011bt, jak B\u016fh jedn\u00e1 n\u011bkde vedle mne, nebo jsem p\u0159\u00edmo pou\u017e\u00edv\u00e1n, nebo pou\u017e\u00edv\u00e1m moc Ducha svat\u00e9ho, kter\u00fd je ve mn\u011b, aby se n\u011bco stalo, prom\u011bnilo, zastavilo, zlomilo, bylo sv\u00e1z\u00e1no nebo rozv\u00e1z\u00e1no apod. P\u0159ijmout moc z\u00a0v\u00fdsosti je p\u0159ijmout moc Ducha svat\u00e9ho k\u00a0 projev\u016fm skrze n\u00e1s. Umo\u017enit Duchu svat\u00e9mu v\u00edrou v\u011b\u0159\u00edc\u00edch se projevovat skrze n\u011b, jak on s\u00e1m chce.<\/em><\/p>\n<p><em>(Na konci vyu\u010dov\u00e1n\u00ed o ovoci Ducha jsem hovo\u0159il o tom, \u017ee p\u0159ij\u00edm\u00e1me Bo\u017e\u00ed p\u0159\u00edtomnost, moc, l\u00e1sku, pokoj, radost z\u00a0vrchu a \u201cu\u017e\u00edv\u00e1me si to\u201c, nech\u00e1me se j\u00edm pohltit, ale tak\u00e9 m\u00e1me p\u0159\u00edtomnost Ducha svat\u00e9ho v\u00a0sob\u011b, kter\u00fd postupn\u011b prom\u011b\u0148uje ze vnit\u0159 n\u00e1\u0161 charakter a to neprob\u00edh\u00e1 v\u017edy tak, \u017ee se n\u00e1m to l\u00edb\u00ed. Proto\u017ee charakter se buduje skrze r\u016fzn\u00e9 zkou\u0161ky.)<\/em><\/p>\n<p><em>V\u00a0obou p\u0159\u00edpadech se n\u011bco d\u011bje. Je\u017e\u00ed\u0161 \u0159\u00edk\u00e1, \u017ee pokud o n\u011bco budeme prosit, v\u00a0jeho Jm\u00e9nu, on to ud\u011bl\u00e1 a jinde je ps\u00e1no, \u017ee kdy\u017e se na n\u011b\u010dem sjednot\u00edme, tak se to stane. Ano i takto m\u016f\u017eeme vid\u011bt z\u00e1zraky, dostat moudrou radu od Boha, vid\u011bt uzdraven\u00ed a Bo\u017e\u00ed moc. Proto i v\u00a0c\u00edrkvi, kde se nevyu\u010duje o duchovn\u00edch darech a k\u0159tu Duchem svat\u00fdm, se d\u011bje mnoho uzdraven\u00ed a jin\u00fdch z\u00e1zrak\u016f. <\/em><\/p>\n<p><em>Nejde tu o spasen\u00ed, jak mnoz\u00ed u\u010d\u00ed. Nemluv\u00ed\u0161-li jazyky, tedy nem\u00e1\u0161 Ducha a nem\u016f\u017ee\u0161 b\u00fdt spasen. Spaseni jsme milost\u00ed z\u00a0v\u00edry v\u00a0Je\u017e\u00ed\u0161e Krista. Ke Kristu nem\u016f\u017eeme p\u0159ij\u00edt, pokud n\u00e1m to nen\u00ed d\u00e1no od Otce. Jak n\u00e1m to je d\u00e1no? Jedin\u011b skrze Ducha svat\u00e9ho. Pokud bychom podmi\u0148ovali spasen\u00ed projevy Ducha svat\u00e9ho, pak bychom pop\u0159eli v\u0161echna tvrzen\u00ed Je\u017e\u00ed\u0161e Krista v\u00a0Nov\u00e9m z\u00e1kon\u011b o tom, \u017ee kdo v\u00a0n\u011bho v\u011b\u0159\u00ed, bude zachr\u00e1n\u011bn. Spasen\u00ed je z\u00a0v\u00edry a nem\u016f\u017eeme je ni\u010d\u00edm podmi\u0148ovat. Jak by mohlo potom platit v\u0161emi k\u0159es\u0165any zn\u00e1m\u00e9 a pou\u017e\u00edvan\u00e9 Jan 3:16. Jak mohu \u0159\u00edci \u201eJe\u017e\u00ed\u0161 je P\u00e1n\u201c, jen z\u00a0Ducha svat\u00e9ho. Jak\u00e9koli podmi\u0148ov\u00e1n\u00ed spasen\u00ed je lidsk\u00e9 my\u0161len\u00ed, kter\u00e9 zav\u00edr\u00e1 lidem cestu ke sp\u00e1se.<\/em><\/p>\n<p><em> P\u0159esto\u017ee se modl\u00edme s\u00a0t\u011bmi, kte\u0159\u00ed uv\u011b\u0159ili, aby jim byl d\u00e1n Duch svat\u00fd, ne v\u017edy vid\u00edme projevy-dary Ducha svat\u00e9ho u t\u011bch, za kter\u00e9 se modl\u00edme. \u010casem m\u016f\u017eeme pozorovat, \u017ee povyroste ovoce Ducha, ale projevy moci Ducha vid\u00edme m\u00e1lokdy. V\u011bt\u0161inou se objev\u00ed b\u011bhem spole\u010dn\u00e9 slu\u017eby. Uv\u011b\u0159il a vyrostl jsem v\u00a0c\u00edrkvi, kde na d\u016fkaz p\u0159ijet\u00ed Ducha svat\u00e9ho musel \u010dlov\u011bk za\u010d\u00edt mluvit v\u00a0jazyc\u00edch. \u010casem jsem zjistil, \u017ee to u n\u011bkter\u00fdch nebyl projev Ducha, ale du\u0161e, proto\u017ee lid\u00e9 za ka\u017edou cenu cht\u011bli mluvit v\u00a0jazyc\u00edch, aby t\u00edm dok\u00e1zali, \u017ee jsou pok\u0159t\u011bni v\u00a0Duchu svat\u00e9m.\u00a0 Jin\u00ed, kdy\u017e se na n\u011b tla\u010dilo, \u017ee mus\u00ed za\u010d\u00edt mluvit, se c\u00edtili obvin\u011bni, \u017ee nejsou napln\u011bni Duchem. \u017de nejsou hodni, dost dob\u0159\u00ed apod. Byli i ti, kte\u0159\u00ed p\u0159estali chodit do c\u00edrkve. Na druhou stranu mus\u00edm \u0159\u00edci, \u017ee je dobr\u00e9 mluvit duchovn\u00edmi jazyky. (V\u00edce p\u0159i vyu\u010dov\u00e1n\u00ed o jazyc\u00edch.)<\/em><\/p>\n<p><em> Dnes se ji\u017e na to tak netla\u010d\u00ed jako v\u00a0dob\u011b, kdy jsem uv\u011b\u0159il. Aspo\u0148 ne ve\u0159ejn\u011b na <\/em><em>spole\u010dn\u00e9 platform\u011b c\u00edrkv\u00ed. P\u0159esto vn\u00edm\u00e1m, \u017ee to mnoho vedouc\u00edch z\u00a0charismatick\u00fdch a letni\u010dn\u00edch c\u00edrkv\u00ed st\u00e1le tako vn\u00edm\u00e1, i kdy\u017e ji\u017e o tom nemluv\u00ed nahlas. <\/em><\/p>\n<p><em> Pot\u0159ebujeme si uv\u011bdomit, co Pavel p\u00ed\u0161e na za\u010d\u00e1tku 12. Kapitoly 1. Korintsk\u00fdch:<\/em><\/p>\n<ol>\n<li><em> jsou rozd\u00edly v\u00a0darech milosti (rozd\u00edln\u00e1 obdarov\u00e1n\u00ed), ale tent\u00fd\u017e Duch,<\/em><\/li>\n<li><em> jsou rozd\u00edly v slu\u017eb\u00e1ch (rozd\u00edln\u00e9 slu\u017eby), ale tent\u00fd\u017e P\u00e1n,<\/em><\/li>\n<li><em> jsou rozd\u00edly v\u00a0p\u016fsoben\u00ed, ale tent\u00fd\u017e B\u016fh.<\/em><em>Vid\u00edme, \u017ee jde o t\u0159i v\u011bci. O dary, o slu\u017eby, o p\u016fsoben\u00ed. N\u011bkdy to nedok\u00e1\u017eeme rozli\u0161it a sm\u00edch\u00e1me v\u0161e dohromady pod n\u00e1zvem duchovn\u00ed dary. Budeme se rozli\u0161en\u00edm v\u00edce v\u011bnovat v\u00a0dal\u0161\u00edch kapitol\u00e1ch.<\/em><\/li>\n<\/ol>\n<p><em>Te\u010f bych r\u00e1d, kdybychom si uv\u011bdomili jednu d\u016fle\u017eitou v\u011bc. Duch svat\u00fd se skrze n\u00e1s projevuje r\u016fzn\u00fdmi zp\u016fsoby, tak jak s\u00e1m chce. Dary, kter\u00e9 d\u00e1v\u00e1, se mohou projevovat jinak u jednoho a jinak u druh\u00e9ho.<\/em><\/p>\n<p><em>Uvedu p\u0159\u00edklad: n\u011bkdo v\u017edy svazuje mocnosti, vyh\u00e1n\u00ed d\u00e9mony, jin\u00fd vyzn\u00e1v\u00e1 svobodu ve jm\u00e9nu Je\u017e\u00ed\u0161 a Bo\u017e\u00ed slovo, n\u011bkdo je puzen Duchem ke k\u0159iku, jin\u00fd k\u00a0tichosti, n\u011bkdo m\u00e1 zvl\u00e1\u0161tn\u00ed projevy (pl\u00e1\u010d, st\u00e9n\u00e1n\u00ed, sm\u00edch,&#8230;). <\/em><em>N\u011bkdo \u00fato\u010d\u00ed a vykop\u00e1v\u00e1 v\u00a0moci Ducha duchovn\u00ed dve\u0159e a bo\u0159\u00ed hradby. Jin\u00fd \u010dek\u00e1 a vch\u00e1z\u00ed otev\u0159en\u00fdmi dve\u0159mi. N\u011bkdo m\u00e1 v\u00fdklad formou obraz\u016f, jin\u00fd jakoby doslovn\u00fd p\u0159eklad apod. Duch svat\u00fd pou\u017e\u00edv\u00e1 sv\u00e9 d\u011bti skrze velmi rozd\u00edln\u00e9 projevy. Nem\u016f\u017eeme \u0159\u00edci, \u017ee jen takto je to spr\u00e1vn\u00e9 a takto ji\u017e ne. Mus\u00edme se sp\u00ed\u0161e nau\u010dit rozli\u0161ovat mezi projevem Ducha a projevem du\u0161e a t\u011bla. (Vyu\u010dov\u00e1n\u00ed o slov\u011b pozn\u00e1n\u00ed.) Tuto \u00favodn\u00ed \u010d\u00e1st bych r\u00e1d zakon\u010dil ver\u0161i, kter\u00fdmi P\u00e1n Je\u017e\u00ed\u0161 vyhl\u00e1sil nad sebou:<\/em><\/p>\n<p><em> \u201cDuch Hospodin\u016fv jest nade mnou; proto mne pomazal, abych p\u0159inesl chud\u00fdm radostnou zv\u011bst; poslal mne, abych vyhl\u00e1sil zajatc\u016fm propu\u0161t\u011bn\u00ed a slep\u00fdm vr\u00e1cen\u00ed zraku, abych propustil zdeptan\u00e9 na svobodu, abych vyhl\u00e1sil l\u00e9to milosti Hospodinovy.\u00b4 <\/em><\/p>\n<p><em>Nen\u00ed to podobn\u00e9 jako to, co n\u00e1m Je\u017e\u00ed\u0161 \u0159\u00edk\u00e1: Luk\u00e1\u0161 24:49 \u00a0\u201eHle, ses\u00edl\u00e1m na v\u00e1s, co sl\u00edbil m\u016fj Otec; z\u016fsta\u0148te ve m\u011bst\u011b, dokud nebudete vyzbrojeni moc\u00ed z v\u00fdsosti.&#8220;\u00a0 ?<\/em><\/p>\n<p><em>Zkusme i my ve v\u0161\u00ed poko\u0159e a \u00fact\u011b k P\u00e1nu vyhl\u00e1sit nad sebou \u017ee : \u201eDuch Hospodin\u016fv je nade mnou&#8230;.\u201c, v\u017edy\u0165 zde je v\u0161echno, co n\u00e1m, Je\u017e\u00ed\u0161 \u0159\u00edk\u00e1, \u017ee m\u00e1me d\u011blat<\/em>.<em> Luk\u00e1\u0161 4:18-19<\/em><\/p>\n<p><strong><em>Rozd\u011blen\u00ed a jejich p\u016fsoben\u00ed<\/em><\/strong><strong><em>\u00a0\u00a0\u00a0\u00a0\u00a0\u00a0\u00a0\u00a0\u00a0\u00a0\u00a0 <\/em><\/strong><\/p>\n<p><em>Kdy\u017e bych cht\u011bl vyj\u00e1d\u0159it rozd\u00edl mezi ovocem Ducha svat\u00e9ho a dary Ducha svat\u00e9ho, pak bych to nejjednodu\u0161eji \u0159ekl takto:<\/em><\/p>\n<p><em><u>Ovoce Ducha svat\u00e9ho je budov\u00e1n\u00ed charakteru Bo\u017e\u00edho slu\u017eebn\u00edka, dary Ducha svat\u00e9ho pak nadp\u0159irozen\u00fd n\u00e1stroj ke slu\u017eb\u011b dan\u00fd slu\u017eebn\u00edkovi p\u0159\u00edmo Bohem.<\/u><\/em><em> Oboj\u00ed by v\u0161ak m\u011blo r\u016fst z\u00e1rove\u0148, jinak se n\u00e1stroj v\u00a0ruce v\u011b\u0159\u00edc\u00edho m\u016f\u017ee st\u00e1t nebezpe\u010dn\u00fdm jak lidem kolem, tak pro c\u00edrkev a nep\u0159in\u00e1\u0161\u00ed sl\u00e1vu Bohu a Bo\u017e\u00edmu kr\u00e1lovstv\u00ed, ale sp\u00ed\u0161e naopak (podobn\u011b jako auto v\u00a0ruk\u00e1ch \u010dlov\u011bka, kter\u00fd neum\u00ed \u0159\u00eddit, vrta\u010dka v\u00a0rukou \u010dlov\u011bka, kter\u00fd je ne\u0161ikovn\u00fd, nebo \u0159eznick\u00fd n\u016f\u017e v\u00a0rukou \u0161\u00edlen\u00e9ho \u0159ezn\u00edka)<\/em><\/p>\n<p><em>Pro\u010d pot\u0159ebuj\u00ed Bo\u017e\u00ed slu\u017eebn\u00edci (a B\u016fh tou\u017e\u00ed, aby jimi byli v\u0161ichni) takov\u00e9 nadp\u0159irozen\u00e9 n\u00e1stroje? Jsou k\u00a0tomu minim\u00e1ln\u011b dva d\u016fvody:<br \/>\n<\/em><\/p>\n<ul>\n<li><i><em>aby bylo vid\u011bt, \u017ee jde o d\u00edlo Bo\u017e\u00ed,<\/em><\/i><\/li>\n<\/ul>\n<ul>\n<li><em>nebojujeme proti t\u011blu a krvi, ale proti duchovn\u00edm mocnostem zla v\u00a0ponebesk\u00fdch oblastech (Ef 6) \u2013 proto pot\u0159ebujeme tak\u00e9 m\u00edt nadp\u0159irozen\u00e9-duchovn\u00ed n\u00e1stroje k\u00a0tomuto boji.<\/em><\/li>\n<\/ul>\n<p>&nbsp;<\/p>\n<p><em> B\u016fh rozdal sv\u00fdm d\u011btem mnoho dar\u016f k\u00a0u\u017eitku a k\u00a0u\u017e\u00edv\u00e1n\u00ed, ale t\u011bchto dev\u011bt, kter\u00e9 jsou uveden\u00e9 v\u00a0 1. list\u011b Korintsk\u00fdm ve 12. kapitole, je skute\u010dnou demonstrac\u00ed Bo\u017e\u00edho nadp\u0159irozen\u00e9ho jedn\u00e1n\u00ed a jsou evidentn\u00ed u v\u011b\u0159\u00edc\u00edch, kte\u0159\u00ed p\u0159ijali do sv\u00fdch \u017eivot\u016f moc Bo\u017e\u00ed, jsou oble\u010den\u00ed moc\u00ed z v\u00fdsosti\u2013 k\u0159est Duchem svat\u00fdm. (Luk\u00e1\u0161 24, Skutky 1)<\/em><\/p>\n<p><em> Ji\u017e p\u0159edt\u00edm na n\u011b Je\u017e\u00ed\u0161 vdech sv\u00e9ho Ducha (Jan20), te\u010f se jedn\u00e1 o MOC \u2013 nadp\u0159irozen\u00e9 Bo\u017e\u00ed n\u00e1stroje \u2013 moc z\u00a0v\u00fdsosti. N\u011bkdy se tyto dv\u011b situace spoj\u00ed a v\u011b\u0159\u00edc\u00ed je znovuzrozen (p\u0159ijet\u00ed Ducha svat\u00e9ho p\u0159i uv\u011b\u0159en\u00ed a vyd\u00e1n\u00ed se Kristu) a z\u00e1rove\u0148 je pok\u0159t\u011bn Duchem svat\u00fdm (je oble\u010den moc\u00ed z\u00a0v\u00fdsosti). Jindy je to rozd\u011blen\u00e9 a v\u011b\u0159\u00edc\u00ed m\u016f\u017ee b\u00fdt oble\u010den moc\u00ed z\u00a0v\u00fdsosti po n\u011bkolika dnech, t\u00fddnech a dokonce letech po sv\u00e9m obr\u00e1cen\u00ed se.<\/em><\/p>\n<p><em>\u00a0A n\u011bkdy nikdy. (Skutky19)<\/em><\/p>\n<p><em>Tento \u201ek\u0159est\u201c m\u016f\u017ee B\u016fh seslat s\u00e1m od sebe na \u010dlov\u011bka, kter\u00fd se modl\u00ed, jindy skrze modlitbu a vkl\u00e1d\u00e1n\u00ed rukou jin\u00fdch slu\u017eebn\u00edk\u016f, jindy p\u0159i evangelizaci a k\u00e1z\u00e1n\u00ed Bo\u017e\u00edho slova\u2026. B\u016fh to d\u011bl\u00e1 tak, jak s\u00e1m chce.<\/em><\/p>\n<p><em> T\u011bchto dar\u016f ve 12. kapitole 1. Korintsk\u00fdm je pops\u00e1no dev\u011bt: \u00a0<\/em><\/p>\n<p><em>Nebo\u0165 jednomu je skrze Ducha d\u00e1v\u00e1no <strong><u>slovo moudrosti<\/u><\/strong>, jin\u00e9mu podle t\u00e9ho\u017e Ducha <strong><u>slovo pozn\u00e1n\u00ed<\/u><\/strong>; dal\u0161\u00edmu <strong><u>v\u00edra<\/u><\/strong> v t\u00e9m\u017e Duchu, jin\u00e9mu <strong><u>dary uzdravov\u00e1n\u00ed <\/u><\/strong>v t\u00e9m\u017e Duchu; jin\u00e9mu <strong><u>p\u016fsoben\u00ed mocn\u00fdch \u010din\u016f<\/u><\/strong>, jin\u00e9mu <strong><u>proroctv\u00ed<\/u><\/strong>, jin\u00e9mu <strong><u>rozli\u0161ov\u00e1n\u00ed duch\u016f<\/u><\/strong>, dal\u0161\u00edmu <strong><u>druhy jazyk\u016f<\/u><\/strong>, jin\u00e9mu pak <strong><u>v\u00fdklad jazyk\u016f<\/u><\/strong>. Av\u0161ak to v\u0161echno p\u016fsob\u00ed jeden a t\u00fd\u017e Duch, kter\u00fd rozd\u011bluje ka\u017ed\u00e9mu jednotliv\u011b, jak s\u00e1m chce.<\/em><\/p>\n<p><em> Rozd\u011blil jsem si je podle sebe do t\u0159\u00ed skupin. B\u011bhem \u010dasu jsem zjistil, \u017ee v\u011bt\u0161inou jsou v\u00a0t\u011bchto skupin\u00e1ch i v\u011b\u0159\u00edc\u00edm rozd\u00e1ny. Tedy, pokud se projevuje jeden dar ze skupiny, Duch svat\u00fd dal i ostatn\u00ed, kter\u00e9 v\u0161ak nejsou tak zjevn\u00e9 a pou\u017e\u00edvan\u00e9 v\u011b\u0159\u00edc\u00edm. (pokud si to uv\u011bdom\u00ed, pak je m\u016f\u017ee u sebe objevit a za\u010d\u00edt je tak\u00e9 pou\u017e\u00edvat)<\/em><\/p>\n<p><em>Je to moje rozd\u011blen\u00ed a vych\u00e1z\u00ed pouze z\u00a0praxe, kterou jsem b\u011bhem chozen\u00ed s\u00a0P\u00e1nem za\u017eil.<\/em><\/p>\n<p><em> Rozd\u011blen\u00ed do skupin:<\/em><\/p>\n<p><strong><em>slovo moudrosti, slovo pozn\u00e1n\u00ed, rozli\u0161ov\u00e1n\u00ed duch\u016f,<br \/>\n<\/em><\/strong><em>(maj\u00ed spole\u010dn\u00e9 pozn\u00e1v\u00e1n\u00ed, vid\u011bn\u00ed, skrze kter\u00e9 m\u016f\u017ee p\u0159ij\u00edt \u0159e\u0161en\u00ed)<\/em><\/p>\n<p><strong><em>v\u00edra, dary uzdravov\u00e1n\u00ed, p\u016fsoben\u00ed mocn\u00fdch \u010din\u016f,<br \/>\n<\/em><\/strong><em>(spole\u010dn\u00fd jmenovatelem je zde Bo\u017e\u00ed moc, k\u00a0uskute\u010dn\u011bn\u00ed z\u00e1zrak\u016f)<\/em><\/p>\n<p><strong><em>proroctv\u00ed, jazyky, v\u00fdklad jazyk\u016f.<br \/>\n<\/em><\/strong><em>(stahov\u00e1n\u00ed okam\u017eit\u00e9ho a \u017eiv\u00e9ho Bo\u017e\u00edho slova)<\/em><\/p>\n<p><strong><em>Toto rozd\u011blen\u00ed nen\u00ed pravidlem, nebo z\u00e1konem. Duch svat\u00fd rozd\u00e1v\u00e1, jak s\u00e1m chce. Do r\u016fzn\u00fdch situac\u00ed a slu\u017eeb, podle toho jak se m\u011bn\u00ed slu\u017eba v\u011b\u0159\u00edc\u00edho, B\u016fh p\u0159id\u00e1v\u00e1 dal\u0161\u00ed dary. Dary mohou b\u00fdt utlumeny zm\u011bnou slu\u017eby, ale nikdy nezaniknou a ani je Duch svat\u00fd nebere zp\u011bt.<\/em><\/strong><\/p>\n<p><strong><em><u>N\u011bkdy d\u011bl\u00e1me chybu, \u017ee n\u011bkter\u00fd z\u00a0dar\u016f p\u0159estaneme pou\u017e\u00edvat, proto\u017ee si mysl\u00edme, \u017ee je ji\u017e nepot\u0159ebujeme, nebo v\u00a0ur\u010dit\u00e9 denominaci nen\u00ed zvykem duchovn\u00ed dary pou\u017e\u00edvat.<\/u><\/em><\/strong><\/p>\n<p><em>B\u016fh n\u00e1m ned\u00e1 n\u011bco zbyte\u010dn\u011b. Pokud d\u00e1v\u00e1 dar tak proto, abychom ho pou\u017e\u00edvali. My se jen pot\u0159ebujeme nau\u010dit ho pou\u017e\u00edvat (rozli\u0161it, kdy pou\u017e\u00edv\u00e1m duchovn\u00ed dar, nebo jedn\u00e1m ze sebe), nau\u010dit se kdy ho pou\u017e\u00edvat a jak. To se nenau\u010d\u00edm, pokud ho neza\u010dnu pou\u017e\u00edvat. \u010c\u00edm v\u00edce ho pou\u017e\u00edv\u00e1m, t\u00edm v\u00edce se u\u010d\u00edm. (nenau\u010d\u00edm se d\u011blat se d\u0159evem, pokud nechci vz\u00edt do ruky pilu, hobl\u00edk, nebo dl\u00e1to)<\/em><\/p>\n<p><em>\u00a0<\/em><\/p>\n<p style=\"text-align: justify;\">\n","protected":false},"excerpt":{"rendered":"<p>DARY DUCHA \u00a01 Timoteovi 4:4 \u00a0Nebo\u0165 v\u0161echno, co B\u016fh stvo\u0159il, je dobr\u00e9 a nem\u00e1 se zavrhovat nic, co se p\u0159ij\u00edm\u00e1 s\u00a0d\u011bkov\u00e1n\u00edm. Kdy\u017e jsem poprv\u00e9 \u010detl dvan\u00e1ctou kapitolu 1. Korintsk\u00fdm, byl jsem nad\u0161en\u00fd z\u00a0toho, co B\u016fh dal sv\u00fdm d\u011btem. P\u0159i naslouch\u00e1n\u00ed vyu\u010dov\u00e1n\u00ed z\u00a0t\u00e9to kapitoly, jsem byl p\u0159esv\u011bd\u010den, \u017ee k\u0159es\u0165an\u00e9 jsou osoby, kter\u00e9 maj\u00ed obrovskou nadp\u0159irozenou moc. &hellip; <a href=\"https:\/\/www.josefknoflicek.cz\/?page_id=389\" class=\"more-link\">Pokra\u010dov\u00e1n\u00ed textu <span class=\"screen-reader-text\">DUCHOVN\u00cd DARY &#8211; \u00favod<\/span> <span class=\"meta-nav\">&rarr;<\/span><\/a><\/p>\n","protected":false},"author":2,"featured_media":0,"parent":579,"menu_order":3,"comment_status":"open","ping_status":"open","template":"","meta":[],"_links":{"self":[{"href":"https:\/\/www.josefknoflicek.cz\/index.php?rest_route=\/wp\/v2\/pages\/389"}],"collection":[{"href":"https:\/\/www.josefknoflicek.cz\/index.php?rest_route=\/wp\/v2\/pages"}],"about":[{"href":"https:\/\/www.josefknoflicek.cz\/index.php?rest_route=\/wp\/v2\/types\/page"}],"author":[{"embeddable":true,"href":"https:\/\/www.josefknoflicek.cz\/index.php?rest_route=\/wp\/v2\/users\/2"}],"replies":[{"embeddable":true,"href":"https:\/\/www.josefknoflicek.cz\/index.php?rest_route=%2Fwp%2Fv2%2Fcomments&post=389"}],"version-history":[{"count":12,"href":"https:\/\/www.josefknoflicek.cz\/index.php?rest_route=\/wp\/v2\/pages\/389\/revisions"}],"predecessor-version":[{"id":3057,"href":"https:\/\/www.josefknoflicek.cz\/index.php?rest_route=\/wp\/v2\/pages\/389\/revisions\/3057"}],"up":[{"embeddable":true,"href":"https:\/\/www.josefknoflicek.cz\/index.php?rest_route=\/wp\/v2\/pages\/579"}],"wp:attachment":[{"href":"https:\/\/www.josefknoflicek.cz\/index.php?rest_route=%2Fwp%2Fv2%2Fmedia&parent=389"}],"curies":[{"name":"wp","href":"https:\/\/api.w.org\/{rel}","templated":true}]}}