{"id":39,"date":"2014-12-28T13:06:34","date_gmt":"2014-12-28T11:06:34","guid":{"rendered":"http:\/\/www.josefknoflicek.cz\/?page_id=39"},"modified":"2021-01-25T22:42:15","modified_gmt":"2021-01-25T21:42:15","slug":"vyucovani","status":"publish","type":"page","link":"https:\/\/www.josefknoflicek.cz\/?page_id=39","title":{"rendered":"Vyu\u010dov\u00e1n\u00ed"},"content":{"rendered":"<p>Na str\u00e1nk\u00e1ch &#8222;vyu\u010dov\u00e1n\u00ed&#8220; vyu\u010duji na r\u016fzn\u00e1 t\u00e9mata.<br \/>\nOd z\u00e1klad\u016f k\u0159es\u0165anstv\u00ed, p\u0159es vyu\u010dov\u00e1n\u00ed pro u\u010dedn\u00edky, kte\u0159\u00ed cht\u011bj\u00ed d\u00e1l slou\u017eit P\u00e1nu. N\u011bkter\u00e1 budou samostatn\u00e1, jin\u00e1 ucelen\u00e1 do kurz\u016f nebo pozd\u011bji do kn\u00ed\u017eky.<\/p>\n<h4><\/h4>\n<p>&nbsp;<\/p>\n","protected":false},"excerpt":{"rendered":"<p>Na str\u00e1nk\u00e1ch &#8222;vyu\u010dov\u00e1n\u00ed&#8220; vyu\u010duji na r\u016fzn\u00e1 t\u00e9mata. Od z\u00e1klad\u016f k\u0159es\u0165anstv\u00ed, p\u0159es vyu\u010dov\u00e1n\u00ed pro u\u010dedn\u00edky, kte\u0159\u00ed cht\u011bj\u00ed d\u00e1l slou\u017eit P\u00e1nu. N\u011bkter\u00e1 budou samostatn\u00e1, jin\u00e1 ucelen\u00e1 do kurz\u016f nebo pozd\u011bji do kn\u00ed\u017eky. &nbsp;<\/p>\n","protected":false},"author":2,"featured_media":0,"parent":0,"menu_order":2,"comment_status":"open","ping_status":"open","template":"","meta":[],"_links":{"self":[{"href":"https:\/\/www.josefknoflicek.cz\/index.php?rest_route=\/wp\/v2\/pages\/39"}],"collection":[{"href":"https:\/\/www.josefknoflicek.cz\/index.php?rest_route=\/wp\/v2\/pages"}],"about":[{"href":"https:\/\/www.josefknoflicek.cz\/index.php?rest_route=\/wp\/v2\/types\/page"}],"author":[{"embeddable":true,"href":"https:\/\/www.josefknoflicek.cz\/index.php?rest_route=\/wp\/v2\/users\/2"}],"replies":[{"embeddable":true,"href":"https:\/\/www.josefknoflicek.cz\/index.php?rest_route=%2Fwp%2Fv2%2Fcomments&post=39"}],"version-history":[{"count":7,"href":"https:\/\/www.josefknoflicek.cz\/index.php?rest_route=\/wp\/v2\/pages\/39\/revisions"}],"predecessor-version":[{"id":3948,"href":"https:\/\/www.josefknoflicek.cz\/index.php?rest_route=\/wp\/v2\/pages\/39\/revisions\/3948"}],"wp:attachment":[{"href":"https:\/\/www.josefknoflicek.cz\/index.php?rest_route=%2Fwp%2Fv2%2Fmedia&parent=39"}],"curies":[{"name":"wp","href":"https:\/\/api.w.org\/{rel}","templated":true}]}}