{"id":4429,"date":"2018-07-21T13:07:51","date_gmt":"2018-07-21T12:07:51","guid":{"rendered":"http:\/\/www.josefknoflicek.cz\/?page_id=4429"},"modified":"2021-01-25T22:42:15","modified_gmt":"2021-01-25T21:42:15","slug":"ii-cirkev-a-socialni-sluzba-socialni-sluzba","status":"publish","type":"page","link":"https:\/\/www.josefknoflicek.cz\/?page_id=4429","title":{"rendered":"Kapitola 1"},"content":{"rendered":"<p>Kapitola 1<\/p>\n<p>Soci\u00e1ln\u00ed pr\u00e1ci n\u011bjak\u00fdm zp\u016fsobem prov\u00e1d\u00edme v\u0161ichni. A c\u00edrkev stoprocentn\u011b. Jen si to neuv\u011bdomujeme, proto\u017ee je to pro n\u00e1s samoz\u0159ejmost\u00ed. Je vlastn\u011b postavena na na\u0161ich vztaz\u00edch, na tom neb\u00fdt lhostejn\u00fd k situac\u00edm druh\u00fdch, na na\u0161\u00ed citlivosti vid\u011bt pot\u0159ebu druh\u00fdch a vn\u00edmat to, co pro\u017e\u00edvaj\u00ed. Kde toto m\u016f\u017ee nejv\u00edce fungovat? P\u0159ece v rodin\u011b a p\u0159edev\u0161\u00edm v c\u00edrkvi. Zvl\u00e1\u0161t\u011b tam, proto\u017ee Duch svat\u00fd v\u00ed to, co my nem\u016f\u017eeme v\u011bd\u011bt a p\u0159edev\u0161\u00edm m\u00e1 \u0159e\u0161en\u00ed pro ka\u017edou situaci. Pokud se mu podd\u00e1me, pak m\u016f\u017eeme b\u00fdt t\u011bmi nejlep\u0161\u00edmi soci\u00e1ln\u00edmi pracovn\u00edky (ka\u017ed\u00fd z n\u00e1s) \u00a0na sv\u011bt\u011b.<\/p>\n<p>Pokud bych cht\u011bl velmi prost\u011b vysv\u011btlit, co je soci\u00e1ln\u00ed pr\u00e1ce, pak bych \u0159ekl asi toto: &#8222;pom\u00e1hat lidem a dostat je z bodu A do bodu B nebo je jen na t\u00e9 cest\u011b prov\u00e1zet. Bod B by m\u011bl b\u00fdt v\u017edy na vy\u0161\u0161\u00ed \u00farovni ne\u017e bod A. (Mimochodem ka\u017ed\u00fd rodi\u010d tak jedn\u00e1 se sv\u00fdmi d\u011btmi a tak bychom mohli pokra\u010dovat\u2026) Kone\u010dn\u00fdm c\u00edlem pak je jejich nez\u00e1vislost na pomoci, pokud to je mo\u017en\u00e9.&#8220; N\u011bkdy ale jde jen o to \u010dlov\u011bka udr\u017eet v bod\u011b A, ne\u017e za\u010dne klesat k nule. \u00a0Nap\u0159\u00edklad u star\u0161\u00edch lid\u00ed je d\u016fle\u017eit\u00e9 je udr\u017eovat ve form\u011b, ve kter\u00e9 se nach\u00e1z\u00ed, proto\u017ee pro sv\u016fj v\u011bk a stav se pravd\u011bpodobn\u011b nebudou schopni posunovat v\u00fd\u0161e. To jen obecn\u011b a velmi, velmi jednoduch\u00fdm pohledem.<\/p>\n<p>I Kristus p\u0159i\u0161el na sv\u011bt, zem\u0159el na k\u0159\u00ed\u017ei a vstal z mrtv\u00fdch, aby \u010dlov\u011bka posunul. Ov\u0161em z bodu A do m\u00edst vysoko nad ka\u017ed\u00fd lidsk\u00fd bod. Vysoko nad na\u0161i abecedu. Do Bo\u017e\u00edho kr\u00e1lovstv\u00ed. Soci\u00e1ln\u00ed pr\u00e1ce jen velmi nedokonale kop\u00edruje Krista. Je to proto, \u017ee se ve v\u011bt\u0161in\u011b organizac\u00ed, by\u0165 si \u0159\u00edkaj\u00ed k\u0159es\u0165ansk\u00e9, dostala mimo veden\u00ed Duchem svat\u00fdm, ale pod\u0159izuje se pravidl\u016fm a z\u00e1kon\u016f, kter\u00e9 vytv\u00e1\u0159\u00ed \u010dlov\u011bk s\u00e1m o sob\u011b. Od toho je jen kr\u016f\u010dek k tomu, aby ji p\u0159evzal tento sv\u011bt, tedy se stala n\u00e1strojem toho zl\u00e9ho (vysv\u011btl\u00edm pozd\u011bji), p\u0159esto\u017ee mnoh\u00fdm pom\u00e1h\u00e1 a d\u011bl\u00e1 velmi dobrou pr\u00e1ci s lidmi. V soci\u00e1ln\u00edch slu\u017eb\u00e1ch pracuje mnoho t\u011bch, kte\u0159\u00ed miluj\u00ed na\u0161eho P\u00e1na a sna\u017e\u00ed se o n\u011bm vyd\u00e1vat sv\u011bdectv\u00ed jak slovem, jak svou prac\u00ed, ale je jich st\u00e1le m\u00e9n\u011b a m\u00e9n\u011b. Ub\u00fdv\u00e1 t\u011bch k\u0159es\u0165an\u016f, kte\u0159\u00ed by takovou slu\u017ebu vedli. I to je zn\u00e1mkou toho, kam do budoucna sm\u011b\u0159uje.<\/p>\n<p>Pojem soci\u00e1ln\u00ed slu\u017eba je pr\u00e1vn\u00edm pojem. Aspo\u0148 v\u00a0\u010cR a na Slovensku. Nev\u00edm jak jinde, ale domn\u00edv\u00e1m se, \u017ee to bude postupn\u011b v\u00a0cel\u00e9 EU stejn\u00e9. Ve\u0161ker\u00e1 soci\u00e1ln\u00ed pr\u00e1ce ozna\u010den\u00e1 jako soci\u00e1ln\u00ed slu\u017eba je registrovan\u00e1. Pokud tak nen\u00ed, m\u016f\u017ee b\u00fdt tato slu\u017eba st\u00e1tem zak\u00e1zan\u00e1 a jej\u00ed provozov\u00e1n\u00ed pokutovan\u00e9. Ve chv\u00edli kdy soci\u00e1ln\u00ed pr\u00e1ci registrujeme jako soci\u00e1ln\u00ed slu\u017ebu, mus\u00ed spl\u0148ovat mnoho po\u017eadavk\u016f. Jednak na vzd\u011bl\u00e1n\u00ed a vzd\u011bl\u00e1v\u00e1n\u00ed pracovn\u00edk\u016f, tak tak\u00e9 na vybaven\u00ed a prostory, ve kter\u00fdch se slu\u017eba vykon\u00e1v\u00e1. A je nutn\u00e9 m\u00edt vypracovan\u00fdch mnoho metodik a pravidel. Ka\u017ed\u00fdm rokem, m\u011bs\u00edcem, dnem t\u011bchto pravidel a na\u0159\u00edzen\u00ed st\u00e1le p\u0159ib\u00fdv\u00e1. Je to obrovsk\u00e1 s\u00ed\u0165 informac\u00ed o lidech. Jedinou odm\u011bnou pro tuto slu\u017ebu je, \u017ee ji mo\u017en\u00e1 bude \u010d\u00e1ste\u010dn\u011b dotovat st\u00e1t (kraj, m\u011bsto) ze sv\u00e9ho rozpo\u010dtu. Probl\u00e9m je v\u00a0tom, \u017ee i kdy\u017e si budete financovat sami, stejn\u011b mus\u00edte splnit v\u0161echny po\u017eadavky a jej\u00ed registraci. Jinak se dopou\u0161t\u00edte poru\u0161en\u00ed z\u00e1kona. Jen m\u00e1lo slu\u017eeb je st\u00e1tem pln\u011b hrazeno (v\u011bt\u0161inou ty, kter\u00e9 provozuje st\u00e1t). Stejn\u011b pot\u0159ebujete pro soci\u00e1ln\u00ed slu\u017ebu zna\u010dn\u00e9 mno\u017estv\u00ed sv\u00fdch financ\u00ed. Nejde zde jen registraci a v\u0161e, co s\u00a0t\u00edm souvis\u00ed, ale tak\u00e9 o pot\u0159ebnost v\u00a0regionu, obci, o kter\u00e9 rozhoduj\u00ed m\u00edstn\u00ed zastupitel\u00e9 a komunitn\u00ed pl\u00e1ny.<\/p>\n<p>Za mnoho let tohoto provozu se soci\u00e1ln\u00ed slu\u017eby stali velk\u00fdm byznysem. Velmi tvrd\u00fdm podnik\u00e1n\u00edm, skryt\u00fdm za kr\u00e1sn\u00fdmi slovy. Je zde velk\u00fd konkuren\u010dn\u00ed boj, i kdy\u017e v\u0161ichni pokrytecky mluv\u00ed, \u017ee jsou r\u00e1di, kdy\u017e vedle nich vznikne dal\u0161\u00ed stejn\u00e1 slu\u017eba. Plat\u00ed to jen do t\u00e9 doby, dokud jim d\u00edky n\u00ed nesn\u00ed\u017e\u00ed dotace, aby se dostalo na ob\u011b dv\u011b. Je to o pen\u011bz\u00edch, kter\u00e9 na tuto slu\u017ebu od st\u00e1tu plynou a urv\u00e1n\u00ed co nejv\u011bt\u0161\u00ed \u010d\u00e1sti z tohoto kol\u00e1\u010de. V\u011b\u0159\u00edm, \u017ee je mnoho v\u011b\u0159\u00edc\u00edch i nev\u011b\u0159\u00edc\u00edch, kte\u0159\u00ed s up\u0159\u00edmn\u00fdm srdcem slou\u017e\u00ed pot\u0159ebn\u00fdm lidem, nezi\u0161tn\u011b pom\u00e1haj\u00ed a pokud je to jejich pr\u00e1ce, pak ji maj\u00ed za posl\u00e1n\u00ed. T\u011bch v\u0161ak v\u00edce a v\u00edce ub\u00fdv\u00e1, proto\u017ee nemohou b\u00fdt v souladu s t\u011bmi, kte\u0159\u00ed tuto slu\u017ebu maj\u00ed jen jako obchod, v\u00fdkon pr\u00e1ce a budov\u00e1n\u00ed kari\u00e9ry jako v ka\u017ed\u00e9 jin\u00e9 firm\u011b nebo fabrice. Pak odch\u00e1z\u00ed nebo jsou vytla\u010deni pro sv\u00e9 posl\u00e1n\u00ed. Takov\u00e9 posl\u00e1n\u00ed a takov\u00fd &#8222;srdca\u0159&#8220; se ji\u017e nehod\u00ed do dne\u0161n\u00ed profesionalizovan\u00e9 soci\u00e1ln\u00ed slu\u017eby. (D\u00edky Bohu, \u017ee tito &#8222;srdca\u0159i&#8220; je\u0161t\u011b nevym\u0159eli, ale pokud to p\u016fjde d\u00e1l t\u00edmto sm\u011brem jako dnes&#8230;.?) Nem\u016f\u017eeme se divit tomu, kam se soci\u00e1ln\u00ed slu\u017eba dostala. Je to nastaven\u00edm financov\u00e1n\u00ed a slabost\u00ed lid\u00ed. Je jen omezen\u00e9 mno\u017estv\u00ed pen\u011bz, kter\u00e9 se mohou rozd\u011blit mezi jednotliv\u00e9 organizace a st\u00e1tem \u0159\u00edzen\u00e9 slu\u017eby. To plat\u00ed jak pro st\u00e1tn\u00ed tak obecn\u00ed finance a tak\u00e9 pro don\u00e1tory, nadace apod. O tyto finance bojuje ka\u017ed\u00fdm rokem v\u00edce slu\u017eeb pota\u017emo lid\u00ed, kte\u0159\u00ed ty slu\u017eby provozuj\u00ed a \u0159\u00edd\u00ed. Tak\u00e9 zde hraje roli popt\u00e1vka a nab\u00eddka jednotliv\u00fdch obc\u00ed, m\u011bst, kraj\u016f a st\u00e1tu\u00a0 Nejde o mal\u00e9 pen\u00edze.<\/p>\n<p>Syst\u00e9m, p\u0159erozd\u011blov\u00e1n\u00ed st\u00e1tn\u00edch dotac\u00ed do soci\u00e1ln\u00edch slu\u017eeb je nastaven podle n\u011bjak\u00fdch krit\u00e9ri\u00ed, kter\u00e9 mus\u00ed b\u00fdt \u00a0napln\u011bny. Rozhoduj\u00ed v\u0161ak o tom \u00fa\u0159edn\u00edci a po\u010d\u00edta\u010dov\u00e9 aplikace (u st\u00e1tu, kraje a velk\u00fdch m\u011bst) a \u010d\u00edm d\u00e1l t\u00edm v\u00edce tu ji\u017e nikoho nezaj\u00edmaj\u00ed lid\u00e9, skute\u010dn\u00fd stav a pot\u0159eba lid\u00ed, ale krit\u00e9ria a p\u0159esn\u011b vypln\u011bn\u00e9 kolonky v po\u010d\u00edta\u010dov\u00fdch programech. N\u011bkter\u00e1 slu\u017eba nem\u016f\u017ee proj\u00edt, proto\u017ee ji po\u010d\u00edta\u010d nerozezn\u00e1 a je automaticky vy\u0159azen\u00e1. I takov\u00e9 p\u0159\u00edpady mohou nastat. Ti, co nejv\u00edce pot\u0159ebuj\u00ed, se v\u011bt\u0161inou neum\u00ed prosadit. T\u00e9m\u011b\u0159 v\u0161ude se tak\u00e9 podporuje a vy\u017eaduje posun slu\u017eby n\u011bkam kup\u0159edu. To vede organizace k vym\u00fd\u0161len\u00ed nepot\u0159ebn\u00fdch slu\u017eeb nebo sp\u00ed\u0161e ne tak d\u016fle\u017eit\u00fdch slu\u017eeb. Spln\u00ed v\u0161ak krit\u00e9ria, do kolonek v po\u010d\u00edta\u010d\u00edch dok\u00e1\u017eou napsat ta spr\u00e1vn\u00e1 slova, na kter\u00e9 po\u010d\u00edta\u010d a \u00fa\u0159edn\u00edk reaguje a dotace op\u011bt z\u00edskaj\u00ed a mo\u017en\u00e1 je\u0161t\u011b vy\u0161\u0161\u00ed. Ov\u0161em n\u011bkde jinde, kde to je mnohem pot\u0159ebn\u011bj\u0161\u00ed, pak pen\u00edze nejsou, proto\u017ee po\u010d\u00edta\u010d nem\u00e1 soci\u00e1ln\u00ed c\u00edt\u011bn\u00ed a po dne\u0161n\u00edm \u00fa\u0159edn\u00edku se ne\u017e\u00e1d\u00e1, aby ho m\u011bl. D\u016fle\u017eit\u00e9 je vzd\u011bl\u00e1n\u00ed. Ale vzd\u011bl\u00e1n\u00ed samo o sob\u011b toto c\u00edt\u011bn\u00ed nevyprodukuje. Vid\u011bl jsem mnoho zbyte\u010dn\u00fdch slu\u017eeb, kde nakonec nev\u011bd\u011bli, za co utratit st\u00e1tn\u00ed dotace a tak vym\u00fd\u0161leli nesmysly a vedle toho jsem vid\u011bl lidi, kter\u00fdm se nedost\u00e1valo z\u00e1kladn\u00edch pot\u0159eb, nem\u011bl jim kdo pomoc v jejich t\u00edsni jen proto, \u017ee na tuto slu\u017ebu se nena\u0161lo nikde dost financ\u00ed. Vid\u011bl jsem, jak roste po\u010det kancel\u00e1\u0159\u00ed soci\u00e1ln\u00edch pracovn\u00edk\u016f na \u00fakor pokoj\u016f pro lidi bez domova&#8230;. \u00a0Je nebezpe\u010dn\u00e9 se dostat do tohoto koloto\u010de, kter\u00fd v\u00e1m zamot\u00e1 hlavu a za\u010dnete vid\u011bt v\u00edce projekty, pen\u00edze na projekty, krit\u00e9ria a klienta jako finan\u010dn\u00ed p\u0159inos pro slu\u017ebu. Kdy\u017e na to upozorn\u00edte, v\u0161ichni se odvol\u00e1vaj\u00ed na z\u00e1kon o soci\u00e1ln\u00edch slu\u017eb\u00e1ch, jako by ten z\u00e1kon netvo\u0159ili lid\u00e9. Soci\u00e1ln\u00ed z\u00e1kon vznikal na z\u00e1klad\u011b dvou po\u017eadavk\u016f. Prvn\u00ed byl finan\u010dn\u00ed. Po roce devades\u00e1t za\u010dali vznikat neziskov\u00e9 organizace, kter\u00e9 spole\u010dn\u011b s c\u00edrkvemi pom\u00e1haly pot\u0159ebn\u00fdm. Proto\u017ee vn\u00edmaly, \u017ee dost\u00e1vaj\u00ed od st\u00e1tu m\u00e9n\u011b pen\u011bz, ne\u017e dost\u00e1vaj\u00ed slu\u017eby z\u0159\u00edzen\u00e9 st\u00e1tem a mysleli si, \u017ee slu\u017ebu d\u011blaj\u00ed kvalitn\u011bji, za\u010daly prosazovat z\u00e1kon o soci\u00e1ln\u00edch slu\u017eb\u00e1ch, kter\u00fd by dal pravidla pro jejich financov\u00e1n\u00ed. Druh\u00fdm po\u017eadavkem byla kvalita poskytovan\u00e9 slu\u017eby. \u017de se mohlo za\u010d\u00edt pracovat na tomto z\u00e1konu, bylo d\u00edky mnoha k\u0159es\u0165an\u016fm, kte\u0159\u00ed to prosadili, ale tak\u00e9 na n\u011bm za\u010dali pracovat. Dobr\u00e1 my\u0161lenka i v\u011bc, ale d\u00edky mnoha dal\u0161\u00edm v\u011bcem, kter\u00e9 se na to nabalily, d\u00edky tomu, \u017ee v\u00edce rozhoduj\u00ed krit\u00e9ria v po\u010d\u00edta\u010d\u00edch, kter\u00e9 by m\u011bly zabr\u00e1nit korupci, d\u00edky dal\u0161\u00edm specifick\u00fdm kolonk\u00e1m, kter\u00fdm lid\u00e9 nerozum\u00ed a p\u0159edev\u0161\u00edm pro lidskou je\u0161itnost, slabost a st\u00e1lou nenasytnost a nespokojenost, \u00a0se dost\u00e1v\u00e1me n\u011bkam na okraj propasti. Nemalou \u00falohu v\u00a0tom hr\u00e1l tak\u00e9 vstup do EU a jej\u00ed dotace, kter\u00e9 vy\u017eaduj\u00ed velmi mnoho dal\u0161\u00edch na\u0159\u00edzen\u00ed, aby nedoch\u00e1zelo ke zneu\u017e\u00edv\u00e1n\u00ed dotac\u00ed.<\/p>\n<p>Pokud to p\u016fjde d\u00e1l, m\u016f\u017ee nastat situace, kdy finance na soci\u00e1ln\u00ed slu\u017eby dojdou. Probl\u00e9m pak bude v tom, \u00a0\u017ee m\u00edsto srdca\u0159\u016f, budou pracovat jen najat\u00ed za mzdu a ti, kdy\u017e nebudou m\u00edt plat, odejdou a bude jim jedno, co se stane s lidmi, kter\u00fdm pom\u00e1hali. Syst\u00e9m zkolabuje. Pro\u010d? Proto\u017ee soci\u00e1ln\u00ed slu\u017eby jako syst\u00e9m p\u0159evzali odpov\u011bdnost, nebo sp\u00ed\u0161e vzaly lidem pocit odpov\u011bdnosti, kterou m\u00e1 m\u00edt ka\u017ed\u00fd \u010dlov\u011bk v t\u00e9to oblasti. \u0158ekli: &#8222;ty to nem\u016f\u017ee\u0161 d\u011blat, proto\u017ee nejsi odborn\u00edk, p\u0159edej to mn\u011b a rad\u011bji zapla\u0165&#8220;. Je to tvrd\u011b \u0159e\u010deno a omlouv\u00e1m se v\u0161em t\u011bm, kte\u0159\u00ed pracuj\u00ed, slou\u017e\u00ed odborn\u011b a p\u0159itom i z l\u00e1sky k bli\u017en\u00edmu. Popisuji v\u0161ak obecn\u00fd stav, jak funguje a kam povede.<\/p>\n<p>Je m\u00e1lo c\u00edrkv\u00ed v \u010cR a na Slovensku, kter\u00e9 mohou vstoupit na toto pole registrovan\u00e9 soci\u00e1ln\u00ed slu\u017eby. T\u0159i, \u010dty\u0159i v ka\u017ed\u00e9m st\u00e1t\u011b. V\u0161echny s t\u00edm v\u0161ak maj\u00ed probl\u00e9my a slu\u017eba se d\u0159\u00edve nebo pozd\u011bji stejn\u011b musela nebo bude muset odd\u011blit od c\u00edrkve. T\u011bm ostatn\u00edm doporu\u010duji se tomu vyhnout a pom\u00e1hat lidem mimo tuto registrovanou slu\u017ebu nebo jen na komunitn\u00ed \u00farovni (dal\u0161\u00ed kapitoly). P\u0159esto je d\u016fle\u017eit\u00e9, aby c\u00edrkev a p\u0159edev\u0161\u00edm jednotliv\u00ed v\u011b\u0159\u00edc\u00ed se do t\u00e9to slu\u017eby zapojovali, studovali a byli ve veden\u00ed t\u011bchto slu\u017eeb.<\/p>\n<p>Na z\u00e1v\u011br t\u00e9to kapitoly chci pod\u011bkovat stovk\u00e1m a tis\u00edc\u016fm lid\u00ed, kte\u0159\u00ed pom\u00e1haj\u00ed druh\u00fdm skrze tyto slu\u017eby. V\u0161em \u0159editel\u016fm a vedouc\u00edm, kte\u0159\u00ed p\u0159es v\u0161echny \u00fa\u0159edn\u00ed pap\u00edry, povolen\u00ed, sm\u011brnice a st\u00e1l\u00fd boj s\u00a0nedostatkem financ\u00ed nezapom\u00ednaj\u00ed na ty, pro kter\u00e9 jejich za\u0159\u00edzen\u00ed a slu\u017eba vznikla a v\u0161em v\u011b\u0159\u00edc\u00edm, kte\u0159\u00ed v\u00a0t\u011bchto slu\u017eb\u00e1ch nesou dobrou zv\u011bst o Je\u017e\u00ed\u0161i Kristu i p\u0159esto, \u017ee je jim to mnohdy zakazov\u00e1no a dost\u00e1vaj\u00ed se v\u00a0nemilost u sv\u00fdch pod\u0159\u00edzen\u00fdch \u010di nad\u0159\u00edzen\u00fdch.<\/p>\n","protected":false},"excerpt":{"rendered":"<p>Kapitola 1 Soci\u00e1ln\u00ed pr\u00e1ci n\u011bjak\u00fdm zp\u016fsobem prov\u00e1d\u00edme v\u0161ichni. A c\u00edrkev stoprocentn\u011b. Jen si to neuv\u011bdomujeme, proto\u017ee je to pro n\u00e1s samoz\u0159ejmost\u00ed. Je vlastn\u011b postavena na na\u0161ich vztaz\u00edch, na tom neb\u00fdt lhostejn\u00fd k situac\u00edm druh\u00fdch, na na\u0161\u00ed citlivosti vid\u011bt pot\u0159ebu druh\u00fdch a vn\u00edmat to, co pro\u017e\u00edvaj\u00ed. Kde toto m\u016f\u017ee nejv\u00edce fungovat? P\u0159ece v rodin\u011b a p\u0159edev\u0161\u00edm &hellip; <a href=\"https:\/\/www.josefknoflicek.cz\/?page_id=4429\" class=\"more-link\">Pokra\u010dov\u00e1n\u00ed textu <span class=\"screen-reader-text\">Kapitola 1<\/span> <span class=\"meta-nav\">&rarr;<\/span><\/a><\/p>\n","protected":false},"author":2,"featured_media":0,"parent":4425,"menu_order":1,"comment_status":"closed","ping_status":"closed","template":"","meta":[],"_links":{"self":[{"href":"https:\/\/www.josefknoflicek.cz\/index.php?rest_route=\/wp\/v2\/pages\/4429"}],"collection":[{"href":"https:\/\/www.josefknoflicek.cz\/index.php?rest_route=\/wp\/v2\/pages"}],"about":[{"href":"https:\/\/www.josefknoflicek.cz\/index.php?rest_route=\/wp\/v2\/types\/page"}],"author":[{"embeddable":true,"href":"https:\/\/www.josefknoflicek.cz\/index.php?rest_route=\/wp\/v2\/users\/2"}],"replies":[{"embeddable":true,"href":"https:\/\/www.josefknoflicek.cz\/index.php?rest_route=%2Fwp%2Fv2%2Fcomments&post=4429"}],"version-history":[{"count":11,"href":"https:\/\/www.josefknoflicek.cz\/index.php?rest_route=\/wp\/v2\/pages\/4429\/revisions"}],"predecessor-version":[{"id":5899,"href":"https:\/\/www.josefknoflicek.cz\/index.php?rest_route=\/wp\/v2\/pages\/4429\/revisions\/5899"}],"up":[{"embeddable":true,"href":"https:\/\/www.josefknoflicek.cz\/index.php?rest_route=\/wp\/v2\/pages\/4425"}],"wp:attachment":[{"href":"https:\/\/www.josefknoflicek.cz\/index.php?rest_route=%2Fwp%2Fv2%2Fmedia&parent=4429"}],"curies":[{"name":"wp","href":"https:\/\/api.w.org\/{rel}","templated":true}]}}