{"id":5401,"date":"2019-11-07T07:54:22","date_gmt":"2019-11-07T06:54:22","guid":{"rendered":"http:\/\/www.josefknoflicek.cz\/?page_id=5401"},"modified":"2021-01-25T22:42:15","modified_gmt":"2021-01-25T21:42:15","slug":"dopisy-petrovi-sedmy-dopis","status":"publish","type":"page","link":"https:\/\/www.josefknoflicek.cz\/?page_id=5401","title":{"rendered":"Dopisy Petrovi &#8211; sedm\u00fd dopis"},"content":{"rendered":"<p><span style=\"color: #2b2b2b; font-family: 'Arial','sans-serif';\">Mil\u00fd Pet\u0159e,<\/span><\/p>\n<p><span style=\"color: #2b2b2b; font-family: 'Arial','sans-serif';\">i na d\u00e1lku vid\u00edm a sly\u0161\u00edm, jak jsi dorostl do slu\u017eebn\u00edka Je\u017e\u00ed\u0161e Krista. D\u011bkuji za to P\u00e1nu, proto\u017ee v\u00edm, \u017ee to nen\u00ed lidsk\u00e9 d\u00edlo a lidsk\u00e1 snaha, ale d\u00edlo Ducha svat\u00e9ho. Sl\u00e1va na\u0161emu Bohu za to, co d\u011bl\u00e1.<\/span><\/p>\n<p><span style=\"color: #2b2b2b; font-family: 'Arial','sans-serif';\">Dostal jsi v\u0161echno, co ke slu\u017eb\u011b P\u00e1nu pot\u0159ebuje\u0161. Je tedy \u010das se rozlou\u010dit. Toto je posledn\u00ed dopis, kter\u00fd ti pos\u00edl\u00e1m, jako sv\u00e9mu mlad\u0161\u00edmu a m\u00e9n\u011b zku\u0161en\u011bj\u0161\u00edmu bratru. V\u011b\u0159\u00edm, \u017ee dnes m\u016f\u017ee\u0161 ty s\u00e1m p\u0159ed\u00e1vat rady t\u011bm, kte\u0159\u00ed se slu\u017ebou za\u010d\u00ednaj\u00ed.<br \/>\nV\u017edy bude\u0161 v m\u00e9m srdci a v\u017edy se m\u016f\u017ee\u0161 na mne obr\u00e1tit. Nebyl jsi pro mne jen u\u010dedn\u00edkem, ale tak\u00e9 p\u0159\u00edtelem, kter\u00fdm z\u016fstane\u0161 nav\u017edy.\u00a0 Dovol mi v\u0161ak, abych dnes n\u011bkter\u00e9 d\u016fle\u017eit\u00e9 v\u011bci je\u0161t\u011b shrnul do n\u011bkolika m\u00e1lo bod\u016f.<\/span><\/p>\n<p><span style=\"color: #2b2b2b; font-family: 'Arial','sans-serif';\">1. V\u017edy m\u011bj na pam\u011bti, \u017ee vztah s Kristem je nejd\u016fle\u017eit\u011bj\u0161\u00ed. Pokud si chce\u0161 uchovat ohe\u0148 Ducha svat\u00e9ho, mus\u00ed b\u00fdt tento vztah na prvn\u00edm m\u00edst\u011b a st\u00e1le obnovov\u00e1n. Bez n\u011bho nem\u016f\u017eeme d\u011blat nic. Te\u010f si \u0159\u00edk\u00e1\u0161, \u017ee se t\u011b to net\u00fdk\u00e1, \u017ee to m\u00e1\u0161. Toto si mysleli v\u0161ichni, co tento vztah ztratili a padli. Modli se o to, abys mohl obst\u00e1t, aby t\u011b P\u00e1n v\u017edy dr\u017eel p\u0159i sob\u011b a to i ve chv\u00edl\u00edch, kdy bys cht\u011bl od n\u011bho nebo ze slu\u017eby\u00a0jemu odej\u00edt. Volej k n\u011bmu tak dlouho, dokud nedostane\u0161 od n\u011bho uji\u0161t\u011bn\u00ed, \u017ee to ud\u011bl\u00e1.<\/span><\/p>\n<p><span style=\"color: #2b2b2b; font-family: 'Arial','sans-serif';\">2. Nesu\u010f druh\u00e9. M\u00e1\u0161 skrze Ducha napom\u00ednat, ale i povzbuzovat, ale vyvaruj se soudu. N\u00e1m nepat\u0159\u00ed soudit. T\u00edm mysl\u00edm neust\u00e1l\u00e9 posuzov\u00e1n\u00ed druh\u00fdch v\u010detn\u011b koleg\u016f. \u010casto to d\u011bl\u00e1me, abychom t\u00edm uk\u00e1zali, jak jsme sami dob\u0159\u00ed nebo se nech\u00e1me zat\u00e1hnout do t\u011bchto \u0159e\u010d\u00ed nebo proto, \u017ee m\u00edsto abychom se soust\u0159edili na to, co d\u011bl\u00e1 P\u00e1n, soust\u0159ed\u00edme se na to, co d\u011bl\u00e1 \u010dlov\u011bk. Ut\u00edkej od takov\u00fdch diskuz\u00ed a vyh\u00fdbej se lidem, kte\u0159\u00ed tak jednaj\u00ed. Pamatuj, \u017ee budeme souzeni tak, jak sami soud\u00edme. V\u011b\u0159, \u017ee se to vrac\u00ed.<\/span><\/p>\n<p><span style=\"color: #2b2b2b; font-family: 'Arial','sans-serif';\">3. Neboj se po\u010dkat s rozhodnut\u00edm, dokud se neporad\u00ed\u0161 s Duchem svat\u00fdm. Neukvapuj se. T\u011b\u017eko se to pak bere zp\u011bt. Na\u0161e slovo plat\u00ed. Neboj se tak jednat\u00a0 i v mal\u00fdch v\u011bcech ka\u017edodenn\u00edho \u017eivota. Jednak mnoho mal\u00fdch v\u011bc\u00ed tvo\u0159\u00ed velk\u00e9, ale p\u0159edev\u0161\u00edm udr\u017euje\u0161 neust\u00e1l\u00fd rozhovor a vztah s Duchem svat\u00fdm. Je to Pavlovo &#8222;neust\u00e1le se modlete&#8220;.<\/span><\/p>\n<p><span style=\"color: #2b2b2b; font-family: 'Arial','sans-serif';\">4. Pamatuj, \u017ee vede\u0161 za sebou lidi. Proto bys je m\u011bl vodit po cest\u00e1ch, kter\u00fdmi si pro\u0161el i ty s\u00e1m. Pot\u0159ebuje\u0161 m\u00edt pro\u017eit\u00e9 a zjeven\u00e9 to, co ostatn\u00ed vyu\u010duje\u0161 nebo kam je vede\u0161. B\u016fh ti ty lidi sv\u011b\u0159il, &#8222;abys je vodil po dobr\u00fdch pastv\u00e1ch&#8220;. Abys je neztr\u00e1cel z vlastn\u00ed viny.\u00a0 M\u00e1me \u010dinit u\u010dedn\u00edky a u\u010dit je v\u0161emu, \u010demu n\u00e1s nau\u010dil P\u00e1n a P\u00e1novi\u00a0 u\u010ditel\u00e9. Neust\u00e1l\u00fd boj s t\u011bmi, co P\u00e1novi nejsou, n\u00e1s od tohoto posl\u00e1n\u00ed odv\u00e1d\u00ed a bere s\u00edlu. S takov\u00fdmi jednej r\u00e1zn\u011b a tak\u00e9 ve\u0159ejn\u011b, ale nenech se zat\u00e1hnout do boj\u016f, kter\u00e9 cht\u011bj\u00ed s tebou v\u00e9st. Ovce sly\u0161\u00ed hlas sv\u00e9ho P\u00e1na a n\u00e1sleduj\u00ed ho. Ti, kter\u00e9 B\u016fh sv\u011b\u0159il do tv\u00e9 p\u00e9\u010de, tak\u00e9\u00a0sly\u0161\u00ed tv\u016fj hlas a budou t\u011b n\u00e1sledovat.<\/span><\/p>\n<p><span style=\"color: #2b2b2b; font-family: 'Arial','sans-serif';\">5. Pokud p\u0159ijde\u0161 na m\u00edsto, kde ji\u017e jin\u00fd stav\u011bl, nebo\u0159 to d\u00edlo, ale hledej u Ducha svat\u00e9ho, jak m\u00e1\u0161 na tom d\u00e1l stav\u011bt. I slu\u017eebn\u00edky, kte\u0159\u00ed byli p\u0159ed tebou, vedl Duch svat\u00fd. Jinak v\u017edy stav\u011bj tam, kde je\u0161t\u011b nikdo nehl\u00e1sal nebo nebudoval c\u00edrkev.<\/span><\/p>\n<p><span style=\"color: #2b2b2b; font-family: 'Arial','sans-serif';\">6. T\u011blo Kristovo je c\u00edrkev. To vyu\u010duj, zvl\u00e1\u0161t\u011b v dne\u0161n\u00ed dob\u011b, kdy mnoz\u00ed jsou c\u00edrkv\u00ed sami sob\u011b a necht\u011bj\u00ed nav\u0161t\u011bvovat spole\u010dn\u00e1 shrom\u00e1\u017ed\u011bn\u00ed. Nen\u00ed to jenom o internetu, ale p\u0159edev\u0161\u00edm na d\u00e1lku nemus\u00edm jednat se svou nel\u00e1skou k druh\u00fdm, se sv\u00fdm h\u0159\u00edchem, proto\u017ee mnoh\u00fd h\u0159\u00edch se zjevuje a\u017e ve vztaz\u00edch s druh\u00fdm, kdy\u017e se setk\u00e1v\u00e1me s druh\u00fdmi v\u011b\u0159\u00edc\u00edmi. Ve\u010f ty, kter\u00e9 ti P\u00e1n sv\u011b\u0159il k l\u00e1sce k c\u00edrkvi, k t\u011blu Kristovu. Kdo nemiluje c\u00edrkev- sv\u00e9 sourozence- nemiluje ani hlavu &#8211; Krista.<\/span><\/p>\n<p><span style=\"color: #2b2b2b; font-family: 'Arial','sans-serif';\">7. Nebu\u010f naivn\u00ed v tom, \u017ee k\u0159es\u0165an\u00e9 kolem tebe jsou dokonal\u00ed. Nejsou a nebudou. Mnoho z nich t\u011b bude zklam\u00e1vat, n\u011bkte\u0159\u00ed p\u0159\u00edmo tr\u00e1pit stejn\u011b jako n\u011bkter\u00e9 d\u011bti tr\u00e1p\u00ed sv\u00e9 rodi\u010de. Chra\u0148 sv\u00e9 srdce, aby pro tyto lidi nezaho\u0159klo. T\u00edm by tvoje slu\u017eba skon\u010dila. M\u011bj v\u017edy na pam\u011bti, \u017ee to neubli\u017euj\u00ed tob\u011b, ale P\u00e1nu. Proto je vyd\u00e1vej jemu a ra\u010f se s n\u00edm jak s nimi jednat. Chra\u0148 sv\u00e9 srdce, aby tam tak nebyl zaset ko\u0159en ho\u0159kosti. Pavel byl mnoh\u00fdmi zrazen\u00fd, \u010dasto opu\u0161t\u011bn\u00fd, pomlouvan\u00fd, ale nezaho\u0159knul. V\u011bd\u011bl, \u017ee je posl\u00e1n P\u00e1nem a ne lidmi, dal\u0161\u00ed jeho ochranou srdce bylo, \u017ee v\u017edy d\u011bkoval za v\u0161echny a v\u0161echno a radost P\u00e1nova byla jeho silou. Sna\u017e se to d\u011blat tak\u00e9.<\/span><\/p>\n<p><span style=\"color: #2b2b2b; font-family: 'Arial','sans-serif';\">8. M\u011bj v\u017edy p\u0159ed v\u0161emi \u010disto ve financ\u00edch, kter\u00e9 jsou ti sv\u011b\u0159en\u00e9. Je pot\u0159eba, aby lid\u00e9 vid\u011bli, jak se jedn\u00e1 s financemi, kter\u00e9 c\u00edrkev m\u00e1. Pokud ji\u017e vede\u0161 v\u011bt\u0161\u00ed sbor, m\u011bj v\u011brn\u00e9 lidi, s kter\u00fdmi se o financ\u00edch rad\u00ed\u0161. &#8222;Skl\u00e1dej sboru pravideln\u011b \u00fa\u010dty&#8220;. T\u00edm zamez\u00ed\u0161 v\u011bt\u0161in\u011b obav a pomluv\u00e1m ( i kdy\u017e se v\u017edy n\u011bkdo najde) a p\u0159edev\u0161\u00edm ty s\u00e1m jsi ochr\u00e1n\u011bn\u00fd p\u0159ed jejich zneu\u017eit\u00edm.<\/span><\/p>\n<p><span style=\"color: #2b2b2b; font-family: 'Arial','sans-serif';\">9. Bu\u010f spravedliv\u00fd v jedn\u00e1n\u00ed s druh\u00fdmi. Nesna\u017e se n\u011bkomu nadr\u017eovat, nakonec to takov\u00fd \u010dlov\u011bk zneu\u017eije a obr\u00e1t\u00ed proti tob\u011b. Tak\u00e9 s nik\u00fdm nejednej v hn\u011bvu, abys pak neu\u010dinil \u0161patn\u00e9 rozhodnut\u00ed nebo \u0159ekl zl\u00e9 v\u011bci. A\u0165 je tv\u00e9 ano ano a ne ne. Jednej tak, \u017ee m\u016f\u017ee\u0161 i v dal\u0161\u00edch dnech st\u00e1t s \u010dist\u00fdm sv\u011bdom\u00edm za sv\u00fdm rozhodnut\u00edm.\u00a0 Je ne\u0161\u0165astn\u00fd ten, kter\u00fd sv\u00e1 rozhodnut\u00ed st\u00e1le zpochyb\u0148uje a zp\u011btn\u011b nad nimi mus\u00ed p\u0159em\u00fd\u0161let.\u00a0 \u00a0Pamatuj, \u017ee i tv\u00e9 d\u011bti a rodina jsou jen lid\u00e9 a nem\u016f\u017ee\u0161 s nimi jednat tvrd\u011bji ne\u017e s ostatn\u00edmi jen proto, \u017ee jsou d\u011bti vedouc\u00edho. A obr\u00e1cen\u011b je prot\u011b\u017eovat v c\u00edrkvi, proto\u017ee je to tv\u00e1 rodina.<\/span><\/p>\n<p><span style=\"color: #2b2b2b; font-family: 'Arial','sans-serif';\">10. Je mnoho t\u011b\u017ek\u00fdch v\u011bc\u00ed, kter\u00e9 ti lid\u00e9 sv\u011b\u0159uj\u00ed. Nem\u016f\u017ee\u0161 se o n\u011b s nik\u00fdm sd\u00edlet. Tam, kde o n\u00ed v\u00ed dva je pades\u00e1ti procentn\u00ed \u0161ance, \u017ee se sv\u011b\u0159en\u00e1 v\u011bc neudr\u017e\u00ed. Kdy\u017e jsou do n\u00ed zasv\u011bceni t\u0159i, pak je to sto procent.. Nau\u010d se tato b\u0159emena jin\u00fdch, ale i tvoje skl\u00e1dat u P\u00e1nov\u00fdch nohou. Vedouc\u00ed je v mnoh\u00fdch v\u011bcech \u00fapln\u011b s\u00e1m a nem\u016f\u017ee se sv\u011b\u0159ovat &#8211; h\u00e1zet\u00a0 b\u0159emena na ovce. Mohlo by je to zab\u00edt, proto\u017ee nemus\u00ed b\u00fdt schopny takov\u00e1 b\u0159emena un\u00e9st., ale tak\u00e9 se to obr\u00e1t\u00ed proti tob\u011b a sn\u00ed\u017e\u00ed to tvou d\u016fv\u011bryhodnost. Je tak\u00e9 d\u016fle\u017eit\u00e9 si pravideln\u011b d\u011blat revizi vztah\u016f, zvl\u00e1\u0161t\u011b ohledn\u011b sester. N\u011bkter\u00e9 sestry, p\u0159edev\u0161\u00edm ty, kter\u00e9 \u017eij\u00ed dlouho samy, si mohou n\u011bkter\u00e1 tv\u00e1 slova nebo gesta vysv\u011btli jinak. Nap\u0159\u00edklad tvoj\u00ed citovou n\u00e1klonnost\u00ed k nim. Bu\u010f v t\u00e9to oblasti opatrn\u00fd a obez\u0159etn\u00fd. P\u0159in\u00e1\u0161\u00ed to pak mnoh\u00e9 nep\u0159\u00edjemnosti a tr\u00e1pen\u00ed.<\/span><\/p>\n<p><span style=\"color: #2b2b2b; font-family: 'Arial','sans-serif';\">Ur\u010dit\u011b by se dalo naj\u00edt dal\u0161\u00edch pades\u00e1t bod\u016f, kter\u00e9 by se zde daly uv\u00e9st, ale vybral jsem jich jen deset. Mysl\u00edm, \u017ee jsou to ty d\u016fle\u017eit\u00e9.<\/span><\/p>\n<p><span style=\"color: #2b2b2b; font-family: 'Arial','sans-serif';\">Dobrou zpr\u00e1vou je, \u017ee jsme pozn\u00e1n\u00edm Krista dostali v\u0161echno, co pot\u0159ebujeme ke zbo\u017en\u00e9mu \u017eivotu. Je to Duch svat\u00fd v n\u00e1s, kter\u00fd v\u00ed v\u0161echno a m\u016f\u017ee n\u00e1m v\u0161e vysv\u011btlit a uk\u00e1zat, pokud mu to dovol\u00edme. Skrze n\u011bho m\u016f\u017eeme pozn\u00e1vat\u00a0 P\u00e1na. Pak plat\u00ed toto Bo\u017e\u00ed zasl\u00edben\u00ed: &#8222;Nu\u017ee, toto je smlouva, kterou po t\u011bch dnech uzav\u0159u s domem Izraele, prav\u00ed Hospodin: Sv\u00e9 z\u00e1kony vlo\u017e\u00edm do jejich mysli a nap\u00ed\u0161u jim je na srdce. Pak budu jejich Bohem a oni m\u00fdm lidem. Jeden u\u017e nebude druh\u00e9ho pou\u010dovat, ka\u017ed\u00fd u\u017e nebude bratra nab\u00e1dat: \u201aPoznej Hospodina!\u2018 V\u0161ichni, od nejmen\u0161\u00edho a\u017e po nejv\u011bt\u0161\u00edho z nich, mne toti\u017e budou zn\u00e1t. \u017did\u016fm 8:10-11 B21<\/span><\/p>\n<p><span style=\"color: #2b2b2b; font-family: 'Arial','sans-serif';\">Duch svat\u00fd ti bude v\u0161\u00edm. Pokud mu dovol\u00ed\u0161, nau\u010d\u00ed t\u011b v\u0161emu, co pot\u0159ebuje\u0161. Sv\u011b\u0159uji t\u011b pod jeho autoritu a \u017eehn\u00e1m ti jeho neust\u00e1lou p\u0159\u00edtomnost\u00ed v tv\u00e9m \u017eivot\u011b. Vypro\u0161uji, aby tv\u00e9 srdce bylo v\u017edy otev\u0159en\u00e9 sm\u011brem k Bohu, k Je\u017e\u00ed\u0161i Kristu a tv\u016fj duch st\u00e1le spojen\u00fd s Duchem svat\u00fdm.<\/span><\/p>\n<p><span style=\"color: #2b2b2b; font-family: 'Arial','sans-serif';\">S l\u00e1skou Kristovou<\/span><\/p>\n<p><span style=\"color: #2b2b2b; font-family: 'Arial','sans-serif';\">Josef<\/span><\/p>\n<p><span style=\"color: #2b2b2b; font-family: 'Arial','sans-serif';\">\u00a0<\/span><\/p>\n<p>&nbsp;<\/p>\n","protected":false},"excerpt":{"rendered":"<p>Mil\u00fd Pet\u0159e, i na d\u00e1lku vid\u00edm a sly\u0161\u00edm, jak jsi dorostl do slu\u017eebn\u00edka Je\u017e\u00ed\u0161e Krista. D\u011bkuji za to P\u00e1nu, proto\u017ee v\u00edm, \u017ee to nen\u00ed lidsk\u00e9 d\u00edlo a lidsk\u00e1 snaha, ale d\u00edlo Ducha svat\u00e9ho. Sl\u00e1va na\u0161emu Bohu za to, co d\u011bl\u00e1. Dostal jsi v\u0161echno, co ke slu\u017eb\u011b P\u00e1nu pot\u0159ebuje\u0161. Je tedy \u010das se rozlou\u010dit. Toto je &hellip; <a href=\"https:\/\/www.josefknoflicek.cz\/?page_id=5401\" class=\"more-link\">Pokra\u010dov\u00e1n\u00ed textu <span class=\"screen-reader-text\">Dopisy Petrovi &#8211; sedm\u00fd dopis<\/span> <span class=\"meta-nav\">&rarr;<\/span><\/a><\/p>\n","protected":false},"author":2,"featured_media":0,"parent":3529,"menu_order":7,"comment_status":"closed","ping_status":"closed","template":"","meta":[],"_links":{"self":[{"href":"https:\/\/www.josefknoflicek.cz\/index.php?rest_route=\/wp\/v2\/pages\/5401"}],"collection":[{"href":"https:\/\/www.josefknoflicek.cz\/index.php?rest_route=\/wp\/v2\/pages"}],"about":[{"href":"https:\/\/www.josefknoflicek.cz\/index.php?rest_route=\/wp\/v2\/types\/page"}],"author":[{"embeddable":true,"href":"https:\/\/www.josefknoflicek.cz\/index.php?rest_route=\/wp\/v2\/users\/2"}],"replies":[{"embeddable":true,"href":"https:\/\/www.josefknoflicek.cz\/index.php?rest_route=%2Fwp%2Fv2%2Fcomments&post=5401"}],"version-history":[{"count":1,"href":"https:\/\/www.josefknoflicek.cz\/index.php?rest_route=\/wp\/v2\/pages\/5401\/revisions"}],"predecessor-version":[{"id":5402,"href":"https:\/\/www.josefknoflicek.cz\/index.php?rest_route=\/wp\/v2\/pages\/5401\/revisions\/5402"}],"up":[{"embeddable":true,"href":"https:\/\/www.josefknoflicek.cz\/index.php?rest_route=\/wp\/v2\/pages\/3529"}],"wp:attachment":[{"href":"https:\/\/www.josefknoflicek.cz\/index.php?rest_route=%2Fwp%2Fv2%2Fmedia&parent=5401"}],"curies":[{"name":"wp","href":"https:\/\/api.w.org\/{rel}","templated":true}]}}