{"id":5406,"date":"2019-11-07T15:54:14","date_gmt":"2019-11-07T14:54:14","guid":{"rendered":"http:\/\/www.josefknoflicek.cz\/?page_id=5406"},"modified":"2021-01-25T22:44:16","modified_gmt":"2021-01-25T21:44:16","slug":"pohadky","status":"publish","type":"page","link":"https:\/\/www.josefknoflicek.cz\/?page_id=5406","title":{"rendered":"POH\u00c1DKY"},"content":{"rendered":"<p>Jednou p\u0159i\u0161lo slovo od P\u00e1na, kter\u00e9 mluvilo o stromech. Ka\u017ed\u00fd strom v\u0161ak p\u0159edstavoval ur\u010dit\u00fd druh v\u011b\u0159\u00edc\u00edho. Za n\u011bkolik dn\u016f mi volal p\u0159\u00edtel: &#8222;Josefe to o tom stromu (myslel konkr\u00e9tn\u00ed druh stromu) bylo o mn\u011b, \u017ee?&#8220;\u00a0 &#8222;Nev\u00edm&#8220;,\u00a0odpov\u011bd\u011bl jsem mu.\u00a0&#8222;To mus\u00ed\u0161 v\u011bd\u011bt ty.&#8220;<\/p>\n<p>Tato p\u0159\u00edhoda mne p\u0159ivedla k\u00a0psan\u00ed poh\u00e1dek o v\u011bcech. O v\u011bcech, kter\u00e9 p\u0159em\u00fd\u0161lej\u00ed a jednaj\u00ed stejn\u011b jako lid\u00e9. Ostatn\u011b pro\u010d ne o v\u011bcech. V\u017edy\u0165 v\u0161echno bylo stvo\u0159eno pro a skrze Je\u017e\u00ed\u0161e. Tak tak\u00e9 i v\u011bci.<br \/>\nA tak\u00e9 i skrze v\u011bci k n\u00e1m m\u016f\u017ee B\u016fh promlouvat.<br \/>\nPromlouvat do na\u0161eho\u00a0sv\u011bdom\u00ed, do situac\u00ed do charakter\u016f, prost\u011b do v\u0161eho v na\u0161ich \u017eivotech. Mohou n\u00e1s pot\u011b\u0161it i dov\u00e9st k zamy\u0161len\u00ed. Jsou pro velk\u00e9 i mal\u00e9. Jsou k pousm\u00e1n\u00ed. Mo\u017en\u00e1 jsou o mn\u011b, mo\u017en\u00e1 o tob\u011b. To v\u0161ak mus\u00edme v\u011bd\u011bt my sami. Jsou ke sl\u00e1v\u011b Bo\u017e\u00ed.<\/p>\n","protected":false},"excerpt":{"rendered":"<p>Jednou p\u0159i\u0161lo slovo od P\u00e1na, kter\u00e9 mluvilo o stromech. Ka\u017ed\u00fd strom v\u0161ak p\u0159edstavoval ur\u010dit\u00fd druh v\u011b\u0159\u00edc\u00edho. Za n\u011bkolik dn\u016f mi volal p\u0159\u00edtel: &#8222;Josefe to o tom stromu (myslel konkr\u00e9tn\u00ed druh stromu) bylo o mn\u011b, \u017ee?&#8220;\u00a0 &#8222;Nev\u00edm&#8220;,\u00a0odpov\u011bd\u011bl jsem mu.\u00a0&#8222;To mus\u00ed\u0161 v\u011bd\u011bt ty.&#8220; Tato p\u0159\u00edhoda mne p\u0159ivedla k\u00a0psan\u00ed poh\u00e1dek o v\u011bcech. O v\u011bcech, kter\u00e9 p\u0159em\u00fd\u0161lej\u00ed a jednaj\u00ed &hellip; <a href=\"https:\/\/www.josefknoflicek.cz\/?page_id=5406\" class=\"more-link\">Pokra\u010dov\u00e1n\u00ed textu <span class=\"screen-reader-text\">POH\u00c1DKY<\/span> <span class=\"meta-nav\">&rarr;<\/span><\/a><\/p>\n","protected":false},"author":2,"featured_media":0,"parent":2885,"menu_order":0,"comment_status":"closed","ping_status":"closed","template":"","meta":[],"_links":{"self":[{"href":"https:\/\/www.josefknoflicek.cz\/index.php?rest_route=\/wp\/v2\/pages\/5406"}],"collection":[{"href":"https:\/\/www.josefknoflicek.cz\/index.php?rest_route=\/wp\/v2\/pages"}],"about":[{"href":"https:\/\/www.josefknoflicek.cz\/index.php?rest_route=\/wp\/v2\/types\/page"}],"author":[{"embeddable":true,"href":"https:\/\/www.josefknoflicek.cz\/index.php?rest_route=\/wp\/v2\/users\/2"}],"replies":[{"embeddable":true,"href":"https:\/\/www.josefknoflicek.cz\/index.php?rest_route=%2Fwp%2Fv2%2Fcomments&post=5406"}],"version-history":[{"count":2,"href":"https:\/\/www.josefknoflicek.cz\/index.php?rest_route=\/wp\/v2\/pages\/5406\/revisions"}],"predecessor-version":[{"id":5408,"href":"https:\/\/www.josefknoflicek.cz\/index.php?rest_route=\/wp\/v2\/pages\/5406\/revisions\/5408"}],"up":[{"embeddable":true,"href":"https:\/\/www.josefknoflicek.cz\/index.php?rest_route=\/wp\/v2\/pages\/2885"}],"wp:attachment":[{"href":"https:\/\/www.josefknoflicek.cz\/index.php?rest_route=%2Fwp%2Fv2%2Fmedia&parent=5406"}],"curies":[{"name":"wp","href":"https:\/\/api.w.org\/{rel}","templated":true}]}}