{"id":5463,"date":"2019-12-18T15:01:26","date_gmt":"2019-12-18T14:01:26","guid":{"rendered":"http:\/\/www.josefknoflicek.cz\/?page_id=5463"},"modified":"2021-01-25T22:42:15","modified_gmt":"2021-01-25T21:42:15","slug":"zalm-23-sesterske-setkani","status":"publish","type":"page","link":"https:\/\/www.josefknoflicek.cz\/?page_id=5463","title":{"rendered":"\u017dalm 23 &#8211; sestersk\u00e9 setk\u00e1n\u00ed"},"content":{"rendered":"<p>\u017dALM 23<\/p>\n<p>\u201eHospodin je m\u016fj past\u00fd\u0159, nebudu m\u00edt nedostatek. D\u00e1v\u00e1 mi ul\u00e9hat na travnat\u00fdch pastvin\u00e1ch, p\u0159iv\u00e1d\u00ed m\u011b k vod\u011b na m\u00edstech odpo\u010dinku. Obnovuje mou du\u0161i, pro sv\u00e9 jm\u00e9no m\u011b vod\u00ed po prav\u00fdch stezk\u00e1ch. I kdybych \u0161el \u00fadol\u00edm nejhlub\u0161\u00ed tmy, nebudu se b\u00e1t zl\u00e9ho, nebo\u0165 ty jsi se mnou. Tv\u00e9 \u017eezlo a tv\u00e1 h\u016fl m\u011b pot\u011b\u0161uj\u00ed. P\u0159ipravuje\u0161 mi st\u016fl p\u0159ed zraky m\u00fdch nep\u0159\u00e1tel, ma\u017ee\u0161 mi hlavu olejem, m\u016fj kalich p\u0159et\u00e9k\u00e1. Dobrota a milosrdenstv\u00ed m\u011b budou jist\u011b prov\u00e1zet po v\u0161echny dny m\u00e9ho \u017eivota. Po dlouh\u00e9 \u010dasy se budu vracet do Hospodinova domu.\u201c<\/p>\n<p>S\u00a0past\u00fd\u0159em se v\u00a0bibli setk\u00e1v\u00e1me mnohokr\u00e1t. Je obrazem Bo\u017e\u00ed p\u00e9\u010de a l\u00e1sky k\u00a0jeho lidu. Pisatelem \u017ealmu je David, kter\u00fd znal d\u016fv\u011brn\u011b chov\u00e1n\u00ed ovc\u00ed i p\u00e9\u010di o n\u011b. V\u00ed, o \u010dem v\u00a0\u017ealmu p\u00ed\u0161e.<\/p>\n<ol>\n<li><u>Hospodin je m\u016fj past\u00fd\u0159<\/u><\/li>\n<\/ol>\n<ul>\n<li>On \u2013 Kristus chce b\u00fdt na\u0161\u00edm osobn\u00edm past\u00fd\u0159em. Dal sv\u016fj \u017eivot za n\u00e1s. Zaplatil nejvy\u0161\u0161\u00ed cenu. Jan 10:11 \u00a0\u201e\u2026Dobr\u00fd past\u00fd\u0159 pokl\u00e1d\u00e1 svou du\u0161i za ovce.\u201c David v\u011bd\u011bl jak se chov\u00e1 dobr\u00fd past\u00fd\u0159. S\u00e1m nasazoval \u017eivot za sv\u00e9 st\u00e1do. Bojoval s\u00a0medv\u011bdem i lvem. (1.Samuelova 17:36)<\/li>\n<li>Ovce pot\u0159ebuj\u00ed past\u00fd\u0159e, proto\u017ee se jinak ztrat\u00ed. (my m\u00e1me v\u0161emohouc\u00edho v\u016fdce)<\/li>\n<li>Ovce znaj\u00ed hlas sv\u00e9ho past\u00fd\u0159e. Jan 10:3 \u201eTomu hl\u00edda\u010d otev\u00edr\u00e1 a ovce sly\u0161\u00ed jeho hlas; sv\u00e9 ovce vol\u00e1 jm\u00e9nem a vyv\u00e1d\u00ed je.<\/li>\n<\/ul>\n<p>2.\u00a0 Nebudu m\u00edt nedostatku<\/p>\n<ul>\n<li>Zd\u016fraz\u0148uje, \u017ee mi nic nebude chyb\u011bt. Past\u00fd\u0159 d\u00e1v\u00e1 ovc\u00edm v\u0161e, co pot\u0159ebuj\u00ed, aby netrp\u011bly nouz\u00ed. To neznamen\u00e1, \u017ee maj\u00ed v\u0161e, co cht\u011bj\u00ed, ale maj\u00ed v\u0161e, co pot\u0159ebuj\u00ed. Matou\u0161 6:31-33 \u201eNepropadn\u011bte tedy starostem a ne\u0159\u00edkejte: \u201aCo budeme j\u00edst?\u2018 nebo: \u201aCo budeme p\u00edt?\u2018 nebo: \u201aCo si oble\u010deme?\u2018 Nebo\u0165 o to v\u0161echno horliv\u011b usiluj\u00ed pohan\u00e9. V\u017edy\u0165 v\u00e1\u0161 nebesk\u00fd Otec v\u00ed, \u017ee to v\u0161echno pot\u0159ebujete. \u00a0Hledejte v\u0161ak nejprve Bo\u017e\u00ed kr\u00e1lovstv\u00ed a jeho spravedlnost, a to v\u0161echno v\u00e1m bude p\u0159id\u00e1no.\u201c<br \/>\n<u><br \/>\n3. Na zeln\u00fdch louk\u00e1ch m\u011b pase<\/u><\/li>\n<\/ul>\n<ul>\n<li>Past\u00fd\u0159 vyb\u00edr\u00e1 pro sv\u00e9 st\u00e1do to nejlep\u0161\u00ed m\u00edsto. Nejd\u0159\u00edve s\u00e1m projde novou cestou, najde nov\u00e9 pastviny a pak tam p\u0159ivede st\u00e1do. Kristus n\u00e1s zn\u00e1 a vede n\u00e1\u0161 \u017eivot tou nejlep\u0161\u00ed cestou pro n\u00e1s a pase n\u00e1s na lep\u0161\u00edch pastvin\u00e1ch, kter\u00e9 vybral. \u017did\u016fm 4:15-16 \u201eNebo\u0165 nem\u00e1me takov\u00e9ho velekn\u011bze, kter\u00fd by s n\u00e1mi nemohl souc\u00edtit v na\u0161ich slabostech, n\u00fdbr\u017e takov\u00e9ho, kter\u00fd ve v\u0161em pro\u0161el zkou\u0161kami podobn\u011b jako my, av\u0161ak bez h\u0159\u00edchu.\u00a0P\u0159istupujme tedy s d\u016fv\u011brou k tr\u016fnu milosti, abychom p\u0159ijali milosrdenstv\u00ed a nalezli milost ku pomoci v prav\u00fd \u010das.\u201c\n<p><u>4. K\u00a0vod\u00e1m tich\u00fdm mne p\u0159iv\u00e1d\u00ed<\/u><\/li>\n<\/ul>\n<ul>\n<li>Ovce si nelehnou k\u00a0odpo\u010dinku, dokud maj\u00ed z\u00a0n\u011b\u010deho strach. Jen klidn\u00e1, strachu zbaven\u00e1 ovce si ulehne k\u00a0odpo\u010dinut\u00ed. Ovce tak\u00e9 pot\u0159ebuj\u00ed p\u00edt. Tam, kde jsou napajedla, se tak\u00e9 stahuje drav\u00e1 zv\u011b\u0159, kter\u00e1 zneklid\u0148uje a ohro\u017euje ovce. Dobr\u00fd past\u00fd\u0159 p\u0159iv\u00e1d\u00ed sv\u00e9 ovce ke klidn\u00fdm vod\u00e1m. Do bezpe\u010dn\u00e9ho odpo\u010dinku. \u0158\u00edman\u016fm 8:15 \u00a0\u201eNep\u0159ijali jste ducha otroctv\u00ed, abyste se op\u011bt b\u00e1li, n\u00fdbr\u017e p\u0159ijali jste Ducha synovstv\u00ed, v n\u011bm\u017e vol\u00e1me: Abba, Ot\u010de!\u201c \u017did\u016fm 2:15 \u201e\u2026\u00a0a osvobodil ty, kte\u0159\u00ed byli strachem ze smrti dr\u017eeni po cel\u00fd \u017eivot v otroctv\u00ed.\u201c<\/li>\n<li>1 Timoteovi 2:1-2 \u00a0\u201eP\u0159edev\u0161\u00edm tedy pros\u00edm, aby se konaly prosby, modlitby, p\u0159\u00edmluvy a d\u011bkov\u00e1n\u00ed za v\u0161echny lidi, za kr\u00e1lea za v\u0161echny ty, kdo jsou ve vysok\u00e9m postaven\u00ed, abychom mohli v\u00e9st tich\u00fd a pokojn\u00fd \u017eivot ve v\u0161\u00ed zbo\u017enosti a d\u016fstojnosti.\u201c\n<p>5.\u00a0 <u>Du\u0161i mou ob\u010derstvuje<\/u><\/li>\n<\/ul>\n<ul>\n<li>Nebesk\u00fd Past\u00fd\u0159 sv\u00e9 ove\u010dky ob\u010derstvuje Duchem svat\u00fdm a slovem, aby nezem\u0159ely \u2013 duchovn\u011b.<\/li>\n<li>Po\u010d\u00edt\u00e1 sv\u00e9 ovce, kdy\u017e n\u011bjak\u00e1 chyb\u00ed, okam\u017eit\u011b ji vyhled\u00e1. Ovce, kter\u00e1 spadne na z\u00e1da, se nedok\u00e1\u017ee obr\u00e1tit zp\u00e1tky na nohy. Pot\u0159ebuje pomoc past\u00fd\u0159e, proto\u017ee jinak zem\u0159e. I my \u010dasto tak bezmocn\u011b le\u017e\u00edme ve sv\u00fdch probl\u00e9mech, okolnostech a pot\u0159ebujeme pomoc sv\u00e9ho Past\u00fd\u0159e. On p\u0159ich\u00e1z\u00ed se slovem i moc\u00ed a stav\u00ed n\u00e1s na nohy. N\u00e1s bezmocn\u00e9. Haleluja.\n<p>6. <u>Vod\u00ed mne po stezk\u00e1ch spravedlnosti, pro sv\u00e9 jm\u00e9no<\/u><\/li>\n<\/ul>\n<ul>\n<li>Ovce jsou n\u00e1vykov\u00e1 zv\u00ed\u0159at. Bez past\u00fd\u0159e chod\u00ed st\u00e1le stejnou p\u011b\u0161inou a\u017e v\u00a0n\u00ed vy\u0161lapou hubokou br\u00e1zdu. Pasou se st\u00e1le na stejn\u00e9m m\u00edst\u011b, a\u017e ho \u00fapln\u011b spasou a zne\u010dist\u00ed ho tak, \u017ee je zamo\u0159en\u00e9 hmyzem a nemocemi.<\/li>\n<li>Dobr\u00fd past\u00fd\u0159 v\u00ed, \u017ee ovce mus\u00ed b\u00fdt neust\u00e1le pod jeho veden\u00edm.<\/li>\n<li>P\u0159ev\u00e1d\u00ed je na r\u016fzn\u00e1 m\u00edsta, aby ovce neuhynuly na pro r\u016fzn\u00e1 onemocn\u011bn\u00ed.<\/li>\n<li>M\u00e1 p\u0159esn\u011b promy\u0161len\u00fd pl\u00e1n, podle kter\u00e9ho pastviny st\u0159\u00edd\u00e1.<\/li>\n<li>Dodr\u017euje v\u0161echna ochrann\u00e1 opat\u0159en\u00ed proti nemoc\u00edm ovc\u00ed<\/li>\n<li>Jeho st\u00e1do je zdrav\u00e9.<\/li>\n<\/ul>\n<p>I my jsme jako ovce. St\u00e1le bychom nejrad\u011bji \u017eili stejn\u011b. M\u00e1me strach z\u00a0nov\u00fdch v\u011bc\u00ed, kter\u00e9 je\u0161t\u011b nezn\u00e1me a star\u00fdch se nechceme zbavit, i kdy\u017e jsou p\u0159\u00edt\u011b\u017e\u00ed a n\u011bkdy n\u00e1s tla\u010d\u00ed do bahna vychozen\u00e9 br\u00e1zdy. Jak hladce sklouzneme k\u00a0\u201ez\u00e1konick\u00e9mu\u201c \u00a0\u017eivotu. Na\u0161e srdce n\u00e1s dok\u00e1\u017ee lehce oklamat.<\/p>\n<p>Jeremj\u00e1\u0161 17:9 \u00a0Srdce je lstiv\u00e9 nade v\u0161e, je nevyl\u00e9\u010diteln\u00e9. Kdo mu porozum\u00ed? P\u0159\u00edslov\u00ed 16:9 \u00a0Srdce \u010dlov\u011bku vym\u00fd\u0161l\u00ed cestu, ale jeho kroky ur\u010duje Hospodin. B\u016fh n\u00e1s vod\u00ed po sv\u00fdch cest\u00e1ch spravedlnosti. Nejsou to \u0161irok\u00e9 cesty, ale \u00fazk\u00e9 stezky, kde se u\u010d\u00edme jeho spravedlnosti. Kde vych\u00e1z\u00ed napovrch v\u0161e, co se skr\u00fdv\u00e1 v\u00a0na\u0161em srdci, aby to, co nen\u00ed Bo\u017e\u00ed, bylo odstran\u011bn\u00e9 a z\u016fstalo jen ryz\u00ed zlato. On s\u00e1m, Kristus, je na\u0161\u00ed spravedlnost\u00ed.<\/p>\n<p>7.\u00a0 <u>Kdy\u017e p\u016fjdu \u00fadol\u00edm st\u00ednu smrti, nebudu se b\u00e1t ni\u010deho zl\u00e9ho \u2013 ty\u00a0jsi se mnou\u00a0<\/u><\/p>\n<ul>\n<li>Ani smrt n\u00e1s nem\u016f\u017ee odd\u011blit od nebesk\u00e9ho Past\u00fd\u0159e.<\/li>\n<li>On n\u00e1s provede t\u00edmto \u00fadol\u00edm (t\u011blesn\u00fdm um\u00edr\u00e1n\u00edm) do v\u011b\u010dn\u00e9ho \u017eivota.<\/li>\n<li>A\u0165 zu\u0159\u00ed bou\u0159e, a\u0165 se d\u011bje cokoli, on o tom v\u00ed, a\u0165 n\u00e1s napadne drav\u00e1 zv\u011b\u0159 nebo drav\u00fd proud m\u016fj Past\u00fd\u0159 je v\u00a0tom se mnou, nemus\u00edm se b\u00e1t. (hlubok\u00fd vztah)\n<p>8. <u>Tvoje berla a tv\u00e1 h\u016fl m\u011b pot\u011b\u0161uj\u00ed <\/u><\/li>\n<\/ul>\n<ul>\n<li>H\u016fl p\u0159edstavuje autoritu, ochranu, ale tak\u00e9 v\u00fdchovu. Deuteronomium 8:5 \u00a0V\u011bz tedy ve sv\u00e9m srdci, \u017ee tak jako \u010dlov\u011bk vychov\u00e1v\u00e1 sv\u00e9ho syna, tak Hospodin, tv\u016fj B\u016fh, vychov\u00e1v\u00e1 tebe. \u017did\u016fm 12:6 \u00a0nebo\u0165 koho P\u00e1n miluje, toho vychov\u00e1v\u00e1, a \u0161vih\u00e1 ka\u017ed\u00e9ho, koho p\u0159ij\u00edm\u00e1 za syna.<\/li>\n<li>H\u016fl odh\u00e1n\u00ed divokou zv\u011b\u0159.<\/li>\n<li>H\u016fl popoh\u00e1n\u00ed a tak\u00e9 trest\u00e1 neposlu\u0161n\u00e9 ovce, aby nezabloudily. Chr\u00e1n\u00ed n\u00e1s p\u0159ed h\u0159\u00edchem. Hovo\u0159\u00ed k\u00a0na\u0161emu srdci. Varuje n\u00e1s, k\u00e1r\u00e1 \u2013 p\u0159iv\u00e1d\u00ed n\u00e1s na spr\u00e1vnou cestu. 2 Korintsk\u00fdm 7:10 \u00a0Z\u00e1rmutek, kter\u00fd je podle Boha, p\u016fsob\u00ed pok\u00e1n\u00ed k z\u00e1chran\u011b, jeho\u017e nelze litovat, kde\u017eto z\u00e1rmutek sv\u011bta p\u016fsob\u00ed smrt.<\/li>\n<li>Zahnutou \u010d\u00e1st\u00ed berly si past\u00fd\u0159 p\u0159itahuje ovce k\u00a0sob\u011b, aby je mohl prohl\u00e9dnout, o\u0161et\u0159it, pot\u011b\u0161it se z\u00a0nich.\n<p>9.\u00a0 <u>Prost\u00edr\u00e1\u0161 mi st\u016fl p\u0159ed zraky protivn\u00edk\u016f<\/u><\/li>\n<\/ul>\n<ul>\n<li>St\u016fl p\u0159edstavuje horsk\u00e9 pastviny \u2013 tedy hojnost potravy.<\/li>\n<li>Tyto pastviny jsou t\u011b\u017eko dostupn\u00e9 a velmi vzd\u00e1len\u00e9. Dobr\u00fd past\u00fd\u0159 pe\u010dliv\u011b prozkoum\u00e1 a p\u0159iprav\u00ed cestu \u2013 odstran\u00ed v\u0161e nebezpe\u010dn\u00e9 z\u00a0cesty, teprve potom projdou ovce.<\/li>\n<li>Kolikr\u00e1t n\u00e1s dok\u00e1\u017ee nep\u0159\u00edtel \u2013 \u010f\u00e1bel \u2013 zastra\u0161it natolik, \u017ee strneme a nejsme schopni dal\u0161\u00ed cesty. Kristus n\u00e1s v\u0161ak chr\u00e1n\u00ed a my m\u016f\u017eeme v\u00a0pokoji a jistot\u011b u\u017e\u00edvat z\u00a0toho, co pro n\u00e1s p\u0159ipravil. I v\u00a0zim\u011b- ve zl\u00fdch dob\u00e1ch- m\u00e1 pro n\u00e1s p\u0159ipravenou \u010derstvou potravu v\u00a0bezpe\u010d\u00ed jeho p\u0159\u00edtomnosti.\n<p>10.\u00a0 <u>Hlavu mi olejem pot\u00edr\u00e1\u0161, kalich mi po okraj pln\u00ed\u0161<\/u><\/li>\n<\/ul>\n<ul>\n<li>Olej m\u00e1 v\u00fdznam po\u017eehn\u00e1n\u00ed, kter\u00e9 je a\u017e po sam\u00fd okraj, a\u017e p\u0159et\u00e9k\u00e1 z\u00a0na\u0161ich \u017eivot\u016f na \u017eivoty jin\u00fdch.<\/li>\n<li>Olej m\u00e1 i jin\u00fd v\u00fdznam v\u00a0p\u00e9\u010di o ovce. Mal\u00e9 mu\u0161ky nakladou vaj\u00ed\u010dka v\u00a0nose ovce a b\u011bhem n\u011bkolika dn\u00ed se vyl\u00edhnou mal\u00e9 larvy, kter\u00e9 proniknou ovci do hlavy. To p\u016fsob\u00ed ovci bolest, ovce tlu\u010dou hlavou o sk\u00e1lu, o zem\u2026 Pokud past\u00fd\u0159 v\u010das nezas\u00e1hne, ovce oslepne. Past\u00fd\u0159 v\u00a0takov\u00e9m p\u0159\u00edpad\u011b v\u010das nat\u0159\u00edt ovci \u010denich olejem a t\u00edm zab\u00edt mu\u0161ky.<\/li>\n<li>I my pot\u0159ebujeme pot\u00edrat olejem \u2013 b\u00fdt st\u00e1le v\u00a0p\u0159\u00edtomnosti Ducha svat\u00e9ho, aby n\u00e1\u0161 duchovn\u00ed zrak neoslepl a my si nep\u0159ivodili slepotou \u201ebolest hlavy.\n<p>11.\u00a0 <u>Dobrota a milosrdenstv\u00ed m\u011b budou prov\u00e1zet cel\u00fd m\u016fj \u017eivot<\/p>\n<p><\/u><\/li>\n<\/ul>\n<ul>\n<li>Ovce si dob\u0159e uv\u011bdomuje jak dobr\u00e9ho past\u00fd\u0159e m\u00e1. Pozn\u00e1 sv\u00e9ho P\u00e1na.<\/li>\n<li>Je\u017e\u00ed\u0161 \u2013l\u00e1ska-bezpe\u010d\u00ed a my.\n<p>12.\u00a0 <u>Do Hospodinova domu se budu vracet<\/u><u><\/u><\/li>\n<\/ul>\n<ul>\n<li>Z\u00a0cest po horsk\u00fdch pastvin\u00e1ch, \u00fazk\u00fdch stezek, zelen\u00e9 a \u010derstv\u00e9 pastvy pod ochranou sv\u00e9ho past\u00fd\u0159e se ovce vracej\u00ed dom\u016f do ov\u010dince. I tady je v\u0161e pro n\u011b p\u0159edem p\u0159ipraven\u00e9. Jsou doma v\u00a0bezpe\u010d\u00ed a v\u00a0odpo\u010dinut\u00ed po dlouh\u00e9 cest\u011b. Jak dob\u0159e je doma.<\/li>\n<li>M\u00e1 to i jin\u00fd obraz. P\u00e1n \u0161el p\u0159edem, aby n\u00e1m p\u0159ipravil domovy, do kter\u00fdch se z\u00a0pastvin budeme vracet.<\/li>\n<li><u>David byl past\u00fd\u0159em ovc\u00ed a t\u00edmto \u017ealmem nejen vyzn\u00e1v\u00e1 d\u016fv\u011bru a l\u00e1sku k Hospodinu, ale tak\u00e9 n\u00e1m d\u00e1v\u00e1 dobr\u00e9 rady past\u00fd\u0159e.<\/u><\/li>\n<\/ul>\n<p>Filipensk\u00fdm 3:20-21 \u00a0V\u017edy\u0165 na\u0161e ob\u010danstv\u00ed je v nebes\u00edch, odkud tak\u00e9 dychtiv\u011b o\u010dek\u00e1v\u00e1me Zachr\u00e1nce, P\u00e1na Je\u017e\u00ed\u0161e Krista, kter\u00fd p\u0159etvo\u0159\u00ed t\u011blo na\u0161\u00ed pon\u00ed\u017eenosti ve stejnou podobu t\u011bla jeho sl\u00e1vy p\u016fsoben\u00edm, kter\u00fdm je mocen si tak\u00e9 v\u0161ecko podmanit.<\/p>\n<p><strong>Jan 14:1-3\u00a0\u201eA\u0165 se va\u0161e srdce nechv\u011bje. V\u011b\u0159\u00edte v Boha, v\u011b\u0159te i ve mne. V dom\u011b m\u00e9ho Otce jsou mnoh\u00e9 p\u0159\u00edbytky. Kdyby nebyly, \u0159ekl bych v\u00e1m to. Nebo\u0165 v\u00e1m jdu p\u0159ipravit m\u00edsto. A odejdu-li a p\u0159iprav\u00edm v\u00e1m m\u00edsto, op\u011bt p\u0159ijdu a vezmu v\u00e1s k sob\u011b, abyste i vy byli tam, kde jsem j\u00e1.<\/strong><\/p>\n","protected":false},"excerpt":{"rendered":"<p>\u017dALM 23 \u201eHospodin je m\u016fj past\u00fd\u0159, nebudu m\u00edt nedostatek. D\u00e1v\u00e1 mi ul\u00e9hat na travnat\u00fdch pastvin\u00e1ch, p\u0159iv\u00e1d\u00ed m\u011b k vod\u011b na m\u00edstech odpo\u010dinku. Obnovuje mou du\u0161i, pro sv\u00e9 jm\u00e9no m\u011b vod\u00ed po prav\u00fdch stezk\u00e1ch. I kdybych \u0161el \u00fadol\u00edm nejhlub\u0161\u00ed tmy, nebudu se b\u00e1t zl\u00e9ho, nebo\u0165 ty jsi se mnou. Tv\u00e9 \u017eezlo a tv\u00e1 h\u016fl m\u011b pot\u011b\u0161uj\u00ed. &hellip; <a href=\"https:\/\/www.josefknoflicek.cz\/?page_id=5463\" class=\"more-link\">Pokra\u010dov\u00e1n\u00ed textu <span class=\"screen-reader-text\">\u017dalm 23 &#8211; sestersk\u00e9 setk\u00e1n\u00ed<\/span> <span class=\"meta-nav\">&rarr;<\/span><\/a><\/p>\n","protected":false},"author":2,"featured_media":0,"parent":328,"menu_order":9,"comment_status":"closed","ping_status":"closed","template":"","meta":[],"_links":{"self":[{"href":"https:\/\/www.josefknoflicek.cz\/index.php?rest_route=\/wp\/v2\/pages\/5463"}],"collection":[{"href":"https:\/\/www.josefknoflicek.cz\/index.php?rest_route=\/wp\/v2\/pages"}],"about":[{"href":"https:\/\/www.josefknoflicek.cz\/index.php?rest_route=\/wp\/v2\/types\/page"}],"author":[{"embeddable":true,"href":"https:\/\/www.josefknoflicek.cz\/index.php?rest_route=\/wp\/v2\/users\/2"}],"replies":[{"embeddable":true,"href":"https:\/\/www.josefknoflicek.cz\/index.php?rest_route=%2Fwp%2Fv2%2Fcomments&post=5463"}],"version-history":[{"count":1,"href":"https:\/\/www.josefknoflicek.cz\/index.php?rest_route=\/wp\/v2\/pages\/5463\/revisions"}],"predecessor-version":[{"id":5464,"href":"https:\/\/www.josefknoflicek.cz\/index.php?rest_route=\/wp\/v2\/pages\/5463\/revisions\/5464"}],"up":[{"embeddable":true,"href":"https:\/\/www.josefknoflicek.cz\/index.php?rest_route=\/wp\/v2\/pages\/328"}],"wp:attachment":[{"href":"https:\/\/www.josefknoflicek.cz\/index.php?rest_route=%2Fwp%2Fv2%2Fmedia&parent=5463"}],"curies":[{"name":"wp","href":"https:\/\/api.w.org\/{rel}","templated":true}]}}