{"id":593,"date":"2015-05-26T09:50:04","date_gmt":"2015-05-26T08:50:04","guid":{"rendered":"http:\/\/www.josefknoflicek.cz\/?page_id=593"},"modified":"2021-01-25T22:43:01","modified_gmt":"2021-01-25T21:43:01","slug":"poselstvi-sary-leden-2015","status":"publish","type":"page","link":"https:\/\/www.josefknoflicek.cz\/?page_id=593","title":{"rendered":"Poselstv\u00ed S\u00e1ry. (leden \/ janu\u00e1r 2015)"},"content":{"rendered":"<p style=\"text-align: justify;\">POSELSTV\u00cd S\u00c1RY<br \/>\n(osnova vyu\u010dov\u00e1n\u00ed p\u0159i setk\u00e1n\u00ed sester v lednu 2015)<\/p>\n<p style=\"text-align: justify;\"><em>(\u010cten\u00ed z P\u00edsma: 1.Moj\u017e\u00ed\u0161ova 15: 1-6, 1. Moj\u017e\u00ed\u0161ova 16:1-16, 1.Moj\u017e\u00ed\u0161ova 18:9-15, 1. Moj\u017e\u00ed\u0161ova 21,1-7)<\/em><\/p>\n<p style=\"text-align: justify;\">Pokud by mohla S\u00e1ra s n\u00e1mi nyn\u00ed hovo\u0159it, pravd\u011bpodobn\u011b by n\u00e1m kladla na srdce deset v\u011bc\u00ed, ke kter\u00fdm ji \u00a0B\u016fh v jej\u00edm \u017eivot\u011b p\u0159ivedl a skrze situace \u00a0nau\u010dil. Co by to bylo?<\/p>\n<p>1. Bo\u017e\u00ed na\u010dasov\u00e1n\u00ed b\u00fdv\u00e1 jin\u00e9 ne\u017e to na\u0161e. (Porodila jedin\u00e9 d\u00edt\u011b -syna v dob\u011b, kdy to ji\u017e neo\u010dek\u00e1vala a ztratila ve\u0161kerou nad\u011bji)<\/p>\n<p>2. B\u016fh vid\u00ed na\u0161e nenapln\u011bn\u00e9 touhy. (I kdy\u017e se v\u011bci ned\u011bj\u00ed, neznamen\u00e1 to, \u017ee B\u016fh nevid\u00ed tv\u00e9 touhy i tr\u00e1pen\u00ed, kter\u00e9 skrze to p\u0159ich\u00e1zej\u00ed)<\/p>\n<p>3. \u010cek\u00e1n\u00ed (&#8222;\u010dek\u00e1rna&#8220;) b\u00fdv\u00e1 prostorem pro na\u0161e zr\u00e1n\u00ed. (P\u0159i \u010dek\u00e1n\u00ed doch\u00e1z\u00ed k prov\u011b\u0159en\u00ed na\u0161\u00ed v\u011brnosti. Na\u0161e p\u0159edstavy proch\u00e1zej\u00ed bour\u00e1n\u00edm a nov\u00fdm budov\u00e1n\u00edm a op\u011bt bour\u00e1n\u00edm, dokud nez\u016fstane jen d\u016fv\u011bra k Bohu. Tam n\u00e1m B\u016fh ukazuje stav na\u0161eho srdce)<\/p>\n<p>4. \u00a0Nesna\u017e se omezit Bo\u017e\u00ed moc sv\u00fdmi p\u0159edstavami. (Pro touhu d\u00e1t Abrah\u00e1movi syna, si ud\u011blala vlastn\u00ed p\u0159edstavu, jak se to stane a tak\u00e9 to podle sv\u00e9 p\u0159edstavy ud\u011blala)<\/p>\n<p style=\"text-align: justify;\">5. Ka\u017ed\u00e9 selh\u00e1n\u00ed m\u00e1 sv\u00e9 d\u016fvody. (Sna\u017eila se Bo\u017e\u00ed zasl\u00edben\u00ed naplnit sv\u00fdmi silami a lidsk\u00fdmi prost\u0159edky &#8211; sv\u00e9vole.)<\/p>\n<p style=\"text-align: justify;\">6. Nesu d\u016fsledky sv\u00e9 sv\u00e9vole, ale z\u016fst\u00e1v\u00e1m v Bo\u017e\u00edm p\u0159\u00edb\u011bhu. (Po celou dobu m\u011bla probl\u00e9m se svou slu\u017ekou a jej\u00edm synem Izmaelem. Tuto situaci nemohla vr\u00e1tit, vymazat. P\u0159esto B\u016fh ji d\u00e1l miloval a z\u00e1zra\u010dn\u011b povolal za matku Iz\u00e1ka.)<\/p>\n<p style=\"text-align: justify;\">7. Nenapln\u011bn\u00ed o\u010dek\u00e1v\u00e1n\u00ed neznamen\u00e1, \u017ee mne B\u016fh nemiluje. (Naopak, n\u011bkdy pro l\u00e1sku k n\u00e1m nenapln\u00ed na\u0161e o\u010dek\u00e1v\u00e1n\u00ed, proto\u017ee by n\u00e1m ubl\u00ed\u017eila)<\/p>\n<p style=\"text-align: justify;\">8. P\u0159ijmi Bo\u017e\u00ed moc v\u00edrou!<\/p>\n<p>9. B\u016fh jedn\u00e1 ve sv\u00e9m \u010dase se zam\u011b\u0159en\u00edm pro budoucnost.<br \/>\n(Ji\u017e v jedn\u00e1n\u00ed s \u017eivotem S\u00e1ry B\u016fh myslel na tebe a tv\u00e9 spasen\u00ed. Tak je to i s Bo\u017e\u00edm jedn\u00e1n\u00edm ve tv\u00e9m \u017eivot\u011b.)<\/p>\n<p style=\"text-align: justify;\">10. Nemohu od partnera o\u010dek\u00e1vat to, co mi m\u016f\u017ee d\u00e1t jedin\u011b B\u016fh.<br \/>\n(V\u010detn\u011b bezpodm\u00edne\u010dn\u00e9 l\u00e1sky, neust\u00e1l\u00e9 p\u0159\u00edtomnosti a z\u00e1jmu o tebe&#8230;)<\/p>\n<p style=\"text-align: justify;\">Pokud by tu dnes s n\u00e1mi S\u00e1ra byla, nesp\u00ed\u0161 by po n\u00e1s cht\u011bla, abychom si odpov\u011bd\u011bli na t\u0159i ot\u00e1zky:<\/p>\n<p><em><strong>Je v m\u00e9m srdci vd\u011b\u010dnost za ka\u017ed\u00e9 okolnosti?<\/strong><\/em><\/p>\n<p><em><strong>Budu vytrvale o\u010dek\u00e1vat Bo\u017e\u00ed zasl\u00edben\u00ed?<\/strong><\/em><\/p>\n<p><em><strong>Budou m\u00e1 \u00fasta vyzn\u00e1vat kladn\u00e1 slova nebo budou reptat?<\/strong><\/em><\/p>\n<p>(Stanislava Knofl\u00ed\u010dkov\u00e1 &#8211; leden 2015)<\/p>\n","protected":false},"excerpt":{"rendered":"<p>POSELSTV\u00cd S\u00c1RY (osnova vyu\u010dov\u00e1n\u00ed p\u0159i setk\u00e1n\u00ed sester v lednu 2015) (\u010cten\u00ed z P\u00edsma: 1.Moj\u017e\u00ed\u0161ova 15: 1-6, 1. Moj\u017e\u00ed\u0161ova 16:1-16, 1.Moj\u017e\u00ed\u0161ova 18:9-15, 1. Moj\u017e\u00ed\u0161ova 21,1-7) Pokud by mohla S\u00e1ra s n\u00e1mi nyn\u00ed hovo\u0159it, pravd\u011bpodobn\u011b by n\u00e1m kladla na srdce deset v\u011bc\u00ed, ke kter\u00fdm ji \u00a0B\u016fh v jej\u00edm \u017eivot\u011b p\u0159ivedl a skrze situace \u00a0nau\u010dil. Co by to &hellip; <a href=\"https:\/\/www.josefknoflicek.cz\/?page_id=593\" class=\"more-link\">Pokra\u010dov\u00e1n\u00ed textu <span class=\"screen-reader-text\">Poselstv\u00ed S\u00e1ry. (leden \/ janu\u00e1r 2015)<\/span> <span class=\"meta-nav\">&rarr;<\/span><\/a><\/p>\n","protected":false},"author":2,"featured_media":0,"parent":328,"menu_order":11,"comment_status":"open","ping_status":"open","template":"","meta":[],"_links":{"self":[{"href":"https:\/\/www.josefknoflicek.cz\/index.php?rest_route=\/wp\/v2\/pages\/593"}],"collection":[{"href":"https:\/\/www.josefknoflicek.cz\/index.php?rest_route=\/wp\/v2\/pages"}],"about":[{"href":"https:\/\/www.josefknoflicek.cz\/index.php?rest_route=\/wp\/v2\/types\/page"}],"author":[{"embeddable":true,"href":"https:\/\/www.josefknoflicek.cz\/index.php?rest_route=\/wp\/v2\/users\/2"}],"replies":[{"embeddable":true,"href":"https:\/\/www.josefknoflicek.cz\/index.php?rest_route=%2Fwp%2Fv2%2Fcomments&post=593"}],"version-history":[{"count":4,"href":"https:\/\/www.josefknoflicek.cz\/index.php?rest_route=\/wp\/v2\/pages\/593\/revisions"}],"predecessor-version":[{"id":614,"href":"https:\/\/www.josefknoflicek.cz\/index.php?rest_route=\/wp\/v2\/pages\/593\/revisions\/614"}],"up":[{"embeddable":true,"href":"https:\/\/www.josefknoflicek.cz\/index.php?rest_route=\/wp\/v2\/pages\/328"}],"wp:attachment":[{"href":"https:\/\/www.josefknoflicek.cz\/index.php?rest_route=%2Fwp%2Fv2%2Fmedia&parent=593"}],"curies":[{"name":"wp","href":"https:\/\/api.w.org\/{rel}","templated":true}]}}