{"id":612,"date":"2015-05-26T10:46:24","date_gmt":"2015-05-26T09:46:24","guid":{"rendered":"http:\/\/www.josefknoflicek.cz\/?page_id=612"},"modified":"2021-01-25T22:43:02","modified_gmt":"2021-01-25T21:43:02","slug":"poselstvi-chany-brezenmarec-2015","status":"publish","type":"page","link":"https:\/\/www.josefknoflicek.cz\/?page_id=612","title":{"rendered":"Poselstv\u00ed Chany (b\u0159ezen \/ marec 2015)"},"content":{"rendered":"<p style=\"text-align: justify;\">POSELSTV\u00cd CHANY<br \/>\n<em>(Osnova vyu\u010dov\u00e1n\u00ed ze setk\u00e1n\u00ed sester v b\u0159eznu 2015)<\/em><\/p>\n<p style=\"text-align: justify;\"><em><br \/>\n\u010cten\u00ed z P\u00edsma: 1. Samuelova 1,1 &#8211; 2,11<\/em><\/p>\n<p style=\"text-align: justify;\">Ka\u017ed\u00fd \u010dlov\u011bk m\u00e1 sv\u00e9 posl\u00e1n\u00ed. B\u016fh ho nestvo\u0159il jen tak. Dal \u010dlov\u011bku smysl jeho \u017eivota. N\u011bkdy se n\u00e1m zd\u00e1 \u017eivot b\u00fdt bezv\u00fdznamn\u00fdm, jednotv\u00e1rn\u00fdm, ale p\u0159esto B\u016fh m\u00e1 pro tebe c\u00edl. Chana, matka Samuele, nejv\u011bt\u0161\u00edho ze soudc\u016f a proroka \u00a0Izraele, si mohla podobn\u011b jako mnoho z n\u00e1s myslet, \u017ee jej\u00ed \u017eivot je p\u0159\u00edli\u0161 oby\u010dejn\u00fd, ne\u017e aby mohla vej\u00edt do Bo\u017e\u00edho p\u0159\u00edb\u011bhu. Ur\u010dit\u011b si nemyslela, \u017ee B\u016fh bude v\u011bnovat jej\u00edmu \u017eivotu celou jednu kapitolu v Bibli. \u017de nech\u00e1 zazn\u00edt v P\u00edsmu jej\u00ed oslavnou p\u00edse\u0148. V\u011b\u0159\u00edm, \u017ee i ona m\u00e1 pro n\u00e1s sv\u00e9 poselstv\u00ed.<\/p>\n<p style=\"text-align: justify;\">1. Vid\u011bla smysl sv\u00e9ho \u017eivota v synu.<\/p>\n<p style=\"text-align: justify;\">2. Sv\u00e9 pon\u00ed\u017een\u00ed (ze strany druh\u00e9 \u017eeny) nesla s Hospodinem.<\/p>\n<p style=\"text-align: justify;\">3. B\u016fh pozved\u00e1 utiskovan\u00e9ho a odpov\u00edd\u00e1 tomu, kdo ho hled\u00e1.<br \/>\n(Nehledala oporu a zast\u00e1n\u00ed u \u010dlov\u011bka, ale v Bohu)<\/p>\n<p style=\"text-align: justify;\">4. V Bohu nach\u00e1z\u00edme nadp\u0159irozen\u00fd pokoj, i kdy\u017e je\u0161t\u011b nevid\u00edme napln\u011bn\u00ed na\u0161ich proseb (tu\u017eeb).<\/p>\n<p style=\"text-align: justify;\">5. P\u0159ijmout v\u00edrou to, co \u0159\u00edk\u00e1 Bo\u017e\u00ed slovo a Bohem povolan\u00ed lid\u00e9.<\/p>\n<p style=\"text-align: justify;\">6. Bojoval sama (dostala to, o\u010d bojovala).<\/p>\n<p style=\"text-align: justify;\">7. Dodr\u017eela sv\u016fj slib.<\/p>\n<p style=\"text-align: justify;\">8. Rozhojn\u011bn\u00ed po\u017eehn\u00e1n\u00ed. (Neplodn\u00e9 sedm se narod\u00ed. D\u00edky jej\u00ed v\u011brnosti, boji, trp\u011blivosti, d\u016fv\u011b\u0159e v Boha mohl Izrael pod Samuelem pro\u017e\u00edvat mnoho rok\u016f pokoje a b\u00fdt vid\u011bn jako Bo\u017e\u00ed lid v o\u010d\u00edch okoln\u00edch nep\u0159\u00e1tel. Mohl v klidu r\u016fst.)<\/p>\n<p style=\"text-align: justify;\">9. Pro\u0161la zlomen\u00edm.<\/p>\n<p style=\"text-align: justify;\">10. Je vzorem pokorn\u00e9 a v\u011brn\u00e9 \u017eeny.<br \/>\nPokora a v\u011brnost to je ozdoba \u017eeny (ne \u0161perky a postava).<\/p>\n<p style=\"text-align: justify;\">jak by zn\u011bla tv\u00e9 modlila v takov\u00e9 situaci. Oslavovala by jsi narozen\u00ed d\u00edt\u011bte nebo Boha samotn\u00e9ho?<br \/>\nP\u0159e\u010dt\u011bme si modlitbu t\u00e9to pokorn\u00e9 Bo\u017e\u00ed slu\u017eebnice:<\/p>\n<p style=\"text-align: justify;\"><em>&#8222;M\u00e9 srdce j\u00e1sotem oslavuje Hospodina, m\u016fj roh se zved\u00e1 d\u00edk Hospodinu. M\u00e1 \u00fasta se otev\u0159ela proti nep\u0159\u00e1tel\u016fm, raduji se ze tv\u00e9 sp\u00e1sy.\u00a0Nikdo nen\u00ed svat\u00fd mimo Hospodina, nen\u00ed nikoho krom tebe, nikdo nen\u00ed sk\u00e1lou jako n\u00e1\u0161 B\u016fh.\u00a0Nechte u\u017e t\u011bch pov\u00fd\u0161en\u00fdch \u0159e\u010d\u00ed, ur\u00e1\u017eka a\u0165 z \u00fast v\u00e1m neunikne! V\u017edy\u0165 Hospodin je B\u016fh v\u0161ev\u011bdouc\u00ed, neobstoj\u00ed p\u0159ed n\u00edm lidsk\u00e9 \u010diny.\u00a0Zlomen je luk bohat\u00fdr\u016f, ale ti, kdo klesali, jsou op\u00e1s\u00e1ni state\u010dnost\u00ed.\u00a0Syt\u00ed se d\u00e1vaj\u00ed najmout za chl\u00e9b, hladov\u00ed p\u0159estali la\u010dn\u011bt. Neplodn\u00e1 posedm\u00e9 rod\u00ed, syny obda\u0159en\u00e1 ch\u0159adne.\u00a0Hospodin usmrcuje i ob\u017eivuje, do podsv\u011bt\u00ed p\u0159iv\u00e1d\u00ed a vyv\u00e1d\u00ed t\u00e9\u017e odtud.\u00a0Hospodin ochuzuje i zbohacuje, poni\u017euje a t\u00e9\u017e povy\u0161uje.\u00a0Nuzn\u00e9ho pozved\u00e1 z prachu, z kalu vytahuje ubo\u017e\u00e1ka; posad\u00ed je v kruhu kn\u00ed\u017eat a za d\u011bdictv\u00ed jim d\u00e1 tr\u016fn sl\u00e1vy. V\u017edy\u0165 pil\u00ed\u0159e zem\u011b pat\u0159\u00ed Hospodinu, on s\u00e1m zalo\u017eil sv\u011bt na nich.\u00a0On st\u0159e\u017e\u00ed nohy sv\u00fdch v\u011brn\u00fdch, ale sv\u00e9voln\u00edci zajdou ve tm\u00e1ch; svou silou se nikdo neprosad\u00ed.\u00a0Ti, kdo s Hospodinem vedou spor, se zd\u011bs\u00ed, a\u017e on z nebe na n\u011b zabur\u00e1c\u00ed. Hospodin povede p\u0159i i s d\u00e1lavami zem\u011b. Ud\u011bl\u00ed moc sv\u00e9mu kr\u00e1li, roh sv\u00e9ho pomazan\u00e9ho zvedne.&#8220;<\/em><\/p>\n<p style=\"text-align: justify;\">(Stanislava Knofl\u00ed\u010dkov\u00e1)<\/p>\n","protected":false},"excerpt":{"rendered":"<p>POSELSTV\u00cd CHANY (Osnova vyu\u010dov\u00e1n\u00ed ze setk\u00e1n\u00ed sester v b\u0159eznu 2015) \u010cten\u00ed z P\u00edsma: 1. Samuelova 1,1 &#8211; 2,11 Ka\u017ed\u00fd \u010dlov\u011bk m\u00e1 sv\u00e9 posl\u00e1n\u00ed. B\u016fh ho nestvo\u0159il jen tak. Dal \u010dlov\u011bku smysl jeho \u017eivota. N\u011bkdy se n\u00e1m zd\u00e1 \u017eivot b\u00fdt bezv\u00fdznamn\u00fdm, jednotv\u00e1rn\u00fdm, ale p\u0159esto B\u016fh m\u00e1 pro tebe c\u00edl. Chana, matka Samuele, nejv\u011bt\u0161\u00edho ze soudc\u016f a &hellip; <a href=\"https:\/\/www.josefknoflicek.cz\/?page_id=612\" class=\"more-link\">Pokra\u010dov\u00e1n\u00ed textu <span class=\"screen-reader-text\">Poselstv\u00ed Chany (b\u0159ezen \/ marec 2015)<\/span> <span class=\"meta-nav\">&rarr;<\/span><\/a><\/p>\n","protected":false},"author":2,"featured_media":0,"parent":328,"menu_order":13,"comment_status":"open","ping_status":"open","template":"","meta":[],"_links":{"self":[{"href":"https:\/\/www.josefknoflicek.cz\/index.php?rest_route=\/wp\/v2\/pages\/612"}],"collection":[{"href":"https:\/\/www.josefknoflicek.cz\/index.php?rest_route=\/wp\/v2\/pages"}],"about":[{"href":"https:\/\/www.josefknoflicek.cz\/index.php?rest_route=\/wp\/v2\/types\/page"}],"author":[{"embeddable":true,"href":"https:\/\/www.josefknoflicek.cz\/index.php?rest_route=\/wp\/v2\/users\/2"}],"replies":[{"embeddable":true,"href":"https:\/\/www.josefknoflicek.cz\/index.php?rest_route=%2Fwp%2Fv2%2Fcomments&post=612"}],"version-history":[{"count":2,"href":"https:\/\/www.josefknoflicek.cz\/index.php?rest_route=\/wp\/v2\/pages\/612\/revisions"}],"predecessor-version":[{"id":616,"href":"https:\/\/www.josefknoflicek.cz\/index.php?rest_route=\/wp\/v2\/pages\/612\/revisions\/616"}],"up":[{"embeddable":true,"href":"https:\/\/www.josefknoflicek.cz\/index.php?rest_route=\/wp\/v2\/pages\/328"}],"wp:attachment":[{"href":"https:\/\/www.josefknoflicek.cz\/index.php?rest_route=%2Fwp%2Fv2%2Fmedia&parent=612"}],"curies":[{"name":"wp","href":"https:\/\/api.w.org\/{rel}","templated":true}]}}