{"id":6170,"date":"2022-01-09T17:18:18","date_gmt":"2022-01-09T16:18:18","guid":{"rendered":"https:\/\/www.josefknoflicek.cz\/?page_id=6170"},"modified":"2022-01-15T09:42:57","modified_gmt":"2022-01-15T08:42:57","slug":"krestan-a-svet","status":"publish","type":"page","link":"https:\/\/www.josefknoflicek.cz\/?page_id=6170","title":{"rendered":"k\u0159es\u0165an a sv\u011bt"},"content":{"rendered":"\n<p>Tato str\u00e1nka bude reagovat na n\u011bkter\u00e9 spole\u010densk\u00e9 situace, postaven\u00ed k\u0159es\u0165an\u016f ve st\u00e1t\u011b a bude se dot\u00fdkat i dlouhodob\u011b sporn\u00fdch v\u011bc\u00ed. Upozor\u0148uji na to, \u017ee p\u016fjde pouze o m\u016fj osobn\u00ed n\u00e1zor, kter\u00fd nemus\u00ed b\u00fdt v\u017edy stejn\u00fd jako v\u011bt\u0161inov\u00fd n\u00e1zor v c\u00edrkv\u00edch. Proto\u017ee se nejedn\u00e1 o vyu\u010dov\u00e1n\u00ed, ale pouze o osobn\u00ed n\u00e1zor, nech\u00e1v\u00e1m zde mo\u017enost koment\u00e1\u0159\u016f. Pokud by koment\u00e1\u0159e m\u011bly b\u00fdt vulg\u00e1rn\u00ed nebo v\u011bt\u0161ina z nich by byla o reklam\u011b, pak i tato str\u00e1nka bude bez mo\u017enost\u00ed koment\u00e1\u0159\u016f. D\u011bkuji za pochopen\u00ed.<\/p>\n\n\n\n<p><\/p>\n\n\n\n<p><br \/><br \/><br \/><br \/><\/p>\n\n\n\n<p><br \/><\/p>\n\n\n\n<p><\/p>\n","protected":false},"excerpt":{"rendered":"<p>Tato str\u00e1nka bude reagovat na n\u011bkter\u00e9 spole\u010densk\u00e9 situace, postaven\u00ed k\u0159es\u0165an\u016f ve st\u00e1t\u011b a bude se dot\u00fdkat i dlouhodob\u011b sporn\u00fdch v\u011bc\u00ed. Upozor\u0148uji na to, \u017ee p\u016fjde pouze o m\u016fj osobn\u00ed n\u00e1zor, kter\u00fd nemus\u00ed b\u00fdt v\u017edy stejn\u00fd jako v\u011bt\u0161inov\u00fd n\u00e1zor v c\u00edrkv\u00edch. Proto\u017ee se nejedn\u00e1 o vyu\u010dov\u00e1n\u00ed, ale pouze o osobn\u00ed n\u00e1zor, nech\u00e1v\u00e1m zde mo\u017enost koment\u00e1\u0159\u016f. Pokud &hellip; <a href=\"https:\/\/www.josefknoflicek.cz\/?page_id=6170\" class=\"more-link\">Pokra\u010dov\u00e1n\u00ed textu <span class=\"screen-reader-text\">k\u0159es\u0165an a sv\u011bt<\/span> <span class=\"meta-nav\">&rarr;<\/span><\/a><\/p>\n","protected":false},"author":2,"featured_media":0,"parent":0,"menu_order":5,"comment_status":"open","ping_status":"closed","template":"","meta":[],"_links":{"self":[{"href":"https:\/\/www.josefknoflicek.cz\/index.php?rest_route=\/wp\/v2\/pages\/6170"}],"collection":[{"href":"https:\/\/www.josefknoflicek.cz\/index.php?rest_route=\/wp\/v2\/pages"}],"about":[{"href":"https:\/\/www.josefknoflicek.cz\/index.php?rest_route=\/wp\/v2\/types\/page"}],"author":[{"embeddable":true,"href":"https:\/\/www.josefknoflicek.cz\/index.php?rest_route=\/wp\/v2\/users\/2"}],"replies":[{"embeddable":true,"href":"https:\/\/www.josefknoflicek.cz\/index.php?rest_route=%2Fwp%2Fv2%2Fcomments&post=6170"}],"version-history":[{"count":6,"href":"https:\/\/www.josefknoflicek.cz\/index.php?rest_route=\/wp\/v2\/pages\/6170\/revisions"}],"predecessor-version":[{"id":6193,"href":"https:\/\/www.josefknoflicek.cz\/index.php?rest_route=\/wp\/v2\/pages\/6170\/revisions\/6193"}],"wp:attachment":[{"href":"https:\/\/www.josefknoflicek.cz\/index.php?rest_route=%2Fwp%2Fv2%2Fmedia&parent=6170"}],"curies":[{"name":"wp","href":"https:\/\/api.w.org\/{rel}","templated":true}]}}