{"id":773,"date":"2015-07-02T17:12:35","date_gmt":"2015-07-02T16:12:35","guid":{"rendered":"http:\/\/www.josefknoflicek.cz\/?page_id=773"},"modified":"2021-01-25T22:13:17","modified_gmt":"2021-01-25T21:13:17","slug":"vyucovani-duchovni-dary-proroctvi","status":"publish","type":"page","link":"https:\/\/www.josefknoflicek.cz\/?page_id=773","title":{"rendered":"SLOVO MOUDROSTI, SLOVO POZN\u00c1N\u00cd A ROZPOZN\u00c1N\u00cd DUCH\u016e"},"content":{"rendered":"<p><em>SLOVO MOUDROSTI, SLOVO POZN\u00c1N\u00cd A ROZPOZN\u00c1N\u00cd DUCH\u016e<\/em><\/p>\n<p><em>\u010casto moudrost vn\u00edm\u00e1me, jako pot\u0159ebu pro n\u011bkoho kdo vede c\u00edrkev, ale tak tomu nen\u00ed. Ka\u017ed\u00fd z\u00a0n\u00e1s pot\u0159ebujeme moudrost pro sv\u016fj \u017eivot. Dokonce tak\u00e9 pro velmi praktick\u00e9 v\u011bci. B\u016fh r\u00e1d d\u00e1v\u00e1 moudrost t\u011bm, kte\u0159\u00ed o to po\u017e\u00e1daj\u00ed. P\u0159e\u010dti si Exodus 31, zjist\u00ed\u0161, \u017ee moudrost a rozumnost je pot\u0159eba i \u0159emesln\u00fdm a um\u011bleck\u00fdm dovednostem.<\/em><\/p>\n<p><em> K\u00a0\u010demu pot\u0159ebujeme Bo\u017e\u00ed moudrost:<\/em><\/p>\n<ul>\n<li><i><em>k z\u00e1chran\u011b skrze v\u00edru (2.Timoteus3:15<\/em><\/i><\/li>\n<li><em>k\u00a0posiln\u011bn\u00ed (Kazatel 7:19)<\/em><\/li>\n<li><em>proti protivn\u00edk\u016fm, v\u00a0pron\u00e1sledov\u00e1n\u00ed (Luk\u00e1\u0161 21:15, Skutky 6:10)<\/em><\/li>\n<li><em>k\u00a0nabyt\u00ed umu a zru\u010dnosti (Exodus 36:2)<\/em><\/li>\n<li><em>k\u00a0vysv\u011btlov\u00e1n\u00ed duchovn\u00edch v\u011bc\u00ed (1.Korintsk\u00fdm 2:13)<\/em><\/li>\n<li><em>k\u00a0vz\u00e1jemn\u00e9mu vyu\u010dov\u00e1n\u00ed a napom\u00edn\u00e1n\u00ed (Kolosk\u00fdm 3:9)<\/em><\/li>\n<li><em>skrze c\u00edrkev se m\u00e1 uk\u00e1zat vl\u00e1d\u00e1m a autorit\u00e1m v\u00a0nebes\u00edch p\u0159erozmanit\u00e1 Bo\u017e\u00ed moudrost <\/em><\/li>\n<\/ul>\n<p>&nbsp;<\/p>\n<p><em>\u00a0<\/em><em>Jak rozezn\u00e1m Bo\u017e\u00ed moudrost a pozn\u00e1n\u00ed od Boha od lidsk\u00e9 moudrost a lidsk\u00e9ho pozn\u00e1n\u00ed? (pozn\u00e1n\u00ed a moudrost v\u011bt\u0161inou jdou v ruku v\u00a0ruce a to i v\u00a0P\u00edsmu)<\/em><\/p>\n<ul>\n<li><i><em>Moudrost sh\u016fry je p\u0159edev\u0161\u00edm \u010dist\u00e1, potom pokojn\u00e1, m\u00edrn\u00e1, poddajn\u00e1, pln\u00e1 milosrdenstv\u00ed a dobr\u00e9ho ovoce, nepochybuj\u00edc\u00ed, bez p\u0159etv\u00e1\u0159ky (Jakub 3:17).<\/em><\/i><\/li>\n<li><em>Vych\u00e1z\u00ed z\u00a0Krista \u2013 Kristus Bo\u017e\u00ed moc a Bo\u017e\u00ed moudrost (1.Kor.1:24).<\/em><\/li>\n<li><em>Vych\u00e1z\u00ed z\u00a0P\u00edsma \u2013 Hospodinovo sv\u011bdectv\u00ed je spolehliv\u00e9, prost\u00fdm lidem d\u00e1v\u00e1 moudrost (\u017dalm 19:8)<\/em><\/li>\n<li><em>Duch svat\u00fd v\u00a0tob\u011b ti potvrd\u00ed, \u017ee se jedn\u00e1 o Bo\u017e\u00ed moudrost (1.Korintsk\u00fdm 2:11-16)<\/em><em>\u00a0<\/em><\/li>\n<\/ul>\n<p><em>Jak m\u016f\u017eeme z\u00edskat Bo\u017e\u00ed moudrost a pozn\u00e1n\u00ed?<\/em><\/p>\n<ul>\n<li><i><em>Moudrost d\u00e1v\u00e1 Hospodin a z\u00a0jeho \u00fast poch\u00e1z\u00ed pozn\u00e1n\u00ed a rozumnost (P\u0159\u00edslov\u00ed 2:6)<\/em><\/i><\/li>\n<li><em>Po\u010d\u00e1tek moudrosti je b\u00e1ze\u0148 p\u0159ed Hospodinem, pozn\u00e1n\u00ed Svat\u00e9ho je rozumnost. (P\u0159\u00edslov\u00ed 9:10)<\/em><\/li>\n<li><em>Nedost\u00e1v\u00e1-li se n\u011bkomu z v\u00e1s moudrosti, a\u0165 ji \u017e\u00e1d\u00e1 od Boha, kter\u00fd d\u00e1v\u00e1 v\u0161em \u0161t\u011bd\u0159e a nevy\u010d\u00edt\u00e1, a bude mu d\u00e1na. (Jakub 1:5)<\/em><em>Duch svat\u00fd d\u00e1v\u00e1 jak, s\u00e1m chce, ale tak\u00e9 je naps\u00e1no, \u017ee m\u00e1me usilovat o dary.<\/em><em>\u00a0<\/em><\/li>\n<\/ul>\n<p><em>Moudrost a pozn\u00e1n\u00ed, jak jsem ji\u017e napsal, jde ruku v\u00a0ruce, Pokud bych je n\u011bjak p\u0159irovnal k\u00a0lidsk\u00fdm pozn\u00e1n\u00edm pak Bo\u017e\u00ed pozn\u00e1n\u00ed je Bo\u017e\u00ed anal\u00fdza situace, jak to B\u016fh vid\u00ed, kde jsme, jak d\u011bl\u00e1me v\u011bci, jak to vypad\u00e1. Pohled na situaci a stav Bo\u017e\u00edma o\u010dima a moudrost Bo\u017e\u00ed je jeho \u0159e\u0161en\u00ed, jeho posunut\u00ed apod.<\/em><\/p>\n<p><em><u>Je to zjeven\u00ed Bo\u017e\u00ed o situaci a zjeven\u00ed Bo\u017e\u00ed jak ji \u0159e\u0161it.<\/u><\/em><\/p>\n<p><em>Podobn\u011b je tomu i p\u0159i rozli\u0161en\u00ed duch\u016f. Pot\u0159ebujeme prvn\u011b poznat z\u00e1kladn\u00ed v\u011bc:<\/em><\/p>\n<p><em>Zde jde o v\u011bci z\u00a0Ducha svat\u00e9ho, nebo je to jin\u00fd duch. N\u011bkdy se sna\u017e\u00edme rozeb\u00edrat konkr\u00e9tn\u011b, o jak\u00e9ho ducha se jedn\u00e1, ale to nen\u00ed podstatn\u00e9. Podstatn\u00e9 je, jak m\u00e1me s\u00a0t\u00edmto duchem jednat. (sv\u00e1zat, vyk\u00e1zat, zak\u00e1zat vstup, vym\u00edtat\u2026.) Je to podobn\u00e9 jako u pozn\u00e1n\u00ed a moudrosti.<\/em><\/p>\n<p><em>N\u011bkdy n\u00e1m Duch svat\u00fd d\u00e1 zjeven\u00ed, o jak\u00e9 konkr\u00e9tn\u00edho ducha se jedn\u00e1, ale pokud to nev\u00edme, nic se ned\u011bje. Ka\u017ed\u00fd duch se mus\u00ed pod\u0159\u00eddit autorit\u011b jm\u00e9na Je\u017e\u00ed\u0161.<\/em><\/p>\n<p><em>Asi by se dala napsat o tom cel\u00e1 kniha, ale konkr\u00e9tn\u011b v\u00a0tomto vyu\u010dov\u00e1n\u00ed to nen\u00ed pot\u0159eba.<\/em><\/p>\n<p><em>P\u0159e\u010dti si Skutky 15 a v\u0161imni si jak\/v \u010dem zde fungovalo Bo\u017e\u00ed pozn\u00e1n\u00ed a Bo\u017e\u00ed moudrost. Tak\u00e9 rozpozn\u00e1n\u00ed duch\u016f.<\/em><\/p>\n<p>&nbsp;<\/p>\n","protected":false},"excerpt":{"rendered":"<p>SLOVO MOUDROSTI, SLOVO POZN\u00c1N\u00cd A ROZPOZN\u00c1N\u00cd DUCH\u016e \u010casto moudrost vn\u00edm\u00e1me, jako pot\u0159ebu pro n\u011bkoho kdo vede c\u00edrkev, ale tak tomu nen\u00ed. Ka\u017ed\u00fd z\u00a0n\u00e1s pot\u0159ebujeme moudrost pro sv\u016fj \u017eivot. Dokonce tak\u00e9 pro velmi praktick\u00e9 v\u011bci. B\u016fh r\u00e1d d\u00e1v\u00e1 moudrost t\u011bm, kte\u0159\u00ed o to po\u017e\u00e1daj\u00ed. P\u0159e\u010dti si Exodus 31, zjist\u00ed\u0161, \u017ee moudrost a rozumnost je pot\u0159eba i &hellip; <a href=\"https:\/\/www.josefknoflicek.cz\/?page_id=773\" class=\"more-link\">Pokra\u010dov\u00e1n\u00ed textu <span class=\"screen-reader-text\">SLOVO MOUDROSTI, SLOVO POZN\u00c1N\u00cd A ROZPOZN\u00c1N\u00cd DUCH\u016e<\/span> <span class=\"meta-nav\">&rarr;<\/span><\/a><\/p>\n","protected":false},"author":2,"featured_media":0,"parent":389,"menu_order":1,"comment_status":"open","ping_status":"open","template":"","meta":[],"_links":{"self":[{"href":"https:\/\/www.josefknoflicek.cz\/index.php?rest_route=\/wp\/v2\/pages\/773"}],"collection":[{"href":"https:\/\/www.josefknoflicek.cz\/index.php?rest_route=\/wp\/v2\/pages"}],"about":[{"href":"https:\/\/www.josefknoflicek.cz\/index.php?rest_route=\/wp\/v2\/types\/page"}],"author":[{"embeddable":true,"href":"https:\/\/www.josefknoflicek.cz\/index.php?rest_route=\/wp\/v2\/users\/2"}],"replies":[{"embeddable":true,"href":"https:\/\/www.josefknoflicek.cz\/index.php?rest_route=%2Fwp%2Fv2%2Fcomments&post=773"}],"version-history":[{"count":8,"href":"https:\/\/www.josefknoflicek.cz\/index.php?rest_route=\/wp\/v2\/pages\/773\/revisions"}],"predecessor-version":[{"id":3036,"href":"https:\/\/www.josefknoflicek.cz\/index.php?rest_route=\/wp\/v2\/pages\/773\/revisions\/3036"}],"up":[{"embeddable":true,"href":"https:\/\/www.josefknoflicek.cz\/index.php?rest_route=\/wp\/v2\/pages\/389"}],"wp:attachment":[{"href":"https:\/\/www.josefknoflicek.cz\/index.php?rest_route=%2Fwp%2Fv2%2Fmedia&parent=773"}],"curies":[{"name":"wp","href":"https:\/\/api.w.org\/{rel}","templated":true}]}}