{"id":803,"date":"2015-07-21T15:13:41","date_gmt":"2015-07-21T14:13:41","guid":{"rendered":"http:\/\/www.josefknoflicek.cz\/?page_id=803"},"modified":"2021-01-25T22:42:15","modified_gmt":"2021-01-25T21:42:15","slug":"autorita-ii","status":"publish","type":"page","link":"https:\/\/www.josefknoflicek.cz\/?page_id=803","title":{"rendered":"AUTORITA &#8211; II SPRAVEDLNOST"},"content":{"rendered":"<p style=\"text-align: justify;\"><em>\u0158\u00edk\u00e1m v\u00e1m, \u017ee pokud va\u0161e spravedlnost nebude o mnoho p\u0159evy\u0161ovat spravedlnost znalc\u016f\u00a0P\u00edsma a farize\u016f, nikdy nevstoup\u00edte do nebesk\u00e9ho kr\u00e1lovstv\u00ed.<br \/>\nJe\u017e\u00ed\u0161. (Matou\u0161 5:20)\u00a0<\/em><\/p>\n<p style=\"text-align: justify;\">Posledn\u00edch dvan\u00e1ct m\u011bs\u00edc\u016f slou\u017e\u00edme u romsk\u00fdch sbor\u016f.<br \/>\nV\u011b\u0159\u00edm, \u017ee charakterov\u00e9 vlastnosti, chyby, klady apod. jsou u v\u0161ech soci\u00e1ln\u00edch, kulturn\u00edch, n\u00e1rodnostn\u00edch skupin stejn\u00e9.\u00a0Rozd\u00edl je pouze v tom, \u017ee u konkr\u00e9tn\u00edch skupiny lid\u00ed jsou n\u011bkter\u00e9 viditeln\u011bj\u0161\u00ed\u00a0a n\u011bkter\u00e9 skryt\u00e9, n\u011bkter\u00e9\u00a0maj\u00ed siln\u011bj\u0161\u00ed vliv na\u00a0konkr\u00e9tn\u00ed skupinu\u00a0a jin\u00e9 slab\u0161\u00ed. Pro romskou kulturu je to vztah k rodin\u011b.<br \/>\nPro\u010d\u00a0o tom mluv\u00edm,\u00a0p\u0159i vyu\u010dov\u00e1n\u00ed o autorit\u011b a veden\u00ed? N\u00e1\u0161 vztah k rodin\u011b m\u016f\u017ee kladn\u011b i z\u00e1porn\u011b ovlivnit na\u0161e veden\u00ed a t\u00edm tak\u00e9 to,\u00a0jak\u00a0budeme uplat\u0148ovat svou autoritu.\u00a0U romsk\u00fdch vedouc\u00edch\u00a0to\u00a0je nejv\u00edce vid\u011bt, proto\u017ee jejich vztah k rodin\u011b je siln\u00fd, je jedn\u00edm z pil\u00ed\u0159\u016f jejich kultury. To, \u017ee v\u011bci zde byly tak zjevn\u00e9, mne p\u0159ivedlo k tomu, abych ve vyu\u010dov\u00e1n\u00ed zam\u011b\u0159il jednu lekci i na tuto oblast.<\/p>\n<p style=\"text-align: justify;\">Duchovn\u00ed autorita je autorita, kter\u00e1 m\u00e1 vliv a moc v duchovn\u00edch &#8211; &#8222;ponebesk\u00fdch&#8220; oblastech, kde se odehr\u00e1v\u00e1 boj. Autorita, kterou n\u00e1m d\u00e1v\u00e1 B\u016fh, je podep\u0159ena dv\u011bma pil\u00ed\u0159i a to : Pr\u00e1vem a spravedlnost\u00ed. \u017dalm 89:15 <em>&#8222;Pr\u00e1vo a spravedlnost jsou tv\u00e9ho tr\u016fnu opora, l\u00e1ska a v\u011brnost p\u0159edch\u00e1z\u00ed tvoji tv\u00e1\u0159&#8220;\u00a0 <\/em>Ve chv\u00edli, kdy\u00a0jako autority nespravujeme viditeln\u00e9 v\u011bci podle pr\u00e1va a spravedlnosti, pak je omezena i na\u0161e autorita v ponebesk\u00fdch oblastech. Ka\u017ed\u00e9 na\u0161e nespravedliv\u00e9 rozhodnut\u00ed m\u00e1 vliv na boj, kter\u00fd bojujeme v duchovn\u00ed oblasti. Jin\u00fdmi slovy, pokud nejedn\u00e1me podle\u00a0pr\u00e1va a spravedlnosti (Bo\u017e\u00ed-P\u00edsma) a to\u00a0nejen ve vztahu\u00a0k lidem, kter\u00e9 n\u00e1m B\u016fh dal, abychom o n\u011b pe\u010dovali, pak v duchovn\u00edm sv\u011bt\u011b d\u00e1v\u00e1me prostor mocnostem a nadzemsk\u00fdm duch\u016fm zla, aby nad n\u00e1mi v\u00edt\u011bzili. Ub\u00edr\u00e1me si t\u00edm sami z autority, kterou n\u00e1m B\u016fh dal.<\/p>\n<p style=\"text-align: justify;\">Rodina a p\u0159\u00edbuzn\u00ed je jednou z nej\u010dast\u011bj\u0161\u00edch oblast\u00ed, kde jako slu\u017eebn\u00edci nejsme spravedliv\u00ed, pravdiv\u00ed a nedodr\u017eujeme pr\u00e1vo.<br \/>\nV\u0161imn\u011bme si, \u017ee v\u017edy, kdy\u017e se dopust\u00ed p\u0159estupku, h\u0159\u00edchu n\u011bkdo v rodin\u011b, pak je to p\u0159ece &#8222;\u00fapln\u011b jin\u00e9 situace&#8220;, ne\u017e kdy\u017e to ud\u011bl\u00e1 n\u011bkdo jin\u00fd. Nejen jako slu\u017eebn\u00edci, ale obecn\u011b. Na\u0161e m\u011b\u0159\u00edtka, p\u0159\u00edsnost, na\u0161e spravedlnost jsou jin\u00e9 u sv\u00e9 rodiny ne\u017e sm\u011brem k druh\u00fdm.\u00a0Tla\u010dili bychom stejn\u011b na vylou\u010den\u00ed z c\u00edrkve nebo potrest\u00e1n\u00ed, kdyby se jednalo o na\u0161eho syna, nebo dceru. Rodi\u010de?<br \/>\nAsi ne, ale pokud se jedn\u00e1 o jin\u00e9ho bratra, nebo sestru, pak p\u0159ece&#8230;<br \/>\nKritizujeme stejn\u011b vlastn\u00ed rodinu na ve\u0159ejnosti za chyby, jako kritizujeme chyby ostatn\u00edch? Posuzujeme vlastn\u00ed d\u011bti a jejich duchovn\u00ed\u00a0\u017eivot podle stejn\u00fdch m\u011b\u0159\u00edtek, jako m\u00e1me na druh\u00e9?<br \/>\nJe mo\u017en\u00e1 pro n\u00e1s \u010das se pod\u00edvat z jin\u00e9 strany na Je\u017e\u00ed\u0161ova slova:<br \/>\n&#8222;Kdo m\u00e1 r\u00e1d otce nebo matku v\u00edce ne\u017e m\u011b, nen\u00ed mne hoden. Kdo m\u00e1 r\u00e1d syna nebo dceru v\u00edce ne\u017e m\u011b, nen\u00ed mne hoden.&#8220;<\/p>\n<p style=\"text-align: justify;\">Je to i obr\u00e1cen\u011b. \u010casto vlastn\u00edm d\u011btem up\u00edr\u00e1me pr\u00e1vo na norm\u00e1ln\u00ed d\u011btstv\u00ed, proto\u017ee to jsou d\u011bti slu\u017eebn\u00edk\u016f. Klademe na n\u011b v\u011bt\u0161\u00ed n\u00e1roky ne\u017e na kohokoli jin\u00e9ho. Nejen u d\u011bt\u00ed, ale i u\u00a0ostatn\u00edch\u00a0 rodinn\u00fdch p\u0159\u00edslu\u0161n\u00edk\u016f. Jako bo\u017e\u00ed d\u011bti, pot\u0159ebujeme \u017e\u00edt ve spravedlnosti. Ta by m\u011bla vych\u00e1zet od n\u00e1s.<br \/>\nNa\u0161e &#8222;bli\u017e\u0161\u00ed ko\u0161ile\u00a0ne\u017e kab\u00e1t&#8220; nezasahuje jen do vztah\u016f, ale i spr\u00e1vy financ\u00ed a rozhodov\u00e1n\u00ed\u00a0a spravov\u00e1n\u00ed na m\u00edst\u011b, kde slou\u017e\u00edme.<br \/>\nPrvn\u00ed k\u0159es\u0165an\u00e9 p\u0159epokl\u00e1dali, \u017ee spasen\u00ed je pouze pro \u017didy. Po Petrov\u011b zjeven\u00ed se jejich obzor roz\u0161\u00ed\u0159il. B\u016fh nikomu nestran\u00ed. Nestran\u00ed na\u0161emu n\u00e1rodu v\u00edce ne\u017e sousedn\u00edmu, nestran\u00ed sousedn\u00ed rodin\u011b v\u00edce ne\u017e n\u00e1m. B\u016fh jedn\u00e1 spravedliv\u011b. Po n\u00e1s chce, abychom jednali stejn\u011b. Zvl\u00e1\u0161t\u011b pokud n\u00e1m sv\u011b\u0159il spr\u00e1vu nad n\u011bjakou oblast\u00ed. (rodina, skupinka, sbor, denominace, k\u0159es\u0165ansk\u00e9 organizace&#8230;.)<\/p>\n<p style=\"text-align: justify;\">Bo\u017e\u00ed spravedlnost a pr\u00e1vo p\u0159edch\u00e1z\u00ed milosrdenstv\u00ed a v\u011brnost. Je lep\u0161\u00ed slou\u017eit stejn\u00fdm milosrdenstv\u00edm v\u0161em, ne\u017e za ka\u017edou cenu uplat\u0148ovat pr\u00e1vo. I v tom je Bo\u017e\u00ed spravedlnost. P\u0159esn\u011b tak B\u016fh jedn\u00e1 s n\u00e1mi. B\u016fh tou\u017e\u00ed po z\u00e1chran\u011b lid\u00ed, ne po jejich odsouzen\u00ed. Proto dal sv\u00e9ho Syna. I na\u0161e spravedlnost m\u00e1 vych\u00e1zet ze stejn\u00e9ho postoje. Tak, jako B\u016fh vid\u00ed na\u0161i spravedlnost\u00a0skrze ob\u011b\u0165 Je\u017e\u00ed\u0161e, skrze jeho krev, tak bychom m\u011bli vid\u011bt kolem sebe i my. To je to &#8222;o mnoho p\u0159evy\u0161ovat spravedlnost znalc\u016f P\u00edsma&#8230;&#8220;<\/p>\n<p style=\"text-align: justify;\">Slou\u017eili jsme a slou\u017e\u00edme pod r\u016fzn\u00fdmi vedouc\u00edmi. Bylo jich celkem hodn\u011b. M\u011bli jsem tu milost, \u017ee jsme se setkali s vedouc\u00edm, kter\u00fd c\u00edlen\u011b hledal spravedlnost. I kdy\u017e se n\u00e1m to mnohdy nehodilo, nel\u00edbilo, musel jsem nakonec uznat, \u017ee je to spravedliv\u00e9 rozhodnut\u00ed. Vid\u011bl jsem, \u017ee skute\u010dn\u011b hled\u00e1 a chce rozhodnout spravedliv\u011b. Nikdy v\u0161ak\u00a0o spravedlnosti nemluvil a nevymlouval se p\u0159i rozhodnut\u00edch na ni. Jednal v\u0161ak\u00a0spravedliv\u011b. Jeho autorita rostla do t\u00e9 m\u00edry, \u017ee p\u0159erostla autoritu, kter\u00e1 mu byla ofici\u00e1ln\u011b sv\u011b\u0159ena.<br \/>\nNaopak\u00a0existuj\u00ed vedouc\u00ed, jejich\u017e rozhodov\u00e1n\u00ed je podle emoc\u00ed. Podle toho, jak se zrovna c\u00edt\u00ed, jak s nimi jin\u00ed jednaj\u00ed a jak se na n\u011b lid\u00e9 usm\u00edvaj\u00ed, jak je jejich nad\u0159\u00edzen\u00ed posekali nebo pochv\u00e1lili.\u00a0Jsou hned tak, hned zase jinak. V jejich jedn\u00e1n\u00ed nenajdete, \u017ee by hledali spravedlnost. Jen ve sv\u011btl\u00fdch chv\u00edl\u00edch, post\u0159ehneme milosrdenstv\u00ed.<br \/>\nZnakem takov\u00fdch vedouc\u00edch je, \u017ee jejich autorita v \u017e\u00e1dn\u00e9m p\u0159\u00edpad\u011b nedosahuje autority, kterou p\u016fvodn\u011b dostali. Naopak sp\u00ed\u0161e st\u00e1le kles\u00e1 a kles\u00e1, i kdy\u017e si ji n\u011bkte\u0159\u00ed sna\u017e\u00ed vynutit.<br \/>\nJakou autoritou chce\u0161 b\u00fdt?<br \/>\nChce\u0161 hledat a jednat v Bo\u017e\u00ed spravedlnosti, kterou p\u0159edch\u00e1z\u00ed milosrdenstv\u00ed a v\u011brnost? Je to ta nejlep\u0161\u00ed cesta jak podep\u0159\u00edt tvou Bohem danou autoritu.<\/p>\n<p style=\"text-align: justify;\">\n","protected":false},"excerpt":{"rendered":"<p>\u0158\u00edk\u00e1m v\u00e1m, \u017ee pokud va\u0161e spravedlnost nebude o mnoho p\u0159evy\u0161ovat spravedlnost znalc\u016f\u00a0P\u00edsma a farize\u016f, nikdy nevstoup\u00edte do nebesk\u00e9ho kr\u00e1lovstv\u00ed. Je\u017e\u00ed\u0161. (Matou\u0161 5:20)\u00a0 Posledn\u00edch dvan\u00e1ct m\u011bs\u00edc\u016f slou\u017e\u00edme u romsk\u00fdch sbor\u016f. V\u011b\u0159\u00edm, \u017ee charakterov\u00e9 vlastnosti, chyby, klady apod. jsou u v\u0161ech soci\u00e1ln\u00edch, kulturn\u00edch, n\u00e1rodnostn\u00edch skupin stejn\u00e9.\u00a0Rozd\u00edl je pouze v tom, \u017ee u konkr\u00e9tn\u00edch skupiny lid\u00ed jsou n\u011bkter\u00e9 &hellip; <a href=\"https:\/\/www.josefknoflicek.cz\/?page_id=803\" class=\"more-link\">Pokra\u010dov\u00e1n\u00ed textu <span class=\"screen-reader-text\">AUTORITA &#8211; II SPRAVEDLNOST<\/span> <span class=\"meta-nav\">&rarr;<\/span><\/a><\/p>\n","protected":false},"author":2,"featured_media":0,"parent":60,"menu_order":1,"comment_status":"open","ping_status":"open","template":"","meta":[],"_links":{"self":[{"href":"https:\/\/www.josefknoflicek.cz\/index.php?rest_route=\/wp\/v2\/pages\/803"}],"collection":[{"href":"https:\/\/www.josefknoflicek.cz\/index.php?rest_route=\/wp\/v2\/pages"}],"about":[{"href":"https:\/\/www.josefknoflicek.cz\/index.php?rest_route=\/wp\/v2\/types\/page"}],"author":[{"embeddable":true,"href":"https:\/\/www.josefknoflicek.cz\/index.php?rest_route=\/wp\/v2\/users\/2"}],"replies":[{"embeddable":true,"href":"https:\/\/www.josefknoflicek.cz\/index.php?rest_route=%2Fwp%2Fv2%2Fcomments&post=803"}],"version-history":[{"count":11,"href":"https:\/\/www.josefknoflicek.cz\/index.php?rest_route=\/wp\/v2\/pages\/803\/revisions"}],"predecessor-version":[{"id":1760,"href":"https:\/\/www.josefknoflicek.cz\/index.php?rest_route=\/wp\/v2\/pages\/803\/revisions\/1760"}],"up":[{"embeddable":true,"href":"https:\/\/www.josefknoflicek.cz\/index.php?rest_route=\/wp\/v2\/pages\/60"}],"wp:attachment":[{"href":"https:\/\/www.josefknoflicek.cz\/index.php?rest_route=%2Fwp%2Fv2%2Fmedia&parent=803"}],"curies":[{"name":"wp","href":"https:\/\/api.w.org\/{rel}","templated":true}]}}